{"id":20,"date":"2014-02-27T10:48:27","date_gmt":"2014-02-27T10:48:27","guid":{"rendered":"http:\/\/estudios.zeus.umh.es\/?page_id=20"},"modified":"2026-03-24T16:45:04","modified_gmt":"2026-03-24T15:45:04","slug":"acceso","status":"publish","type":"page","link":"https:\/\/estudios.umh.es\/ca\/acceso\/","title":{"rendered":"ACC\u00c9S"},"content":{"rendered":"<p>Trobar\u00e0s tota l&#8217;informaci\u00f3 necess\u00e0ria per a ser estudiant dels seg\u00fcents tipus d&#8217;estudis oficials:<\/p>\n<div align=\"center\">\n<ul>\n<li style=\"text-align: left\"><span style=\"color: #2f519c\"><a style=\"color: #2f519c\" href=\"https:\/\/estudios.umh.es\/ca\/acceso\/grados\/\" rel=\"noopener noreferrer\">INFORMACI\u00d3 SOBRE L&#8217;ACC\u00c8S I L&#8217;ADMISSI\u00d3 EN ESTUDIS DE GRAU<\/a><\/span><\/li>\n<li style=\"text-align: left\"><span style=\"color: #2f519c\"><a style=\"color: #2f519c\" href=\"https:\/\/estudios.umh.es\/acceso\/masters\/\" rel=\"noopener noreferrer\">INFORMACI\u00d3 SOBRE L&#8217;ACC\u00c8S I L&#8217;ADMISSI\u00d3 EN M\u00c0STERS UNIVERSITARIS<\/a><\/span><\/li>\n<\/ul>\n<\/div>\n<p><\/p>","protected":false},"excerpt":{"rendered":"<p>Trobar\u00e0s tota l&#8217;informaci\u00f3 necess\u00e0ria per a ser estudiant dels seg\u00fcents tipus d&#8217;estudis oficials:<\/p>\n<p>INFORMACI\u00d3 SOBRE L&#8217;ACC\u00c8S I L&#8217;ADMISSI\u00d3 EN ESTUDIS DE GRAU<br \/>\nINFORMACI\u00d3 SOBRE L&#8217;ACC\u00c8S I L&#8217;ADMISSI\u00d3 EN M\u00c0STERS UNIVERSITARIS<\/p>\n","protected":false},"author":9,"featured_media":0,"parent":0,"menu_order":30,"comment_status":"closed","ping_status":"closed","template":"","meta":{"ngg_post_thumbnail":0,"_links_to":"","_links_to_target":""},"_links":{"self":[{"href":"https:\/\/estudios.umh.es\/ca\/wp-json\/wp\/v2\/pages\/20"}],"collection":[{"href":"https:\/\/estudios.umh.es\/ca\/wp-json\/wp\/v2\/pages"}],"about":[{"href":"https:\/\/estudios.umh.es\/ca\/wp-json\/wp\/v2\/types\/page"}],"author":[{"embeddable":true,"href":"https:\/\/estudios.umh.es\/ca\/wp-json\/wp\/v2\/users\/9"}],"replies":[{"embeddable":true,"href":"https:\/\/estudios.umh.es\/ca\/wp-json\/wp\/v2\/comments?post=20"}],"version-history":[{"count":0,"href":"https:\/\/estudios.umh.es\/ca\/wp-json\/wp\/v2\/pages\/20\/revisions"}],"wp:attachment":[{"href":"https:\/\/estudios.umh.es\/ca\/wp-json\/wp\/v2\/media?parent=20"}],"curies":[{"name":"wp","href":"https:\/\/api.w.org\/{rel}","templated":true}]}}