{"id":201,"date":"2014-04-10T11:26:50","date_gmt":"2014-04-10T11:26:50","guid":{"rendered":"http:\/\/estudios.zeus.umh.es\/?page_id=201"},"modified":"2025-03-11T12:31:17","modified_gmt":"2025-03-11T11:31:17","slug":"acceso-con-estudios-extranjeros","status":"publish","type":"page","link":"https:\/\/estudios.umh.es\/ca\/acceso\/grados\/pruebas-de-acceso\/acceso-con-estudios-extranjeros\/","title":{"rendered":"ACC\u00c9S AMB ESTUDIS PREUNIVERSITARIS ESTRANGERS"},"content":{"rendered":"<p>En este apartat pots consultar el procediment d&#8217;acc\u00e9s a la universitat si eres estudiant d&#8217;un sistema educatiu estranger.<\/p>\n<ul>\n<li><a href=\"https:\/\/universitats.gva.es\/documents\/389338055\/389340585\/Acceso+y+Admisi%C3%B3n+Estudiantes+Extranjeros+FEBRERO2024.pdf\/26d78424-a0d6-3f6a-a79a-b6f6417d1645?t=1733924009113\" target=\"_blank\" rel=\"noopener\"><strong>Pa\u00efsos amb conveni d&#8217;acc\u00e9s i sense conveni<img loading=\"lazy\" class=\"alignnone wp-image-31436 size-full\" src=\"https:\/\/estudios.umh.es\/files\/2021\/11\/abre-en-nueva-ventana.png\" alt=\"(abre en nueva ventana)\" width=\"15\" height=\"15\"><\/strong><\/a><\/li>\n<\/ul>\n<p>Pots consultar la p\u00e0gina web de la <a href=\"https:\/\/universitats.gva.es\/va\/preinscripcio-universitaria\" target=\"_blank\" rel=\"noopener\">Conselleria d&#8217;Educaci\u00f3, Cultura, Universitats i Ocupaci\u00f3<img loading=\"lazy\" class=\"alignnone wp-image-31436 \" src=\"https:\/\/estudios.umh.es\/files\/2021\/11\/abre-en-nueva-ventana.png\" alt=\"(abre en nueva ventana)\" width=\"15\" height=\"15\"><\/a><\/p>\n<div align=\"center\">\n<table style=\"border: none\" align=\"center\">\n<tbody style=\"border: none\">\n<tr style=\"border: none\">\n<td style=\"border: none;text-align: center\">&nbsp;<\/td>\n<td style=\"border: none;text-align: center\">&nbsp;<\/td>\n<\/tr>\n<\/tbody>\n<\/table>\n<\/div>\n<p><\/p>","protected":false},"excerpt":{"rendered":"<p>En este apartat pots consultar el procediment d&#8217;acc\u00e9s a la universitat si eres estudiant d&#8217;un sistema educatiu estranger.<\/p>\n<p>Pa\u00efsos amb conveni d&#8217;acc\u00e9s i sense conveni<\/p>\n<p>Pots consultar la p\u00e0gina web de la Conselleria d&#8217;Educaci\u00f3, Cultura, Universitats i Ocupaci\u00f3<\/p>\n<p>&nbsp;<br \/>\n&nbsp;<\/p>\n","protected":false},"author":314,"featured_media":0,"parent":77,"menu_order":40,"comment_status":"closed","ping_status":"open","template":"","meta":{"ngg_post_thumbnail":0,"_links_to":"","_links_to_target":""},"_links":{"self":[{"href":"https:\/\/estudios.umh.es\/ca\/wp-json\/wp\/v2\/pages\/201"}],"collection":[{"href":"https:\/\/estudios.umh.es\/ca\/wp-json\/wp\/v2\/pages"}],"about":[{"href":"https:\/\/estudios.umh.es\/ca\/wp-json\/wp\/v2\/types\/page"}],"author":[{"embeddable":true,"href":"https:\/\/estudios.umh.es\/ca\/wp-json\/wp\/v2\/users\/314"}],"replies":[{"embeddable":true,"href":"https:\/\/estudios.umh.es\/ca\/wp-json\/wp\/v2\/comments?post=201"}],"version-history":[{"count":0,"href":"https:\/\/estudios.umh.es\/ca\/wp-json\/wp\/v2\/pages\/201\/revisions"}],"up":[{"embeddable":true,"href":"https:\/\/estudios.umh.es\/ca\/wp-json\/wp\/v2\/pages\/77"}],"wp:attachment":[{"href":"https:\/\/estudios.umh.es\/ca\/wp-json\/wp\/v2\/media?parent=201"}],"curies":[{"name":"wp","href":"https:\/\/api.w.org\/{rel}","templated":true}]}}