{"id":20662,"date":"2025-12-19T19:44:14","date_gmt":"2025-12-19T18:44:14","guid":{"rendered":"https:\/\/estudios.umh.es\/?page_id=20662"},"modified":"2025-12-19T20:25:30","modified_gmt":"2025-12-19T19:25:30","slug":"ciencias-generales","status":"publish","type":"page","link":"https:\/\/estudios.umh.es\/ca\/ciencias-generales\/","title":{"rendered":"<span lang=\"es\">(Espa\u00f1ol) Ciencias Generales<\/span>"},"content":{"rendered":"<p><a href=\"https:\/\/estudios.umh.es\/files\/2025\/12\/Acta-conjunta-Reunions-coordinacio\u0301-PAU-Novembre-2026_CIGE-2.pdf\">Acta comissi\u00f3 de mat\u00e8ria Ci\u00e8ncies Generals<\/a>. 320KB<img loading=\"lazy\" class=\"alignnone wp-image-31436 size-full\" src=\"https:\/\/estudios.umh.es\/files\/2021\/11\/abre-en-nueva-ventana.png\" alt=\"(abre en nueva ventana)\" width=\"15\" height=\"15\"><\/p>","protected":false},"excerpt":{"rendered":"<p>Acta comissi\u00f3 de mat\u00e8ria Ci\u00e8ncies Generals. 320KB<\/p>\n","protected":false},"author":216,"featured_media":0,"parent":0,"menu_order":0,"comment_status":"closed","ping_status":"closed","template":"","meta":{"ngg_post_thumbnail":0,"_links_to":"","_links_to_target":""},"_links":{"self":[{"href":"https:\/\/estudios.umh.es\/ca\/wp-json\/wp\/v2\/pages\/20662"}],"collection":[{"href":"https:\/\/estudios.umh.es\/ca\/wp-json\/wp\/v2\/pages"}],"about":[{"href":"https:\/\/estudios.umh.es\/ca\/wp-json\/wp\/v2\/types\/page"}],"author":[{"embeddable":true,"href":"https:\/\/estudios.umh.es\/ca\/wp-json\/wp\/v2\/users\/216"}],"replies":[{"embeddable":true,"href":"https:\/\/estudios.umh.es\/ca\/wp-json\/wp\/v2\/comments?post=20662"}],"version-history":[{"count":0,"href":"https:\/\/estudios.umh.es\/ca\/wp-json\/wp\/v2\/pages\/20662\/revisions"}],"wp:attachment":[{"href":"https:\/\/estudios.umh.es\/ca\/wp-json\/wp\/v2\/media?parent=20662"}],"curies":[{"name":"wp","href":"https:\/\/api.w.org\/{rel}","templated":true}]}}