{"id":20800,"date":"2026-02-03T16:55:55","date_gmt":"2026-02-03T15:55:55","guid":{"rendered":"https:\/\/estudios.umh.es\/?page_id=20800"},"modified":"2026-03-16T13:46:10","modified_gmt":"2026-03-16T12:46:10","slug":"curso-de-nivelacion-programa-de-fisica-segundo-semestre-campus-de-elche","status":"publish","type":"page","link":"https:\/\/estudios.umh.es\/ca\/curso-de-nivelacion-programa-de-fisica-segundo-semestre-campus-de-elche\/","title":{"rendered":"Curso d&#8217;Anivellament. Programa de F\u00edsica (segon semestre). Campus d&#8217;Elx"},"content":{"rendered":"<p><span dir=\"auto\" style=\"vertical-align: inherit\"><span dir=\"auto\" style=\"vertical-align: inherit\">Consulta el temari del curs d&#8217;anivellament de F\u00edsica (segon semestre) que s&#8217;imparteix al Campus d&#8217;Elx el curs 2025\/2026.<\/span><\/span><\/p>\n<h3><span dir=\"auto\" style=\"vertical-align: inherit\"><span dir=\"auto\" style=\"vertical-align: inherit\">Programa:<\/span><\/span><\/h3>\n<ol>\n<li><span dir=\"auto\" style=\"vertical-align: inherit\"><span dir=\"auto\" style=\"vertical-align: inherit\">An\u00e0lisi dimensional (1 hora). Unitats, dimensions, m\u00faltiples i subm\u00faltiples.<\/span><\/span><\/li>\n<li><span dir=\"auto\" style=\"vertical-align: inherit\"><span dir=\"auto\" style=\"vertical-align: inherit\">Vectors (1 hora). M\u00f2dul, producte escalar, producte vectorial, projecci\u00f3.<\/span><\/span><\/li>\n<li><span dir=\"auto\" style=\"vertical-align: inherit\"><span dir=\"auto\" style=\"vertical-align: inherit\">Cinem\u00e0tica (2 hores). Posici\u00f3, velocitat, acceleraci\u00f3 (intr\u00ednseques).<\/span><\/span><\/li>\n<li><span dir=\"auto\" style=\"vertical-align: inherit\"><span dir=\"auto\" style=\"vertical-align: inherit\">Tir Parab\u00f2lic. Moviment Circular (2 hores). Composici\u00f3 de moviments, arc, velocitat angular, acceleraci\u00f3 angular. Relaci\u00f3 amb lineals. Radian.<\/span><\/span><\/li>\n<li><span dir=\"auto\" style=\"vertical-align: inherit\"><span dir=\"auto\" style=\"vertical-align: inherit\">Lleis de Newton. For\u00e7a de fregament. Pl\u00e0nols inclinats (3 hores). Descomposici\u00f3 de forces, est\u00e0tica. Problemes de pl\u00e0nols. Sistemes inercials o no inercials.<\/span><\/span><\/li>\n<li><span dir=\"auto\" style=\"vertical-align: inherit\"><span dir=\"auto\" style=\"vertical-align: inherit\">Treball i energia. (2 hores). Conservaci\u00f3 de lenergia. Forces conservatives. Energia cin\u00e8tica. Energies potencials.<\/span><\/span><\/li>\n<li><span dir=\"auto\" style=\"vertical-align: inherit\"><span dir=\"auto\" style=\"vertical-align: inherit\">Vibracions i ones (4 hores). Moviment harm\u00f2nic simple. Ones harm\u00f2niques. Interfer\u00e8ncies. Ones estacion\u00e0ries. Efecte doppler. So.<\/span><\/span><\/li>\n<li><span dir=\"auto\" style=\"vertical-align: inherit\"><span dir=\"auto\" style=\"vertical-align: inherit\">Electromagnetisme (4 hores). Electroest\u00e0tica. Potencial el\u00e8ctric. Camp magn\u00e8tic dun conductor. Part\u00edcules carregades dins de camps.<\/span><\/span><\/li>\n<\/ol>\n<h3><span dir=\"auto\" style=\"vertical-align: inherit\"><span dir=\"auto\" style=\"vertical-align: inherit\">Professorat:<\/span><\/span><\/h3>\n<ul>\n<li><span dir=\"auto\" style=\"vertical-align: inherit\"><span dir=\"auto\" style=\"vertical-align: inherit\">Eduardo Yubero Funes<\/span><\/span><\/li>\n<\/ul>\n<p><\/p>","protected":false},"excerpt":{"rendered":"<p>Consulta el temari del curs d&#8217;anivellament de F\u00edsica (segon semestre) que s&#8217;imparteix al Campus d&#8217;Elx el curs 2025\/2026.<br \/>\nPrograma:<\/p>\n<p>An\u00e0lisi dimensional (1 hora). Unitats, dimensions, m\u00faltiples i subm\u00faltiples.<br \/>\nVectors (1 hora). M\u00f2dul, producte escalar, producte vectorial, projecci\u00f3.<br \/>\nCinem\u00e0tica (2 hores). Posici\u00f3, velocitat, acceleraci\u00f3 (intr\u00ednseques).<br \/>\nTir Parab\u00f2lic. Moviment Circular (2 hores). Composici\u00f3 de moviments, arc, velocitat angular, acceleraci\u00f3 angular. Relaci\u00f3 amb [&#8230;]<\/p>\n","protected":false},"author":21955,"featured_media":0,"parent":0,"menu_order":0,"comment_status":"closed","ping_status":"closed","template":"","meta":{"ngg_post_thumbnail":0,"_links_to":"","_links_to_target":""},"_links":{"self":[{"href":"https:\/\/estudios.umh.es\/ca\/wp-json\/wp\/v2\/pages\/20800"}],"collection":[{"href":"https:\/\/estudios.umh.es\/ca\/wp-json\/wp\/v2\/pages"}],"about":[{"href":"https:\/\/estudios.umh.es\/ca\/wp-json\/wp\/v2\/types\/page"}],"author":[{"embeddable":true,"href":"https:\/\/estudios.umh.es\/ca\/wp-json\/wp\/v2\/users\/21955"}],"replies":[{"embeddable":true,"href":"https:\/\/estudios.umh.es\/ca\/wp-json\/wp\/v2\/comments?post=20800"}],"version-history":[{"count":0,"href":"https:\/\/estudios.umh.es\/ca\/wp-json\/wp\/v2\/pages\/20800\/revisions"}],"wp:attachment":[{"href":"https:\/\/estudios.umh.es\/ca\/wp-json\/wp\/v2\/media?parent=20800"}],"curies":[{"name":"wp","href":"https:\/\/api.w.org\/{rel}","templated":true}]}}