{"id":21,"date":"2017-07-28T10:48:56","date_gmt":"2017-07-28T08:48:56","guid":{"rendered":"http:\/\/estudios.zeus.umh.es\/?page_id=21"},"modified":"2026-03-24T16:39:08","modified_gmt":"2026-03-24T15:39:08","slug":"matriculacion","status":"publish","type":"page","link":"https:\/\/estudios.umh.es\/ca\/matriculacion\/","title":{"rendered":"MATR\u00cdCULA"},"content":{"rendered":"<p>Trobar\u00e0s tota la informaci\u00f3 necess\u00e0ria per a formalitzar la matr\u00edcula d&#8217;acord amb el tipus d&#8217;estudis que cursar\u00e0s:&nbsp;<\/p>\n<ul>\n<li><a href=\"https:\/\/estudios.umh.es\/ca\/matriculacion\/gradomatricula\/\" rel=\"noopener noreferrer\">GRAUS<\/a><\/li>\n<li><a href=\"https:\/\/estudios.umh.es\/matriculacion\/matricula-de-masters\/\" rel=\"noopener noreferrer\">M\u00c0STERS UNIVERSITARIS<\/a><\/li>\n<\/ul>\n<p><\/p>","protected":false},"excerpt":{"rendered":"<p>Trobar\u00e0s tota la informaci\u00f3 necess\u00e0ria per a formalitzar la matr\u00edcula d&#8217;acord amb el tipus d&#8217;estudis que cursar\u00e0s:&nbsp;<\/p>\n<p>GRAUS<br \/>\nM\u00c0STERS UNIVERSITARIS<\/p>\n","protected":false},"author":9,"featured_media":0,"parent":0,"menu_order":30,"comment_status":"closed","ping_status":"closed","template":"","meta":{"ngg_post_thumbnail":0,"_links_to":"","_links_to_target":""},"_links":{"self":[{"href":"https:\/\/estudios.umh.es\/ca\/wp-json\/wp\/v2\/pages\/21"}],"collection":[{"href":"https:\/\/estudios.umh.es\/ca\/wp-json\/wp\/v2\/pages"}],"about":[{"href":"https:\/\/estudios.umh.es\/ca\/wp-json\/wp\/v2\/types\/page"}],"author":[{"embeddable":true,"href":"https:\/\/estudios.umh.es\/ca\/wp-json\/wp\/v2\/users\/9"}],"replies":[{"embeddable":true,"href":"https:\/\/estudios.umh.es\/ca\/wp-json\/wp\/v2\/comments?post=21"}],"version-history":[{"count":0,"href":"https:\/\/estudios.umh.es\/ca\/wp-json\/wp\/v2\/pages\/21\/revisions"}],"wp:attachment":[{"href":"https:\/\/estudios.umh.es\/ca\/wp-json\/wp\/v2\/media?parent=21"}],"curies":[{"name":"wp","href":"https:\/\/api.w.org\/{rel}","templated":true}]}}