{"id":2124,"date":"2015-09-07T11:44:12","date_gmt":"2015-09-07T11:44:12","guid":{"rendered":"http:\/\/estudios.umh.es\/?page_id=2124"},"modified":"2023-04-26T14:17:30","modified_gmt":"2023-04-26T12:17:30","slug":"matricula-parcial-en-grados-y-masteres","status":"publish","type":"page","link":"https:\/\/estudios.umh.es\/ca\/matricula-parcial-en-grados-y-masteres\/","title":{"rendered":"MATR\u00cdCULA PARCIAL EN GRAUS"},"content":{"rendered":"<p>Per a l&#8217;estudiantat de nou ingr\u00e9s \u00e9s possible que puga matricular-se de 30 cr\u00e8dits en primer curs. Per a aix\u00f2 s&#8217;ha de tindre en compte el seg\u00fcent procediment:<\/p>\n<ul>\n<li style=\"text-align: justify\">S\u00b4ha de realitzar una sol\u00b7licitud al Vicerector d&#8217;Estudiants. En la mateixa has d&#8217;indicar la causa que justifica la teua petici\u00f3 i adjuntar la documentaci\u00f3 justificativa corresponent.<\/li>\n<li style=\"text-align: justify\">Les causes justificades s\u00f3n: activitat laboral regulada i acreditada, pr\u00e0ctica esportiva d&#8217;alt nivell, necessitats educatives especials o responsabilitats familiars.<\/li>\n<li>S&#8217;ha de sol\u00b7licitar durant la primera quinzena de setembre (termini ordinari).<\/li>\n<li>Per a aix\u00f2 has d&#8217;emplenar una <a href=\"https:\/\/sede.umh.es\/ca\/procedimientos\/instancia-general\/\" target=\"_blank\" rel=\"noopener\">inst\u00e0ncia general en la seu electr\u00f2nica de la UMH<\/a><img src=\"https:\/\/estudios.umh.es\/files\/2021\/11\/abre-en-nueva-ventana.png\" alt=\"(abre en nueva ventana)\">&nbsp; dirigida al Servei de Gesti\u00f3 d&#8217;Estudis.<\/li>\n<li><span style=\"text-align: justify\">Existeix tamb\u00e9 un termini extraordinari durant la primera quinzena d&#8217;octubre (nom\u00e9s per als graus amb places vacants en el termini ordinari de matr\u00edcula).<\/span><\/li>\n<li>Consulta el <a href=\"https:\/\/estudios.umh.es\/files\/2017\/02\/Procedimiento-matr\u00edcula-parcial.pdf\" target=\"_blank\" rel=\"noopener\">Procediment per a la Matr\u00edcula Parcial de la UMH.PDF.469kB<\/a><strong><a href=\"https:\/\/estudios.umh.es\/files\/2017\/02\/Procedimiento-matr\u00edcula-parcial.pdf\"><img loading=\"lazy\" class=\"alignnone wp-image-31436 size-full\" src=\"https:\/\/estudios.umh.es\/files\/2021\/11\/abre-en-nueva-ventana.png\" alt=\"(abre en nueva ventana)\" width=\"15\" height=\"15\"><\/a><\/strong><\/li>\n<\/ul>\n<p><\/p>","protected":false},"excerpt":{"rendered":"<p>Per a l&#8217;estudiantat de nou ingr\u00e9s \u00e9s possible que puga matricular-se de 30 cr\u00e8dits en primer curs. Per a aix\u00f2 s&#8217;ha de tindre en compte el seg\u00fcent procediment:<\/p>\n<p>S\u00b4ha de realitzar una sol\u00b7licitud al Vicerector d&#8217;Estudiants. En la mateixa has d&#8217;indicar la causa que justifica la teua petici\u00f3 i adjuntar la documentaci\u00f3 justificativa corresponent.<br \/>\nLes causes justificades [&#8230;]<\/p>\n","protected":false},"author":9,"featured_media":0,"parent":0,"menu_order":60,"comment_status":"closed","ping_status":"open","template":"","meta":{"ngg_post_thumbnail":0,"_links_to":"","_links_to_target":""},"_links":{"self":[{"href":"https:\/\/estudios.umh.es\/ca\/wp-json\/wp\/v2\/pages\/2124"}],"collection":[{"href":"https:\/\/estudios.umh.es\/ca\/wp-json\/wp\/v2\/pages"}],"about":[{"href":"https:\/\/estudios.umh.es\/ca\/wp-json\/wp\/v2\/types\/page"}],"author":[{"embeddable":true,"href":"https:\/\/estudios.umh.es\/ca\/wp-json\/wp\/v2\/users\/9"}],"replies":[{"embeddable":true,"href":"https:\/\/estudios.umh.es\/ca\/wp-json\/wp\/v2\/comments?post=2124"}],"version-history":[{"count":0,"href":"https:\/\/estudios.umh.es\/ca\/wp-json\/wp\/v2\/pages\/2124\/revisions"}],"wp:attachment":[{"href":"https:\/\/estudios.umh.es\/ca\/wp-json\/wp\/v2\/media?parent=2124"}],"curies":[{"name":"wp","href":"https:\/\/api.w.org\/{rel}","templated":true}]}}