{"id":22,"date":"2014-02-27T10:49:10","date_gmt":"2014-02-27T10:49:10","guid":{"rendered":"http:\/\/estudios.zeus.umh.es\/?page_id=22"},"modified":"2026-01-30T09:39:18","modified_gmt":"2026-01-30T08:39:18","slug":"becas","status":"publish","type":"page","link":"https:\/\/estudios.umh.es\/ca\/becas\/","title":{"rendered":"Beques"},"content":{"rendered":"<p><span dir=\"auto\" style=\"vertical-align: inherit\"><span dir=\"auto\" style=\"vertical-align: inherit\">Per tal de garantir el dret de totes les persones a cursar estudis universitaris, el Ministeri d&#8217;Educaci\u00f3, Formaci\u00f3 Professional i Esports, la Conselleria d&#8217;Educaci\u00f3, Universitats i Ocupaci\u00f3 i la Universitat Miguel Hern\u00e1ndez d&#8217;Elx convoquen diferents beques i ajudes.<\/span><\/span><\/p>\n<p><img loading=\"lazy\" class=\"alignnone size-medium wp-image-17329\" src=\"https:\/\/estudios.umh.es\/files\/2024\/02\/MEFPD-1.svg\" alt=\"\" width=\"1\" height=\"1\"><a href=\"https:\/\/estudios.umh.es\/ministerio-de-educacion-y-formacion-profesional\/\"><img loading=\"lazy\" class=\"alignnone wp-image-17737\" src=\"https:\/\/estudios.umh.es\/files\/2024\/03\/Ministerio-3-300x214.jpg\" alt=\"Beques Ministeri d'Educaci\u00f3, Formaci\u00f3 Professional i Esports\" width=\"340\" height=\"242\" srcset=\"https:\/\/estudios.umh.es\/files\/2024\/03\/Ministerio-3-300x214.jpg 300w, https:\/\/estudios.umh.es\/files\/2024\/03\/Ministerio-3.jpg 321w\" sizes=\"(max-width: 340px) 100vw, 340px\" \/><\/a> <a href=\"https:\/\/estudios.umh.es\/becas-conselleria-de-educacion-universidades-y-empleo\/\"><img loading=\"lazy\" class=\"alignnone wp-image-19165\" src=\"https:\/\/estudios.umh.es\/files\/2025\/02\/Captura-1.jpg\" alt=\"\" width=\"286\" height=\"242\"><\/a><a href=\"https:\/\/estudios.umh.es\/plan-de-becas-y-ayudas-de-la-umh\/\"><img loading=\"lazy\" class=\"alignnone wp-image-17439 size-medium\" src=\"https:\/\/estudios.umh.es\/files\/2024\/03\/Becas-Universidad-Miguel-Hernandez-1-300x243.jpg\" alt=\"Beques Universitat Miguel Hern\u00e1ndez d'Elx\" width=\"300\" height=\"243\" srcset=\"https:\/\/estudios.umh.es\/files\/2024\/03\/Becas-Universidad-Miguel-Hernandez-1-300x243.jpg 300w, https:\/\/estudios.umh.es\/files\/2024\/03\/Becas-Universidad-Miguel-Hernandez-1.jpg 338w\" sizes=\"(max-width: 300px) 100vw, 300px\" \/><\/a><\/p>\n<h3>&nbsp;<\/h3>\n<div class=\"col col-lg-8 order-first order-lg-2\">\n<div class=\"row\">\n<div class=\"col\">\n<div class=\"text-cuerpo\"><a href=\"https:\/\/estudios.umh.es\/becas\/otras-becas\/\"><span dir=\"auto\" style=\"vertical-align: inherit\"><span dir=\"auto\" style=\"vertical-align: inherit\">Consulta altres convocat\u00f2ries de beques que et poden interessar<\/span><\/span><\/a><\/div>\n<\/div>\n<\/div>\n<\/div>\n<p>&nbsp;<\/p>\n<p>&nbsp;<\/p>","protected":false},"excerpt":{"rendered":"<p>Per tal de garantir el dret de totes les persones a cursar estudis universitaris, el Ministeri d&#8217;Educaci\u00f3, Formaci\u00f3 Professional i Esports, la Conselleria d&#8217;Educaci\u00f3, Universitats i Ocupaci\u00f3 i la Universitat Miguel Hern\u00e1ndez d&#8217;Elx convoquen diferents beques i ajudes.<\/p>\n<p>&nbsp;<\/p>\n<p>Consulta altres convocat\u00f2ries de beques que et poden interessar<\/p>\n<p>&nbsp;<br \/>\n&nbsp;<\/p>\n","protected":false},"author":9,"featured_media":0,"parent":0,"menu_order":50,"comment_status":"closed","ping_status":"open","template":"","meta":{"ngg_post_thumbnail":0,"_links_to":"","_links_to_target":""},"_links":{"self":[{"href":"https:\/\/estudios.umh.es\/ca\/wp-json\/wp\/v2\/pages\/22"}],"collection":[{"href":"https:\/\/estudios.umh.es\/ca\/wp-json\/wp\/v2\/pages"}],"about":[{"href":"https:\/\/estudios.umh.es\/ca\/wp-json\/wp\/v2\/types\/page"}],"author":[{"embeddable":true,"href":"https:\/\/estudios.umh.es\/ca\/wp-json\/wp\/v2\/users\/9"}],"replies":[{"embeddable":true,"href":"https:\/\/estudios.umh.es\/ca\/wp-json\/wp\/v2\/comments?post=22"}],"version-history":[{"count":0,"href":"https:\/\/estudios.umh.es\/ca\/wp-json\/wp\/v2\/pages\/22\/revisions"}],"wp:attachment":[{"href":"https:\/\/estudios.umh.es\/ca\/wp-json\/wp\/v2\/media?parent=22"}],"curies":[{"name":"wp","href":"https:\/\/api.w.org\/{rel}","templated":true}]}}