{"id":23,"date":"2014-02-27T10:49:39","date_gmt":"2014-02-27T10:49:39","guid":{"rendered":"http:\/\/estudios.zeus.umh.es\/?page_id=23"},"modified":"2026-03-10T11:32:00","modified_gmt":"2026-03-10T10:32:00","slug":"reconocimiento-creditos","status":"publish","type":"page","link":"https:\/\/estudios.umh.es\/ca\/reconocimiento-creditos\/","title":{"rendered":"RECONEIXEMENT DE CR\u00c8DITS"},"content":{"rendered":"<p><\/p>\n<h3 style=\"text-align: left\" align=\"center\">DEFINICI\u00d3 DE RECONEIXEMENT<\/h3>\n<p style=\"text-align: justify\" align=\"center\">El reconeixement de cr\u00e9dits \u00e9s l&#8217;acceptaci\u00f3 per una universitat dels cr\u00e8dits que, havent sigut obtinguts en uns ensenyaments oficials, en la mateixa o una altra universitat, s\u00f3n computats en altres diferents a l&#8217;efecte de l&#8217;obtenci\u00f3 d&#8217;un t\u00edtol oficial. Aix\u00ed mateix, podran ser objecte de reconeixement els cr\u00e8dits cursats en altres ensenyaments superiors oficials (nom\u00e9s per els estudis de grau) o en ensenyaments universitaris conduents a l&#8217;obtenci\u00f3 d&#8217;altres t\u00edtols, als quals es refereix l&#8217;article 7 de la Llei Org\u00e0nica 2\/2023, de 22 de mar\u00e7, del Sistema Universitari. L&#8217;experi\u00e8ncia laboral i professional acreditada podr\u00e0 ser tamb\u00e9 reconeguda en forma de cr\u00e8dits, els quals computaran a l&#8217;efecte de l&#8217;obtenci\u00f3 d&#8217;un t\u00edtol oficial; sempre que aquesta experi\u00e8ncia estiga relacionada amb les compet\u00e8ncies inherents a aquest t\u00edtol. Aix\u00ed mateix, en la UMH, cap el reconeixement de cr\u00e8dits optatius per els estudis de grau mitjan\u00e7ant l&#8217;acreditaci\u00f3 de l&#8217;adquisici\u00f3 de compet\u00e8ncies transversals i professionals.<\/p>\n<p style=\"text-align: left\" align=\"center\">A continuaci\u00f3 podr\u00e0s obtindre informaci\u00f3 m\u00e9s extensa d&#8217;acord amb el tipus de t\u00edtol (grau o m\u00e0ster universitari) que siga objecte de reconeixement de cr\u00e8dits.<\/p>\n<h3 style=\"text-align: left\" align=\"center\"><span style=\"color: #000000\">PER ALS ESTUDIS DE GRAU<\/span><\/h3>\n<ul>\n<li style=\"text-align: left\"><a href=\"https:\/\/estudios.umh.es\/ca\/asignaturas\/\" rel=\"noopener noreferrer\">Procediment per a la sol.licitud de reconeixement de cr\u00e8dits mitjan\u00e7ant l\u00b4acreditaci\u00f3 d\u00b4estudis universitaris oficials<\/a>&nbsp;<\/li>\n<li style=\"text-align: left\"><a href=\"https:\/\/estudios.umh.es\/ca\/estudios-superiores-no-univesitarios\/\" rel=\"noopener noreferrer\">Procediment per a la sol.licitud de reconeixement de cr\u00e8dits mitjan\u00e7ant l\u00b4acreditaci\u00f3 d\u00b4estudis superiors no universitaris (formaci\u00f3 professional)<\/a>&nbsp;<\/li>\n<li style=\"text-align: left\"><a href=\"https:\/\/estudios.umh.es\/ca\/estudios-propios-2\/\" rel=\"noopener noreferrer\">Procediment per a la sol.licitud de reconeixement de cr\u00e8dits mitjan\u00e7ant l\u00b4acreditaci\u00f3 d\u00b4estudis propis de les universitats<\/a>&nbsp;<\/li>\n<li style=\"text-align: left\"><a href=\"https:\/\/estudios.umh.es\/ca\/presentacion\/normativas\/reconocimiento-de-creditos\/experiencia-laboral-y-profesional\/\" rel=\"noopener noreferrer\">Procediment per a la sol.licitud de reconeixement de cr\u00e8dits mitjan\u00e7ant l\u00b4acreditaci\u00f3 d\u00b4experi\u00e8ncia laboral i professional&nbsp;<\/a><\/li>\n<li style=\"text-align: left\"><a href=\"https:\/\/estudios.umh.es\/ca\/competencias-transversales-y-profesionales-2\/\" rel=\"noopener noreferrer\">Procediment per a la sol.licitud de reconeixement de cr\u00e8dits mitjan\u00e7ant l\u00b4acreditaci\u00f3 d&#8217; activitats universit\u00e1ries o acad\u00e8miques<strong><br \/>\n<\/strong><\/a><\/li>\n<\/ul>\n<h3 style=\"text-align: left\" align=\"center\"><span style=\"color: #000000\">PER ALS ESTUDIS DE M\u00c0STER UNIVERSITARI<\/span><\/h3>\n<ul>\n<li style=\"text-align: left\"><a href=\"https:\/\/estudios.umh.es\/ca\/reconocimiento-creditos\/masteres\/asignaturas\/\" rel=\"noopener noreferrer\">Procediment per a la sol.licitud de reconeixement de cr\u00e8dits mitjan\u00e7ant l\u00b4acreditaci\u00f3 d\u00b4estudis universitaris oficials<\/a>&nbsp;<\/li>\n<li style=\"text-align: left\"><a href=\"https:\/\/estudios.umh.es\/ca\/reconocimiento-creditos\/masteres\/estudios-propios\/\" rel=\"noopener noreferrer\">Procediment per a la sol.licitud de reconeixement de cr\u00e8dits mitjan\u00e7ant l\u00b4acreditaci\u00f3 d\u00b4estudis propis de les universitats<\/a>&nbsp;<\/li>\n<li style=\"text-align: left\"><a href=\"https:\/\/estudios.umh.es\/ca\/reconocimiento-creditos\/masteres\/experiencia-profesional-y-laboral\/\" rel=\"noopener noreferrer\">Procediment per a la sol.licitud de reconeixement de cr\u00e8dits mitjan\u00e7ant l\u00b4acreditaci\u00f3 d\u00b4experi\u00e8ncia laboral i professional<\/a>&nbsp;<\/li>\n<\/ul>\n<h3 style=\"text-align: left\" align=\"center\"><span style=\"color: #000000\">PROCEDIMENT PER A LA CONTINUACI\u00d3 EN GRAUS EQUIVALENTS DES D\u00b4 ENSENYAMENTS EXTINTS<\/span><\/h3>\n<p style=\"text-align: left\" align=\"center\"><span style=\"color: #000000\"><a href=\"https:\/\/estudios.umh.es\/ca\/reconocimiento-creditos\/continuacion-en-los-titulos-de-grado-equivalentes-desde-titulos-en-extincion\/\" rel=\"noopener noreferrer\">Consulta com continuar els teus estudis de grau si no has finalitzat el t\u00edtol extint equivalent.<\/a><\/span><\/p>\n<p align=\"center\">&nbsp;<\/p>\n<p><\/p>","protected":false},"excerpt":{"rendered":"<p>DEFINICI\u00d3 DE RECONEIXEMENT<br \/>\nEl reconeixement de cr\u00e9dits \u00e9s l&#8217;acceptaci\u00f3 per una universitat dels cr\u00e8dits que, havent sigut obtinguts en uns ensenyaments oficials, en la mateixa o una altra universitat, s\u00f3n computats en altres diferents a l&#8217;efecte de l&#8217;obtenci\u00f3 d&#8217;un t\u00edtol oficial. Aix\u00ed mateix, podran ser objecte de reconeixement els cr\u00e8dits cursats en altres ensenyaments superiors oficials [&#8230;]<\/p>\n","protected":false},"author":9,"featured_media":0,"parent":0,"menu_order":60,"comment_status":"closed","ping_status":"closed","template":"","meta":{"ngg_post_thumbnail":0,"_links_to":"","_links_to_target":""},"_links":{"self":[{"href":"https:\/\/estudios.umh.es\/ca\/wp-json\/wp\/v2\/pages\/23"}],"collection":[{"href":"https:\/\/estudios.umh.es\/ca\/wp-json\/wp\/v2\/pages"}],"about":[{"href":"https:\/\/estudios.umh.es\/ca\/wp-json\/wp\/v2\/types\/page"}],"author":[{"embeddable":true,"href":"https:\/\/estudios.umh.es\/ca\/wp-json\/wp\/v2\/users\/9"}],"replies":[{"embeddable":true,"href":"https:\/\/estudios.umh.es\/ca\/wp-json\/wp\/v2\/comments?post=23"}],"version-history":[{"count":0,"href":"https:\/\/estudios.umh.es\/ca\/wp-json\/wp\/v2\/pages\/23\/revisions"}],"wp:attachment":[{"href":"https:\/\/estudios.umh.es\/ca\/wp-json\/wp\/v2\/media?parent=23"}],"curies":[{"name":"wp","href":"https:\/\/api.w.org\/{rel}","templated":true}]}}