{"id":2377,"date":"2015-10-28T13:11:32","date_gmt":"2015-10-28T13:11:32","guid":{"rendered":"http:\/\/estudios.umh.es\/?page_id=2377"},"modified":"2025-11-10T14:27:14","modified_gmt":"2025-11-10T13:27:14","slug":"documentos-materias","status":"publish","type":"page","link":"https:\/\/estudios.umh.es\/ca\/documentos-materias\/","title":{"rendered":"DOCUMENTS DE LA COMISSI\u00d3 DE MAT\u00c8RIA"},"content":{"rendered":"<p><\/p>\n<p style=\"text-align: left\">Informaci\u00f3 per curs acad\u00e8mic de les mat\u00e8ries de les comissions que conformen les PAU:<\/p>\n<ul>\n<li><a href=\"https:\/\/estudios.umh.es\/curso-2022-23\/\">Curs 2022\/23<\/a><\/li>\n<li style=\"text-align: left\"><a href=\"https:\/\/estudios.umh.es\/curso-2021-22\/\">Curs 2021\/22<\/a><\/li>\n<li style=\"text-align: left\"><a style=\"text-align: center\" href=\"https:\/\/estudios.umh.es\/comisiones-de-materia-20-21\/\" rel=\"noopener noreferrer\">Curs 2020\/21<\/a><\/li>\n<li style=\"text-align: left\"><a style=\"text-align: center\" href=\"https:\/\/estudios.umh.es\/orientaciones-de-materia-3\/\">Curs 2019\/20<\/a><\/li>\n<li style=\"text-align: left\"><a style=\"text-align: center\" href=\"https:\/\/estudios.umh.es\/curso-2018-2019\/\">Curs 2018\/19<\/a><\/li>\n<li style=\"text-align: left\"><a style=\"text-align: center\" href=\"https:\/\/estudios.umh.es\/actas-de-la-comision-de-materia-201718\/\">Curs 2017\/18<\/a><\/li>\n<li style=\"text-align: left\"><a style=\"text-align: center\" href=\"https:\/\/estudios.umh.es\/documentos-de-la-comision-de-materia-201617\/\">Curs 2016\/17<\/a><\/li>\n<\/ul>\n<p><\/p>","protected":false},"excerpt":{"rendered":"<p>Informaci\u00f3 per curs acad\u00e8mic de les mat\u00e8ries de les comissions que conformen les PAU:<\/p>\n<p>Curs 2022\/23<br \/>\nCurs 2021\/22<br \/>\nCurs 2020\/21<br \/>\nCurs 2019\/20<br \/>\nCurs 2018\/19<br \/>\nCurs 2017\/18<br \/>\nCurs 2016\/17<\/p>\n","protected":false},"author":314,"featured_media":0,"parent":0,"menu_order":0,"comment_status":"closed","ping_status":"open","template":"","meta":{"ngg_post_thumbnail":0,"_links_to":"","_links_to_target":""},"_links":{"self":[{"href":"https:\/\/estudios.umh.es\/ca\/wp-json\/wp\/v2\/pages\/2377"}],"collection":[{"href":"https:\/\/estudios.umh.es\/ca\/wp-json\/wp\/v2\/pages"}],"about":[{"href":"https:\/\/estudios.umh.es\/ca\/wp-json\/wp\/v2\/types\/page"}],"author":[{"embeddable":true,"href":"https:\/\/estudios.umh.es\/ca\/wp-json\/wp\/v2\/users\/314"}],"replies":[{"embeddable":true,"href":"https:\/\/estudios.umh.es\/ca\/wp-json\/wp\/v2\/comments?post=2377"}],"version-history":[{"count":0,"href":"https:\/\/estudios.umh.es\/ca\/wp-json\/wp\/v2\/pages\/2377\/revisions"}],"wp:attachment":[{"href":"https:\/\/estudios.umh.es\/ca\/wp-json\/wp\/v2\/media?parent=2377"}],"curies":[{"name":"wp","href":"https:\/\/api.w.org\/{rel}","templated":true}]}}