{"id":24,"date":"2014-02-27T10:51:52","date_gmt":"2014-02-27T10:51:52","guid":{"rendered":"http:\/\/estudios.zeus.umh.es\/?page_id=24"},"modified":"2026-03-10T11:19:20","modified_gmt":"2026-03-10T10:19:20","slug":"expedicion-titulos","status":"publish","type":"page","link":"https:\/\/estudios.umh.es\/ca\/expedicion-titulos\/","title":{"rendered":"T\u00cdTOLS"},"content":{"rendered":"<p>En este apartat pots obtindre informaci\u00f3 sobre l&#8217;expedici\u00f3 de t\u00edtols oficials i propis de la UMH, aix\u00ed com del proc\u00e9s de verificaci\u00f3 d&#8217;estar en possessi\u00f3 d&#8217;un t\u00edtol oficial expedit per la UMH. Aix\u00ed mateix es pot consultar informaci\u00f3 sobre l&#8217;homologaci\u00f3 de t\u00edtols i quins t\u00edtols oficials d&#8217;UMH que estan en fase d&#8217;extinci\u00f3.&nbsp;<\/p>\n<ul>\n<li><a href=\"https:\/\/estudios.umh.es\/expedicion-titulos\/expedicion-titulos-oficiales\/\">EXPEDICI\u00d3 DE T\u00cdTOLS OFICIALS (GRAU, M\u00c0STER UNIVERSITARI I DOCTORAT)<\/a><\/li>\n<li><a href=\"https:\/\/estudios.umh.es\/ca\/expedicion-titulos\/expedicion-titulos-propios\/\">EXPEDICI\u00d3 DE T\u00cdTOLS PROPIS, CERTIFICATS DE FORMACI\u00d3 PERMANENT I MICROCREDENCIALS UNIVERSIT\u00c0RIES<\/a><\/li>\n<li><a href=\"https:\/\/estudios.umh.es\/ca\/expedicion-titulos\/verificacion-de-titulos-oficiales\/\">VERIFICACI\u00d3 DELS T\u00cdTOLS OFICIALS EXPEDITS PER LA UMH<\/a><\/li>\n<li><a href=\"https:\/\/estudios.umh.es\/ca\/expedicion-titulos\/homologacion\/\">HOMOLOGACI\u00d3 DE T\u00cdTOLS OFICIALS UNIVERSITARIS<\/a><\/li>\n<li><a href=\"https:\/\/estudios.umh.es\/expedicion-titulos\/compulsa-de-documentos\/\">COMPULSA DE T\u00cdTOLS<\/a><\/li>\n<li><a href=\"https:\/\/estudios.umh.es\/ca\/legalizaciones\/\">LEGALITZACIONS<\/a><\/li>\n<\/ul>\n<p><\/p>","protected":false},"excerpt":{"rendered":"<p>En este apartat pots obtindre informaci\u00f3 sobre l&#8217;expedici\u00f3 de t\u00edtols oficials i propis de la UMH, aix\u00ed com del proc\u00e9s de verificaci\u00f3 d&#8217;estar en possessi\u00f3 d&#8217;un t\u00edtol oficial expedit per la UMH. Aix\u00ed mateix es pot consultar informaci\u00f3 sobre l&#8217;homologaci\u00f3 de t\u00edtols i quins t\u00edtols oficials d&#8217;UMH que estan en fase d&#8217;extinci\u00f3.&nbsp;<\/p>\n<p>EXPEDICI\u00d3 DE T\u00cdTOLS OFICIALS [&#8230;]<\/p>\n","protected":false},"author":9,"featured_media":0,"parent":0,"menu_order":70,"comment_status":"closed","ping_status":"open","template":"","meta":{"ngg_post_thumbnail":0,"_links_to":"","_links_to_target":""},"_links":{"self":[{"href":"https:\/\/estudios.umh.es\/ca\/wp-json\/wp\/v2\/pages\/24"}],"collection":[{"href":"https:\/\/estudios.umh.es\/ca\/wp-json\/wp\/v2\/pages"}],"about":[{"href":"https:\/\/estudios.umh.es\/ca\/wp-json\/wp\/v2\/types\/page"}],"author":[{"embeddable":true,"href":"https:\/\/estudios.umh.es\/ca\/wp-json\/wp\/v2\/users\/9"}],"replies":[{"embeddable":true,"href":"https:\/\/estudios.umh.es\/ca\/wp-json\/wp\/v2\/comments?post=24"}],"version-history":[{"count":0,"href":"https:\/\/estudios.umh.es\/ca\/wp-json\/wp\/v2\/pages\/24\/revisions"}],"wp:attachment":[{"href":"https:\/\/estudios.umh.es\/ca\/wp-json\/wp\/v2\/media?parent=24"}],"curies":[{"name":"wp","href":"https:\/\/api.w.org\/{rel}","templated":true}]}}