{"id":266,"date":"2014-04-15T07:19:34","date_gmt":"2014-04-15T07:19:34","guid":{"rendered":"http:\/\/estudios.zeus.umh.es\/?page_id=266"},"modified":"2026-02-17T17:13:02","modified_gmt":"2026-02-17T16:13:02","slug":"acceso-y-admision","status":"publish","type":"page","link":"https:\/\/estudios.umh.es\/ca\/acceso\/masters\/acceso-y-admision\/","title":{"rendered":"Acc\u00e9s i Admissi\u00f3"},"content":{"rendered":"<p><strong>Acc\u00e9s<\/strong><\/p>\n<p>Per a accedir als ensenyaments oficials de M\u00e0ster ser\u00e0 necessari estar en possessi\u00f3 d&#8217;un t\u00edtol universitari oficial espanyol o un altre expedit per una instituci\u00f3 d&#8217;educaci\u00f3 superior pertanyent a un altre Estat integrant de l&#8217;Espai Europeu d&#8217;Educaci\u00f3 Superior que faculte en el mateix per a l&#8217;acc\u00e9s a ensenyaments de M\u00e0ster.<\/p>\n<p>Aix\u00ed mateix, podran accedir els titulats conforme a sistemes educatius aliens a l&#8217;Espai Europeu d&#8217;Educaci\u00f3 Superior sense necessitat de l&#8217;homologaci\u00f3 dels seus t\u00edtols, pr\u00e8via comprovaci\u00f3 per la Universitat que aquells acrediten un nivell de formaci\u00f3 equivalent als corresponents t\u00edtols universitaris oficials espanyols i que faculten en el pa\u00eds expedidor del t\u00edtol per a l&#8217;acc\u00e9s a ensenyaments de postgrau. L&#8217;acc\u00e9s per aquesta via no implicar\u00e0, en cap cas, l&#8217;homologaci\u00f3 del t\u00edtol previ que estiga en possessi\u00f3 l&#8217;interessat, ni el seu reconeixement a altres efectes que el de cursar els ensenyaments de M\u00e0ster.<\/p>\n<p style=\"text-align: justify\"><strong>Admissi\u00f3<\/strong><\/p>\n<hr style=\"color: #c50606\">\n<p style=\"text-align: justify\">Els\/Les estudiants podran ser admesos en un M\u00e0ster conforme als requisits espec\u00edfics i criteris de valoraci\u00f3 de m\u00e8rits que, si escau, siguin propis del t\u00edtol de M\u00e0ster Universitari o estableixi la universitat. La Universitat inclour\u00e0 els procediments i requisits d&#8217;admissi\u00f3 en el pla d&#8217;estudis, entre els quals podran figurar complements formatius en algunes disciplines, en funci\u00f3 de la formaci\u00f3 pr\u00e8via acreditada per l&#8217;estudiant. Aquests complements formatius podran formar part del M\u00e0ster sempre que el nombre total de cr\u00e8dits a cursar no superi els 120. En tot cas, formin o no part del M\u00e0ster, els cr\u00e8dits corresponents als complements formatius tindran, a l&#8217;efecte de preus p\u00fablics i de concessi\u00f3 de beques i ajudes a l&#8217;estudi la consideraci\u00f3 de cr\u00e8dits de nivell de M\u00e0ster. L&#8217;admissi\u00f3 no implicar\u00e0, en cap cas, modificaci\u00f3 alguna dels efectes acad\u00e8mics i, si escau, professionals que corresponguin al t\u00edtol previ&nbsp; en possessi\u00f3 l&#8217;interessat, ni el seu reconeixement a altres efectes que el de cursar ensenyaments de M\u00e0ster.<\/p>\n<p><\/p>","protected":false},"excerpt":{"rendered":"<p>Acc\u00e9s<br \/>\nPer a accedir als ensenyaments oficials de M\u00e0ster ser\u00e0 necessari estar en possessi\u00f3 d&#8217;un t\u00edtol universitari oficial espanyol o un altre expedit per una instituci\u00f3 d&#8217;educaci\u00f3 superior pertanyent a un altre Estat integrant de l&#8217;Espai Europeu d&#8217;Educaci\u00f3 Superior que faculte en el mateix per a l&#8217;acc\u00e9s a ensenyaments de M\u00e0ster.<br \/>\nAix\u00ed mateix, podran accedir els titulats [&#8230;]<\/p>\n","protected":false},"author":12,"featured_media":0,"parent":157,"menu_order":1,"comment_status":"closed","ping_status":"open","template":"","meta":{"ngg_post_thumbnail":0,"_links_to":"","_links_to_target":""},"_links":{"self":[{"href":"https:\/\/estudios.umh.es\/ca\/wp-json\/wp\/v2\/pages\/266"}],"collection":[{"href":"https:\/\/estudios.umh.es\/ca\/wp-json\/wp\/v2\/pages"}],"about":[{"href":"https:\/\/estudios.umh.es\/ca\/wp-json\/wp\/v2\/types\/page"}],"author":[{"embeddable":true,"href":"https:\/\/estudios.umh.es\/ca\/wp-json\/wp\/v2\/users\/12"}],"replies":[{"embeddable":true,"href":"https:\/\/estudios.umh.es\/ca\/wp-json\/wp\/v2\/comments?post=266"}],"version-history":[{"count":0,"href":"https:\/\/estudios.umh.es\/ca\/wp-json\/wp\/v2\/pages\/266\/revisions"}],"up":[{"embeddable":true,"href":"https:\/\/estudios.umh.es\/ca\/wp-json\/wp\/v2\/pages\/157"}],"wp:attachment":[{"href":"https:\/\/estudios.umh.es\/ca\/wp-json\/wp\/v2\/media?parent=266"}],"curies":[{"name":"wp","href":"https:\/\/api.w.org\/{rel}","templated":true}]}}