{"id":268,"date":"2014-04-15T07:33:25","date_gmt":"2014-04-15T07:33:25","guid":{"rendered":"http:\/\/estudios.zeus.umh.es\/?page_id=268"},"modified":"2026-03-18T12:15:20","modified_gmt":"2026-03-18T11:15:20","slug":"asignaturas","status":"publish","type":"page","link":"https:\/\/estudios.umh.es\/ca\/reconocimiento-creditos\/masteres\/asignaturas\/","title":{"rendered":"ESTUDIS UNIVERSITARIS OFICIALS"},"content":{"rendered":"<p><\/p>\n<h3>Procediment per a la sol\u00b7licitud del reconeixement de cr\u00e8dits en M\u00e0ster Universitari mitjan\u00e7ant l&#8217;acreditaci\u00f3 d&#8217;estudis universitaris oficials<\/h3>\n<p>Pots consultar el <a href=\"https:\/\/universite.umh.es\/SGRA\/catalogo\/consulta.aspx\" target=\"_blank\" rel=\"noopener\">hist\u00f2ric de reconeixement de cr\u00e8dits per assignatures de cursos acad\u00e9mics anteriors<img loading=\"lazy\" class=\"alignnone wp-image-31436 size-full\" src=\"https:\/\/estudios.umh.es\/files\/2021\/11\/abre-en-nueva-ventana.png\" alt=\"(abre en nueva ventana)\" width=\"15\" height=\"15\"><\/a><\/p>\n<h3>Qu\u00e8 s&#8217;ent\u00e9n per reconeixement de cr\u00e8dit?<\/h3>\n<p style=\"text-align: justify\">S&#8217;ent\u00e9n per reconeixement l&#8217;acceptaci\u00f3 per una universitat dels cr\u00e8dits que, havent sigut obtinguts en uns ensenyaments oficials, en la mateixa o una altra universitat, s\u00f3n computats en altres diferents a l&#8217;efecte de l&#8217;obtenci\u00f3 d&#8217;un t\u00edtol oficial. Podran ser objecte de reconeixement els cr\u00e8dits cursats en altres ensenyaments universitaris conduents a l&#8217;obtenci\u00f3 d&#8217;altres t\u00edtols, als quals es refereix l&#8217;article 34.1 de la Llei Org\u00e0nica 6\/2001, de 21 de desembre, d&#8217;Universitats.<\/p>\n<h3>Quan i on puc sol\u00b7licitar el reconeixement de cr\u00e8dit aportant assignatures superades en Estudis Universitaris Oficials?<\/h3>\n<p>La sol\u00b7licitud la pots realitzar des de l&#8217;endem\u00e0 d&#8217;haver formalitzat la teua matr\u00edcula i fins al 31 d&#8217;octubre de 2023.<br \/>\nSe sol\u00b7licita des del teu acc\u00e9s identificat, en l&#8217;apartat INFORMACI\u00d3N ACAD\u00c9MICA &#8211; SOLICITUD Y CONSULTA DE RECONOCIMIENTO POR ASIGNATURAS.<\/p>\n<h3>Com realitzar la sol\u00b7licitud?<\/h3>\n<p>1\u00ba Has de donar d&#8217;alta el\/els estudie\/s que aportes per al reconeixement. Indicant universitat, centre i estudi.<\/p>\n<p>2\u00ba Has d&#8217;introduir les assignatures que has superat en altres t\u00edtols universitaris oficials que consideres poden ser utilitzades per al reconeixement de cr\u00e8dits.<\/p>\n<p>3\u00ba Has d&#8217;indicar l&#8217;assignatura de la qual sol\u00b7licites el reconeixement i la(s) assignatura(s) que aportes per a aquest.<\/p>\n<p>4\u00ba Incorpora en format pdf: les guies docents de les assignatures que aportes per al reconeixement i el certificat acad\u00e8mic expedit per la universitat d&#8217;origen.<\/p>\n<h3>Quina documentaci\u00f3 he d&#8217;aportar?<\/h3>\n<p>Si aportes estudis cursats en la UMH: no s&#8217;ha d&#8217;aportar cap documentaci\u00f3 a la sol\u00b7licitud.<br \/>\nSi aportes estudis d&#8217;altres universitats: has de tindre escanejat en format PDF la seg\u00fcent documentaci\u00f3:<br \/>\na. Programes o guies docents de les assignatures del teu t\u00edtol d&#8217;origen que has introdu\u00eft en la sol\u00b7licitud. Aquests documents han d&#8217;estar segellats per la universitat d&#8217;origen o amb signatura electr\u00f2nica.<br \/>\nb. Certificat acad\u00e8mic personal.<\/p>\n<h3>Qu\u00e8 he de fer quan haja realitzat la sol\u00b7licitud telem\u00e0tica?<\/h3>\n<p>Una vegada que has finalitzat la sol\u00b7licitud no has de presentar el certificat acad\u00e8mic personal ni les guies docents o programes de les assignatures originals.<\/p>\n<p>Aquesta documentaci\u00f3, una vegada s&#8217;haja resolt la teua sol\u00b7licitud i en cas de ser favorable, et ser\u00e0 requerida per al seu acarament en el <a href=\"https:\/\/estudios.umh.es\/files\/2022\/03\/6.-Masteres-por-campus-y-centro-2022-23.pdf\" target=\"_blank\" rel=\"noopener noreferrer\">Centre de Gesti\u00f3 de Campus corresponent.PDF.145kB<img loading=\"lazy\" class=\"alignnone wp-image-31436 size-full\" src=\"https:\/\/estudios.umh.es\/files\/2021\/11\/abre-en-nueva-ventana.png\" alt=\"(abre en nueva ventana)\" width=\"15\" height=\"15\"><\/a> en el termini de 5 dies. Tamb\u00e9 pots remetre els documents a trav\u00e9s dels registres de qualsevol \u00f2rgan administratiu contemplats en l&#8217;article 16.4 de la Llei 39\/2015 del Procediment Administratiu Com\u00fa de les Administracions P\u00fabliques. Nom\u00e9s haur\u00e0s de presentar per a l&#8217;acarament aquells documents que no siguen electr\u00f2nics.<\/p>\n<h3>Puc aportar assignatures cursades en qualsevol t\u00edtol universitari oficial?<\/h3>\n<p>No cabr\u00e0 el reconeixement de cr\u00e8dits aportant assignatures superades en t\u00edtols de grau, diplomatures i enginyeries t\u00e8cniques.<\/p>\n<h3>Qu\u00e8 he de tindre en compte?<\/h3>\n<ul style=\"text-align: justify\">\n<li>Ha d&#8217;existir una adequaci\u00f3 entre les compet\u00e8ncies, coneixements, continguts i cr\u00e8dits associats a les mat\u00e8ries o assignatures de l&#8217;ensenyament d&#8217;origen i els contemplats en les assignatures o mat\u00e8ries de destinaci\u00f3 o b\u00e9 que tinguen car\u00e0cter transversal.<\/li>\n<li>Als efectes indicats en l&#8217;apartat anterior l&#8217;equival\u00e8ncia que ha de donar-se per a poder dur a terme el reconeixement de cr\u00e8dits corresponents ser\u00e0 d&#8217;almenys el 70%.<\/li>\n<li>En tot cas, no podran ser objecte de reconeixement els cr\u00e8dits corresponents als treballs de finalitzaci\u00f3 de m\u00e0ster.<\/li>\n<\/ul>\n<p style=\"text-align: justify\">&nbsp;<\/p>\n<h3>Quins requisits han de complir la documentaci\u00f3 d&#8217;estudis universitaris cursats a l&#8217;estrangers?<\/h3>\n<p style=\"text-align: justify\">1.Certificaci\u00f3 acad\u00e8mica personal:<\/p>\n<p style=\"text-align: justify\">1.1. Ha d&#8217;estar tradu\u00efdes al castell\u00e0 (excepte documents en llengua anglesa) mitjan\u00e7ant un int\u00e8rpret jurat degudament autoritzat o inscrit a Espanya. Tamb\u00e9 pot realitzar-se en qualsevol representaci\u00f3 diplom\u00e0tica o consular de l&#8217;estat espanyol o per una representaci\u00f3 diplom\u00e0tica o consular a Espanya del pa\u00eds del que \u00e9s ciutad\u00e0 el sol\u00b7licitant o, si escau, del de proced\u00e8ncia del document.<\/p>\n<p style=\"text-align: justify\">1.2. Legalitzada mitjan\u00e7ant via diplom\u00e0tica. No s&#8217;exigeix cap tipus de legalitzaci\u00f3 per als documents expedits en estats membres de la Uni\u00f3 Europea o signataris de l&#8217;Acord sobre l&#8217;Espai Econ\u00f2mic Europeu o Su\u00efssa.<\/p>\n<p style=\"text-align: justify\">2. Guies docents de les assignatures:<\/p>\n<p style=\"text-align: justify\">2.1. Han d&#8217;estar tradu\u00efdes al castell\u00e0 o en angl\u00e8s.<\/p>\n<p>2.2. Segellades per la universitat d&#8217;origen o amb signatura electr\u00f2nica.<\/p>\n<h3>Quin cost t\u00e9 el reconeixement de cr\u00e8dit aportant assignatures cursades en estudis oficials universitaris?<\/h3>\n<p style=\"text-align: justify\">S&#8217;ha d&#8217;abonar 25% del preu del cr\u00e8dit establit en el Decret del Consell, pel qual es fixen les taxes a satisfer per la prestaci\u00f3 de serveis acad\u00e8mics universitaris per a cada curs acad\u00e8mic.<\/p>\n<h3>Puc demanar reconeixement d&#8217;una assignatura de la qual no estic matriculat\/a?<\/h3>\n<p>S\u00ed, pot sol\u00b7licitar reconeixement i en cas de ser aquest favorable l&#8217;assignatura s&#8217;incorpora al teu expedient.<\/p>\n<h3>He obtingut el reconeixement d&#8217;una assignatura i voldria ampliar la matr\u00edcula, Com i quan puc fer-ho?<\/h3>\n<p>Ampliaci\u00f3 extraordin\u00e0ria de matr\u00edcula del 8 al 15 de gener de 2024. Nom\u00e9s podran ampliar la seua matr\u00edcula d&#8217;assignatures del segon semestre, no reduir, l&#8217;estudiantat al qual se l&#8217;haja reconegut cr\u00e8dits o estiguen en disposici\u00f3 de matricular-se del Treball Fi de M\u00e0ster.&nbsp;<\/p>\n<h3>Soc becari\/als cr\u00e8dits de les assignatures reconegudes estan coberts per la beca?<\/h3>\n<p>&nbsp;<\/p>\n<div>No estan coberts perqu\u00e8 els cr\u00e8dits de les assignatures reconegudes no s\u00f3n cr\u00e8dits matriculats segons les convocat\u00f2ries dels diferents organismes i haur\u00e0s d&#8217;abonar l&#8217;import corresponent a la matr\u00edcula d&#8217;aquests.<\/div>\n<div>&nbsp;<\/div>\n<div>&nbsp;<\/div>\n<div>Per a qualsevol informaci\u00f3 pots dirigir-te al Centre de <a href=\"https:\/\/estudios.umh.es\/files\/2022\/03\/6.-Masteres-por-campus-y-centro-2022-23.pdf\" target=\"_blank\" rel=\"noopener noreferrer\">Gesti\u00f3 de Campus corresponent.PDF.145kB<img loading=\"lazy\" class=\"alignnone wp-image-31436 size-full\" src=\"https:\/\/estudios.umh.es\/files\/2021\/11\/abre-en-nueva-ventana.png\" alt=\"(abre en nueva ventana)\" width=\"15\" height=\"15\"><\/a>&nbsp; o en el correu electr\u00f2nic <span style=\"text-decoration: underline\"><strong><a href=\"mailto:master@umh.es?subject=Consulta Cat\u00e1logo\">master@umh<\/a><\/strong><\/span>.es del Servei de Gesti\u00f3 d&#8217;Estudis.<\/div>\n<p><\/p>","protected":false},"excerpt":{"rendered":"<p>Procediment per a la sol\u00b7licitud del reconeixement de cr\u00e8dits en M\u00e0ster Universitari mitjan\u00e7ant l&#8217;acreditaci\u00f3 d&#8217;estudis universitaris oficials<br \/>\nPots consultar el hist\u00f2ric de reconeixement de cr\u00e8dits per assignatures de cursos acad\u00e9mics anteriors<br \/>\nQu\u00e8 s&#8217;ent\u00e9n per reconeixement de cr\u00e8dit?<br \/>\nS&#8217;ent\u00e9n per reconeixement l&#8217;acceptaci\u00f3 per una universitat dels cr\u00e8dits que, havent sigut obtinguts en uns ensenyaments oficials, en la mateixa o [&#8230;]<\/p>\n","protected":false},"author":12,"featured_media":0,"parent":40,"menu_order":0,"comment_status":"closed","ping_status":"open","template":"","meta":{"ngg_post_thumbnail":0,"_links_to":"","_links_to_target":""},"_links":{"self":[{"href":"https:\/\/estudios.umh.es\/ca\/wp-json\/wp\/v2\/pages\/268"}],"collection":[{"href":"https:\/\/estudios.umh.es\/ca\/wp-json\/wp\/v2\/pages"}],"about":[{"href":"https:\/\/estudios.umh.es\/ca\/wp-json\/wp\/v2\/types\/page"}],"author":[{"embeddable":true,"href":"https:\/\/estudios.umh.es\/ca\/wp-json\/wp\/v2\/users\/12"}],"replies":[{"embeddable":true,"href":"https:\/\/estudios.umh.es\/ca\/wp-json\/wp\/v2\/comments?post=268"}],"version-history":[{"count":0,"href":"https:\/\/estudios.umh.es\/ca\/wp-json\/wp\/v2\/pages\/268\/revisions"}],"up":[{"embeddable":true,"href":"https:\/\/estudios.umh.es\/ca\/wp-json\/wp\/v2\/pages\/40"}],"wp:attachment":[{"href":"https:\/\/estudios.umh.es\/ca\/wp-json\/wp\/v2\/media?parent=268"}],"curies":[{"name":"wp","href":"https:\/\/api.w.org\/{rel}","templated":true}]}}