{"id":270,"date":"2014-04-15T07:35:15","date_gmt":"2014-04-15T07:35:15","guid":{"rendered":"http:\/\/estudios.zeus.umh.es\/?page_id=270"},"modified":"2026-03-18T12:07:24","modified_gmt":"2026-03-18T11:07:24","slug":"estudios-propios","status":"publish","type":"page","link":"https:\/\/estudios.umh.es\/ca\/reconocimiento-creditos\/masteres\/estudios-propios\/","title":{"rendered":"ESTUDIS PROPIS"},"content":{"rendered":"<p><\/p>\n<h3>Procediment per a la sol\u00b7licitud de reconeixement de cr\u00e8dit en Estudis de M\u00e0ster aportant t\u00edtol propi universitari<\/h3>\n<p style=\"text-align: justify\">Els cr\u00e8dits superats en qualsevol ensenyament universitari no oficial referent a l&#8217;article 34.1 de la Llei Org\u00e0nica 6\/2001, de 21 de desembre, d&#8217;Universitats, modificada per la Llei Org\u00e0nica 4\/2007, de 12 d&#8217;abril, d&#8217;una universitat espanyola podran ser reconeguts en els mateixos termes expressats en l&#8217;apartat 2.2.2 de la Normativa de Transfer\u00e8ncia i Reconeixement de Cr\u00e8dits de la UMH.<\/p>\n<p style=\"text-align: justify\">El reconeixement d&#8217;aquests cr\u00e8dits no incorporar\u00e0 qualificaci\u00f3 dels mateixos pel que no computaran a l&#8217;efecte de baremaci\u00f3 de l&#8217;expedient.<\/p>\n<h3 style=\"text-align: justify\">Quan i on puc sol\u00b7licitar el reconeixement de cr\u00e8dit aportant ensenyaments universitaris no oficials?<\/h3>\n<p>La sol\u00b7licitud la pots realitzar des de l&#8217;endem\u00e0 d&#8217;haver formalitzat la teua matr\u00edcula i fins al 31 d&#8217;octubre de 2023.<\/p>\n<p>La sol\u00b7licitud es realitza mitjan\u00e7ant inst\u00e0ncia general dirigida al <a href=\"https:\/\/estudios.umh.es\/files\/2022\/03\/6.-Masteres-por-campus-y-centro-2022-23.pdf\" target=\"_blank\" rel=\"noopener noreferrer\">Centre de Gesti\u00f3 de Campus corresponent.PDF.145kB<img loading=\"lazy\" class=\"alignnone wp-image-31436 size-full\" src=\"https:\/\/estudios.umh.es\/files\/2021\/11\/abre-en-nueva-ventana.png\" alt=\"(abre en nueva ventana)\" width=\"15\" height=\"15\"><\/a>, preferiblement, mitjan\u00e7ant <a href=\"https:\/\/sede.umh.es\/\" target=\"_blank\" rel=\"noopener noreferrer\">Seu Electr\u00f2nica<img loading=\"lazy\" class=\"alignnone wp-image-31436 size-full\" src=\"https:\/\/estudios.umh.es\/files\/2021\/11\/abre-en-nueva-ventana.png\" alt=\"(abre en nueva ventana)\" width=\"15\" height=\"15\"><\/a>.<\/p>\n<h3 style=\"text-align: justify\">Quina documentaci\u00f3 he d&#8217;aportar?<\/h3>\n<p style=\"text-align: justify\">Estudis Propis de la UMH: c\u00f2pia del t\u00edtol propi.<\/p>\n<p style=\"text-align: justify\">Estudis Propis d&#8217;altres universitats: c\u00f2pia del t\u00edtol propi i c\u00f2pia del document del contingut acad\u00e8mic de les mat\u00e8ries cursades, segellat per la universitat.<\/p>\n<h3>Qu\u00e8 he de tindre en compte?<\/h3>\n<ul>\n<li>Els ensenyaments no oficials a les quals es refereix aquest apartat han d&#8217;estar regulades segons l&#8217;article 34.1 de la Llei org\u00e0nica 6\/2001, de 21 de desembre, d&#8217;Universitats, d&#8217;una universitat espanyola.<\/li>\n<li>El reconeixement de cr\u00e8dit en concepte d&#8217;ensenyaments no oficials i experi\u00e8ncia professional conjuntament no podr\u00e0 ser superior al 15% del total de cr\u00e8dits que constitueix el pla d&#8217;estudis de m\u00e0ster. \u00c9s a dir, en m\u00e0sters de 60 cr\u00e8dits el m\u00e0xim de cr\u00e8dits que es poden recon\u00e9ixer aportant t\u00edtol ensenyaments no oficials i\/o experi\u00e8ncia laboral \u00e9s de 9 cr\u00e8dits.<\/li>\n<\/ul>\n<h3>Quin cost t\u00e9 el reconeixement de cr\u00e8dit?<\/h3>\n<p style=\"text-align: justify\">Si aportes t\u00edtol propi universitari s&#8217;ha d&#8217;abonar 25% del preu del cr\u00e8dit establit en el Decret del Consell, pel qual es fixen les taxes a satisfer per la prestaci\u00f3 de serveis acad\u00e8mics universitaris per a cada curs acad\u00e8mic.<\/p>\n<h3>He obtingut el reconeixement d&#8217;una assignatura i voldria ampliar la matr\u00edcula, Com i quan puc fer-ho?<\/h3>\n<p>Ampliaci\u00f3 extraordin\u00e0ria de matr\u00edcula del 8 al 15 de gener de 2024. Nom\u00e9s podran ampliar la seua matr\u00edcula d&#8217;assignatures del segon semestre, no reduir, l&#8217;estudiantat al qual se l&#8217;haja reconegut cr\u00e8dits o estiguen en disposici\u00f3 de matricular-se del Treball Fi de M\u00e0ster.<\/p>\n<h3>Soc becari\/a , cobreix la beca els cr\u00e8dits que se m&#8217;hagen reconegut?<\/h3>\n<p>L&#8217;estudiantat beneficiari de beca MEC, Conselleria o *UMH, han de tindre en compte que els cr\u00e8dits reconeguts o adaptats, no es consideren cr\u00e8dits cursats a l&#8217;efecte de la beca i, per tant la seua matr\u00edcula no est\u00e0 coberta per aquesta.<\/p>\n<p>Per a qualsevol informaci\u00f3 addicional pots dirigir-te al <a href=\"https:\/\/estudios.umh.es\/files\/2022\/03\/6.-Masteres-por-campus-y-centro-2022-23.pdf\" target=\"_blank\" rel=\"noopener noreferrer\">Centre de Gesti\u00f3 de Campus corresponent.PDF.145kB<img loading=\"lazy\" class=\"alignnone wp-image-31436 size-full\" src=\"https:\/\/estudios.umh.es\/files\/2021\/11\/abre-en-nueva-ventana.png\" alt=\"(abre en nueva ventana)\" width=\"15\" height=\"15\"><\/a> o en el correu electr\u00f2nic master@umh.es del Servei de Gesti\u00f3 d&#8217;Estudis.<\/p>","protected":false},"excerpt":{"rendered":"<p>Procediment per a la sol\u00b7licitud de reconeixement de cr\u00e8dit en Estudis de M\u00e0ster aportant t\u00edtol propi universitari<br \/>\nEls cr\u00e8dits superats en qualsevol ensenyament universitari no oficial referent a l&#8217;article 34.1 de la Llei Org\u00e0nica 6\/2001, de 21 de desembre, d&#8217;Universitats, modificada per la Llei Org\u00e0nica 4\/2007, de 12 d&#8217;abril, d&#8217;una universitat espanyola podran ser reconeguts en [&#8230;]<\/p>\n","protected":false},"author":12,"featured_media":0,"parent":40,"menu_order":0,"comment_status":"closed","ping_status":"open","template":"","meta":{"ngg_post_thumbnail":0,"_links_to":"","_links_to_target":""},"_links":{"self":[{"href":"https:\/\/estudios.umh.es\/ca\/wp-json\/wp\/v2\/pages\/270"}],"collection":[{"href":"https:\/\/estudios.umh.es\/ca\/wp-json\/wp\/v2\/pages"}],"about":[{"href":"https:\/\/estudios.umh.es\/ca\/wp-json\/wp\/v2\/types\/page"}],"author":[{"embeddable":true,"href":"https:\/\/estudios.umh.es\/ca\/wp-json\/wp\/v2\/users\/12"}],"replies":[{"embeddable":true,"href":"https:\/\/estudios.umh.es\/ca\/wp-json\/wp\/v2\/comments?post=270"}],"version-history":[{"count":0,"href":"https:\/\/estudios.umh.es\/ca\/wp-json\/wp\/v2\/pages\/270\/revisions"}],"up":[{"embeddable":true,"href":"https:\/\/estudios.umh.es\/ca\/wp-json\/wp\/v2\/pages\/40"}],"wp:attachment":[{"href":"https:\/\/estudios.umh.es\/ca\/wp-json\/wp\/v2\/media?parent=270"}],"curies":[{"name":"wp","href":"https:\/\/api.w.org\/{rel}","templated":true}]}}