{"id":271,"date":"2014-04-15T07:37:59","date_gmt":"2014-04-15T07:37:59","guid":{"rendered":"http:\/\/estudios.zeus.umh.es\/?page_id=271"},"modified":"2026-03-10T13:06:42","modified_gmt":"2026-03-10T12:06:42","slug":"acceso-con-estudios-universitarios-extranjeros","status":"publish","type":"page","link":"https:\/\/estudios.umh.es\/ca\/acceso\/masters\/acceso-con-estudios-universitarios-extranjeros\/","title":{"rendered":"Acc\u00e9s amb estudis universitaris estrangers"},"content":{"rendered":"<p><\/p>\n<div class=\"fila-nueva-15\">\n<div class=\"inlinewrap\">\n<div class=\"columna-nueva-500\">\n<div id=\"resultado\" class=\"resultado\" style=\"text-align: justify\">A m\u00e9s dels titulats universitaris pertanyents als estats membres de l&#8217;Espai Europeu d&#8217;Educaci\u00f3 Superior,podran accedir els titulats conforme a sistemes educatius aliens a l&#8217;Espai Europeu d&#8217;Educaci\u00f3 Superior sense necessitat de l&#8217;homologaci\u00f3 dels seus t\u00edtols, pr\u00e8via comprovaci\u00f3 per la Universitat que aquells acrediten un nivell de formaci\u00f3 equivalent als corresponents t\u00edtols universitaris oficials espanyols i que faculten en el pa\u00eds expedidor del t\u00edtol per a l&#8217;acc\u00e9s a ensenyaments de postgrau. L&#8217;acc\u00e9s per aquesta via no implicar\u00e0, en cap cas, l&#8217;homologaci\u00f3 del t\u00edtol previ que estiga en possessi\u00f3 l&#8217;interessat, ni el seu reconeixement a altres efectes que el de cursar els ensenyaments de M\u00e0ster.<\/div>\n<\/div>\n<div class=\"columna-nueva-200\"><\/div>\n<\/div>\n<\/div>\n<p><\/p>","protected":false},"excerpt":{"rendered":"<p>A m\u00e9s dels titulats universitaris pertanyents als estats membres de l&#8217;Espai Europeu d&#8217;Educaci\u00f3 Superior,podran accedir els titulats conforme a sistemes educatius aliens a l&#8217;Espai Europeu d&#8217;Educaci\u00f3 Superior sense necessitat de l&#8217;homologaci\u00f3 dels seus t\u00edtols, pr\u00e8via comprovaci\u00f3 per la Universitat que aquells acrediten un nivell de formaci\u00f3 equivalent als corresponents t\u00edtols universitaris oficials espanyols i que [&#8230;]<\/p>\n","protected":false},"author":12,"featured_media":0,"parent":157,"menu_order":3,"comment_status":"closed","ping_status":"open","template":"","meta":{"ngg_post_thumbnail":0,"_links_to":"","_links_to_target":""},"_links":{"self":[{"href":"https:\/\/estudios.umh.es\/ca\/wp-json\/wp\/v2\/pages\/271"}],"collection":[{"href":"https:\/\/estudios.umh.es\/ca\/wp-json\/wp\/v2\/pages"}],"about":[{"href":"https:\/\/estudios.umh.es\/ca\/wp-json\/wp\/v2\/types\/page"}],"author":[{"embeddable":true,"href":"https:\/\/estudios.umh.es\/ca\/wp-json\/wp\/v2\/users\/12"}],"replies":[{"embeddable":true,"href":"https:\/\/estudios.umh.es\/ca\/wp-json\/wp\/v2\/comments?post=271"}],"version-history":[{"count":0,"href":"https:\/\/estudios.umh.es\/ca\/wp-json\/wp\/v2\/pages\/271\/revisions"}],"up":[{"embeddable":true,"href":"https:\/\/estudios.umh.es\/ca\/wp-json\/wp\/v2\/pages\/157"}],"wp:attachment":[{"href":"https:\/\/estudios.umh.es\/ca\/wp-json\/wp\/v2\/media?parent=271"}],"curies":[{"name":"wp","href":"https:\/\/api.w.org\/{rel}","templated":true}]}}