{"id":2749,"date":"2016-03-21T13:01:09","date_gmt":"2016-03-21T13:01:09","guid":{"rendered":"http:\/\/estudios.umh.es\/?page_id=2749"},"modified":"2026-01-15T09:22:10","modified_gmt":"2026-01-15T08:22:10","slug":"informes-meritos-pau40","status":"publish","type":"page","link":"https:\/\/estudios.umh.es\/ca\/informes-meritos-pau40\/","title":{"rendered":"INFORMES DE QUALIFICACIONS PROFESSIONALS PAU 40"},"content":{"rendered":"<p><\/p>\n<p style=\"text-align: left\">A continuaci\u00f3 trobar\u00e0s els Informes de Qualificacions dels diferents Graus:<\/p>\n<p style=\"text-align: left\"><a href=\"https:\/\/estudios.umh.es\/files\/2021\/03\/ADMINISTRACI\u00d3N-Y-DIRECCI\u00d3N-DE-EMPRESAS-.pdf\" target=\"_blank\" rel=\"noopener noreferrer\">ADMINISTRACI\u00d3 I DIRECCI\u00d3 D&#8217;EMPRESES.PDF.1.214kB<img loading=\"lazy\" class=\"alignnone wp-image-31436 size-full\" src=\"https:\/\/estudios.umh.es\/files\/2021\/11\/abre-en-nueva-ventana.png\" alt=\"(abre en nueva ventana)\" width=\"15\" height=\"15\"><\/a><\/p>\n<p style=\"text-align: left\"><a href=\"https:\/\/estudios.umh.es\/files\/2021\/03\/BELLAS-ARTES-.pdf\" target=\"_blank\" rel=\"noopener noreferrer\">BELLES ARTS.PDF.1.326kB<img loading=\"lazy\" class=\"alignnone wp-image-31436 size-full\" src=\"https:\/\/estudios.umh.es\/files\/2021\/11\/abre-en-nueva-ventana.png\" alt=\"(abre en nueva ventana)\" width=\"15\" height=\"15\"><\/a><\/p>\n<p style=\"text-align: left\"><a href=\"https:\/\/estudios.umh.es\/files\/2019\/01\/BIOTECNOLOG\u00cdA.pdf\" target=\"_blank\" rel=\"noopener noreferrer\">BIOTECNOLOGIA.PDF1.045kB<img loading=\"lazy\" class=\"alignnone wp-image-31436 size-full\" src=\"https:\/\/estudios.umh.es\/files\/2021\/11\/abre-en-nueva-ventana.png\" alt=\"(abre en nueva ventana)\" width=\"15\" height=\"15\"><\/a><\/p>\n<p style=\"text-align: left\"><a href=\"https:\/\/estudios.umh.es\/files\/2019\/01\/TECNOLOG\u00cdA-DE-ALIMENTOS-Y-NUTRICI\u00d3N.pdf\" target=\"_blank\" rel=\"noopener noreferrer\">CI\u00c8NCIA I TECNOLOGIA D&#8217;ALIMENTS.PDF.1.298kB<img loading=\"lazy\" class=\"alignnone wp-image-31436 \" src=\"https:\/\/estudios.umh.es\/files\/2021\/11\/abre-en-nueva-ventana.png\" alt=\"(abre en nueva ventana)\" width=\"15\" height=\"15\"><\/a><\/p>\n<p style=\"text-align: left\"><a href=\"https:\/\/estudios.umh.es\/files\/2019\/01\/CIENCIAS-AMBIENTALES.pdf\" target=\"_blank\" rel=\"noopener noreferrer\">CI\u00c8NCIES AMBIENTALS.PDF.1.051kb<img loading=\"lazy\" class=\"alignnone wp-image-31436 size-full\" src=\"https:\/\/estudios.umh.es\/files\/2021\/11\/abre-en-nueva-ventana.png\" alt=\"(abre en nueva ventana)\" width=\"15\" height=\"15\"><\/a><\/p>\n<p><a href=\"https:\/\/estudios.umh.es\/files\/2024\/01\/CIENCIA-DE-DATOS-E-INTELIGENCIA-ARTIFICIAL.pdf\" target=\"_blank\" rel=\"noopener\">CI\u00c8NCIA DE DADES I INTEL\u00b7LIG\u00c8NCIA ARTIFICIAL.PDF.3710Kb<\/a><a href=\"https:\/\/estudios.umh.es\/files\/2019\/01\/CIENCIAS-AMBIENTALES.pdf\" target=\"_blank\" rel=\"noopener noreferrer\"><img loading=\"lazy\" class=\"alignnone wp-image-31436 size-full\" src=\"https:\/\/estudios.umh.es\/files\/2021\/11\/abre-en-nueva-ventana.png\" alt=\"(abre en nueva ventana)\" width=\"15\" height=\"15\"><\/a><\/p>\n<p style=\"text-align: left\"><a href=\"https:\/\/estudios.umh.es\/files\/2019\/01\/CIENCIAS-DE-LA-ACTIVIDAD-F\u00cdSICA-Y-DEL-DEPORTE.pdf\" target=\"_blank\" rel=\"noopener noreferrer\">CI\u00c8NCIES DE LA ACTIVITAT F\u00cdSICA I DE L&#8217;ESPORT.PDF.669kb<img loading=\"lazy\" class=\"alignnone wp-image-31436 size-full\" src=\"https:\/\/estudios.umh.es\/files\/2021\/11\/abre-en-nueva-ventana.png\" alt=\"(abre en nueva ventana)\" width=\"15\" height=\"15\"><\/a><\/p>\n<p style=\"text-align: left\"><a href=\"https:\/\/estudios.umh.es\/files\/2021\/03\/CIENCIAS-POL\u00cdTICAS-Y-GESTI\u00d3N-P\u00daBLICA-.pdf\" target=\"_blank\" rel=\"noopener noreferrer\">CI\u00c8NCIES POL\u00cdTIQUES I GESTI\u00d3 P\u00daBLICA.PDF.1.068Kb<img loading=\"lazy\" class=\"alignnone wp-image-31436 size-full\" src=\"https:\/\/estudios.umh.es\/files\/2021\/11\/abre-en-nueva-ventana.png\" alt=\"(abre en nueva ventana)\" width=\"15\" height=\"15\"><\/a><\/p>\n<p style=\"text-align: left\"><a href=\"https:\/\/estudios.umh.es\/files\/2021\/03\/COMUNICACION-AUDIOVISUAL-.pdf\" target=\"_blank\" rel=\"noopener noreferrer\">COMUNICACI\u00d3 AUDIOVISUAL.PDF.956kB<img loading=\"lazy\" class=\"alignnone wp-image-31436 size-full\" src=\"https:\/\/estudios.umh.es\/files\/2021\/11\/abre-en-nueva-ventana.png\" alt=\"(abre en nueva ventana)\" width=\"15\" height=\"15\"><\/a><\/p>\n<p style=\"text-align: left\"><a href=\"https:\/\/estudios.umh.es\/files\/2019\/01\/COMUNICACION-Y-RELACIONES-PUBLICAS.pdf\" target=\"_blank\" rel=\"noopener noreferrer\">COMUNICACI\u00d3 I RELACIONS P\u00daBLIQUES-ESIC.PDF.583kB<img loading=\"lazy\" class=\"alignnone wp-image-31436 size-full\" src=\"https:\/\/estudios.umh.es\/files\/2021\/11\/abre-en-nueva-ventana.png\" alt=\"(abre en nueva ventana)\" width=\"15\" height=\"15\"><\/a><\/p>\n<p><a href=\"https:\/\/estudios.umh.es\/files\/2024\/12\/DOBLE-GRADO-CIENCIAS-POLITICAS-GP-Y-ADE.pdf\" target=\"_blank\" rel=\"noopener\">DOBLE GRAU EN CI\u00c8NCIES POL\u00cdTIQUES I GESTI\u00d3 P\u00daBLICA I ADE.PDF.1860kB<\/a><a href=\"https:\/\/estudios.umh.es\/files\/2019\/01\/COMUNICACION-Y-RELACIONES-PUBLICAS.pdf\" target=\"_blank\" rel=\"noopener noreferrer\"><img loading=\"lazy\" class=\"alignnone wp-image-31436 size-full\" src=\"https:\/\/estudios.umh.es\/files\/2021\/11\/abre-en-nueva-ventana.png\" alt=\"(abre en nueva ventana)\" width=\"15\" height=\"15\"><\/a><\/p>\n<p><a href=\"https:\/\/estudios.umh.es\/files\/2024\/12\/DOBLE-GRADO-CIENCIAS-POLITICAS-GP-Y-DERECHO.pdf\" target=\"_blank\" rel=\"noopener\">DOBLE GRAU EN CI\u00c8NCIES POL\u00cdTIQUES I GESTI\u00d3 PUBLICA DRET.PDF.1078kB<\/a><a href=\"https:\/\/estudios.umh.es\/files\/2019\/01\/COMUNICACION-Y-RELACIONES-PUBLICAS.pdf\" target=\"_blank\" rel=\"noopener noreferrer\"><img loading=\"lazy\" class=\"alignnone wp-image-31436 size-full\" src=\"https:\/\/estudios.umh.es\/files\/2021\/11\/abre-en-nueva-ventana.png\" alt=\"(abre en nueva ventana)\" width=\"15\" height=\"15\"><\/a><\/p>\n<p style=\"text-align: left\"><a href=\"https:\/\/estudios.umh.es\/files\/2019\/01\/DADE.pdf\" target=\"_blank\" rel=\"noopener noreferrer\">DOBLE GRAU EN DRET I ADE (DADE).PDF.584kB<img loading=\"lazy\" class=\"alignnone wp-image-31436 size-full\" src=\"https:\/\/estudios.umh.es\/files\/2021\/11\/abre-en-nueva-ventana.png\" alt=\"(abre en nueva ventana)\" width=\"15\" height=\"15\"><\/a><\/p>\n<p style=\"text-align: left\"><a href=\"https:\/\/estudios.umh.es\/files\/2019\/01\/DOBLE-GRADO-EN-COMUNICACION-AUDIOVISUAL-Y-PERIODISMO-1.pdf\" target=\"_blank\" rel=\"noopener noreferrer\">DOBLE GRAU EN COMUNICACI\u00d3 AUDIOVISUAL I PERIODISME.PDF679kB<img loading=\"lazy\" class=\"alignnone wp-image-31436 size-full\" src=\"https:\/\/estudios.umh.es\/files\/2021\/11\/abre-en-nueva-ventana.png\" alt=\"(abre en nueva ventana)\" width=\"15\" height=\"15\"><\/a><\/p>\n<p><a href=\"https:\/\/estudios.umh.es\/files\/2026\/01\/DOBLE-ING-AGROALIM-Y-AGROAMBIENTAL-y-TEC-ALIMENTOS.pdf\">DOBLE GRAU EN ENGINYERIA AGROALIMENTARIA I AGROAMBIENTAL I CIENCIA I TECNOLOGIA DELS ALIMENTS.PDF.1.906Kb<\/a><img loading=\"lazy\" class=\"alignnone wp-image-31436 size-full\" src=\"https:\/\/estudios.umh.es\/files\/2021\/11\/abre-en-nueva-ventana.png\" alt=\"(abre en nueva ventana)\" width=\"15\" height=\"15\"><\/p>\n<p><a href=\"https:\/\/estudios.umh.es\/files\/2026\/01\/DOBLE-GRADO-GESTION-COMERCIAL-Y-MARKTING-Y-ADE-.pdf\">DOBLE GRAU EN GESTI\u00d3 COMERCIAL I MARKETING I ADE.PDF.1.382Kb<\/a><img loading=\"lazy\" class=\"alignnone wp-image-31436 size-full\" src=\"https:\/\/estudios.umh.es\/files\/2021\/11\/abre-en-nueva-ventana.png\" alt=\"(abre en nueva ventana)\" width=\"15\" height=\"15\"><\/p>\n<p><a href=\"https:\/\/estudios.umh.es\/files\/2026\/01\/DOBLE-GESTION-COMERCIAL-Y-MARKETING-Y-NEGOCIOS-ESIC.pdf\">DOBLE GRAU EN GESTI\u00d3 COMERCIAL I MARKETING I NEGOCIS INTERNACIONALS.PDF.984Kb<\/a><img loading=\"lazy\" class=\"alignnone wp-image-31436 size-full\" src=\"https:\/\/estudios.umh.es\/files\/2021\/11\/abre-en-nueva-ventana.png\" alt=\"(abre en nueva ventana)\" width=\"15\" height=\"15\"><\/p>\n<p style=\"text-align: left\"><a href=\"https:\/\/estudios.umh.es\/files\/2021\/03\/DERECHO-.pdf\" target=\"_blank\" rel=\"noopener noreferrer\">DRET.PDF.975kB<img loading=\"lazy\" class=\"alignnone wp-image-31436 size-full\" src=\"https:\/\/estudios.umh.es\/files\/2021\/11\/abre-en-nueva-ventana.png\" alt=\"(abre en nueva ventana)\" width=\"15\" height=\"15\"><\/a><\/p>\n<p style=\"text-align: left\"><a href=\"https:\/\/estudios.umh.es\/files\/2020\/02\/DIRECCION-DE-EMPRESAS-EN-EL-AMBITO-DIGITAL_DIGITAL-BUSINESS_ESIC.pdf\" target=\"_blank\" rel=\"noopener\">DIRECCI\u00d3 D&#8217;EMPRESES EN EL \u00c0MBIT DIGITAL\/DIGITAL BUSINESS-ESIC.PDF.1.429kB<img loading=\"lazy\" class=\"alignnone wp-image-31436 size-full\" src=\"https:\/\/estudios.umh.es\/files\/2021\/11\/abre-en-nueva-ventana.png\" alt=\"(abre en nueva ventana)\" width=\"15\" height=\"15\"><\/a><\/p>\n<p><a href=\"https:\/\/estudios.umh.es\/files\/2019\/01\/INGENIER\u00cdA-AGROALIMENTARIA-Y-AGROAMBIENTAL.pdf\" target=\"_blank\" rel=\"noopener noreferrer\">ENGINYERIA AGROALIMENT\u00c0RIA I AGROAMBIENTAL.PDF.1.143kB<img loading=\"lazy\" class=\"alignnone wp-image-31436 size-full\" src=\"https:\/\/estudios.umh.es\/files\/2021\/11\/abre-en-nueva-ventana.png\" alt=\"(abre en nueva ventana)\" width=\"15\" height=\"15\"><\/a><\/p>\n<p style=\"text-align: left\"><a href=\"https:\/\/estudios.umh.es\/files\/2019\/01\/INGENIER\u00cdA-DE-SISTEMAS-DE-TELECOMUNICACIONES.pdf\" target=\"_blank\" rel=\"noopener noreferrer\">ENGINYERIA DE &nbsp;TECNOLOGIES DE TELECOMUNICACI\u00d3.PDF.1.121kB<img loading=\"lazy\" class=\"alignnone wp-image-31436 size-full\" src=\"https:\/\/estudios.umh.es\/files\/2021\/11\/abre-en-nueva-ventana.png\" alt=\"(abre en nueva ventana)\" width=\"15\" height=\"15\"><\/a><\/p>\n<p><a href=\"https:\/\/estudios.umh.es\/files\/2019\/01\/INGENIER\u00cdA-EL\u00c9CTRICA.pdf\" target=\"_blank\" rel=\"noopener noreferrer\">ENGINYERIA EL\u00c8CTRICA.PDF.1.128kB<img loading=\"lazy\" class=\"alignnone wp-image-31436 size-full\" src=\"https:\/\/estudios.umh.es\/files\/2021\/11\/abre-en-nueva-ventana.png\" alt=\"(abre en nueva ventana)\" width=\"15\" height=\"15\"><\/a><\/p>\n<p style=\"text-align: left\"><a href=\"https:\/\/estudios.umh.es\/files\/2019\/01\/INGENIER\u00cdA-ELECTR\u00d3NICA-Y-AUTOM\u00c1TICA-INDUSTRIAL.pdf\" target=\"_blank\" rel=\"noopener noreferrer\">ENGINYERIA ELECTR\u00d2NICA I AUTOM\u00c0TICA INDUSTRIAL.PDF.3,6MB<img loading=\"lazy\" class=\"alignnone wp-image-31436 size-full\" src=\"https:\/\/estudios.umh.es\/files\/2021\/11\/abre-en-nueva-ventana.png\" alt=\"(abre en nueva ventana)\" width=\"15\" height=\"15\"><\/a><\/p>\n<p style=\"text-align: left\"><a href=\"https:\/\/estudios.umh.es\/files\/2019\/01\/INGENIER\u00cdA-EN-INFORM\u00c1TICA-DE-GESTI\u00d3N.pdf\" target=\"_blank\" rel=\"noopener noreferrer\">ENGINYERIA EN INFORM\u00c0TICA EN TECNOLOGIES DE LA INFORMACI\u00d3 .PDF.3,7MB<img loading=\"lazy\" class=\"alignnone wp-image-31436 size-full\" src=\"https:\/\/estudios.umh.es\/files\/2021\/11\/abre-en-nueva-ventana.png\" alt=\"(abre en nueva ventana)\" width=\"15\" height=\"15\"><\/a><\/p>\n<p><a href=\"https:\/\/estudios.umh.es\/files\/2026\/01\/INGENIERIA-EN-TECNOLOGIAS-INDUSTRIALES.pdf\">ENGINYERIA EN TECNOLOGIES INDUSTRIALS.PDF.3.685Kb<\/a><img loading=\"lazy\" class=\"alignnone wp-image-31436 size-full\" src=\"https:\/\/estudios.umh.es\/files\/2021\/11\/abre-en-nueva-ventana.png\" alt=\"(abre en nueva ventana)\" width=\"15\" height=\"15\"><\/p>\n<p style=\"text-align: left\"><a href=\"https:\/\/estudios.umh.es\/files\/2019\/01\/INGENIER\u00cdA-MEC\u00c1NICA.pdf\" target=\"_blank\" rel=\"noopener noreferrer\">ENGINYERIA MEC\u00c0NICA.PDF.2,5MB<img loading=\"lazy\" class=\"alignnone wp-image-31436 size-full\" src=\"https:\/\/estudios.umh.es\/files\/2021\/11\/abre-en-nueva-ventana.png\" alt=\"(abre en nueva ventana)\" width=\"15\" height=\"15\"><\/a><\/p>\n<p style=\"text-align: left\"><a href=\"https:\/\/estudios.umh.es\/files\/2021\/03\/DERECHO-.pdf\" target=\"_blank\" rel=\"noopener noreferrer\">ESTAD\u00cdSTICA EMPRESARIAL.PDF.875kB<img loading=\"lazy\" class=\"alignnone wp-image-31436 size-full\" src=\"https:\/\/estudios.umh.es\/files\/2021\/11\/abre-en-nueva-ventana.png\" alt=\"(abre en nueva ventana)\" width=\"15\" height=\"15\"><\/a><\/p>\n<p style=\"text-align: left\"><a href=\"https:\/\/estudios.umh.es\/files\/2019\/01\/FARMACIA.pdf\" target=\"_blank\" rel=\"noopener noreferrer\">FARM\u00c0CIA.PDF.605kB<img loading=\"lazy\" class=\"alignnone wp-image-31436 size-full\" src=\"https:\/\/estudios.umh.es\/files\/2021\/11\/abre-en-nueva-ventana.png\" alt=\"(abre en nueva ventana)\" width=\"15\" height=\"15\"><\/a><\/p>\n<p style=\"text-align: left\"><a href=\"https:\/\/estudios.umh.es\/files\/2019\/01\/FISIOTERAPIA.pdf\" target=\"_blank\" rel=\"noopener noreferrer\">FISIOTER\u00c0PIA.PDF.671kB<img loading=\"lazy\" class=\"alignnone wp-image-31436 size-full\" src=\"https:\/\/estudios.umh.es\/files\/2021\/11\/abre-en-nueva-ventana.png\" alt=\"(abre en nueva ventana)\" width=\"15\" height=\"15\"><\/a><\/p>\n<p style=\"text-align: left\"><a href=\"https:\/\/estudios.umh.es\/files\/2026\/01\/GESTION-COMERCIAL-Y-MARKETING.pdf\" target=\"_blank\" rel=\"noopener noreferrer\">GESTI\u00d3 COMERCIAL I MARKETING.PDF.1.505kB<img loading=\"lazy\" class=\"alignnone wp-image-31436 size-full\" src=\"https:\/\/estudios.umh.es\/files\/2021\/11\/abre-en-nueva-ventana.png\" alt=\"(abre en nueva ventana)\" width=\"15\" height=\"15\"><\/a><\/p>\n<p><a href=\"https:\/\/estudios.umh.es\/files\/2026\/01\/ENFERMERIA.pdf\">INFERMERIA.PDF.837Kb<\/a><img loading=\"lazy\" class=\"alignnone wp-image-31436 size-full\" src=\"https:\/\/estudios.umh.es\/files\/2021\/11\/abre-en-nueva-ventana.png\" alt=\"(abre en nueva ventana)\" width=\"15\" height=\"15\"><\/p>\n<p style=\"text-align: left\"><a href=\"https:\/\/estudios.umh.es\/files\/2019\/01\/MEDICINA.pdf\" target=\"_blank\" rel=\"noopener noreferrer\">MEDICINA.PDF.722kB<img loading=\"lazy\" class=\"alignnone wp-image-31436 size-full\" src=\"https:\/\/estudios.umh.es\/files\/2021\/11\/abre-en-nueva-ventana.png\" alt=\"(abre en nueva ventana)\" width=\"15\" height=\"15\"><\/a><\/p>\n<p style=\"text-align: left\"><a href=\"https:\/\/estudios.umh.es\/files\/2019\/01\/NEGOCIOS-INTERNACIONALES-ESIC.pdf\" target=\"_blank\" rel=\"noopener noreferrer\">NEGOCIS INTERNACIONALS- ESIC.PDF.748kB<img loading=\"lazy\" class=\"alignnone wp-image-31436 size-full\" src=\"https:\/\/estudios.umh.es\/files\/2021\/11\/abre-en-nueva-ventana.png\" alt=\"(abre en nueva ventana)\" width=\"15\" height=\"15\"><\/a><\/p>\n<p style=\"text-align: left\"><a href=\"https:\/\/estudios.umh.es\/files\/2019\/01\/ORGANIZACION-DE-EVENTOS_-PROTOCOLO.pdf\" target=\"_blank\" rel=\"noopener noreferrer\">ORGANITZACI\u00d3 D&#8217;ESDEVENIMENTS_ PROTOCOL.PDF.744kB<img loading=\"lazy\" class=\"alignnone wp-image-31436 size-full\" src=\"https:\/\/estudios.umh.es\/files\/2021\/11\/abre-en-nueva-ventana.png\" alt=\"(abre en nueva ventana)\" width=\"15\" height=\"15\"><\/a><\/p>\n<p style=\"text-align: left\"><a href=\"https:\/\/estudios.umh.es\/files\/2021\/03\/PERIODISMO-.pdf\" target=\"_blank\" rel=\"noopener noreferrer\">PERIODISME.PDF.1.051kB<img loading=\"lazy\" class=\"alignnone wp-image-31436 size-full\" src=\"https:\/\/estudios.umh.es\/files\/2021\/11\/abre-en-nueva-ventana.png\" alt=\"(abre en nueva ventana)\" width=\"15\" height=\"15\"><\/a><\/p>\n<p style=\"text-align: left\"><a href=\"https:\/\/estudios.umh.es\/files\/2019\/01\/PODOLOG\u00cdA.pdf\" target=\"_blank\" rel=\"noopener noreferrer\">PODOLOGIA.PDF.766kB<img loading=\"lazy\" class=\"alignnone wp-image-31436 size-full\" src=\"https:\/\/estudios.umh.es\/files\/2021\/11\/abre-en-nueva-ventana.png\" alt=\"(abre en nueva ventana)\" width=\"15\" height=\"15\"><\/a><\/p>\n<p style=\"text-align: left\"><a href=\"https:\/\/estudios.umh.es\/files\/2019\/01\/PSICOLOG\u00cdA.pdf\" target=\"_blank\" rel=\"noopener noreferrer\">PSICOLOGIA.PDF.698kB<img loading=\"lazy\" class=\"alignnone wp-image-31436 size-full\" src=\"https:\/\/estudios.umh.es\/files\/2021\/11\/abre-en-nueva-ventana.png\" alt=\"(abre en nueva ventana)\" width=\"15\" height=\"15\"><\/a><\/p>\n<p style=\"text-align: left\"><a href=\"https:\/\/estudios.umh.es\/files\/2021\/03\/RELACIONES-LABORALES-Y-RECURSOS-HUMANOS-.pdf\" target=\"_blank\" rel=\"noopener noreferrer\">RELACIONS LABORALS I RECURSOS HUMANS.PDF.909kB<img loading=\"lazy\" class=\"alignnone wp-image-31436 size-full\" src=\"https:\/\/estudios.umh.es\/files\/2021\/11\/abre-en-nueva-ventana.png\" alt=\"(abre en nueva ventana)\" width=\"15\" height=\"15\"><\/a><\/p>\n<p style=\"text-align: left\"><a href=\"https:\/\/estudios.umh.es\/files\/2021\/03\/SEGURIDAD-PUBLICA-Y-PRIVADA-.pdf\" target=\"_blank\" rel=\"noopener noreferrer\">SEGURETAT P\u00daBLICA I PRIVADA.PDF.908kB<img loading=\"lazy\" class=\"alignnone wp-image-31436 size-full\" src=\"https:\/\/estudios.umh.es\/files\/2021\/11\/abre-en-nueva-ventana.png\" alt=\"(abre en nueva ventana)\" width=\"15\" height=\"15\"><\/a><\/p>\n<p style=\"text-align: left\"><a href=\"https:\/\/estudios.umh.es\/files\/2019\/01\/TERAPIA-OCUPACIONAL.pdf\" target=\"_blank\" rel=\"noopener noreferrer\">TER\u00c0PIA OCUPACIONAL.PDF.817kB<img loading=\"lazy\" class=\"alignnone wp-image-31436 size-full\" src=\"https:\/\/estudios.umh.es\/files\/2021\/11\/abre-en-nueva-ventana.png\" alt=\"(abre en nueva ventana)\" width=\"15\" height=\"15\"><\/a><\/p>\n<p><\/p>","protected":false},"excerpt":{"rendered":"<p>A continuaci\u00f3 trobar\u00e0s els Informes de Qualificacions dels diferents Graus:<br \/>\nADMINISTRACI\u00d3 I DIRECCI\u00d3 D&#8217;EMPRESES.PDF.1.214kB<br \/>\nBELLES ARTS.PDF.1.326kB<br \/>\nBIOTECNOLOGIA.PDF1.045kB<br \/>\nCI\u00c8NCIA I TECNOLOGIA D&#8217;ALIMENTS.PDF.1.298kB<br \/>\nCI\u00c8NCIES AMBIENTALS.PDF.1.051kb<br \/>\nCI\u00c8NCIA DE DADES I INTEL\u00b7LIG\u00c8NCIA ARTIFICIAL.PDF.3710Kb<br \/>\nCI\u00c8NCIES DE LA ACTIVITAT F\u00cdSICA I DE L&#8217;ESPORT.PDF.669kb<br \/>\nCI\u00c8NCIES POL\u00cdTIQUES I GESTI\u00d3 P\u00daBLICA.PDF.1.068Kb<br \/>\nCOMUNICACI\u00d3 AUDIOVISUAL.PDF.956kB<br \/>\nCOMUNICACI\u00d3 I RELACIONS P\u00daBLIQUES-ESIC.PDF.583kB<br \/>\nDOBLE GRAU EN CI\u00c8NCIES POL\u00cdTIQUES I GESTI\u00d3 P\u00daBLICA I ADE.PDF.1860kB<br \/>\nDOBLE GRAU EN CI\u00c8NCIES POL\u00cdTIQUES I GESTI\u00d3 PUBLICA DRET.PDF.1078kB<br \/>\nDOBLE [&#8230;]<\/p>\n","protected":false},"author":53,"featured_media":0,"parent":0,"menu_order":0,"comment_status":"closed","ping_status":"open","template":"","meta":{"ngg_post_thumbnail":0,"_links_to":"","_links_to_target":""},"_links":{"self":[{"href":"https:\/\/estudios.umh.es\/ca\/wp-json\/wp\/v2\/pages\/2749"}],"collection":[{"href":"https:\/\/estudios.umh.es\/ca\/wp-json\/wp\/v2\/pages"}],"about":[{"href":"https:\/\/estudios.umh.es\/ca\/wp-json\/wp\/v2\/types\/page"}],"author":[{"embeddable":true,"href":"https:\/\/estudios.umh.es\/ca\/wp-json\/wp\/v2\/users\/53"}],"replies":[{"embeddable":true,"href":"https:\/\/estudios.umh.es\/ca\/wp-json\/wp\/v2\/comments?post=2749"}],"version-history":[{"count":0,"href":"https:\/\/estudios.umh.es\/ca\/wp-json\/wp\/v2\/pages\/2749\/revisions"}],"wp:attachment":[{"href":"https:\/\/estudios.umh.es\/ca\/wp-json\/wp\/v2\/media?parent=2749"}],"curies":[{"name":"wp","href":"https:\/\/api.w.org\/{rel}","templated":true}]}}