{"id":28,"date":"2014-02-27T11:16:26","date_gmt":"2014-02-27T11:16:26","guid":{"rendered":"http:\/\/estudios.zeus.umh.es\/?page_id=28"},"modified":"2026-03-10T11:58:51","modified_gmt":"2026-03-10T10:58:51","slug":"directorio","status":"publish","type":"page","link":"https:\/\/estudios.umh.es\/ca\/presentacion\/directorio\/","title":{"rendered":"DIRECTORI"},"content":{"rendered":"<p><\/p>\n<h3>Prefectura del Servei<\/h3>\n<p>M\u00aa Carmen L\u00f3pez Ruiz&nbsp; &nbsp;<\/p>\n<h3>Acc\u00e9s<\/h3>\n<p>Correus electr\u00f2nics: <a href=\"mailto:acceso@umh.es\">acceso@umh.es<\/a>&nbsp; <a href=\"mailto:admisionparciales@umh.es\">admisionparciales@umh.es<\/a><\/p>\n<p>Personal i tel\u00e8fons:<\/p>\n<ul>\n<li>Joaqu\u00edn Miralles Mir: 96 665 8771<\/li>\n<li>Ana Albaladejo Bru: 96 665 8455<\/li>\n<li>Magdalena Asensi I\u00f1esta: 96 665 8341<\/li>\n<li>Elia Fuentes Carratal\u00e1: 96 665 8775<\/li>\n<li>Natividad Pomares Quesada: 96&nbsp;522 2517<\/li>\n<li>Mar\u00eda Garc\u00eda G\u00f3mez: 96 665 8651<\/li>\n<\/ul>\n<h3>Estudis Oficials de Grau i Estudis Propis<\/h3>\n<p>Correus electr\u00f2nics: <a href=\"mailto:formacion@umh.es\">formacion@umh.es<\/a>&nbsp; <a href=\"mailto:grado@umh.es\">grado@umh.es<\/a><\/p>\n<p>Personal i tel\u00e8fons:<\/p>\n<ul>\n<li>Juan Andr\u00e9s Gallego Cano: 96 665 8508<\/li>\n<li>Yolanda G\u00f3mez Rueda: 96 665 8838<\/li>\n<li>Alma Jorge Zarzoso: 96 665 8375<\/li>\n<li>Milagros Torrente Garc\u00eda: 96 665 8943<\/li>\n<li>Nuria Mart\u00edn Sepulcre: 96 522 2044<\/li>\n<li>Alicia Sagasta Agull\u00f3: 96 665 8678<\/li>\n<li>Ana Isabel Amor\u00f3s Serrano: 96 665 8874<\/li>\n<\/ul>\n<h3>M\u00e0ster<\/h3>\n<p>Correus electr\u00f2nics: <a href=\"mailto:master@umh.es\">master@umh.es<\/a>&nbsp;<\/p>\n<p>Personal i tel\u00e8fons:<\/p>\n<ul>\n<li>Paloma Garc\u00eda S\u00e1nchez: 96 665 8456<\/li>\n<li>Remedios Naharro Marcos: 96 522 2184<\/li>\n<li>Yolanda Alonso Mart\u00ednez: 96 522 2692<\/li>\n<li>Mar\u00eda Zaira G\u00f3mez Fructuoso: 96 665 8840<\/li>\n<li>Antonio Guerrero Sotoca: 96 665 8598<\/li>\n<\/ul>\n<h3>Beques i Expedici\u00f3 de T\u00edtols Oficials<\/h3>\n<p>Correus electr\u00f2nics: <a href=\"mailto:becas@umh.es\">becas@umh.es<\/a> <a href=\"mailto:titulos@umh.es\">titulos@umh.es<\/a><\/p>\n<p>Personal i tel\u00e8fons:<\/p>\n<ul>\n<li>Jos\u00e9 Manuel Mateo Corredor: 96 665 8638<\/li>\n<\/ul>\n<p><strong>T\u00edtols Oficials<\/strong><\/p>\n<ul>\n<li>M\u00aa \u00c1ngeles Cartagena Morote: 96 665 8642<\/li>\n<li>M\u00aa Luisa S\u00e1nchez V\u00e1zquez: 96 665 8787<\/li>\n<\/ul>\n<p><strong>Beques<\/strong><\/p>\n<ul>\n<li>Yolanda Ibarra Ferr\u00e1ndez: 96 665 8457<\/li>\n<li>Noelia Arjona Chiclana: 96 665 8557<\/li>\n<li>Juan Pablo P\u00e9rez Sempere: 96 522 2149<\/li>\n<li>M\u00aa Carmen Garc\u00eda Juan: 96 522 2267<\/li>\n<\/ul>\n<p><\/p>","protected":false},"excerpt":{"rendered":"<p>Prefectura del Servei<br \/>\nM\u00aa Carmen L\u00f3pez Ruiz&nbsp; &nbsp;<br \/>\nAcc\u00e9s<br \/>\nCorreus electr\u00f2nics: acceso@umh.es&nbsp; admisionparciales@umh.es<br \/>\nPersonal i tel\u00e8fons:<\/p>\n<p>Joaqu\u00edn Miralles Mir: 96 665 8771<br \/>\nAna Albaladejo Bru: 96 665 8455<br \/>\nMagdalena Asensi I\u00f1esta: 96 665 8341<br \/>\nElia Fuentes Carratal\u00e1: 96 665 8775<br \/>\nNatividad Pomares Quesada: 96&nbsp;522 2517<br \/>\nMar\u00eda Garc\u00eda G\u00f3mez: 96 665 8651<\/p>\n<p>Estudis Oficials de Grau i Estudis Propis<br \/>\nCorreus electr\u00f2nics: formacion@umh.es&nbsp; grado@umh.es<br \/>\nPersonal i tel\u00e8fons:<\/p>\n<p>Juan Andr\u00e9s Gallego Cano: [&#8230;]<\/p>\n","protected":false},"author":9,"featured_media":0,"parent":166,"menu_order":10,"comment_status":"closed","ping_status":"open","template":"","meta":{"ngg_post_thumbnail":0,"_links_to":"","_links_to_target":""},"_links":{"self":[{"href":"https:\/\/estudios.umh.es\/ca\/wp-json\/wp\/v2\/pages\/28"}],"collection":[{"href":"https:\/\/estudios.umh.es\/ca\/wp-json\/wp\/v2\/pages"}],"about":[{"href":"https:\/\/estudios.umh.es\/ca\/wp-json\/wp\/v2\/types\/page"}],"author":[{"embeddable":true,"href":"https:\/\/estudios.umh.es\/ca\/wp-json\/wp\/v2\/users\/9"}],"replies":[{"embeddable":true,"href":"https:\/\/estudios.umh.es\/ca\/wp-json\/wp\/v2\/comments?post=28"}],"version-history":[{"count":0,"href":"https:\/\/estudios.umh.es\/ca\/wp-json\/wp\/v2\/pages\/28\/revisions"}],"up":[{"embeddable":true,"href":"https:\/\/estudios.umh.es\/ca\/wp-json\/wp\/v2\/pages\/166"}],"wp:attachment":[{"href":"https:\/\/estudios.umh.es\/ca\/wp-json\/wp\/v2\/media?parent=28"}],"curies":[{"name":"wp","href":"https:\/\/api.w.org\/{rel}","templated":true}]}}