{"id":2800,"date":"2016-04-07T07:02:13","date_gmt":"2016-04-07T07:02:13","guid":{"rendered":"http:\/\/estudios.umh.es\/?page_id=2800"},"modified":"2026-03-31T14:37:01","modified_gmt":"2026-03-31T12:37:01","slug":"orienta-25-y-45","status":"publish","type":"page","link":"https:\/\/estudios.umh.es\/ca\/orienta-25-y-45\/","title":{"rendered":"Jornades Orienta per a Proves d&#8217;Acc\u00e9s a la Universitat per a majors de 25 i 45 anys"},"content":{"rendered":"<p>La Universitat Miguel Hern\u00e1ndez ha organitzat les jornades ORIENTA dirigides a l&#8217;alumnat que realitzar\u00e0 les Proves d&#8217;Acc\u00e9s a la Universitat per a majors de 25 i 45 anys (PAM) els dies 17 i 18 d&#8217;abril de 2026.<\/p>\n<p>Estes jornades pretenen orientar a l&#8217;alumnat que es presentar\u00e0 a les Proves d&#8217;Acc\u00e9s a la Universitat per a majors de 25 i 45 anys (PAM) sobre els continguts i estructura dels ex\u00e0mens de les diferents assignatures de les proves, aix\u00ed com els criteris de correcci\u00f3 que seran aplicats. Les xarrades, de 50 minuts de duraci\u00f3, seran impartides pel professorat que ha participat en la doc\u00e8ncia del Curs de Preparaci\u00f3 de les PAM en la UMH durant este curs acad\u00e8mic. La seua \u00e0mplia experi\u00e8ncia en la preparaci\u00f3 per a estes proves pot ser de gran ajuda per a definir la millor estrat\u00e8gia a seguir en enfrontar-se als ex\u00e0mens&nbsp; corresponents que tindran lloc els dies 25 d&#8217;abril i 9 de maig de 2026.<\/p>\n<p>L&#8217;horari de les sessions es distribueix de la seg\u00fcent forma:<\/p>\n<ul>\n<li>Dia 17 d&#8217;abril de 2026.\n<ul>\n<li>Aula 0.5 Edifici Altabix. Horari per assignatura:\n<ul>\n<li>16 h&nbsp; -17 h: Angl\u00e9s.<\/li>\n<li>17 h &#8211; 18 h: Comentari de Text.<\/li>\n<li>18 h &#8211; 19 h: Castell\u00e0.<\/li>\n<li>19 h &#8211; 20 h: Valenci\u00e0.<\/li>\n<li>20 h &#8211; 21 h: Qu\u00edmica.&nbsp;<\/li>\n<\/ul>\n<\/li>\n<li>Aula 0.6 Edifici Altabix. Horari por assignatura:\n<ul>\n<li>16 h&nbsp; -17 h: Franc\u00e9s.<\/li>\n<\/ul>\n<\/li>\n<\/ul>\n<\/li>\n<\/ul>\n<ul>\n<li>Dia 18 d&#8217;abril de 2026.\n<ul>\n<li>Aula 0.5 Edifici Altabix. Horari per assignatura:\n<ul>\n<li>10 h &#8211; 11 h: Biologia.<\/li>\n<li>11 h &#8211; 12 h: Dibuix Art\u00edstic.<\/li>\n<li>12 h &#8211; 13 h: T\u00e8cniques d&#8217;Expresi\u00f3.<\/li>\n<li>13 h &#8211; 14 h: F\u00edsica.<\/li>\n<\/ul>\n<\/li>\n<li>Aula 0.6 Edifici Altabix. Horari per assignatura:\n<ul>\n<li>10 h &#8211; 11 h: Geografia\/Dibuix T\u00e8cnic.<\/li>\n<li>11 h &#8211; 12 h: Hist\u00f2ria.<\/li>\n<li>12 h &#8211; 13 h: Matem\u00e0tiques.<\/li>\n<li>13 h &#8211; 14 h: Filosofia.<\/li>\n<\/ul>\n<\/li>\n<\/ul>\n<\/li>\n<\/ul>\n<p>L&#8217;assist\u00e8ncia a les jornades no requereix inscripci\u00f3 i nom\u00e9s estar\u00e0 limitada a l&#8217;aforament de l&#8217;aula.<\/p>","protected":false},"excerpt":{"rendered":"<p>La Universitat Miguel Hern\u00e1ndez ha organitzat les jornades ORIENTA dirigides a l&#8217;alumnat que realitzar\u00e0 les Proves d&#8217;Acc\u00e9s a la Universitat per a majors de 25 i 45 anys (PAM) els dies 17 i 18 d&#8217;abril de 2026.<br \/>\nEstes jornades pretenen orientar a l&#8217;alumnat que es presentar\u00e0 a les Proves d&#8217;Acc\u00e9s a la Universitat per a majors [&#8230;]<\/p>\n","protected":false},"author":53,"featured_media":0,"parent":0,"menu_order":0,"comment_status":"closed","ping_status":"open","template":"","meta":{"ngg_post_thumbnail":0,"_links_to":"","_links_to_target":""},"_links":{"self":[{"href":"https:\/\/estudios.umh.es\/ca\/wp-json\/wp\/v2\/pages\/2800"}],"collection":[{"href":"https:\/\/estudios.umh.es\/ca\/wp-json\/wp\/v2\/pages"}],"about":[{"href":"https:\/\/estudios.umh.es\/ca\/wp-json\/wp\/v2\/types\/page"}],"author":[{"embeddable":true,"href":"https:\/\/estudios.umh.es\/ca\/wp-json\/wp\/v2\/users\/53"}],"replies":[{"embeddable":true,"href":"https:\/\/estudios.umh.es\/ca\/wp-json\/wp\/v2\/comments?post=2800"}],"version-history":[{"count":0,"href":"https:\/\/estudios.umh.es\/ca\/wp-json\/wp\/v2\/pages\/2800\/revisions"}],"wp:attachment":[{"href":"https:\/\/estudios.umh.es\/ca\/wp-json\/wp\/v2\/media?parent=2800"}],"curies":[{"name":"wp","href":"https:\/\/api.w.org\/{rel}","templated":true}]}}