{"id":30,"date":"2014-02-27T11:19:15","date_gmt":"2014-02-27T11:19:15","guid":{"rendered":"http:\/\/estudios.zeus.umh.es\/?page_id=30"},"modified":"2026-03-10T11:59:26","modified_gmt":"2026-03-10T10:59:26","slug":"consultanos","status":"publish","type":"page","link":"https:\/\/estudios.umh.es\/ca\/presentacion\/consultanos\/","title":{"rendered":"CONTACTA AMB EL SERVEI DE GESTI\u00d3 D&#8217;ESTUDIS"},"content":{"rendered":"<p><\/p>\n<ul>\n<li>L&#8217;atenci\u00f3 al p\u00fablic del Servei de Gesti\u00f3 d&#8217;Estudis<strong> nom\u00e9s<\/strong> s&#8217;estableix per a la <strong>recollida<\/strong> de<strong> t\u00edtols<\/strong> oficials i propis. <a href=\"https:\/\/estudios.umh.es\/ca\/2023\/10\/31\/cita-previa-para-la-recogida-de-titulos\/\" rel=\"noopener\">Consulta quin \u00e9s el procediment de recollida dels t\u00edtols.<\/a><\/li>\n<li>Important: durant&nbsp;el mes d&#8217;AGOST, els per\u00edodes vacacionals de Nadal i Setmana Santa, el Servei de Gesti\u00f3 d&#8217;Estudis romandr\u00e0 tancat.<\/li>\n<li>L&#8217;horari d&#8217;atenci\u00f3 telef\u00f2nica ser\u00e0 de 9 a 14 hores.<\/li>\n<li><a href=\"https:\/\/estudios.umh.es\/ca\/presentacion\/directorio\/\" rel=\"noopener\">Consulta els tel\u00e8fons del Servei de Gesti\u00f3 d&#8217;Estudis.<\/a><\/li>\n<li>Acc\u00e9s a la <a href=\"https:\/\/sede.umh.es\/ca\/\" target=\"_blank\" rel=\"noopener noreferrer\">seu electr\u00f2nica de la UMH<\/a>.<img loading=\"lazy\" class=\"alignnone wp-image-31436 size-full\" src=\"https:\/\/estudios.umh.es\/files\/2021\/11\/abre-en-nueva-ventana.png\" alt=\"(abre en nueva ventana)\" width=\"15\" height=\"15\"><\/li>\n<li><a href=\"https:\/\/estudios.umh.es\/ca\/presentacion\/como-llegar\/\" rel=\"noopener noreferrer\">Consulta la ubicaci\u00f3 del Servei de Gesti\u00f3 d\u00b4Estudis.<\/a><\/li>\n<li>Com arribar:\n<ul>\n<li><a href=\"https:\/\/estudios.umh.es\/presentacion\/como-llegar\/\" rel=\"noopener noreferrer\">Consulta la ubicaci\u00f3n del Servei de Gesti\u00f3 d&#8217;Estudis.<\/a><\/li>\n<li>Informaci\u00f3 i recomanacions:\n<ul>\n<li>Si pot, evite el despla\u00e7ament, utilitzant mitjans telem\u00e0tics com l&#8217;e-mail, web, crida, videotelefonada, etc.<\/li>\n<li>Si ve a peu, l&#8217;edifici compta amb m\u00e0quines de vending.<\/li>\n<li>Si ve amb bicicleta pr\u00f2pia, l&#8217;edifici compta amb aparcament per a bicicletes, i a 300 metres de l&#8217;<a href=\"https:\/\/maps.app.goo.gl\/9F72NuWJryX3FVUs7\">edifici La G\u00e1l\u00b7lia<\/a> disposa d&#8217;un <a href=\"https:\/\/www.umhsostenible.com\/bicicletas\/\" data-mt-detrack-inspected=\"true\">Kit de Manteniment de Bicicletes<\/a>.<\/li>\n<li>Si ve en <a href=\"https:\/\/www.bicielx.es\/\" target=\"_blank\" rel=\"noopener\">BiciElx<\/a>, disposa d&#8217;estaci\u00f3 en la mateixa porta.<\/li>\n<li>Si ve amb <a href=\"https:\/\/www.umhsostenible.com\/autobuses\/\">Autob\u00fas<\/a>, l&#8217;Estaci\u00f3 d&#8217;Autobusos es troba a 1,2 km.<\/li>\n<li>Si ve amb <a href=\"https:\/\/www.umhsostenible.com\/trenes\/\">Tren<\/a>, la parada \u00abElx Parc\u00bb es troba a 1,5 km.<\/li>\n<li>Si ve amb cotxe, la UMH dihttps:\/\/consulte.umh.es\/sposa d&#8217;una <a href=\"http:\/\/www.umhsostenible.com\/coche-compartido\" data-mt-detrack-inspected=\"true\">bossa de cotxe compartit<\/a>, i p\u00e0rquing gratu\u00eft.<\/li>\n<\/ul>\n<\/li>\n<\/ul>\n<\/li>\n<li>Segueix-nos en <a href=\"http:\/\/x.com\" target=\"_blank\" rel=\"noopener\">X<\/a><img loading=\"lazy\" class=\"alignnone wp-image-31436 size-full\" src=\"https:\/\/estudios.umh.es\/files\/2021\/11\/abre-en-nueva-ventana.png\" alt=\"(abre en nueva ventana)\" width=\"15\" height=\"15\"> com @estudios_umh<\/li>\n<li>Disposem d&#8217;un espai per a consultes i informaci\u00f3 sobre procediments acad\u00e8mics de Grau i M\u00e0ster Universitari anomenat <a href=\"https:\/\/consulte.umh.es\/\" target=\"_blank\" rel=\"noopener\">CONSULTE.<\/a><img src=\"https:\/\/estudios.umh.es\/files\/2021\/11\/abre-en-nueva-ventana.png\" alt=\"(abre en nueva ventana)\"><\/li>\n<\/ul>\n<p><\/p>","protected":false},"excerpt":{"rendered":"<p>L&#8217;atenci\u00f3 al p\u00fablic del Servei de Gesti\u00f3 d&#8217;Estudis nom\u00e9s s&#8217;estableix per a la recollida de t\u00edtols oficials i propis. Consulta quin \u00e9s el procediment de recollida dels t\u00edtols.<br \/>\nImportant: durant&nbsp;el mes d&#8217;AGOST, els per\u00edodes vacacionals de Nadal i Setmana Santa, el Servei de Gesti\u00f3 d&#8217;Estudis romandr\u00e0 tancat.<br \/>\nL&#8217;horari d&#8217;atenci\u00f3 telef\u00f2nica ser\u00e0 de 9 a 14 hores.<br \/>\nConsulta els [&#8230;]<\/p>\n","protected":false},"author":9,"featured_media":0,"parent":166,"menu_order":5,"comment_status":"closed","ping_status":"closed","template":"","meta":{"ngg_post_thumbnail":0,"_links_to":"","_links_to_target":""},"_links":{"self":[{"href":"https:\/\/estudios.umh.es\/ca\/wp-json\/wp\/v2\/pages\/30"}],"collection":[{"href":"https:\/\/estudios.umh.es\/ca\/wp-json\/wp\/v2\/pages"}],"about":[{"href":"https:\/\/estudios.umh.es\/ca\/wp-json\/wp\/v2\/types\/page"}],"author":[{"embeddable":true,"href":"https:\/\/estudios.umh.es\/ca\/wp-json\/wp\/v2\/users\/9"}],"replies":[{"embeddable":true,"href":"https:\/\/estudios.umh.es\/ca\/wp-json\/wp\/v2\/comments?post=30"}],"version-history":[{"count":0,"href":"https:\/\/estudios.umh.es\/ca\/wp-json\/wp\/v2\/pages\/30\/revisions"}],"up":[{"embeddable":true,"href":"https:\/\/estudios.umh.es\/ca\/wp-json\/wp\/v2\/pages\/166"}],"wp:attachment":[{"href":"https:\/\/estudios.umh.es\/ca\/wp-json\/wp\/v2\/media?parent=30"}],"curies":[{"name":"wp","href":"https:\/\/api.w.org\/{rel}","templated":true}]}}