{"id":31,"date":"2014-02-27T11:20:18","date_gmt":"2014-02-27T11:20:18","guid":{"rendered":"http:\/\/estudios.zeus.umh.es\/?page_id=31"},"modified":"2026-03-24T17:05:14","modified_gmt":"2026-03-24T16:05:14","slug":"normativas","status":"publish","type":"page","link":"https:\/\/estudios.umh.es\/ca\/presentacion\/normativas\/","title":{"rendered":"NORMATIVES"},"content":{"rendered":"<p>En aquest apartat pots consultar les diferents normatives d&#8217;acord amb la seg\u00fcent tem\u00e0tica:&nbsp;<\/p>\n<ul>\n<li><a href=\"https:\/\/estudios.umh.es\/ca\/calendario-academico\/\" rel=\"noopener noreferrer\">CALENDARI ACAD\u00c8MIC<\/a><\/li>\n<li><a href=\"https:\/\/estudios.umh.es\/ca\/presentacion\/normativas\/acceso\/\" rel=\"noopener noreferrer\">ACC\u00c9S I ADMISSI\u00d3<\/a><\/li>\n<li><a href=\"https:\/\/estudios.umh.es\/ca\/presentacion\/normativas\/evaluacion-y-progreso-y-permanencia-del-estudiantado-en-la-umh\/\">AVALUACI\u00d3 I PROGR\u00c9S I PERMAN\u00c8NCIA DEL ESTUDIANTAT<\/a><\/li>\n<li><a href=\"https:\/\/estudios.umh.es\/ca\/presentacion\/normativas\/titulos-oficiales\/\" rel=\"noopener noreferrer\">ESTUDIS OFICIALS<\/a><\/li>\n<li><a href=\"https:\/\/estudios.umh.es\/ca\/presentacion\/normativas\/estudios-propios\/\" rel=\"noopener noreferrer\">ENSENYAMENTS DE FORMACI\u00d3 PERMANENT<\/a><\/li>\n<li><a href=\"https:\/\/estudios.umh.es\/ca\/presentacion\/normativas\/reconocimiento-de-creditos\/\" rel=\"noopener noreferrer\">RECONEIXEMENT DE CR\u00c8DITS<\/a><\/li>\n<li><a href=\"https:\/\/estudios.umh.es\/ca\/becas\/\" rel=\"noopener noreferrer\">BEQUES<\/a><\/li>\n<li><a href=\"https:\/\/estudios.umh.es\/presentacion\/normativas\/expedicion-de-titulos-y-homologacion\/\" rel=\"noopener noreferrer\">EXPEDICI\u00d3 DE T\u00cdTOLS I HOMOLOGACI\u00d3<\/a><\/li>\n<li><a href=\"https:\/\/estudios.umh.es\/ca\/presentacion\/normativas\/premios-academicos\/\" rel=\"noopener noreferrer\">PREMIS ACAD\u00c8MICS<\/a><\/li>\n<li><a href=\"https:\/\/estudios.umh.es\/planes-de-estudio\/\" rel=\"noopener noreferrer\">PLANS D&#8217; ESTUDIS<\/a><\/li>\n<li><a href=\"https:\/\/estudios.umh.es\/files\/2023\/05\/Delegacion-competencias-Vicerrectores_2023.pdf\" target=\"_blank\" rel=\"noopener\">DELEGACI\u00d3 DE COMPET\u00c8NCIES VICERECTORS 2023.PDF.449Kb.<img src=\"https:\/\/estudios.umh.es\/files\/2021\/11\/abre-en-nueva-ventana.png\" alt=\"(abre en nueva ventana)\"><\/a>&nbsp;<\/li>\n<\/ul>\n<p><\/p>","protected":false},"excerpt":{"rendered":"<p>En aquest apartat pots consultar les diferents normatives d&#8217;acord amb la seg\u00fcent tem\u00e0tica:&nbsp;<\/p>\n<p>CALENDARI ACAD\u00c8MIC<br \/>\nACC\u00c9S I ADMISSI\u00d3<br \/>\nAVALUACI\u00d3 I PROGR\u00c9S I PERMAN\u00c8NCIA DEL ESTUDIANTAT<br \/>\nESTUDIS OFICIALS<br \/>\nENSENYAMENTS DE FORMACI\u00d3 PERMANENT<br \/>\nRECONEIXEMENT DE CR\u00c8DITS<br \/>\nBEQUES<br \/>\nEXPEDICI\u00d3 DE T\u00cdTOLS I HOMOLOGACI\u00d3<br \/>\nPREMIS ACAD\u00c8MICS<br \/>\nPLANS D&#8217; ESTUDIS<br \/>\nDELEGACI\u00d3 DE COMPET\u00c8NCIES VICERECTORS 2023.PDF.449Kb.&nbsp;<\/p>\n","protected":false},"author":9,"featured_media":0,"parent":166,"menu_order":40,"comment_status":"closed","ping_status":"closed","template":"","meta":{"ngg_post_thumbnail":0,"_links_to":"","_links_to_target":""},"_links":{"self":[{"href":"https:\/\/estudios.umh.es\/ca\/wp-json\/wp\/v2\/pages\/31"}],"collection":[{"href":"https:\/\/estudios.umh.es\/ca\/wp-json\/wp\/v2\/pages"}],"about":[{"href":"https:\/\/estudios.umh.es\/ca\/wp-json\/wp\/v2\/types\/page"}],"author":[{"embeddable":true,"href":"https:\/\/estudios.umh.es\/ca\/wp-json\/wp\/v2\/users\/9"}],"replies":[{"embeddable":true,"href":"https:\/\/estudios.umh.es\/ca\/wp-json\/wp\/v2\/comments?post=31"}],"version-history":[{"count":0,"href":"https:\/\/estudios.umh.es\/ca\/wp-json\/wp\/v2\/pages\/31\/revisions"}],"up":[{"embeddable":true,"href":"https:\/\/estudios.umh.es\/ca\/wp-json\/wp\/v2\/pages\/166"}],"wp:attachment":[{"href":"https:\/\/estudios.umh.es\/ca\/wp-json\/wp\/v2\/media?parent=31"}],"curies":[{"name":"wp","href":"https:\/\/api.w.org\/{rel}","templated":true}]}}