{"id":35,"date":"2014-02-27T11:30:56","date_gmt":"2014-02-27T11:30:56","guid":{"rendered":"http:\/\/estudios.zeus.umh.es\/?page_id=35"},"modified":"2026-04-29T14:30:52","modified_gmt":"2026-04-29T12:30:52","slug":"asignaturas","status":"publish","type":"page","link":"https:\/\/estudios.umh.es\/ca\/asignaturas\/","title":{"rendered":"RECONEIXEMENT DE CR\u00c8DITS MITJAN\u00c7ANT L&#8217;ACREDITACI\u00d3 D&#8217;ESTUDIS UNIVERSITARIS OFICIALS"},"content":{"rendered":"<p>En el seg\u00fcent v\u00eddeo, pots veure de forma resumida, el procediment per a sol.licitar el reconeixement de cr\u00e8dits d&#8217; estudis de grau:<\/p>\n<p><iframe  style=\"display: block; margin: 0px auto;\"  id=\"_ytid_84846\"  width=\"480\" height=\"270\"  data-origwidth=\"480\" data-origheight=\"270\" src=\"https:\/\/www.youtube.com\/embed\/yDwmMqn25lE?enablejsapi=1&autoplay=0&cc_load_policy=0&cc_lang_pref=&iv_load_policy=1&loop=0&modestbranding=0&rel=1&fs=1&playsinline=0&autohide=2&theme=dark&color=red&controls=1&\" class=\"__youtube_prefs__  no-lazyload\" title=\"YouTube player\"  allow=\"accelerometer; autoplay; clipboard-write; encrypted-media; gyroscope; picture-in-picture\" allowfullscreen data-no-lazy=\"1\" data-skipgform_ajax_framebjll=\"\"><\/iframe><\/a><\/p>\n<p>&nbsp;<\/p>\n<p style=\"text-align: justify\">S&#8217;ent\u00e9n per reconeixement l&#8217;acceptaci\u00f3 per una universitat dels cr\u00e8dits que, havent sigut obtinguts en uns ensenyaments oficials, en la mateixa o una altra universitat, s\u00f3n computats en altres diferents a l&#8217;efecte de l&#8217;obtenci\u00f3 d&#8217;un t\u00edtol oficial.<\/p>\n<p style=\"text-align: justify\">Per a poder ser reconeguts els cr\u00e8dits superats en qualsevol assignatura o mat\u00e8ria d&#8217;ensenyaments universitaris oficials, tant espanyoles com estrangeres, han de ser tinguts en compte els seg\u00fcents extrems:<\/p>\n<ul style=\"text-align: justify\">\n<li>Ha d&#8217;existir una adequaci\u00f3 entre les compet\u00e8ncies, coneixements, continguts i cr\u00e8dits associats a les mat\u00e8ries o assignatures de l&#8217;ensenyament d&#8217;origen i els contemplats en les assignatures o mat\u00e8ries de destinaci\u00f3 o b\u00e9 que tinguen car\u00e0cter transversal.<\/li>\n<li>Als efectes indicats en l&#8217;apartat anterior l&#8217;equival\u00e8ncia que ha de donar-se per a poder dur a terme el reconeixement de cr\u00e8dits corresponents ser\u00e0 d&#8217;almenys el 75%.<\/li>\n<\/ul>\n<p style=\"text-align: justify\">En tot cas, no podran ser objecte de reconeixement els cr\u00e8dits corresponents als treballs de finalitzaci\u00f3 de grau.<\/p>\n<p style=\"text-align: justify\">Pots consultar <a href=\"https:\/\/universite.umh.es\/SGRA\/catalogo\/consulta.aspx\" target=\"_blank\" rel=\"noopener\">l\u00b4hist\u00f2ric de reconeixement de cr\u00e8dits per assignatures de cursos acad\u00e8mics anteriors (versi\u00f3 en castell\u00e0)<img loading=\"lazy\" class=\"alignnone wp-image-31436 size-full\" src=\"https:\/\/estudios.umh.es\/files\/2021\/11\/abre-en-nueva-ventana.png\" alt=\"(abre en nueva ventana)\" width=\"15\" height=\"15\"><\/a> el qual no t\u00e9 cap vinculaci\u00f3 per a la universitat, nom\u00e9s t\u00e9 efectes informatius pel estudiantat.<\/p>\n<h3 style=\"text-align: justify\">Quan i com tramitar la sol\u00b7licitud de reconeixement de cr\u00e8dits?<\/h3>\n<ul>\n<li style=\"text-align: left\">Termini: <span lang=\"ca\">La sol\u00b7licitud es realitzar\u00e0 des del dia seg\u00fcent a la finalitzaci\u00f3 de la teua matr\u00edcula fins el 15 de setembre de 2025.<\/span><\/li>\n<li style=\"text-align: left\">Com: La sol.licitud es realitza telem\u00e0ticament. L&#8217;aplicaci\u00f3 es troba en el teu acc\u00e9s identificat i es denomina &#8220;Solicitud y Consulta de reconocimiento de cr\u00e9ditos en estudios de Grado y M\u00e1ster universitario&#8221;, despr\u00e9s s&#8217;ha d&#8217;accedir a &#8220;Acreditaci\u00f3 de cr\u00e8dits superats en T\u00edtols Universitaris Oficials&#8221;.<\/li>\n<\/ul>\n<div>\n<h3>Quina documentaci\u00f3 he d&#8217;aportar?<\/h3>\n<ul>\n<li>Estudis de la UMH: No s&#8217;ha d&#8217;aportar cap documentaci\u00f3 a la sol\u00b7licitud.<\/li>\n<li>Estudis d&#8217;altres universitats. Has d&#8217;aportar en format PDF la seg\u00fcent documentaci\u00f3:\n<ul>\n<li>&nbsp;Certificat acad\u00e8mic personal, ha d&#8217;estar segellat per la universitat d&#8217;origen o b\u00e9 disposar de codi segur de verificaci\u00f3 (CSV).<\/li>\n<li>&nbsp;Programes o guies docents de les assignatures del teu t\u00edtol d&#8217;origen que has introdu\u00eft en la sol\u00b7licitud, han d&#8217;estar segellats per la universitat d&#8217;origen o b\u00e9 disposar de codi segur de verificaci\u00f3 (CSV).<\/li>\n<\/ul>\n<\/li>\n<\/ul>\n<h3>Qu\u00e8 he de fer quan haja realitzat la sol\u00b7licitud telem\u00e0tica?<\/h3>\n<p>Una vegada que has finalitzat la sol\u00b7licitud, no has de presentar el certificat acad\u00e8mic personal ni les guies docents o programes de les assignatures originals.<br \/>\nAquesta documentaci\u00f3, una vegada s&#8217;haja resolt la teua sol\u00b7licitud, podr\u00e0 ser requerida per a la seua acare en el Centre de Gesti\u00f3 de Campus corresponent.<\/p>\n<h3>Quins requisits ha de reunir la documentaci\u00f3 d&#8217;estudis universitaris estrangers?<\/h3>\n<\/div>\n<ul>\n<li style=\"text-align: justify\">Certificaci\u00f3 acad\u00e8mica personal:\n<ul>\n<li>Ha d&#8217;estar tradu\u00efdes al castell\u00e0 mitjan\u00e7ant un int\u00e8rpret jurat degudament autoritzat o inscrit a Espanya. Tamb\u00e9 pot realitzar-se en qualsevol representaci\u00f3 diplom\u00e0tica o consular de l&#8217;estat espanyol o per una representaci\u00f3 diplom\u00e0tica o consular a Espanya del pa\u00eds del que \u00e9s ciutad\u00e0 el sol\u00b7licitant o, si escau, del de proced\u00e8ncia del document.<\/li>\n<li>Legalitzada mitjan\u00e7ant <a href=\"https:\/\/estudios.umh.es\/ca\/legalizacion-mediante-via-diplomatica\/\">via diplom\u00e0tica<img src=\"https:\/\/estudios.umh.es\/files\/2021\/11\/abre-en-nueva-ventana.png\" alt=\"(abre en nueva ventana)\"><\/a>. No s&#8217;exigeix cap tipus de legalitzaci\u00f3 per als documents expedits en estats membres de la Uni\u00f3 Europea o signataris de l&#8217;Acord sobre l&#8217;Espai Econ\u00f2mic Europeu o Su\u00efssa.<\/li>\n<\/ul>\n<\/li>\n<li>Guies docents de les assignatures: Han d&#8217;estar tradu\u00efdes al castell\u00e0 o en angl\u00e8s. Aquets document han d&#8217;estar segellats per la universitat d&#8217;origen o b\u00e9 disposar de codi segur de verificaci\u00f3 (CSV).<\/li>\n<\/ul>\n<h3>Quin preu s&#8217;ha de pagar si \u00e9s favorable el reconeixement de cr\u00e8dits?<\/h3>\n<ul>\n<li style=\"text-align: justify\">El 25% del preu del cr\u00e8dit establit en el <a href=\"https:\/\/estudios.umh.es\/precio-de-la-matricula-primer-curso-curso\/\">Decret del Consell<\/a>, pel qual es fixen les taxes a satisfer per la prestaci\u00f3 de serveis acad\u00e8mics universitaris per al curs acad\u00e8mic 2025\/2026.<\/li>\n<li style=\"text-align: justify\">D&#8217;acord amb el que s&#8217;estableix en l&#8217;article 14, apartat g) del Cap\u00edtol III de la Llei 20\/2017, de 28 de desembre, de taxes, &#8220;en el cas de taxes de reconeixement de cr\u00e8dits, els contribuents que formen part de l&#8217;alumnat de grau que obtinguen el reconeixement de cr\u00e8dits, que tinguen car\u00e0cter b\u00e0sic en la titulaci\u00f3 d&#8217;origen del sistema universitari p\u00fablic valenci\u00e0, per estudis universitaris no finalitzats realitzats en la mateixa universitat i adscrits a la mateixa branca de coneixement que la titulaci\u00f3 en la qual es duga a terme el reconeixement de cr\u00e8dits. Aquesta exempci\u00f3 s&#8217;aplicar\u00e0 per a un \u00fanic canvi de titulaci\u00f3 i en un \u00fanic sentit, no sent aplicable quan el contribuent torne a la titulaci\u00f3 en la qual es va matricular inicialment&#8221;.<\/li>\n<\/ul>\n<h3>\u00c9s necessari matricular-se de les assignatures de les quals sol\u00b7licite el reconeixement?<\/h3>\n<ul>\n<li>No fa falta matricular-se de les assignatures que has sol\u00b7licitat per al reconeixement de cr\u00e8dits. Si la resoluci\u00f3 \u00e9s favorable s&#8217;incorporaran en el teu expedient d&#8217;ofici.<\/li>\n<li>Si eres estudiant de primer curs has de matricular-te del curs complet per\u00f2 podr\u00e0s modificar les assignatures matriculades inicialment en el per\u00edode de reajustament de matr\u00edcula. En la pregunta seg\u00fcent s&#8217;indica quan podr\u00e0s realitzar-ho.<\/li>\n<\/ul>\n<h3>Puc incorporar assignatures en la meua matr\u00edcula en el cas que em reconeguen cr\u00e8dits d&#8217;assignatures?<\/h3>\n<p>Es disposa de dos per\u00edodes d&#8217;ampliaci\u00f3 de matr\u00edcula:<\/p>\n<ul>\n<li>Des de l&#8217;endem\u00e0 de la presentaci\u00f3 de la sol\u00b7licitud de reconeixement de cr\u00e8dits fins al 22 de setembre de 2025. Es realitzar\u00e0 telem\u00e0ticament a trav\u00e9s del teu acc\u00e9s identificat.<\/li>\n<li>Del 7 al 14 de gener de 2026. Es realitzar\u00e0 telem\u00e0ticament a trav\u00e9s del teu acc\u00e9s identificat.<\/li>\n<\/ul>\n<h3>Si aporte assignatures b\u00e0siques i no poden ser reconegudes per assignatures del pla d&#8217;estudis puc recon\u00e9ixer-les per cr\u00e8dits optatius?<\/h3>\n<p>Si has aportat assignatures b\u00e0siques superades en una altra titulaci\u00f3 de Grau <strong>del mateix <a href=\"https:\/\/estudios.umh.es\/ca\/campos-de-estudio\/\" target=\"_blank\" rel=\"noopener\">camp d&#8217;estudi<\/a><\/strong> &nbsp;i no s\u00f3n reconegudes en el grau en el qual est\u00e0s matriculat\/a perqu\u00e8 no tenen una adequaci\u00f3 del 75% amb l&#8217;assignatura que es pret\u00e9n recon\u00e9ixer, pots aportar-les per a reconeixement de cr\u00e8dits optatius del pla d&#8217;estudis. Cal indicar que camp d&#8217;estudi i branca de coneixement no \u00e9s el mateix.<\/p>\n<ul>\n<li>Documentaci\u00f3: s&#8217;ha d&#8217;emplenar el seg\u00fcent <a href=\"https:\/\/estudios.umh.es\/files\/2025\/12\/Modelo-solicitud-reconocimiento-creditos-optativos-estudios-oficiales-3.pdf\" target=\"_blank\" rel=\"noopener\">model de sol\u00b7licitud.PDF.202B (castell\u00e0)<\/a><img src=\"https:\/\/estudios.umh.es\/files\/2021\/11\/abre-en-nueva-ventana.png\" alt=\"(abre en nueva ventana)\">.<\/li>\n<li>Termini: en qualsevol moment.<\/li>\n<li>Com presentar la sol\u00b7licitud: mitjan\u00e7ant <a href=\"https:\/\/sede.umh.es\/ca\/procedimientos\/instancia-general\/\" target=\"_blank\" rel=\"noopener\">inst\u00e0ncia general de la seu electr\u00f2nica de la UMH<\/a><img src=\"https:\/\/estudios.umh.es\/files\/2021\/11\/abre-en-nueva-ventana.png\" alt=\"(abre en nueva ventana)\">&nbsp;dirigida al <a href=\"https:\/\/estudios.umh.es\/ca\/\">Servici de Gesti\u00f3 d&#8217;Estudis<\/a>, adjuntant el model de sol\u00b7licitud.<br \/>\nEl Servici de Gesti\u00f3 d&#8217;Estudis procedir\u00e0 a la seua resoluci\u00f3 i posterior notificaci\u00f3 a l&#8217;estudiantat.<\/li>\n<\/ul>\n<h3>Si he sigut estudiant d&#8217;un programa SICUE i m&#8217;he matriculat en un t\u00edtol de Grau de la UMH, he de sol\u00b7licitar el reconeixement de les assignatures que he superat en el programa SICUE?<\/h3>\n<div style=\"text-align: justify\">Si has sigut estudiant d&#8217;un programa SICUE cursat en la UMH, el reconeixement d&#8217;assignatures no es realitza de manera autom\u00e0tica en el Grau que vages a cursar. Has de sol\u00b7licitar el reconeixement d&#8217;assignatures aportant el certificat acad\u00e8mic oficial de notes de la Universitat d&#8217;origen i guia docent de cadascuna de les assignatures que vages a aportar per a sol\u00b7licitar el reconeixement. Aquests documents han d&#8217;estar segellats per la universitat d&#8217;origen o b\u00e9 disposar de codi segur de verificaci\u00f3 (CSV).<\/div>\n<div>&nbsp;<\/div>\n<h3><span style=\"text-align: justify\">AMPLIAR INFORMACI\u00d3<\/span><\/h3>\n<div>Per a qualsevol informaci\u00f3 pots dirigir-te al <a href=\"https:\/\/cegeca.umh.es\/\" target=\"_blank\" rel=\"noopener\">Centre de Gesti\u00f3 de Campus<img loading=\"lazy\" class=\"alignnone wp-image-31436 size-full\" src=\"https:\/\/estudios.umh.es\/files\/2021\/11\/abre-en-nueva-ventana.png\" alt=\"(abre en nueva ventana)\" width=\"15\" height=\"15\"><\/a> corresponent o enviar un correu electr\u00f2nic a grado@umh.es del Servei de Gesti\u00f3 d&#8217;Estudis.<\/div>\n<p><\/p>","protected":false},"excerpt":{"rendered":"<p>En el seg\u00fcent v\u00eddeo, pots veure de forma resumida, el procediment per a sol.licitar el reconeixement de cr\u00e8dits d&#8217; estudis de grau:<\/p>\n<p>&nbsp;<br \/>\nS&#8217;ent\u00e9n per reconeixement l&#8217;acceptaci\u00f3 per una universitat dels cr\u00e8dits que, havent sigut obtinguts en uns ensenyaments oficials, en la mateixa o una altra universitat, s\u00f3n computats en altres diferents a l&#8217;efecte de l&#8217;obtenci\u00f3 d&#8217;un [&#8230;]<\/p>\n","protected":false},"author":9,"featured_media":0,"parent":0,"menu_order":1,"comment_status":"closed","ping_status":"open","template":"","meta":{"ngg_post_thumbnail":0,"_links_to":"","_links_to_target":""},"_links":{"self":[{"href":"https:\/\/estudios.umh.es\/ca\/wp-json\/wp\/v2\/pages\/35"}],"collection":[{"href":"https:\/\/estudios.umh.es\/ca\/wp-json\/wp\/v2\/pages"}],"about":[{"href":"https:\/\/estudios.umh.es\/ca\/wp-json\/wp\/v2\/types\/page"}],"author":[{"embeddable":true,"href":"https:\/\/estudios.umh.es\/ca\/wp-json\/wp\/v2\/users\/9"}],"replies":[{"embeddable":true,"href":"https:\/\/estudios.umh.es\/ca\/wp-json\/wp\/v2\/comments?post=35"}],"version-history":[{"count":0,"href":"https:\/\/estudios.umh.es\/ca\/wp-json\/wp\/v2\/pages\/35\/revisions"}],"wp:attachment":[{"href":"https:\/\/estudios.umh.es\/ca\/wp-json\/wp\/v2\/media?parent=35"}],"curies":[{"name":"wp","href":"https:\/\/api.w.org\/{rel}","templated":true}]}}