{"id":36,"date":"2014-02-27T11:32:06","date_gmt":"2014-02-27T11:32:06","guid":{"rendered":"http:\/\/estudios.zeus.umh.es\/?page_id=36"},"modified":"2025-12-22T14:11:13","modified_gmt":"2025-12-22T13:11:13","slug":"estudios-superiores-no-univesitarios","status":"publish","type":"page","link":"https:\/\/estudios.umh.es\/ca\/estudios-superiores-no-univesitarios\/","title":{"rendered":"ESTUDIS SUPERIORS NO UNIVERSITARIS"},"content":{"rendered":"<p>En el seg\u00fcent v\u00eddeo, pots veure de forma resumida, el procediment per a sol.licitar el reconeixement de cr\u00e8dits mitjan\u00e7ant l\u2019acreditaci\u00f3 d\u2019estudis superiors no universitaris:<\/p>\n<p><iframe  style=\"display: block; margin: 0px auto;\"  id=\"_ytid_90210\"  width=\"480\" height=\"270\"  data-origwidth=\"480\" data-origheight=\"270\" src=\"https:\/\/www.youtube.com\/embed\/YkpWaJsAJSk?enablejsapi=1&autoplay=0&cc_load_policy=0&cc_lang_pref=&iv_load_policy=1&loop=0&modestbranding=0&rel=1&fs=1&playsinline=0&autohide=2&theme=dark&color=red&controls=1&\" class=\"__youtube_prefs__  no-lazyload\" title=\"YouTube player\"  allow=\"accelerometer; autoplay; clipboard-write; encrypted-media; gyroscope; picture-in-picture\" allowfullscreen data-no-lazy=\"1\" data-skipgform_ajax_framebjll=\"\"><\/iframe><\/a><\/p>\n<p>&nbsp;<\/p>\n<h3>Procediment per a la sol.licitud de reconeixement de cr\u00e8dits per Estudis Superiors no Universitaris&nbsp;&nbsp;<\/h3>\n<p style=\"text-align: justify\">S&#8217;ent\u00e9n per reconeixement l&#8217;acceptaci\u00f3 per una universitat dels cr\u00e8dits que, havent sigut obtinguts en uns ensenyaments oficials, en la mateixa o una altra universitat, s\u00f3n computats en altres diferents a l&#8217;efecte de l&#8217;obtenci\u00f3 d&#8217;un t\u00edtol oficial. Aix\u00ed mateix, podran ser objecte de reconeixement els cr\u00e8dits cursats en altres ensenyaments superiors oficials o en ensenyaments universitaris conduents a l&#8217;obtenci\u00f3 d&#8217;altres t\u00edtols, als quals es refereix l&#8217;article 7 de la Llei Org\u00e0nica 2\/2023, de 22 de mar\u00e7, del Sistema Universitari.<\/p>\n<p style=\"text-align: justify\">En aquest apartat pots consultar el procediment per a sol\u00b7licitar el reconeixement de cr\u00e8dits per estudis d&#8217;educaci\u00f3 superior no universitaris.<\/p>\n<h3 style=\"text-align: justify\">Quan i com tramitar la sol\u00b7licitud de reconeixement de cr\u00e8dits?<\/h3>\n<ul>\n<li style=\"text-align: justify\">Termini: <span lang=\"ca\">La sol\u00b7licitud es realitzar\u00e0 a partir del dia seg\u00fcent a la finalitzaci\u00f3 de la teua matr\u00edcula fins el 15 de setembre de 2025<\/span>.<\/li>\n<li style=\"text-align: justify\">Com: <strong><span style=\"color: #993300\">La sol\u00b7licitud es realitza telem\u00e0ticament. L&#8217;aplicaci\u00f3 es troba en el teu acc\u00e9s identificat i es denomina &#8220;Solicitud y Consulta de Reconocimiento de Cr\u00e9ditos en estudios de Grado y M\u00e1ster Universitario&#8221;; despr\u00e9s s&#8217;ha d&#8217;accedir a &#8220;Acreditaci\u00f3n de Estudios Superiores no Universitarios para los Estudios de Grado&#8221;.<\/span><\/strong><\/li>\n<\/ul>\n<h3>Quina documentaci\u00f3 he d&#8217;aportar?<\/h3>\n<ul>\n<li style=\"text-align: justify\">T\u00edtol de l&#8217;Estudi d&#8217;Educaci\u00f3 Superior no Universitari.<\/li>\n<li style=\"text-align: justify\">Certificaci\u00f3 acad\u00e8mica personal, ha d&#8217;estar segellada pel centre o b\u00e9 disposar de codi segur de verificaci\u00f3 (CSV).<\/li>\n<\/ul>\n<h3>Qu\u00e8 he de fer quan haja realitzat la sol\u00b7licitud telem\u00e0tica?<\/h3>\n<p>Una vegada que has finalitzat la sol\u00b7licitud, no has de presentar el t\u00edtol ni la certificaci\u00f3 acad\u00e8mica personal originals. Aquesta documentaci\u00f3, una vegada s&#8217;haja resolt la teua sol\u00b7licitud, podr\u00e0 ser requerida per a la seua acare en el Centre de Gesti\u00f3 de Campus corresponent.<\/p>\n<h3>Quin preu s&#8217;ha de pagar si \u00e9s favorable el reconeixement de cr\u00e8dits?<\/h3>\n<p style=\"text-align: justify\">El 25% del preu del cr\u00e8dit establit en el<a href=\"https:\/\/estudios.umh.es\/precio-de-la-matricula-primer-curso-curso\/\"> Decret del Consell<\/a>, pel qual es fixen les taxes a satisfer per la prestaci\u00f3 de serveis acad\u00e8mics universitaris per al curs acad\u00e8mic 2025\/2026.<\/p>\n<h3>\u00c9s necessari matricular-se de les assignatures de les quals sol\u00b7licite el reconeixement?<\/h3>\n<p>No fa falta matricular-se de les assignatures que has sol\u00b7licitat per al reconeixement de cr\u00e8dits. Si la resoluci\u00f3 \u00e9s favorable s&#8217;incorporaran en el teu expedient d&#8217;ofici.<\/p>\n<h3>Puc incorporar assignatures en la meua matr\u00edcula en el cas que em reconeguen cr\u00e8dits d&#8217;assignatures?<\/h3>\n<p>Es disposa de dos per\u00edodes d&#8217;ampliaci\u00f3 de matr\u00edcula:<\/p>\n<ul>\n<li>Des de l\u2019endem\u00e0 de la presentaci\u00f3 de la sol\u00b7licitud de reconeixement de cr\u00e8dits fins al 22 de setembre de 2025. Es realitzar\u00e0 telem\u00e0ticament a trav\u00e9s del teu acc\u00e9s identificat.<\/li>\n<li>Del 7 al 14 de gener de 2026. Es realitzar\u00e0 telem\u00e0ticament a trav\u00e9s del teu acc\u00e9s identificat.<\/li>\n<\/ul>\n<h3>Quins cr\u00e8dits s\u00f3n susceptibles de reconeixement?<\/h3>\n<p style=\"text-align: justify\">Seguidament es poden consultar els cr\u00e8dits susceptibles de reconeixement d&#8217;acord al Cicle Formatiu de Grau Superior que acredite l&#8217;estudiantat. Aquesta informaci\u00f3 t\u00e9 exclusivament un car\u00e0cter informatiu no vinculant per a la UMH.<\/p>\n<ul>\n<li><a href=\"https:\/\/estudios.umh.es\/files\/2025\/11\/Grado-en-ADE-1.pdf\" target=\"_blank\" rel=\"noopener\">Grau en Administraci\u00f3 y Direcci\u00f3 d\u00b4Empreses.PDF.180kB<img loading=\"lazy\" class=\"alignnone wp-image-31436 size-full\" src=\"https:\/\/estudios.umh.es\/files\/2021\/11\/abre-en-nueva-ventana.png\" alt=\"(abre en nueva ventana)\" width=\"15\" height=\"15\"><\/a><\/li>\n<li><a href=\"https:\/\/estudios.umh.es\/files\/2025\/06\/Grado-en-Bellas-Artes.pdf\" target=\"_blank\" rel=\"noopener\">Grau en Belles Arts.PDF.161kB<img loading=\"lazy\" class=\"alignnone wp-image-31436 \" src=\"https:\/\/estudios.umh.es\/files\/2021\/11\/abre-en-nueva-ventana.png\" alt=\"(abre en nueva ventana)\" width=\"15\" height=\"15\"><\/a><\/li>\n<li><a href=\"https:\/\/estudios.umh.es\/files\/2025\/06\/Grado-en-Biotecnologia.pdf\" target=\"_blank\" rel=\"noopener\">Grau en Biotecnologia.PDF.168kB<img loading=\"lazy\" class=\"alignnone wp-image-31436 size-full\" src=\"https:\/\/estudios.umh.es\/files\/2021\/11\/abre-en-nueva-ventana.png\" alt=\"(abre en nueva ventana)\" width=\"15\" height=\"15\"><\/a><\/li>\n<li><a href=\"https:\/\/estudios.umh.es\/files\/2025\/11\/Grado-en-Ciencia-de-Datos-e-IA.pdf\" target=\"_blank\" rel=\"noopener\">Grau en Ci\u00e8ncia de Dades i Intel\u00b7lig\u00e8ncia Artificial.PDF.139kB<img loading=\"lazy\" class=\"alignnone wp-image-31436 \" src=\"https:\/\/estudios.umh.es\/files\/2021\/11\/abre-en-nueva-ventana.png\" alt=\"(abre en nueva ventana)\" width=\"15\" height=\"15\"><\/a><\/li>\n<li><a href=\"https:\/\/estudios.umh.es\/files\/2025\/11\/Grado-en-CC-y-Tecnologia-Alimentos.pdf\" target=\"_blank\" rel=\"noopener\">Grau en Ci\u00e8ncia y Tecnologia del Aliments.PDF.221kB<img loading=\"lazy\" class=\"alignnone wp-image-31436 size-full\" src=\"https:\/\/estudios.umh.es\/files\/2021\/11\/abre-en-nueva-ventana.png\" alt=\"(abre en nueva ventana)\" width=\"15\" height=\"15\"><\/a><\/li>\n<li><a href=\"https:\/\/estudios.umh.es\/files\/2025\/06\/Grado-en-Ciencias-Ambientales.pdf\" target=\"_blank\" rel=\"noopener\">Grau en Ci\u00e8ncies Ambientals.PDF.175kB<img loading=\"lazy\" class=\"alignnone wp-image-31436 size-full\" src=\"https:\/\/estudios.umh.es\/files\/2021\/11\/abre-en-nueva-ventana.png\" alt=\"(abre en nueva ventana)\" width=\"15\" height=\"15\"><\/a><\/li>\n<li><a href=\"https:\/\/estudios.umh.es\/files\/2025\/11\/Grado-en-CAFD.pdf\" target=\"_blank\" rel=\"noopener\">Grau en Ci\u00e8ncies de l&#8217;Activitat F\u00edsica i de l&#8217; Esport.PDF.192kB<img loading=\"lazy\" class=\"alignnone wp-image-31436 size-full\" src=\"https:\/\/estudios.umh.es\/files\/2021\/11\/abre-en-nueva-ventana.png\" alt=\"(abre en nueva ventana)\" width=\"15\" height=\"15\"><\/a><\/li>\n<li><a href=\"https:\/\/estudios.umh.es\/files\/2025\/06\/Grado-en-CC-Politicas.pdf\" target=\"_blank\" rel=\"noopener\">Grau en Ci\u00e8ncies Pol\u00edtiques i Gesti\u00f3 P\u00fablica.PDF.172kB<img loading=\"lazy\" class=\"alignnone wp-image-31436 size-full\" src=\"https:\/\/estudios.umh.es\/files\/2021\/11\/abre-en-nueva-ventana.png\" alt=\"(abre en nueva ventana)\" width=\"15\" height=\"15\"><\/a><\/li>\n<li><a href=\"https:\/\/estudios.umh.es\/files\/2025\/11\/Grado-en-Comunicacion-Audiovisual.pdf\" target=\"_blank\" rel=\"noopener\">Grau en Comunicaci\u00f3 Audiovisual.PDF.183kB<img loading=\"lazy\" class=\"alignnone wp-image-31436 size-full\" src=\"https:\/\/estudios.umh.es\/files\/2021\/11\/abre-en-nueva-ventana.png\" alt=\"(abre en nueva ventana)\" width=\"15\" height=\"15\"><\/a><\/li>\n<li><a href=\"https:\/\/estudios.umh.es\/files\/2025\/11\/Grado-en-Derecho.pdf\" target=\"_blank\" rel=\"noopener\">Grau en Dret.PDF.192kB<img loading=\"lazy\" class=\"alignnone wp-image-31436 size-full\" src=\"https:\/\/estudios.umh.es\/files\/2021\/11\/abre-en-nueva-ventana.png\" alt=\"(abre en nueva ventana)\" width=\"15\" height=\"15\"><\/a><\/li>\n<li><a href=\"https:\/\/estudios.umh.es\/files\/2025\/11\/Grado-en-Enfermeria.pdf\" target=\"_blank\" rel=\"noopener\">Grau en Infermeria.PDF.158kB<img loading=\"lazy\" class=\"alignnone wp-image-31436 size-full\" src=\"https:\/\/estudios.umh.es\/files\/2021\/11\/abre-en-nueva-ventana.png\" alt=\"(abre en nueva ventana)\" width=\"15\" height=\"15\"><\/a><\/li>\n<li><a href=\"https:\/\/estudios.umh.es\/files\/2025\/11\/Grado-en-Estadistica-Empresarial.pdf\" target=\"_blank\" rel=\"noopener\">Grau en Estad\u00edstica Empresarial.PDF.180kB<img loading=\"lazy\" class=\"alignnone wp-image-31436 size-full\" src=\"https:\/\/estudios.umh.es\/files\/2021\/11\/abre-en-nueva-ventana.png\" alt=\"(abre en nueva ventana)\" width=\"15\" height=\"15\"><\/a><\/li>\n<li><a href=\"https:\/\/estudios.umh.es\/files\/2025\/06\/Grado-en-Farmacia.pdf\" target=\"_blank\" rel=\"noopener\">Grau en Farm\u00e0cia.PDF.159kB<img loading=\"lazy\" class=\"alignnone wp-image-31436 size-full\" src=\"https:\/\/estudios.umh.es\/files\/2021\/11\/abre-en-nueva-ventana.png\" alt=\"(abre en nueva ventana)\" width=\"15\" height=\"15\"><\/a><\/li>\n<li><a href=\"https:\/\/estudios.umh.es\/files\/2025\/11\/Grado-en-Fisioterapia.pdf\" target=\"_blank\" rel=\"noopener\">Grau en Fisioter\u00e0pia.PDF.194kB<img loading=\"lazy\" class=\"alignnone wp-image-31436 size-full\" src=\"https:\/\/estudios.umh.es\/files\/2021\/11\/abre-en-nueva-ventana.png\" alt=\"(abre en nueva ventana)\" width=\"15\" height=\"15\"><\/a><\/li>\n<li><a href=\"https:\/\/estudios.umh.es\/files\/2025\/11\/Grado-en-Gestion-Comercial-y-Marketing.pdf\" target=\"_blank\" rel=\"noopener\">Grau en Gesti\u00f3 Comercial i M\u00e0rqueting.PDF.155kB<img loading=\"lazy\" class=\"alignnone wp-image-31436 size-full\" src=\"https:\/\/estudios.umh.es\/files\/2021\/11\/abre-en-nueva-ventana.png\" alt=\"(abre en nueva ventana)\" width=\"15\" height=\"15\"><\/a><\/li>\n<li><a href=\"https:\/\/estudios.umh.es\/files\/2025\/11\/Grado-en-Gestion-Tecnologia-y-Moda.pdf\" target=\"_blank\" rel=\"noopener\">Grau en Gesti\u00f3, Tecnologia i Moda.PDF.140kB<img loading=\"lazy\" class=\"alignnone wp-image-31436 size-full\" src=\"https:\/\/estudios.umh.es\/files\/2021\/11\/abre-en-nueva-ventana.png\" alt=\"(abre en nueva ventana)\" width=\"15\" height=\"15\"><\/a><\/li>\n<li><a href=\"https:\/\/estudios.umh.es\/files\/2025\/06\/Grado-en-Ingenieria-Agroalimentaria-y-Agroambiental.pdf\" target=\"_blank\" rel=\"noopener\">Grau en Inginyeria Agroaliment\u00e0ria y Agroambiental.PDF.237kB<img loading=\"lazy\" class=\"alignnone wp-image-31436 size-full\" src=\"https:\/\/estudios.umh.es\/files\/2021\/11\/abre-en-nueva-ventana.png\" alt=\"(abre en nueva ventana)\" width=\"15\" height=\"15\"><\/a><\/li>\n<li><a href=\"https:\/\/estudios.umh.es\/files\/2025\/11\/Grado-en-Ing.-Tecnologias-Telecomunicacion.pdf\" target=\"_blank\" rel=\"noopener\">Grau en Inginyeria de Tecnologies de Telecomunicaci\u00f3.PDF.207kB<img loading=\"lazy\" class=\"alignnone wp-image-31436 size-full\" src=\"https:\/\/estudios.umh.es\/files\/2021\/11\/abre-en-nueva-ventana.png\" alt=\"(abre en nueva ventana)\" width=\"15\" height=\"15\"><\/a><\/li>\n<li><a href=\"https:\/\/estudios.umh.es\/files\/2025\/06\/Grado-en-Ing.-Electrica.pdf\" target=\"_blank\" rel=\"noopener\">Grau en Inginyeria El\u00e8ctrica.PDF.214kB<img loading=\"lazy\" class=\"alignnone wp-image-31436 size-full\" src=\"https:\/\/estudios.umh.es\/files\/2021\/11\/abre-en-nueva-ventana.png\" alt=\"(abre en nueva ventana)\" width=\"15\" height=\"15\"><\/a><\/li>\n<li><a href=\"https:\/\/estudios.umh.es\/files\/2025\/11\/Grado-en-IEAI.pdf\" target=\"_blank\" rel=\"noopener\">Grau en Inginyeria Electr\u00f2nica i Autom\u00e1tica Industrial.PDF.194kB<img loading=\"lazy\" class=\"alignnone wp-image-31436 size-full\" src=\"https:\/\/estudios.umh.es\/files\/2021\/11\/abre-en-nueva-ventana.png\" alt=\"(abre en nueva ventana)\" width=\"15\" height=\"15\"><\/a><\/li>\n<li><a href=\"https:\/\/estudios.umh.es\/files\/2025\/06\/Grado-en-Ing.-Informatica.pdf\" target=\"_blank\" rel=\"noopener\">Grau en Inginyeria Inform\u00e0tica en Tecnologies de la Informaci\u00f3.PDF.192kB<img loading=\"lazy\" class=\"alignnone wp-image-31436 \" src=\"https:\/\/estudios.umh.es\/files\/2021\/11\/abre-en-nueva-ventana.png\" alt=\"(abre en nueva ventana)\" width=\"15\" height=\"15\"><\/a><\/li>\n<li><a href=\"https:\/\/estudios.umh.es\/files\/2025\/06\/Grado-en-Ing.-Mecanica.pdf\" target=\"_blank\" rel=\"noopener\">Grau en Inginyeria Mec\u00e0nica.PDF.226kB<img loading=\"lazy\" class=\"alignnone wp-image-31436 size-full\" src=\"https:\/\/estudios.umh.es\/files\/2021\/11\/abre-en-nueva-ventana.png\" alt=\"(abre en nueva ventana)\" width=\"15\" height=\"15\"><\/a><\/li>\n<li><a href=\"https:\/\/estudios.umh.es\/files\/2025\/06\/Grado-en-Medicina.pdf\" target=\"_blank\" rel=\"noopener\">Grau en Medicina.PDF.183kB<img loading=\"lazy\" class=\"alignnone wp-image-31436 size-full\" src=\"https:\/\/estudios.umh.es\/files\/2021\/11\/abre-en-nueva-ventana.png\" alt=\"(abre en nueva ventana)\" width=\"15\" height=\"15\"><\/a><\/li>\n<li><a href=\"https:\/\/estudios.umh.es\/files\/2025\/06\/Grado-en-Periodismo.pdf\" target=\"_blank\" rel=\"noopener\">Grau en Periodisme.PDF.191kB<img loading=\"lazy\" class=\"alignnone wp-image-31436 size-full\" src=\"https:\/\/estudios.umh.es\/files\/2021\/11\/abre-en-nueva-ventana.png\" alt=\"(abre en nueva ventana)\" width=\"15\" height=\"15\"><\/a><\/li>\n<li><a href=\"https:\/\/estudios.umh.es\/files\/2025\/11\/Grado-en-Podologia.pdf\" target=\"_blank\" rel=\"noopener\">Grau en Podologia.PDF.196kB<img loading=\"lazy\" class=\"alignnone wp-image-31436 size-full\" src=\"https:\/\/estudios.umh.es\/files\/2021\/11\/abre-en-nueva-ventana.png\" alt=\"(abre en nueva ventana)\" width=\"15\" height=\"15\"><\/a><\/li>\n<li><a href=\"https:\/\/estudios.umh.es\/files\/2025\/11\/Grado-en-Psicologia.pdf\" target=\"_blank\" rel=\"noopener\">Grau en Psicologia.PDF.186kB<img loading=\"lazy\" class=\"alignnone wp-image-31436 size-full\" src=\"https:\/\/estudios.umh.es\/files\/2021\/11\/abre-en-nueva-ventana.png\" alt=\"(abre en nueva ventana)\" width=\"15\" height=\"15\"><\/a><\/li>\n<li><a href=\"https:\/\/estudios.umh.es\/files\/2025\/06\/Grado-en-RRLL.pdf\" target=\"_blank\" rel=\"noopener\">Grau en Relacions Laborales i Recursos Humans.PDF.171kB<img loading=\"lazy\" class=\"alignnone wp-image-31436 size-full\" src=\"https:\/\/estudios.umh.es\/files\/2021\/11\/abre-en-nueva-ventana.png\" alt=\"(abre en nueva ventana)\" width=\"15\" height=\"15\"><\/a><\/li>\n<li><a href=\"https:\/\/estudios.umh.es\/files\/2025\/11\/Grado-en-Seguridad-Publica.pdf\" target=\"_blank\" rel=\"noopener\">Grau en Seguretat P\u00fablica i Privada.PDF.186kB<img loading=\"lazy\" class=\"alignnone wp-image-31436 size-full\" src=\"https:\/\/estudios.umh.es\/files\/2021\/11\/abre-en-nueva-ventana.png\" alt=\"(abre en nueva ventana)\" width=\"15\" height=\"15\"><\/a><\/li>\n<li><a href=\"https:\/\/estudios.umh.es\/files\/2025\/06\/Grado-en-T.-Ocupacional.pdf\" target=\"_blank\" rel=\"noopener\">Grau en Ter\u00e0pia Ocupacional.PDF.197kB<img loading=\"lazy\" class=\"alignnone wp-image-31436 size-full\" src=\"https:\/\/estudios.umh.es\/files\/2021\/11\/abre-en-nueva-ventana.png\" alt=\"(abre en nueva ventana)\" width=\"15\" height=\"15\"><\/a><\/li>\n<\/ul>\n<h3><span style=\"text-align: justify\">AMPLIAR INFORMACI\u00d3<\/span><\/h3>\n<div>Per a qualsevol informaci\u00f3 pots dirigir-te al <a href=\"https:\/\/cegeca.umh.es\/\" target=\"_blank\" rel=\"noopener\">Centre de Gesti\u00f3 de Campus<img loading=\"lazy\" class=\"alignnone wp-image-31436 size-full\" src=\"https:\/\/estudios.umh.es\/files\/2021\/11\/abre-en-nueva-ventana.png\" alt=\"(abre en nueva ventana)\" width=\"15\" height=\"15\"><\/a> corresponent o enviar un correu electr\u00f2nic a grado@umh.es del Servei de Gesti\u00f3 d&#8217;Estudis.<\/div>\n<p><\/p>","protected":false},"excerpt":{"rendered":"<p>En el seg\u00fcent v\u00eddeo, pots veure de forma resumida, el procediment per a sol.licitar el reconeixement de cr\u00e8dits mitjan\u00e7ant l\u2019acreditaci\u00f3 d\u2019estudis superiors no universitaris:<\/p>\n<p>&nbsp;<br \/>\nProcediment per a la sol.licitud de reconeixement de cr\u00e8dits per Estudis Superiors no Universitaris&nbsp;&nbsp;<br \/>\nS&#8217;ent\u00e9n per reconeixement l&#8217;acceptaci\u00f3 per una universitat dels cr\u00e8dits que, havent sigut obtinguts en uns ensenyaments oficials, en la [&#8230;]<\/p>\n","protected":false},"author":9,"featured_media":0,"parent":0,"menu_order":2,"comment_status":"closed","ping_status":"open","template":"","meta":{"ngg_post_thumbnail":0,"_links_to":"","_links_to_target":""},"_links":{"self":[{"href":"https:\/\/estudios.umh.es\/ca\/wp-json\/wp\/v2\/pages\/36"}],"collection":[{"href":"https:\/\/estudios.umh.es\/ca\/wp-json\/wp\/v2\/pages"}],"about":[{"href":"https:\/\/estudios.umh.es\/ca\/wp-json\/wp\/v2\/types\/page"}],"author":[{"embeddable":true,"href":"https:\/\/estudios.umh.es\/ca\/wp-json\/wp\/v2\/users\/9"}],"replies":[{"embeddable":true,"href":"https:\/\/estudios.umh.es\/ca\/wp-json\/wp\/v2\/comments?post=36"}],"version-history":[{"count":0,"href":"https:\/\/estudios.umh.es\/ca\/wp-json\/wp\/v2\/pages\/36\/revisions"}],"wp:attachment":[{"href":"https:\/\/estudios.umh.es\/ca\/wp-json\/wp\/v2\/media?parent=36"}],"curies":[{"name":"wp","href":"https:\/\/api.w.org\/{rel}","templated":true}]}}