{"id":360,"date":"2014-04-29T12:04:29","date_gmt":"2014-04-29T12:04:29","guid":{"rendered":"http:\/\/estudios.zeus.umh.es\/?page_id=360"},"modified":"2021-11-17T13:16:00","modified_gmt":"2021-11-17T12:16:00","slug":"tesisdoctoral","status":"publish","type":"page","link":"https:\/\/estudios.umh.es\/ca\/doctorado\/tesisdoctoral\/","title":{"rendered":"Evaluaci\u00f3, Dep\u00f2sit i Defensa de Tesi"},"content":{"rendered":"<p><strong>Fases de la Tesi Doctoral<\/strong><\/p>\n<p><strong>1\u00aa Fase.<\/strong> Avaluaci\u00f3 de la tesi<\/p>\n<p>El departament\/institut remetr\u00e0 una proposta de cinc avaluadors externs a la&nbsp;UMH&nbsp; (no podent repetir-se la universitat o instituci\u00f3 a la qual pertanyen), amb informe d&#8217;idone\u00eftat dels candidats proposats.<br \/>\nFinalitzat el proc\u00e9s d&#8217;avaluaci\u00f3 el departament\/institut remetr\u00e0 al Servei de Gesti\u00f3 d&#8217;Estudis la documentaci\u00f3 que el proc\u00e9s hagi generat para, si escau, autoritzar el dip\u00f2sit de la tesi doctoral.<\/p>\n<p><strong>2\u00aa Fase.<\/strong> Dip\u00f2sit de tesi<\/p>\n<ul>\n<li style=\"list-style-type: none\">\n<ul>\n<li>Dip\u00f2sit de 9 exemplars de la tesi doctoral i un en suport magn\u00e8tic en el Registre General o en els diferents Registres Auxiliars dels Centres de Gesti\u00f3 de Campus de la&nbsp;UMH.<\/li>\n<li>Proposta de tribunal de tesi: proposta de&nbsp;deu doctors&nbsp;a la qual s&#8217;adjuntar\u00e0&nbsp;informe d&#8217;idone\u00eftat i en la qual no hi haur\u00e0 m\u00e9s de&nbsp;dues de la mateixa universitat o organisme. Dels&nbsp;deu proposats es nomenaran cinc titulars i dos suplents.<\/li>\n<\/ul>\n<\/li>\n<\/ul>\n<p><strong>3\u00aa Fase.<\/strong>&nbsp;Lectura de la tesi<\/p>\n<p>Constituci\u00f3 del tribunal i acceptaci\u00f3. L&#8217;\u00f2rgan responsable del programa remetr\u00e0 un exemplar de tesi a cadascun dels membres del tribunal.L&#8217;acte de defensa de tesi&nbsp;ser\u00e0 convocat pel president del tribunal&nbsp;i comunicat pel secretari del mateix&nbsp;al Servei de Gesti\u00f3&nbsp;d&#8217;Estudis&nbsp;amb una antelaci\u00f3 m\u00ednima de 15 dies naturals.<br \/>\nFinalitzada la defensa i discussi\u00f3 de la tesi, cada membre del tribunal&nbsp;far\u00e0 per escrit una valoraci\u00f3 de la mateixa.<\/p>","protected":false},"excerpt":{"rendered":"<p>Fases de la Tesi Doctoral<br \/>\n1\u00aa Fase. Avaluaci\u00f3 de la tesi<br \/>\nEl departament\/institut remetr\u00e0 una proposta de cinc avaluadors externs a la&nbsp;UMH&nbsp; (no podent repetir-se la universitat o instituci\u00f3 a la qual pertanyen), amb informe d&#8217;idone\u00eftat dels candidats proposats.<br \/>\nFinalitzat el proc\u00e9s d&#8217;avaluaci\u00f3 el departament\/institut remetr\u00e0 al Servei de Gesti\u00f3 d&#8217;Estudis la documentaci\u00f3 que el proc\u00e9s hagi generat [&#8230;]<\/p>\n","protected":false},"author":12,"featured_media":0,"parent":25,"menu_order":50,"comment_status":"closed","ping_status":"open","template":"","meta":{"ngg_post_thumbnail":0,"_links_to":"","_links_to_target":""},"_links":{"self":[{"href":"https:\/\/estudios.umh.es\/ca\/wp-json\/wp\/v2\/pages\/360"}],"collection":[{"href":"https:\/\/estudios.umh.es\/ca\/wp-json\/wp\/v2\/pages"}],"about":[{"href":"https:\/\/estudios.umh.es\/ca\/wp-json\/wp\/v2\/types\/page"}],"author":[{"embeddable":true,"href":"https:\/\/estudios.umh.es\/ca\/wp-json\/wp\/v2\/users\/12"}],"replies":[{"embeddable":true,"href":"https:\/\/estudios.umh.es\/ca\/wp-json\/wp\/v2\/comments?post=360"}],"version-history":[{"count":0,"href":"https:\/\/estudios.umh.es\/ca\/wp-json\/wp\/v2\/pages\/360\/revisions"}],"up":[{"embeddable":true,"href":"https:\/\/estudios.umh.es\/ca\/wp-json\/wp\/v2\/pages\/25"}],"wp:attachment":[{"href":"https:\/\/estudios.umh.es\/ca\/wp-json\/wp\/v2\/media?parent=360"}],"curies":[{"name":"wp","href":"https:\/\/api.w.org\/{rel}","templated":true}]}}