{"id":362,"date":"2014-04-29T12:09:21","date_gmt":"2014-04-29T12:09:21","guid":{"rendered":"http:\/\/estudios.zeus.umh.es\/?page_id=362"},"modified":"2021-11-17T10:01:08","modified_gmt":"2021-11-17T09:01:08","slug":"acceso-y-admision","status":"publish","type":"page","link":"https:\/\/estudios.umh.es\/ca\/acceso\/doctorado\/acceso-y-admision\/","title":{"rendered":"Acc\u00e9s i Admissi\u00f3"},"content":{"rendered":"<p><strong>Acc\u00e9s<\/strong><\/p>\n<hr style=\"color: #c50606\">\n<p>RD 99\/2011, de 28 de gener, pel qual es regulen els ensenyaments oficials de doctorat.<\/p>\n<p>Article 6<\/p>\n<p>1. Amb car\u00e0cter general, per a l&#8217;acc\u00e9s a un programa oficial de doctorat ser\u00e0 necessari estar en possessi\u00f3 dels t\u00edtols oficials espanyols de Grau, o equivalent, i de M\u00e0ster Universitari.<\/p>\n<p>2. Aix\u00ed mateix, podran accedir els qui es troben en algun dels seg\u00fcents suposats:<\/p>\n<p>a) Estar en possessi\u00f3 d&#8217;un t\u00edtol universitari oficial espanyol, o d&#8217;un altre pa\u00eds integrant de l&#8217;Espai Europeu d&#8217;Educaci\u00f3 Superior, que habilite per a l&#8217;acc\u00e9s a M\u00e0ster d&#8217;acord amb l&#8217;establit en l&#8217;art. 16 del RD 1393\/2007, de 29 d&#8217;octubre i haver superat un m\u00ednim de 300 cr\u00e8dits ECTS en el conjunt d&#8217;estudis universitaris oficials dels quals, almenys 60, hauran de ser de nivell de M\u00e0ster.<\/p>\n<div class=\"fila-nueva-15\">\n<div class=\"inlinewrap\">\n<div class=\"columna-nueva-500\">\n<div id=\"resultado\" class=\"resultado\">\n<p>b) Estar en possessi\u00f3 d&#8217;un t\u00edtol oficial espanyol de Graduat o Graduada, la durada de la qual, conforme a normes de dret comunitari, siga d&#8217;almenys 300 cr\u00e8dits ECTS. Aquests titulats hauran de cursar amb car\u00e0cter obligatori els complements de formaci\u00f3 al fet que es refereix l&#8217;art. 7.2 d&#8217;aquesta norma, llevat que el pla d&#8217;estudis del corresponent t\u00edtol de grau incloga cr\u00e8dits de formaci\u00f3 en recerca, equivalents en valor formatiu als cr\u00e8dits en recerca procedents d&#8217;estudis de M\u00e0ster.<\/p>\n<p>c) Els\/Les titulats universitaris que, pr\u00e8via obtenci\u00f3 de pla\u00e7a en formaci\u00f3 en la corresponent prova d&#8217;acc\u00e9s a places de formaci\u00f3 sanit\u00e0ria especialitzada, hagen superat amb avaluaci\u00f3 positiva almenys 2 anys de formaci\u00f3 d&#8217;un programa per a l&#8217;obtenci\u00f3 del t\u00edtol oficial d&#8217;alguna de les especialitats en Ci\u00e8ncies de la Salut.<\/p>\n<p>d) Estar en possessi\u00f3 d&#8217;un t\u00edtol obtingut conforme a sistemes educatius estrangers, sense necessitat de la seua homologaci\u00f3, pr\u00e8via comprovaci\u00f3 per la universitat que aquest acredita nivell de formaci\u00f3 equivalent a la del t\u00edtol oficial espanyol de M\u00e0ster Universitari i que faculta en el pa\u00eds expedidor del t\u00edtol per a l&#8217;acc\u00e9s a estudis de doctorat. Aquesta admissi\u00f3 no implicar\u00e0, en cap cas, l&#8217;homologaci\u00f3 del t\u00edtol previ del que estiga en possessi\u00f3 l&#8217;interessat ni el seu reconeixement a altres efectes que el de l&#8217;acc\u00e9s a ensenyaments de Doctorat.<\/p>\n<\/div>\n<\/div>\n<div class=\"columna-nueva-200\">\n<div class=\"fila-nueva-15\">\n<div class=\"inlinewrap\">\n<div class=\"columna-nueva-500\">\n<div id=\"resultado\" class=\"resultado\">e) Estar en possessi\u00f3 d&#8217;un altre t\u00edtol espanyol de Doctor obtingut conforme a anteriors ordenacions universit\u00e0ries.<\/div>\n<div>f)&nbsp;Estar en possessi\u00f3 d&#8217;un t\u00edtol universitari oficial que hagi obtingut la correspond\u00e8ncia al nivell 3 del MECES.<\/div>\n<div class=\"resultado\">&nbsp;<\/div>\n<div class=\"resultado\"><strong>Admissi\u00f3<\/strong><\/div>\n<div class=\"resultado\">\n<hr style=\"color: #c50606\">\n<p>Per a ser adm\u00e8s en un Programa de Doctorat en qualsevol dels seus per\u00edodes, a m\u00e9s d&#8217;estar en possessi\u00f3 del t\u00edtol corresponent, els\/les estudiants hauran de reunir els requisits o criteris d&#8217;admissi\u00f3 que establisca el propi Programa. En tots els Programes de Doctorat es requerir\u00e0 una formaci\u00f3 de 6 cr\u00e8dits ECTS de formaci\u00f3 interdisciplin\u00e0ria, denominada %o201CActividad investigadora i el seu finan\u00e7ament%o201D, contenint, almenys, els seg\u00fcents descriptores: Caracter\u00edstiques fonamentals del proc\u00e9s de producci\u00f3 i difusi\u00f3 cient\u00edfica. Sistemes de recuperaci\u00f3 de la informaci\u00f3. Avaluaci\u00f3 dels trabajosde recerca. El mesurament de la qualitat de l&#8217;activitat cient\u00edfica. \u00c8tica en l&#8217;activitat investigadora. Finan\u00e7ament de la recerca. Preparaci\u00f3 de projectes de recerca. Carrera professional investigadora.<\/p>\n<\/div>\n<\/div>\n<div class=\"columna-nueva-200\">Aquells alumnes que hagen cursat i superat aquestes activitats de formaci\u00f3 en qualsevol M\u00e0ster oficial, hauran d&#8217;acreditar-ho documentalment.<\/div>\n<\/div>\n<\/div>\n<\/div>\n<\/div>\n<\/div>\n<p>La selecci\u00f3 ser\u00e0 realitzada per la Comissi\u00f3 Acad\u00e8mica del Programa de Doctorat, que comunicar\u00e0 la seua admissi\u00f3 o no en el programa.<\/p>\n<p>Els\/Les estudiants admesos en el Programa de Doctorat, formalitzaran cada curs acad\u00e8mic la seua matr\u00edcula en la Universitat, que li atorgar\u00e0 el dret a la tutela acad\u00e8mica, i a l&#8217;expedici\u00f3 de certificat que es considerar\u00e0 com a condici\u00f3 habilitante per al contracte en pr\u00e0ctiques del personal investigador en formaci\u00f3.<\/p>\n<p><a href=\"http:\/\/universite.umh.es\/pop\/preins_acceso.asp\" target=\"_blank\" rel=\"noopener\"><img loading=\"lazy\" class=\"aligncenter size-full wp-image-2593\" src=\"https:\/\/estudios.umh.es\/files\/2014\/04\/PREINSCRIPCION-UNIVERSITARIA1.png\" alt=\"PREINSCRIPCION-UNIVERSITARIA\" width=\"190\" height=\"71\"><\/a><\/p>","protected":false},"excerpt":{"rendered":"<p>Acc\u00e9s<\/p>\n<p>RD 99\/2011, de 28 de gener, pel qual es regulen els ensenyaments oficials de doctorat.<br \/>\nArticle 6<br \/>\n1. Amb car\u00e0cter general, per a l&#8217;acc\u00e9s a un programa oficial de doctorat ser\u00e0 necessari estar en possessi\u00f3 dels t\u00edtols oficials espanyols de Grau, o equivalent, i de M\u00e0ster Universitari.<br \/>\n2. Aix\u00ed mateix, podran accedir els qui es troben en algun [&#8230;]<\/p>\n","protected":false},"author":12,"featured_media":0,"parent":158,"menu_order":10,"comment_status":"closed","ping_status":"open","template":"","meta":{"ngg_post_thumbnail":0,"_links_to":"","_links_to_target":""},"_links":{"self":[{"href":"https:\/\/estudios.umh.es\/ca\/wp-json\/wp\/v2\/pages\/362"}],"collection":[{"href":"https:\/\/estudios.umh.es\/ca\/wp-json\/wp\/v2\/pages"}],"about":[{"href":"https:\/\/estudios.umh.es\/ca\/wp-json\/wp\/v2\/types\/page"}],"author":[{"embeddable":true,"href":"https:\/\/estudios.umh.es\/ca\/wp-json\/wp\/v2\/users\/12"}],"replies":[{"embeddable":true,"href":"https:\/\/estudios.umh.es\/ca\/wp-json\/wp\/v2\/comments?post=362"}],"version-history":[{"count":0,"href":"https:\/\/estudios.umh.es\/ca\/wp-json\/wp\/v2\/pages\/362\/revisions"}],"up":[{"embeddable":true,"href":"https:\/\/estudios.umh.es\/ca\/wp-json\/wp\/v2\/pages\/158"}],"wp:attachment":[{"href":"https:\/\/estudios.umh.es\/ca\/wp-json\/wp\/v2\/media?parent=362"}],"curies":[{"name":"wp","href":"https:\/\/api.w.org\/{rel}","templated":true}]}}