{"id":3627,"date":"2017-01-23T09:12:45","date_gmt":"2017-01-23T09:12:45","guid":{"rendered":"http:\/\/estudios.umh.es\/?page_id=3627"},"modified":"2023-04-25T09:38:20","modified_gmt":"2023-04-25T07:38:20","slug":"como-llegar","status":"publish","type":"page","link":"https:\/\/estudios.umh.es\/ca\/presentacion\/como-llegar\/","title":{"rendered":"Ubicaci\u00f3"},"content":{"rendered":"<p><\/p>\n<p style=\"text-align: left\">La direcci\u00f3 del Servei de Gesti\u00f3 d&#8217;Estudis \u00e9s la seg\u00fcent:<\/p>\n<ul>\n<li style=\"text-align: left\">Edifici Rectorat i Consell Social<\/li>\n<li style=\"text-align: left\">Av. De la Universitat, s \/ n<\/li>\n<li style=\"text-align: left\">03202 Elx (Alacant)<\/li>\n<\/ul>\n<p style=\"text-align: left\">La nostra ubicaci\u00f3 dins de l&#8217;edifici Rectorat i Consell Social \u00e9s:<\/p>\n<div id=\"wrap\">\n<div id=\"container\">\n<div id=\"content\">\n<div id=\"main\">\n<div id=\"post-30\" class=\"page\">\n<div class=\"content\">\n<div style=\"text-align: left\">&nbsp;<\/div>\n<div style=\"text-align: left\">[<a href=\"https:\/\/universite.umh.es\/localizaciones\/default.htm?&amp;selT=estancias&amp;selI=E16P0007\">Veure pantalla completa<\/a>]<br><br><iframe src=\"https:\/\/universite.umh.es\/localizaciones\/default.htm?face=nok&amp;selT=estancias&amp;selI=E16P0007\" frameborder=0 style=\"border: 0px solid #ffffff;\" width=\"600 px\" height=\"425 px\"><\/iframe>\n<\/div>\n<\/div>\n<\/div>\n<\/div>\n<\/div>\n<\/div>\n<\/div>\n<p id=\"tw-target-text\" class=\"tw-data-text tw-ta tw-text-small\" dir=\"ltr\"><span lang=\"ca\">Tamb\u00e9 pots descarregarte el <a href=\"https:\/\/estudios.umh.es\/files\/2017\/01\/Plano-UMH.pdf\">pl\u00e0nol del Campus d&#8217;Elx<\/a> de la Universitat Miguel Hern\u00e1ndez.<\/span><\/p>\n<p><\/p>","protected":false},"excerpt":{"rendered":"<p>La direcci\u00f3 del Servei de Gesti\u00f3 d&#8217;Estudis \u00e9s la seg\u00fcent:<\/p>\n<p>Edifici Rectorat i Consell Social<br \/>\nAv. De la Universitat, s \/ n<br \/>\n03202 Elx (Alacant)<\/p>\n<p>La nostra ubicaci\u00f3 dins de l&#8217;edifici Rectorat i Consell Social \u00e9s:<\/p>\n<p>&nbsp;<br \/>\n[Veure pantalla completa]<\/p>\n<p>Tamb\u00e9 pots descarregarte el pl\u00e0nol del Campus d&#8217;Elx de la Universitat Miguel Hern\u00e1ndez.<\/p>\n","protected":false},"author":3598,"featured_media":0,"parent":166,"menu_order":20,"comment_status":"closed","ping_status":"closed","template":"","meta":{"ngg_post_thumbnail":0,"_links_to":"","_links_to_target":""},"_links":{"self":[{"href":"https:\/\/estudios.umh.es\/ca\/wp-json\/wp\/v2\/pages\/3627"}],"collection":[{"href":"https:\/\/estudios.umh.es\/ca\/wp-json\/wp\/v2\/pages"}],"about":[{"href":"https:\/\/estudios.umh.es\/ca\/wp-json\/wp\/v2\/types\/page"}],"author":[{"embeddable":true,"href":"https:\/\/estudios.umh.es\/ca\/wp-json\/wp\/v2\/users\/3598"}],"replies":[{"embeddable":true,"href":"https:\/\/estudios.umh.es\/ca\/wp-json\/wp\/v2\/comments?post=3627"}],"version-history":[{"count":0,"href":"https:\/\/estudios.umh.es\/ca\/wp-json\/wp\/v2\/pages\/3627\/revisions"}],"up":[{"embeddable":true,"href":"https:\/\/estudios.umh.es\/ca\/wp-json\/wp\/v2\/pages\/166"}],"wp:attachment":[{"href":"https:\/\/estudios.umh.es\/ca\/wp-json\/wp\/v2\/media?parent=3627"}],"curies":[{"name":"wp","href":"https:\/\/api.w.org\/{rel}","templated":true}]}}