{"id":363,"date":"2014-04-29T12:10:35","date_gmt":"2014-04-29T12:10:35","guid":{"rendered":"http:\/\/estudios.zeus.umh.es\/?page_id=363"},"modified":"2024-07-19T11:17:50","modified_gmt":"2024-07-19T09:17:50","slug":"preinscripcion","status":"publish","type":"page","link":"https:\/\/estudios.umh.es\/ca\/acceso\/doctorado\/preinscripcion\/","title":{"rendered":"Preinscripci\u00f3"},"content":{"rendered":"<p><strong>Preinscripci\u00f3<\/strong><\/p>\n<hr style=\"color: #c50606\">\n<p>Preinscripci\u00f3*: del 16 de juliol al 14 de setembre de 2018<\/p>\n<p>Publicaci\u00f3 de llistes provisionals: 5 d&#8217;octubre de 2018<\/p>\n<p>Reclamacions: del 5 al 11 d&#8217;octubre de 2018<\/p>\n<p>Publicaci\u00f3 de llistes definitives: 18 d&#8217;octubre de 2018<\/p>\n<hr style=\"color: #c50606\">\n<p>Els\/Les sol\u00b7licitants lliuraran en Registre General (Edifici Rectorat) o Registres Auxiliars (Centre de Gesti\u00f3 de Campus), el resguard de preinscripci\u00f3 emplenat i <strong>signat<\/strong>.<\/p>\n<p><a href=\"http:\/\/universite.umh.es\/pop\/preins_acceso.asp\"><img loading=\"lazy\" class=\"size-full wp-image-540 aligncenter\" src=\"https:\/\/estudios.umh.es\/files\/2014\/04\/PREINSCRIPCION-UNIVERSITARIA.png\" alt=\"PREINSCRIPCION-UNIVERSITARIA\" width=\"150\" height=\"52\"><\/a><\/p>\n<p>S&#8217;ha d&#8217;adjuntar la seg\u00fcent documentaci\u00f3:<\/p>\n<p><strong>a) Tots\/es els\/les estudiants han de lliurar:<\/strong><\/p>\n<ul>\n<li style=\"list-style-type: none\">\n<ul>\n<li>Resguard de preinscripci\u00f3 degudament signat<\/li>\n<li>Fotoc\u00f2pia del DNI o passaport en el cas d&#8217;estudiant estranger<\/li>\n<li>Curriculum Vitae<\/li>\n<\/ul>\n<\/li>\n<\/ul>\n<p><strong>b) Depenent de la manera d&#8217;acc\u00e9s:<\/strong><\/p>\n<p><strong>1. Estudiants que accedeixen amb el t\u00edtol de Grau i M\u00e0ster Universitari:<\/strong><\/p>\n<ul>\n<li style=\"list-style-type: none\">\n<ul>\n<li>Fotoc\u00f2pia compulsada\/acarada del t\u00edtol de Grau i del M\u00e0ster Universitari.<\/li>\n<\/ul>\n<\/li>\n<\/ul>\n<p><strong>2. Estudiants amb el t\u00edtol de Grau de, almenys, 300 cr\u00e8dits ECTS:<\/strong><\/p>\n<ul>\n<li style=\"list-style-type: none\">\n<ul>\n<li>Fotoc\u00f2pia compulsada\/acarada del t\u00edtol de Grau.<\/li>\n<li>Fotoc\u00f2pia compulsada\/acarada del certificat dels estudis de Grau.<\/li>\n<\/ul>\n<\/li>\n<\/ul>\n<p><strong>3. Estudiants que accedeixen amb t\u00edtol universitari oficial espanyol o de l&#8217;EEES amb, almenys, 300 ECTS, dels quals 60 han de ser de nivell M\u00e0ster.<\/strong><\/p>\n<ul>\n<li style=\"list-style-type: none\">\n<ul>\n<li>Fotoc\u00f2pia compulsada\/acarada del t\u00edtol universitari oficial.<\/li>\n<li>Fotoc\u00f2pia compulsada\/acarada del\/dels certificat\/s dels cr\u00e8dits ECTS en el conjunt dels estudis universitaris, dels quals 60 han de ser de nivell M\u00e0ster.<\/li>\n<\/ul>\n<\/li>\n<\/ul>\n<p><strong> 4. Estudiants amb almenys dos anys d&#8217;avaluaci\u00f3 positiva del t\u00edtol d&#8217;Especialista en Ci\u00e8ncies de la Salut:<\/strong><\/p>\n<ul>\n<li>Fotoc\u00f2pia compulsada\/acarada del t\u00edtol universitari d&#8217;acc\u00e9s a l&#8217;especialitat.<\/li>\n<li>Fotoc\u00f2pia compulsada\/acarada del t\u00edtol d&#8217;Especialista.<\/li>\n<\/ul>\n<p><strong> 5. Estudiants amb titulaci\u00f3 estrangera no pertanyent a l&#8217;EEES:<\/strong><\/p>\n<ul>\n<li>Fotoc\u00f2pia compulsada\/acarada del t\u00edtol universitari que faculta en el pa\u00eds expedidor a l&#8217;acc\u00e9s als estudis de doctorat (legalitzat via diplom\u00e0tica)<\/li>\n<li>Fotoc\u00f2pia compulsada\/acarada del certificat acad\u00e8mic dels estudis que donen acc\u00e9s als estudis de doctorat (legalitzat via diplom\u00e0tica).<\/li>\n<li>Si escau remetre els documents amb la traducci\u00f3 jurada a l&#8217;espanyol.<\/li>\n<li>Rebut d&#8217;haver abonat l&#8217;estudi d&#8217;equival\u00e8ncia d&#8217;estudis preceptiu.<\/li>\n<\/ul>\n<p><strong>6. Estudiants amb el t\u00edtol de Doctor, amb el DEA o amb el Reconeixement de Sufici\u00e8ncia Investigadora:<\/strong><\/p>\n<ul>\n<li>Fotoc\u00f2pia compulsada\/Acarada del t\u00edtol d&#8217;acc\u00e9s o de la certificaci\u00f3 acad\u00e8mica que acredite el DEA o el Reconeixement de Sufici\u00e8ncia Investigadora.<\/li>\n<\/ul>\n<p><strong>7. Estudiants amb t\u00edtol universitari oficial amb la correspond\u00e8ncia al nivell 3 del MECES:<\/strong><\/p>\n<ul>\n<li style=\"list-style-type: none\">\n<ul>\n<li>Fotoc\u00f2pia compulsada\/acarada del t\u00edtol d&#8217;acc\u00e9s.<\/li>\n<li>Fotoc\u00f2pia compulsada\/acarada del certificat de correspond\u00e8ncia al nivell 3 del MECES.<\/li>\n<\/ul>\n<\/li>\n<\/ul>\n<p>*Aquest&nbsp;termini continuar\u00e0 obert en cas de vacants al programa de doctorat.&nbsp;<\/p>","protected":false},"excerpt":{"rendered":"<p>Preinscripci\u00f3<\/p>\n<p>Preinscripci\u00f3*: del 16 de juliol al 14 de setembre de 2018<br \/>\nPublicaci\u00f3 de llistes provisionals: 5 d&#8217;octubre de 2018<br \/>\nReclamacions: del 5 al 11 d&#8217;octubre de 2018<br \/>\nPublicaci\u00f3 de llistes definitives: 18 d&#8217;octubre de 2018<\/p>\n<p>Els\/Les sol\u00b7licitants lliuraran en Registre General (Edifici Rectorat) o Registres Auxiliars (Centre de Gesti\u00f3 de Campus), el resguard de preinscripci\u00f3 emplenat i signat.<\/p>\n<p>S&#8217;ha d&#8217;adjuntar [&#8230;]<\/p>\n","protected":false},"author":12,"featured_media":0,"parent":158,"menu_order":20,"comment_status":"closed","ping_status":"open","template":"","meta":{"ngg_post_thumbnail":0,"_links_to":"","_links_to_target":""},"_links":{"self":[{"href":"https:\/\/estudios.umh.es\/ca\/wp-json\/wp\/v2\/pages\/363"}],"collection":[{"href":"https:\/\/estudios.umh.es\/ca\/wp-json\/wp\/v2\/pages"}],"about":[{"href":"https:\/\/estudios.umh.es\/ca\/wp-json\/wp\/v2\/types\/page"}],"author":[{"embeddable":true,"href":"https:\/\/estudios.umh.es\/ca\/wp-json\/wp\/v2\/users\/12"}],"replies":[{"embeddable":true,"href":"https:\/\/estudios.umh.es\/ca\/wp-json\/wp\/v2\/comments?post=363"}],"version-history":[{"count":0,"href":"https:\/\/estudios.umh.es\/ca\/wp-json\/wp\/v2\/pages\/363\/revisions"}],"up":[{"embeddable":true,"href":"https:\/\/estudios.umh.es\/ca\/wp-json\/wp\/v2\/pages\/158"}],"wp:attachment":[{"href":"https:\/\/estudios.umh.es\/ca\/wp-json\/wp\/v2\/media?parent=363"}],"curies":[{"name":"wp","href":"https:\/\/api.w.org\/{rel}","templated":true}]}}