{"id":365,"date":"2014-04-29T14:07:35","date_gmt":"2014-04-29T14:07:35","guid":{"rendered":"http:\/\/estudios.zeus.umh.es\/?page_id=365"},"modified":"2021-12-15T11:34:53","modified_gmt":"2021-12-15T10:34:53","slug":"evaluacion-de-tesis-doctoral","status":"publish","type":"page","link":"https:\/\/estudios.umh.es\/ca\/doctorado\/tesisdoctoral\/evaluacion-de-tesis-doctoral\/","title":{"rendered":"Evaluaci\u00f2"},"content":{"rendered":"<p><\/p>\n<p style=\"text-align: justify\" align=\"left\">&nbsp;<\/p>\n<h3 style=\"text-align: center\"><strong>Acord de la Comissi\u00f3 d&#8217;Estudis de Doctorat en la seva sessi\u00f3 de 27 de juny de 2017<\/strong><\/h3>\n<p>&nbsp;<\/p>\n<p><strong>INDICACIONS A SEGUIR EN ELS APARTATS RELACIONATS AMB EL PERFIL D&#8217;AVALUADORS, RECONEIXEMENT DELS SEXENNIS DE INVESTIGACI\u00d3, I CRITERIS D&#8217;ORIGINALITAT EN LES TESIS CONVENCIONALS CONTEMPLATS EN LA NORMATIVA D&#8217;ESTUDIS DE DOCTORAT DE LA UNIVERSITAT MIGUEL HERN\u00c1NDEZ D&#8217;ELX.<\/strong><\/p>\n<p><strong>1.&nbsp;<\/strong>Els requisits necessaris per actuar com a <strong>avaluador<\/strong> seran els mateixos que els contemplats per als <strong>membres dels tribunals<\/strong> de tesi doctoral (article 23.2). Aquests requisits hauran de ser documentalment acreditats.<\/p>\n<p><strong>2.&nbsp;Justificaci\u00f3 de la qualitat<\/strong> en la recerca per als avaluadors, membres de tribunal i directors de tesis:<\/p>\n<p style=\"padding-left: 30px\"><b><strong><strong>Contribucions cient\u00edfiques<\/strong>. <\/strong><\/b>Les evid\u00e8ncies de les contribucions cient\u00edfiques aportades es faran a trav\u00e9s de&nbsp;ORCID&nbsp;o&nbsp;ResearchID. Per aix\u00f2 es fa imprescindible que aquest recurs estigui actualitzat i degudament emplenat i en obert. Causar\u00e0 rebuig autom\u00e0tic de tot el tribunal o avaluadors proposats quan aquesta informaci\u00f3 no estigui degudament emplenada.<\/p>\n<p style=\"padding-left: 30px\"><b><strong><strong>Activitat investigadora activa (sexennis actius):<\/strong><\/strong><\/b><\/p>\n<p style=\"padding-left: 60px\"><span style=\"text-decoration: underline\">MEMBRES ACAD\u00c8MICS:<\/span><\/p>\n<p style=\"padding-left: 60px\">Els funcionaris de carrera dels cossos docents universitaris i de les escales de Professors de Recerca, Investigadors Cient\u00edfics i Cient\u00edfics Titulars del Consell Superior de Recerques Cient\u00edfiques (CSIC) podran presentar les evid\u00e8ncies de la seva activitat investigadora activa a trav\u00e9s dels documents acreditatius atorgats per la Comissi\u00f3 Nacional Avaluadora de l&#8217;Activitat Investigadora (CNEAI)&nbsp;o les fulles de serveis de la instituci\u00f3 en la qual presta els seus serveis; sent aquest un requisit obligatori.<\/p>\n<p style=\"padding-left: 60px\">Aquells cossos docents i investigadors que no s\u00f3n avaluats per la&nbsp;CNEAI, per\u00f2 s\u00ed per altres ag\u00e8ncies auton\u00f2miques o internacionals tindran \u00fanicament reconeixement per formar part dels processos d&#8217;avaluaci\u00f3 de les tesis doctorals (avaluaci\u00f3 i defensa de tesi doctoral). La seva presentaci\u00f3 ser\u00e0 obligat\u00f2ria i com en cas anterior hauran de tenir els sexennis actius.<\/p>\n<p style=\"padding-left: 60px\">Per als docents que no puguin acollir-se a processos d&#8217;avaluaci\u00f3 per organismes avaluadors acreditats, la Comissi\u00f3 Acad\u00e8mica del Programa de Doctorat haur\u00e0 de remetre als Serveis de Biblioteca la informaci\u00f3 recaptada (un m\u00ednim de 5 aportacions per cada per\u00edode de 6 anys) per a l&#8217;acreditaci\u00f3 del sexenni equivalent actiu, indicant en la petici\u00f3, el camp d&#8217;avaluaci\u00f3 al que es desitja adscriure i el\/els per\u00edodes a avaluar.<\/p>\n<p style=\"padding-left: 60px\"><span style=\"text-decoration: underline\">MEMBRES NO ACAD\u00c8MICS:<\/span><\/p>\n<p style=\"padding-left: 60px\">Per als membres no acad\u00e8mics que no puguin acollir-se a processos d&#8217;avaluaci\u00f3 per organismes avaluadors acreditats, la Comissi\u00f3 Acad\u00e8mica del Programa de Doctorat haur\u00e0 de remetre als Serveis de Biblioteca la informaci\u00f3 recaptada (un m\u00ednim de 5 aportacions per cada per\u00edode de 6 anys) per a l&#8217;acreditaci\u00f3 del sexenni equivalent actiu, indicant en la petici\u00f3, el camp d&#8217;avaluaci\u00f3 al que es desitja adscriure i el\/els per\u00edodes a avaluar.<\/p>\n<p><strong>3.<\/strong> Els criteris d&#8217;originalitat en <strong>les tesis convencionals<\/strong>, compliran amb els mateixos criteris que les tesis per&nbsp;compendio&nbsp;d&#8217;articles. En cap cas es podran incloure articles en els quals no figuri el director i que hagin estat utilitzats en altres tesis doctorals. Amb la finalitat de comprovar l&#8217;originalitat de totes les tesis doctorals \u00e9s obligatori presentar un informe de coincid\u00e8ncies. El programa per realitzar aquest informe est\u00e0 disponible en l&#8217;acc\u00e9s identificat del professorat de la&nbsp;UMH.<\/p>\n<p><strong>Acord de Transici\u00f3.<\/strong> El requisit que el doctorand figuri com a primer autor i que l&#8217;article hagi de ser confirmat pel director i codirector de la tesi, si ho hi hagu\u00e9s, ser\u00e0 aplicable als estudiants matriculats per primera vegada en els estudis de doctorat amb posterioritat al 27 de juny de 2017.<\/p>\n<hr>\n<h3 align=\"left\">&nbsp;<\/h3>\n<h3 style=\"text-align: center\" align=\"left\">Dip\u00f2sit de Tesi doctoral<\/h3>\n<p>&nbsp;<\/p>\n<p>El dip\u00f2sit de Tesi es realitzar\u00e0 en el Registre General i\/o Registres Auxiliars de la&nbsp;UMH.<\/p>\n<p><strong>Procediment:<\/strong><\/p>\n<p>1. El Servei de Gesti\u00f3 d&#8217;Estudis remetr\u00e0 al Departament o Institut responsable del Programa de Doctorat o a la Comissi\u00f3 Acad\u00e8mica del Programa de Doctorat un correu electr\u00f2nic amb la seg\u00fcent documentaci\u00f3:<\/p>\n<ul>\n<li>Carta d&#8217;autoritzaci\u00f3 del dip\u00f2sit de tesi.<\/li>\n<li>Sol\u00b7licitud de dret d&#8217;examen per a la defensa de la tesi doctoral.<\/li>\n<li>Acord signat entre el Doctorand\/a i la Universitat Miguel Hern\u00e1ndez d&#8217;Elx per incloure la seva tesi doctoral en el Repositori Institucional de la Universitat Miguel Hern\u00e1ndez d&#8217;Elx (REDIUMH)<\/li>\n<\/ul>\n<p>2. El\/la doctorant\/a haur\u00e0 de presentar en el Registre la carta d&#8217;autoritzaci\u00f3 de dip\u00f2sit de tesi, l&#8217;acord per al Repositori Institucional de la Universitat Miguel Hern\u00e1ndez d&#8217;Elx (REDIUMH), els 9 exemplars de tesis necessaris m\u00e9s un en suport magn\u00e8tic (CD) i la resta de documentaci\u00f3 que consideri oport\u00fa.<\/p>\n<p>3. Una vegada registrats els 9 exemplars, el\/la doctorant\/a se portar\u00e0 8 (7 per distribuir-los entre els membres del tribunal i 1 per deixar en el Departament o Institut responsable del Programa de Doctorat o en la Comissi\u00f3 Acad\u00e8mica del Programa de Doctorat).<\/p>\n<p>4. El Registre far\u00e0 arribar al Servei de Gesti\u00f3 d&#8217;Estudis l&#8217;exemplar de tesi restant, on romandr\u00e0 en dip\u00f2sit durant 10 dies h\u00e0bils. Es far\u00e0 arribar tamb\u00e9 la tesi en suport magn\u00e8tic, la sol\u00b7licitud de drets d&#8217;examen degudament emplenada i signada per el\/la doctorant\/a, aix\u00ed com l&#8217;acord per incloure la seva tesi doctoral en el Repositori Institucional de la Universitat Miguel Hern\u00e1ndez d&#8217;Elx (REDIUMH), juntament amb la resta de documentaci\u00f3.<\/p>\n<p>5. El Servei de Gesti\u00f3 d&#8217;Estudis emetr\u00e0 l&#8217;oport\u00fa rebut de drets d&#8217;examen i l&#8217;hi remetr\u00e0 via correu electr\u00f2nic al doctorand\/a, juntament amb la informaci\u00f3 per a l&#8217;emplenament de la fitxa Teseu i la resta de documentaci\u00f3 relativa a terminis i dates de lectura, aix\u00ed com l&#8217;autoritzaci\u00f3 de consulta de l&#8217;exemplar de la tesi doctoral impresa a la Biblioteca. El justificant d&#8217;haver abonat les taxes haur\u00e0 de ser rem\u00e8s al Servei de Gesti\u00f3 d&#8217;Estudis abans de la defensa de la tesi doctoral.<\/p>\n<p>6. Autoritzada la defensa de la tesi doctoral, la Comissi\u00f3 d&#8217;Estudis de Doctorat designar\u00e0 el Tribunal encarregat de jutjar la tesi doctoral. La proposta de Tribunal haur\u00e0 de ser remesa al Servei de Gesti\u00f3 d&#8217;Estudis pel Departament o Institut responsable del Programa de Doctorat o la Comissi\u00f3 Acad\u00e8mica del Programa de Doctorat en format paper (impr\u00e8s preferentment per les dues cares), <strong>havent de ser avan\u00e7at per correu electr\u00f2nic a l&#8217;adre\u00e7a<\/strong>: doctorado@umh.es<\/p>\n<p>7. Designat el Tribunal es comunicar\u00e0 via correu electr\u00f2nic el nomenament del mateix al Director\/a de el Departament o Institut responsable del Programa de Doctorat o a la Comissi\u00f3 Acad\u00e8mica del Programa de Doctorat, al Responsable del&nbsp;CEGECA&nbsp;en el Campus del qual tingui seu el Departament o Institut responsable del Programa de Doctorat i a tots i cadascun dels membres que componen el Tribunal (enviant-se-li documentaci\u00f3 addicional, necess\u00e0ria per al dia de la defensa de la tesi doctoral, al membre designat com a Secretari\/a).<\/p>\n<p>8. El\/La Secretari\/a de el Tribunal, per indicaci\u00f3 del President, haur\u00e0 de comunicar per correu electr\u00f2nic a l&#8217;adre\u00e7a: doctorado@umh.es, amb una antelaci\u00f3 de, almenys, 15 dies naturals, la data, lloc i hora de la defensa de la tesi doctoral.<\/p>\n<p>9. El Servei de Gesti\u00f3 d&#8217;Estudis comunicar\u00e0 via correu electr\u00f2nic al Director\/a de el Departament o Institut responsable del Programa de Doctorat o a la Comissi\u00f3 Acad\u00e8mica del Programa de Doctorat i amb c\u00f2pia al Responsable del&nbsp;CEGECA, en el Campus del qual vagi a ser defensada la tesi doctoral la data, lloc i hora de la defensa de la tesi doctoral.<\/p>\n<p>10. Despr\u00e9s de l&#8217;acte de lectura i defensa de la tesi, el\/la Secretari\/a de el Tribunal haur\u00e0 de remetre, com m\u00e9s aviat millor al Servei de Gesti\u00f3 d&#8217;Estudis la seg\u00fcent documentaci\u00f3:<\/p>\n<ul>\n<li>Acta original emplenada.<\/li>\n<li>Informes de valoraci\u00f3 de cadascun dels membres del tribunal.<\/li>\n<li>Sobres amb els informes d&#8217;opci\u00f3 de Premi Extraordinari de cadascun dels membres del Tribunal.<\/li>\n<li>Sobres amb els vots per a l&#8217;esment \u201cCumLaude\u201d.<\/li>\n<\/ul>\n<p>11. Una vegada defensada la tesi doctoral i havent superat aquest examen, podr\u00e0 sol\u00b7licitar, en el Servei de Gesti\u00f3 d&#8217;Estudis, l&#8217;expedici\u00f3 del T\u00edtol de Doctor\/a, per a aix\u00f2 \u00e9s requisit necessari haver emplenat la fitxa Teseu. Una vegada abonat el T\u00edtol, juntament amb el resguard del dip\u00f2sit del t\u00edtol se li lliurar\u00e0 l&#8217;acord per incloure la seva tesi doctoral en el Repositori Institucional de la Universitat Miguel Hern\u00e1ndez d&#8217;Elx (REDIUMH), signat per la Universitat.<\/p>","protected":false},"excerpt":{"rendered":"<p>&nbsp;<br \/>\nAcord de la Comissi\u00f3 d&#8217;Estudis de Doctorat en la seva sessi\u00f3 de 27 de juny de 2017<br \/>\n&nbsp;<br \/>\nINDICACIONS A SEGUIR EN ELS APARTATS RELACIONATS AMB EL PERFIL D&#8217;AVALUADORS, RECONEIXEMENT DELS SEXENNIS DE INVESTIGACI\u00d3, I CRITERIS D&#8217;ORIGINALITAT EN LES TESIS CONVENCIONALS CONTEMPLATS EN LA NORMATIVA D&#8217;ESTUDIS DE DOCTORAT DE LA UNIVERSITAT MIGUEL HERN\u00c1NDEZ D&#8217;ELX.<br \/>\n1.&nbsp;Els requisits necessaris per [&#8230;]<\/p>\n","protected":false},"author":12,"featured_media":0,"parent":360,"menu_order":10,"comment_status":"closed","ping_status":"open","template":"","meta":{"ngg_post_thumbnail":0,"_links_to":"","_links_to_target":""},"_links":{"self":[{"href":"https:\/\/estudios.umh.es\/ca\/wp-json\/wp\/v2\/pages\/365"}],"collection":[{"href":"https:\/\/estudios.umh.es\/ca\/wp-json\/wp\/v2\/pages"}],"about":[{"href":"https:\/\/estudios.umh.es\/ca\/wp-json\/wp\/v2\/types\/page"}],"author":[{"embeddable":true,"href":"https:\/\/estudios.umh.es\/ca\/wp-json\/wp\/v2\/users\/12"}],"replies":[{"embeddable":true,"href":"https:\/\/estudios.umh.es\/ca\/wp-json\/wp\/v2\/comments?post=365"}],"version-history":[{"count":0,"href":"https:\/\/estudios.umh.es\/ca\/wp-json\/wp\/v2\/pages\/365\/revisions"}],"up":[{"embeddable":true,"href":"https:\/\/estudios.umh.es\/ca\/wp-json\/wp\/v2\/pages\/360"}],"wp:attachment":[{"href":"https:\/\/estudios.umh.es\/ca\/wp-json\/wp\/v2\/media?parent=365"}],"curies":[{"name":"wp","href":"https:\/\/api.w.org\/{rel}","templated":true}]}}