{"id":37,"date":"2014-02-27T11:32:58","date_gmt":"2014-02-27T11:32:58","guid":{"rendered":"http:\/\/estudios.zeus.umh.es\/?page_id=37"},"modified":"2025-09-12T09:21:54","modified_gmt":"2025-09-12T07:21:54","slug":"experiencia-laboral-y-profesional","status":"publish","type":"page","link":"https:\/\/estudios.umh.es\/ca\/presentacion\/normativas\/reconocimiento-de-creditos\/experiencia-laboral-y-profesional\/","title":{"rendered":"RECONEIXEMENT DE CR\u00c8DITS MITJAN\u00c7ANT L&#8217;ACREDITACI\u00d3 D&#8217;EXPERI\u00c8NCIA LABORAL I PROFESSIONAL"},"content":{"rendered":"<p>En el seg\u00fcent v\u00eddeo, pots veure de forma resumida, el procediment per a sol.licitar el reconeixement de cr\u00e8dits mitjan\u00e7ant l&#8217;acreditaci\u00f3 d&#8217;experi\u00e8ncia laboral i professional:<\/p>\n<p><iframe  style=\"display: block; margin: 0px auto;\"  id=\"_ytid_17253\"  width=\"480\" height=\"270\"  data-origwidth=\"480\" data-origheight=\"270\" src=\"https:\/\/www.youtube.com\/embed\/JYbQ9inSRZ8?enablejsapi=1&autoplay=0&cc_load_policy=0&cc_lang_pref=&iv_load_policy=1&loop=0&modestbranding=0&rel=1&fs=1&playsinline=0&autohide=2&theme=dark&color=red&controls=1&\" class=\"__youtube_prefs__  no-lazyload\" title=\"YouTube player\"  allow=\"accelerometer; autoplay; clipboard-write; encrypted-media; gyroscope; picture-in-picture\" allowfullscreen data-no-lazy=\"1\" data-skipgform_ajax_framebjll=\"\"><\/iframe><\/a><\/p>\n<p>&nbsp;<\/p>\n<p style=\"text-align: justify\">L&#8217;experi\u00e8ncia laboral i professional acreditada podr\u00e0 ser tamb\u00e9 reconeguda en forma de cr\u00e8dits que computaran a l&#8217;efecte de l&#8217;obtenci\u00f3 d&#8217;un t\u00edtol oficial, sempre que aquesta experi\u00e8ncia estiga relacionada amb les compet\u00e8ncies inherents a aquest t\u00edtol.<\/p>\n<p>El nombre de cr\u00e8dits que siguen objecte de reconeixement a partir d&#8217;experi\u00e8ncia professional o laboral i d&#8217;ensenyaments universitaris no oficials no podr\u00e0 ser superior, en el seu conjunt, al 15 per cent del total de cr\u00e8dits que constitueixen el pla d&#8217;estudis. El reconeixement d&#8217;aquests cr\u00e8dits no incorporar\u00e0 qualificaci\u00f3 dels mateixos pel que no computaran a l&#8217;efecte de baremaci\u00f3n de l&#8217;expedient. El per\u00edode m\u00ednim de temps que s&#8217;ha d&#8217;aportar \u00e9s de 3 mesos a temps complet o el seu equivalent a temps parcial. L&#8217;equival\u00e8ncia que es realitzaria seria de fins a 0,5 ECTS, per cada 3 mesos a temps complet, at\u00e9s el nivell d&#8217;adequaci\u00f3 entre l&#8217;experi\u00e8ncia laboral i professional aportada i les compet\u00e8ncies del Grau cursat.<\/p>\n<h3 style=\"text-align: justify\">Quan i com realitzar la sol\u00b7licitud de reconeixement de cr\u00e8dits mitjan\u00e7ant l&#8217;acreditaci\u00f3 per Experi\u00e8ncia Laboral i Professional?<\/h3>\n<ul>\n<li style=\"text-align: justify\">Termini: La sol\u00b7licitud es realitzar\u00e0 des de l&#8217;endem\u00e0 a la finalitzaci\u00f3 de la teua matr\u00edcula fins al 15 de setembre de 2025.<\/li>\n<li style=\"text-align: justify\">Com: La sol\u00b7licitud es realitza telem\u00e0ticament. L&#8217;aplicaci\u00f3 es troba en el teu acc\u00e9s identificat i es denomina \u00abSolicitud y Consulta de reconocimiento de cr\u00e9ditos en estudios de Grado y M\u00e1ster universitario\u00bb.<\/li>\n<\/ul>\n<h3>Quina documentaci\u00f3 he d&#8217;aportar?<\/h3>\n<p style=\"text-align: justify\">La documentaci\u00f3 que s&#8217;ha d&#8217;aportar \u00e9s l\u00b4a baix relacionada. \u00c9s necessari indicar que la documentaci\u00f3 seguidament relacionada no \u00e9s excloent. \u00c9s a dir, l&#8217;estudiantat ha d&#8217;aportar tota aquella informaci\u00f3 que li afecte d&#8217;acord a la seua vida laboral.<\/p>\n<p style=\"text-align: justify\">Has d&#8217;aportar en format PDF la seg\u00fcent documentaci\u00f3:<\/p>\n<ol>\n<li style=\"text-align: justify\">Informe de la vida laboral.<\/li>\n<li style=\"text-align: justify\">Certificat de l&#8217;empresa o organisme en el qual es reflectisca l&#8217;activitat realitzada per l&#8217;estudiantat i el per\u00edode de temps d&#8217;exercici, en el qual es puga constatar que l&#8217;antiguitat laboral en el grup de cotitzaci\u00f3 guarda relaci\u00f3 amb les compet\u00e8ncies previstes en els estudis corresponents. En el cas que no es puga aportar per tancament patronal de l&#8217;empresa, es presentar\u00e0 el contracte de treball corresponent, que podr\u00e0 ser considerat sempre que es puga obtenir del mateix la informaci\u00f3 necess\u00e0ria sobre les compet\u00e8ncies adquirides.<\/li>\n<li style=\"text-align: justify\">Si l&#8217;estudiantat ha realitzat activitats en el R\u00e8gim General de Treballadors Aut\u00f2noms, s&#8217;acreditar\u00e0 l&#8217;ep\u00edgraf de l&#8217;Impost d&#8217;Activitats Econ\u00f2miques (IAE). Aix\u00ed mateix, haur\u00e0 d&#8217;acreditar documentalment les activitats desenvolupades per l&#8217;estudiant.<\/li>\n<li style=\"text-align: justify\">Certificat del Col\u00b7legi Oficial que corresponga, en el seu cas.<\/li>\n<li style=\"text-align: justify\">Certificat censal de l&#8217;Ag\u00e8ncia Estatal d&#8217;Administraci\u00f3 Tribut\u00e0ria en el cas que estudiant exercisca com a liberal no donat d&#8217;alta com a aut\u00f2nom.<\/li>\n<\/ol>\n<h3>Qu\u00e8 he de fer quan haja realitzat la sol\u00b7licitud telem\u00e0tica?<\/h3>\n<ul>\n<li>Una vegada que has finalitzat la sol\u00b7licitud, es revisa i si est\u00e0 tot correcte s\u00b4env\u00eda a la Facultat o Escola corresponent per a la seua valoraci\u00f3.<\/li>\n<li>La documentaci\u00f3, una vegada s&#8217;haja resolt la teua sol\u00b7licitud, podr\u00e0 ser requerida per al seu acarament en el Centre de Gesti\u00f3 de Campus corresponent.&nbsp;<\/li>\n<li>En el cas que la documentaci\u00f3 tinga signatura electr\u00f2nica, no ser\u00e0 necess\u00e0ria la seua presentaci\u00f3 en el Centre de Gesti\u00f3 de Campus per al seu acarament.<\/li>\n<\/ul>\n<h3>Quin preu s&#8217;ha de pagar si \u00e9s favorable el reconeixement de cr\u00e8dits?<\/h3>\n<p>El <span style=\"text-align: justify\">100% del preu del cr\u00e8dit establit en el<a href=\"https:\/\/estudios.umh.es\/precio-de-la-matricula-primer-curso-curso\/\"> Decret del Consell<\/a>, pel qual es fixen les taxes a satisfer per la prestaci\u00f3 de serveis acad\u00e8mics universitaris per al curs acad\u00e8mic 2025\/2026.<\/span><\/p>\n<h3>Puc incorporar assignatures en la meua matr\u00edcula en el cas que em reconeguen cr\u00e8dits d&#8217;assignatures?<\/h3>\n<p>Es disposa de dos per\u00edodes d&#8217;ampliaci\u00f3 de matr\u00edcula:<\/p>\n<ul>\n<li><span style=\"text-align: justify\">Des de l\u2019endem\u00e0 de la presentaci\u00f3 de la sol\u00b7licitud de reconeixement de cr\u00e8dits fins al 22 de setembre de 2025. <\/span>Es realitzar\u00e0 telem\u00e0ticament a trav\u00e9s del teu acc\u00e9s identificat.<\/li>\n<li>Del 7 al 14 de gener de 2026. Es realitzar\u00e0 telem\u00e0ticament a trav\u00e9s del teu acc\u00e9s identificat.<\/li>\n<\/ul>\n<p>&nbsp;<\/p>\n<p>Seguidament es poden consultar els <a href=\"https:\/\/estudios.umh.es\/files\/2018\/07\/Tabla-Seguridad-P\u00fablica-y-Privada_Exp.-laboral.pdf\" target=\"_blank\" rel=\"noopener\">cr\u00e8dits susceptibles de reconeixement en el t\u00edtol de Grau en Seguretat P\u00fablica i Privada mitjan\u00e7ant l&#8217;acreditaci\u00f3 d&#8217;experi\u00e8ncia laboral i professional.PDF.122kB<\/a>&nbsp;<\/p>\n<h3><span style=\"text-align: justify\">AMPLIAR INFORMACI\u00d3<\/span><\/h3>\n<p>Per a qualsevol informaci\u00f3 pots enviar un correu electr\u00f2nic al Servei de Gesti\u00f3 d&#8217;Estudis: grado@umh.es<\/p>","protected":false},"excerpt":{"rendered":"<p>En el seg\u00fcent v\u00eddeo, pots veure de forma resumida, el procediment per a sol.licitar el reconeixement de cr\u00e8dits mitjan\u00e7ant l&#8217;acreditaci\u00f3 d&#8217;experi\u00e8ncia laboral i professional:<\/p>\n<p>&nbsp;<br \/>\nL&#8217;experi\u00e8ncia laboral i professional acreditada podr\u00e0 ser tamb\u00e9 reconeguda en forma de cr\u00e8dits que computaran a l&#8217;efecte de l&#8217;obtenci\u00f3 d&#8217;un t\u00edtol oficial, sempre que aquesta experi\u00e8ncia estiga relacionada amb les compet\u00e8ncies inherents [&#8230;]<\/p>\n","protected":false},"author":9,"featured_media":0,"parent":51,"menu_order":3,"comment_status":"closed","ping_status":"open","template":"","meta":{"ngg_post_thumbnail":0,"_links_to":"","_links_to_target":""},"_links":{"self":[{"href":"https:\/\/estudios.umh.es\/ca\/wp-json\/wp\/v2\/pages\/37"}],"collection":[{"href":"https:\/\/estudios.umh.es\/ca\/wp-json\/wp\/v2\/pages"}],"about":[{"href":"https:\/\/estudios.umh.es\/ca\/wp-json\/wp\/v2\/types\/page"}],"author":[{"embeddable":true,"href":"https:\/\/estudios.umh.es\/ca\/wp-json\/wp\/v2\/users\/9"}],"replies":[{"embeddable":true,"href":"https:\/\/estudios.umh.es\/ca\/wp-json\/wp\/v2\/comments?post=37"}],"version-history":[{"count":0,"href":"https:\/\/estudios.umh.es\/ca\/wp-json\/wp\/v2\/pages\/37\/revisions"}],"up":[{"embeddable":true,"href":"https:\/\/estudios.umh.es\/ca\/wp-json\/wp\/v2\/pages\/51"}],"wp:attachment":[{"href":"https:\/\/estudios.umh.es\/ca\/wp-json\/wp\/v2\/media?parent=37"}],"curies":[{"name":"wp","href":"https:\/\/api.w.org\/{rel}","templated":true}]}}