{"id":38,"date":"2014-02-27T11:33:37","date_gmt":"2014-02-27T11:33:37","guid":{"rendered":"http:\/\/estudios.zeus.umh.es\/?page_id=38"},"modified":"2026-03-18T13:57:37","modified_gmt":"2026-03-18T12:57:37","slug":"estudios-propios-2","status":"publish","type":"page","link":"https:\/\/estudios.umh.es\/ca\/estudios-propios-2\/","title":{"rendered":"ESTUDIS PROPIS"},"content":{"rendered":"<p>En el seg\u00fcent v\u00eddeo, pots veure de forma resumida, el procediment per a sol.licitar el reconeixement de cr\u00e8dits mitjan\u00e7ant l&#8217;acreditaci\u00f3 d&#8217;estudis propis de les universitats:<\/p>\n<p><iframe  style=\"display: block; margin: 0px auto;\"  id=\"_ytid_13967\"  width=\"480\" height=\"270\"  data-origwidth=\"480\" data-origheight=\"270\" src=\"https:\/\/www.youtube.com\/embed\/8MsHgSIIciY?enablejsapi=1&autoplay=0&cc_load_policy=0&cc_lang_pref=&iv_load_policy=1&loop=0&modestbranding=0&rel=1&fs=1&playsinline=0&autohide=2&theme=dark&color=red&controls=1&\" class=\"__youtube_prefs__  no-lazyload\" title=\"YouTube player\"  allow=\"accelerometer; autoplay; clipboard-write; encrypted-media; gyroscope; picture-in-picture\" allowfullscreen data-no-lazy=\"1\" data-skipgform_ajax_framebjll=\"\"><\/iframe><\/a><\/p>\n<p>&nbsp;<\/p>\n<h3>Procediment per a la sol.licitud de reconeixement de cr\u00e9dits per Estudis Propis<\/h3>\n<p style=\"text-align: justify\">Els cr\u00e8dits superats en qualsevol ensenyament universitari no oficial referent a l&#8217;article 7 de la Llei Org\u00e0nica 2\/2023, de 22 de mar\u00e7, del Sistema Universitari, d&#8217;una universitat espanyola podran ser reconeguts en els mateixos termes expressats en l&#8217;apartat 3.3.1 de la Normativa de reconeixement i transfer\u00e8ncia de cr\u00e8dits en t\u00edtols oficials de grau i m\u00e0ster universitari de la UMH.<\/p>\n<p>El nombre de cr\u00e8dits que siguen objecte de reconeixement a partir d&#8217;experi\u00e8ncia professional o laboral i d&#8217;ensenyaments universitaris no oficials no podr\u00e0 ser superior, en el seu conjunt, al 15 per cent del total de cr\u00e8dits que constitueixen el pla d&#8217;estudis. El reconeixement d&#8217;aquests cr\u00e8dits no incorporar\u00e0 qualificaci\u00f3 dels mateixos pel que no computaran a l&#8217;efecte de baremaci\u00f3n de l&#8217;expedient.<\/p>\n<h3 style=\"text-align: justify\">Quan i com tramitar la sol\u00b7licitud de reconeixement de cr\u00e8dits?<\/h3>\n<ul>\n<li style=\"text-align: justify\">Termini: <span lang=\"ca\">La sol\u00b7licitud es realitzar\u00e0 des de l&#8217;endem\u00e0 a la finalitzaci\u00f3 de la teua matr\u00edcula fins al 15 de setembre de 2025.<\/span><\/li>\n<li style=\"text-align: justify\">Com: El tr\u00e0mit es realitza mitjan\u00e7ant inst\u00e0ncia general de seu electr\u00f2nica de la UMH dirigida al <a href=\"https:\/\/cegeca.umh.es\/\" target=\"_blank\" rel=\"noopener\">Centre de Gesti\u00f3 de Campus<img loading=\"lazy\" class=\"alignnone wp-image-31436 size-full\" src=\"https:\/\/estudios.umh.es\/files\/2021\/11\/abre-en-nueva-ventana.png\" alt=\"(abre en nueva ventana)\" width=\"15\" height=\"15\"><\/a> corresponent.<\/li>\n<\/ul>\n<h3>Quina documentaci\u00f3 he d&#8217;aportar?<\/h3>\n<ul>\n<li style=\"text-align: justify\">Estudis Propis de la UMH: c\u00f2pia del t\u00edtol en format PDF.<\/li>\n<li style=\"text-align: justify\">Estudis Propis d&#8217;altres universitats. Has de tenir en format PDF la seg\u00fcent documentaci\u00f3:\n<ul>\n<li style=\"text-align: justify\">T\u00edtol.<\/li>\n<li style=\"text-align: justify\">Certificaci\u00f3 acad\u00e8mica personal, ha d&#8217;estar segellada per la universitat d&#8217;origen o b\u00e9 disposar de codi segur de verificaci\u00f3 (CSV).<\/li>\n<li style=\"text-align: justify\">Document del contingut acad\u00e8mic de les mat\u00e8ries cursades, han d&#8217;estar segellat per la universitat d&#8217;origen o b\u00e9 disposar de codi segur de verificaci\u00f3 (CSV).<\/li>\n<\/ul>\n<\/li>\n<\/ul>\n<h3>Qu\u00e8 he de fer quan haja realitzat la sol\u00b7licitud telem\u00e0tica?<\/h3>\n<p>Una vegada que has finalitzat la sol\u00b7licitud, no has de presentar els documents originals. Aquesta documentaci\u00f3, una vegada s&#8217;haja resolt la teua sol\u00b7licitud, podr\u00e0 ser requerida per a la seua acare en el Centre de Gesti\u00f3 de Campus corresponent.<\/p>\n<h3>Quin preu s&#8217;ha de pagar si \u00e9s favorable el reconeixement de cr\u00e8dits?<\/h3>\n<p>El 25% del preu del cr\u00e8dit establit en el <a href=\"https:\/\/estudios.umh.es\/precio-de-la-matricula-primer-curso-curso\/\" target=\"_blank\" rel=\"noopener\">Decret del Consell<\/a>&nbsp;pel qual es fixen les taxes a satisfer per la prestaci\u00f3 de serveis acad\u00e8mics universitaris per al curs acad\u00e8mic 2025\/2026.<\/p>\n<h3>Puc incorporar assignatures en la meua matr\u00edcula en el cas que em reconeguen cr\u00e8dits d&#8217;assignatures?<\/h3>\n<p>Es disposa de dos per\u00edodes d&#8217;ampliaci\u00f3 de matr\u00edcula:<\/p>\n<ul>\n<li>Des de l\u2019endem\u00e0 de la presentaci\u00f3 de la sol\u00b7licitud de reconeixement de cr\u00e8dits fins al 22 de setembre de 2025. Es realitzar\u00e0 telem\u00e0ticament a trav\u00e9s del teu acc\u00e9s identificat.<\/li>\n<li>Del 7 al 14 de gener de 2026. Es realitzar\u00e0 telem\u00e0ticament a trav\u00e9s del teu acc\u00e9s identificat.<\/li>\n<\/ul>\n<h3 style=\"text-align: left\">Cr\u00e8dits susceptibles de reconeixement del t\u00edtol propi extint Seguretat i Ci\u00e8ncies Policials.<\/h3>\n<p>Seguidament es poden consultar els cr\u00e8dits susceptibles de reconeixement en el t\u00edtol de Grau en Seguretat P\u00fablica i privada mitjan\u00e7ant l&#8217;acreditaci\u00f3 de l&#8217;Estudi Propi de la UMH que s&#8217;extingeix en implantar-se aquest t\u00edtol de grau.<\/p>\n<p><a href=\"https:\/\/estudios.umh.es\/files\/2020\/07\/Tabla-Seguridad-P\u00fablica-y-Privada_E.-Propio.pdf\" target=\"_blank\" rel=\"noopener noreferrer\">Reconeixement de cr\u00e8dits per estudis propis UMH.PDF.167kB (versi\u00f3 en castell\u00e0)<img loading=\"lazy\" class=\"alignnone wp-image-31436 size-full\" src=\"https:\/\/estudios.umh.es\/files\/2021\/11\/abre-en-nueva-ventana.png\" alt=\"(abre en nueva ventana)\" width=\"15\" height=\"15\"><\/a><\/p>\n<h3><span style=\"text-align: justify\">AMPLIAR INFORMACI\u00d3<\/span><\/h3>\n<div>Per a qualsevol informaci\u00f3 pots dirigir-te al <a href=\"https:\/\/cegeca.umh.es\/\" target=\"_blank\" rel=\"noopener\">Centre de Gesti\u00f3 de Campus<img loading=\"lazy\" class=\"alignnone wp-image-31436 size-full\" src=\"https:\/\/estudios.umh.es\/files\/2021\/11\/abre-en-nueva-ventana.png\" alt=\"(abre en nueva ventana)\" width=\"15\" height=\"15\"><\/a> corresponent o enviar un correu electr\u00f2nic a grado@umh.es del Servei de Gesti\u00f3 d&#8217;Estudis.<\/div>\n<p><\/p>","protected":false},"excerpt":{"rendered":"<p>En el seg\u00fcent v\u00eddeo, pots veure de forma resumida, el procediment per a sol.licitar el reconeixement de cr\u00e8dits mitjan\u00e7ant l&#8217;acreditaci\u00f3 d&#8217;estudis propis de les universitats:<\/p>\n<p>&nbsp;<br \/>\nProcediment per a la sol.licitud de reconeixement de cr\u00e9dits per Estudis Propis<br \/>\nEls cr\u00e8dits superats en qualsevol ensenyament universitari no oficial referent a l&#8217;article 7 de la Llei Org\u00e0nica 2\/2023, de 22 [&#8230;]<\/p>\n","protected":false},"author":9,"featured_media":0,"parent":0,"menu_order":4,"comment_status":"closed","ping_status":"open","template":"","meta":{"ngg_post_thumbnail":0,"_links_to":"","_links_to_target":""},"_links":{"self":[{"href":"https:\/\/estudios.umh.es\/ca\/wp-json\/wp\/v2\/pages\/38"}],"collection":[{"href":"https:\/\/estudios.umh.es\/ca\/wp-json\/wp\/v2\/pages"}],"about":[{"href":"https:\/\/estudios.umh.es\/ca\/wp-json\/wp\/v2\/types\/page"}],"author":[{"embeddable":true,"href":"https:\/\/estudios.umh.es\/ca\/wp-json\/wp\/v2\/users\/9"}],"replies":[{"embeddable":true,"href":"https:\/\/estudios.umh.es\/ca\/wp-json\/wp\/v2\/comments?post=38"}],"version-history":[{"count":0,"href":"https:\/\/estudios.umh.es\/ca\/wp-json\/wp\/v2\/pages\/38\/revisions"}],"wp:attachment":[{"href":"https:\/\/estudios.umh.es\/ca\/wp-json\/wp\/v2\/media?parent=38"}],"curies":[{"name":"wp","href":"https:\/\/api.w.org\/{rel}","templated":true}]}}