{"id":3842,"date":"2017-03-02T10:08:25","date_gmt":"2017-03-02T10:08:25","guid":{"rendered":"http:\/\/estudios.umh.es\/?page_id=3842"},"modified":"2026-03-24T17:01:26","modified_gmt":"2026-03-24T16:01:26","slug":"premios-academicos","status":"publish","type":"page","link":"https:\/\/estudios.umh.es\/ca\/presentacion\/normativas\/premios-academicos\/","title":{"rendered":"PREMIS ACAD\u00c8MICS"},"content":{"rendered":"<p><span style=\"color: #000000\"><span dir=\"auto\" style=\"vertical-align: inherit\"><span dir=\"auto\" style=\"vertical-align: inherit\">La normativa pr\u00f2pia referent als premis acad\u00e8mics \u00e9s la seg\u00fcent:<\/span><\/span><\/span><\/p>\n<ul>\n<li><a href=\"https:\/\/boumh.umh.es\/files\/2025\/11\/bil-RCOGO-229.-Not.-acu.-Modificacion-Normativa-Premios-Extraordinarios-vr.-Estudiantes-y-Coordinacion-copia-autentica.pdf\" target=\"_blank\" rel=\"noopener noreferrer\"><span dir=\"auto\" style=\"vertical-align: inherit\"><span dir=\"auto\" style=\"vertical-align: inherit\">Normativa Adjudicaci\u00f3 Premis Extraordinaris Grau i M\u00e0ster. 877 kB<\/span><\/span><img loading=\"lazy\" class=\"alignnone wp-image-31436 size-full\" src=\"https:\/\/estudios.umh.es\/files\/2021\/11\/abre-en-nueva-ventana.png\" alt=\"(obriu en nova finestra)\" width=\"15\" height=\"15\"><\/a><\/li>\n<li><a href=\"https:\/\/boumh.umh.es\/files\/2025\/06\/bil-RCOGO-148-25-Not-acu.-Modificacion-normativa-concesion-de-ayudas-excelencia-vr.-Estudiantes-copia-autentica.pdf\" target=\"_blank\" rel=\"noopener noreferrer\"><span dir=\"auto\" style=\"vertical-align: inherit\"><span dir=\"auto\" style=\"vertical-align: inherit\">Normativa Ajudes a Estudiants d&#8217;Excel\u00b7l\u00e8ncia Acad\u00e8mica. 242 kB<\/span><\/span><img loading=\"lazy\" class=\"alignnone wp-image-31436 size-full\" src=\"https:\/\/estudios.umh.es\/files\/2021\/11\/abre-en-nueva-ventana.png\" alt=\"(obriu en nova finestra)\" width=\"15\" height=\"15\"><\/a><\/li>\n<\/ul>\n<p><\/p>","protected":false},"excerpt":{"rendered":"<p>La normativa pr\u00f2pia referent als premis acad\u00e8mics \u00e9s la seg\u00fcent:<\/p>\n<p>Normativa Adjudicaci\u00f3 Premis Extraordinaris Grau i M\u00e0ster. 877 kB<br \/>\nNormativa Ajudes a Estudiants d&#8217;Excel\u00b7l\u00e8ncia Acad\u00e8mica. 242 kB<\/p>\n","protected":false},"author":53,"featured_media":0,"parent":31,"menu_order":80,"comment_status":"closed","ping_status":"closed","template":"","meta":{"ngg_post_thumbnail":0,"_links_to":"","_links_to_target":""},"_links":{"self":[{"href":"https:\/\/estudios.umh.es\/ca\/wp-json\/wp\/v2\/pages\/3842"}],"collection":[{"href":"https:\/\/estudios.umh.es\/ca\/wp-json\/wp\/v2\/pages"}],"about":[{"href":"https:\/\/estudios.umh.es\/ca\/wp-json\/wp\/v2\/types\/page"}],"author":[{"embeddable":true,"href":"https:\/\/estudios.umh.es\/ca\/wp-json\/wp\/v2\/users\/53"}],"replies":[{"embeddable":true,"href":"https:\/\/estudios.umh.es\/ca\/wp-json\/wp\/v2\/comments?post=3842"}],"version-history":[{"count":0,"href":"https:\/\/estudios.umh.es\/ca\/wp-json\/wp\/v2\/pages\/3842\/revisions"}],"up":[{"embeddable":true,"href":"https:\/\/estudios.umh.es\/ca\/wp-json\/wp\/v2\/pages\/31"}],"wp:attachment":[{"href":"https:\/\/estudios.umh.es\/ca\/wp-json\/wp\/v2\/media?parent=3842"}],"curies":[{"name":"wp","href":"https:\/\/api.w.org\/{rel}","templated":true}]}}