{"id":3889,"date":"2017-04-04T11:38:01","date_gmt":"2017-04-04T09:38:01","guid":{"rendered":"http:\/\/estudios.umh.es\/?page_id=3889"},"modified":"2023-04-20T09:33:18","modified_gmt":"2023-04-20T07:33:18","slug":"menciones","status":"publish","type":"page","link":"https:\/\/estudios.umh.es\/ca\/doctorado\/otra-informacion-de-interes\/menciones\/","title":{"rendered":"Esments i Premis d&#8217;Estudis de Doctorat regulats pel RD 99\/2011"},"content":{"rendered":"<p><\/p>\n<p style=\"text-align: center\"><strong>ESMENTS DELS ESTUDIS DE DOCTORAT REGULATS PEL REIAL DECRET 99\/2011, DE 28 DE GENER I PREMIS EXTRAORDINARIS DE DOCTORAT<\/strong><\/p>\n<ul>\n<li style=\"text-align: left\"><strong>Esment Internacional en el t\u00edtol de Doctor\/a:<\/strong><em>&nbsp;<\/em><\/li>\n<\/ul>\n<p style=\"text-align: justify;padding-left: 30px\"><em>El t\u00edtol de Doctor podr\u00e0 incloure en el seu anvers l&#8217;esment \u201cDoctorat internacional\u201d, sempre que concorrin les seg\u00fcents circumst\u00e0ncies:&nbsp;<\/em><\/p>\n<p style=\"text-align: justify;padding-left: 30px\"><em>a) Que, durant el per\u00edode de formaci\u00f3 necessari per a l&#8217;obtenci\u00f3 del t\u00edtol de Doctor, el doctorand hagi realitzat una estada m\u00ednima de tres mesos fora d&#8217;Espanya en una instituci\u00f3 d&#8217;ensenyament superior o centre de recerca de prestigi, cursant estudis o realitzant treballs de recerca. L&#8217;estada i les activitats han de ser avalades pel Director i autoritzades per la Comissi\u00f3 acad\u00e8mica, i s&#8217;incorporaran al document d&#8217;activitats del doctorand.<\/em><\/p>\n<p style=\"text-align: justify;padding-left: 30px\"><em>b) Que parteix de la tesi doctoral, almenys el resum i les conclusions, s&#8217;hagi redactat i presentat en una de les lleng\u00fces habituals per a la comunicaci\u00f3 cient\u00edfica en el seu camp de coneixement, diferent a qualsevol de les lleng\u00fces oficial o cooficials d&#8217;Espanya. Aquesta norma no ser\u00e0 aplicable quan les estades, informes i experts procedeixin d&#8217;un pa\u00eds de parla hispana.<\/em><\/p>\n<p style=\"text-align: justify;padding-left: 30px\"><em>c) Que la tesi hagi estat informada per un m\u00ednim de dos experts Doctors pertanyents a alguna instituci\u00f3 d&#8217;Educaci\u00f3 Superior o institut de recerca no espanyola.<\/em><\/p>\n<p style=\"text-align: justify;padding-left: 30px\"><em>d) Que almenys un expert pertanyent a alguna instituci\u00f3 d&#8217;Educaci\u00f3 Superior o centre de recerca no espanyola, amb el t\u00edtol de Doctor, i diferent del responsable de l&#8217;estada esmentada en el par\u00e0graf a), hagi format part del tribunal avaluador de la tesi.&nbsp;<\/em><\/p>\n<ul>\n<li style=\"text-align: left\"><strong>Tesi en r\u00e8gim de&nbsp;cotutela&nbsp;internacional:<\/strong><em>&nbsp;<\/em><\/li>\n<\/ul>\n<p style=\"text-align: justify;padding-left: 30px\"><em>El t\u00edtol de Doctor inclour\u00e0 en el seu anvers la diligencia \u201cTesi en r\u00e8gim de&nbsp;cotutela&nbsp;amb la Universitat U\u201d, sempre que concorrin les seg\u00fcents circumst\u00e0ncies:<\/em><\/p>\n<p style=\"text-align: justify;padding-left: 30px\"><em>a) Que la tesi doctoral estigui supervisada per dues o m\u00e9s Doctors de dues Universitats, una espanyola i una altra estrangera, que hauran de formalitzar un conveni de&nbsp;cotutela.<\/em><\/p>\n<p style=\"text-align: justify;padding-left: 30px\"><em>b) Que durant el per\u00edode de formaci\u00f3 necessari per a l&#8217;obtenci\u00f3 del t\u00edtol de Doctor, el doctorand hagi realitzat una estada m\u00ednima de sis mesos en la instituci\u00f3 amb la qual s&#8217;estableix el conveni de&nbsp;cotutela, realitzant treballs de recerca, b\u00e9 en un sol per\u00edode o en varis. Les estades i les activitats seran reflectides en el conveni de&nbsp;cotutela.<\/em><\/p>\n<ul>\n<li style=\"text-align: left\"><strong>Esment Industrial en el t\u00edtol de Doctor\/a:<\/strong><em>&nbsp;<\/em><\/li>\n<\/ul>\n<p style=\"text-align: justify;padding-left: 30px\"><em>S&#8217;atorgar\u00e0 l&#8217;esment \u201cDoctorat Industrial\u201d sempre que concorrin les seg\u00fcents circumst\u00e0ncies:<\/em><\/p>\n<p style=\"text-align: justify;padding-left: 30px\"><em>a) L&#8217;exist\u00e8ncia d&#8217;un contracte laboral o mercantil amb el doctorand. El contracte es podr\u00e0 celebrar per una empresa del sector privat o del sector p\u00fablic, aix\u00ed com per una Administraci\u00f3 P\u00fablica.<\/em><\/p>\n<p style=\"text-align: justify;padding-left: 30px\"><em>b) El doctorand haur\u00e0 de participar en un projecte de recerca industrial o de desenvolupament experimental que es desenvolupi en l&#8217;empresa o Administraci\u00f3 P\u00fablica en la qual es presti el servei, que no podr\u00e0 ser una Universitat. El projecte de recerca industrial o de desenvolupament experimental en el qual participi el doctorand ha de tenir relaci\u00f3 directa amb la tesi que realitza. Aquesta relaci\u00f3 directa s&#8217;acreditar\u00e0 mitjan\u00e7ant una mem\u00f2ria que haur\u00e0 de ser visada per la Universitat.<\/em><\/p>\n<p style=\"text-align: justify;padding-left: 30px\"><em>En el cas que el projecte de recerca industrial o de desenvolupament experimental s&#8217;executi en col\u00b7laboraci\u00f3 entre la Universitat i l&#8217;empresa o Administraci\u00f3 P\u00fablica en la qual presti servei el doctorand, se subscriur\u00e0 un conveni de col\u00b7laboraci\u00f3 marco amb entre les parts. En aquest conveni s&#8217;indicaran les obligacions de la Universitat i les obligacions de l&#8217;empresa o Administraci\u00f3 P\u00fablica, aix\u00ed com el procediment de selecci\u00f3 dels doctorands.<\/em><\/p>\n<p style=\"text-align: justify;padding-left: 30px\"><em>El doctorand tindr\u00e0 un tutor de tesi designat per la Universitat i un responsable designat per l&#8217;empresa o Administraci\u00f3 P\u00fablica, que podr\u00e0 ser, si escau, Director de la tesi d&#8217;acord amb la normativa pr\u00f2pia de Doctorat.<\/em><\/p>\n<ul>\n<li style=\"text-align: left\"><strong>Premis Extraordinaris de Doctorat:&nbsp;<\/strong><\/li>\n<\/ul>\n<p style=\"text-align: justify;padding-left: 30px\"><em>Les tesis doctorals defensades durant un curs acad\u00e8mic i que posseeixin m\u00e8rits excepcionals podran optar a un Premi Extraordinari de Doctorat per cada programa de doctorat. <\/em><\/p>\n<p style=\"text-align: justify;padding-left: 30px\"><em>La Comissi\u00f3 d&#8217;Estudis de Doctorat establir\u00e0 els requisits i el procediment pel qual es regiran aquests Premis Extraordinari de Doctorat.<\/em><\/p>\n<p style=\"text-align: justify;padding-left: 30px\"><em>Enlla\u00e7 per accedir a la <a href=\"https:\/\/estudios.umh.es\/files\/2014\/06\/NORMATIVA-PREMIO-EXTRAORDINARIO.pdf\" target=\"_blank\" rel=\"noopener noreferrer\">Normativa de Premis Extraordinari de Doctorat<\/a>.<\/em><\/p>\n<p><\/p>","protected":false},"excerpt":{"rendered":"<p>ESMENTS DELS ESTUDIS DE DOCTORAT REGULATS PEL REIAL DECRET 99\/2011, DE 28 DE GENER I PREMIS EXTRAORDINARIS DE DOCTORAT<\/p>\n<p>Esment Internacional en el t\u00edtol de Doctor\/a:&nbsp;<\/p>\n<p>El t\u00edtol de Doctor podr\u00e0 incloure en el seu anvers l&#8217;esment \u201cDoctorat internacional\u201d, sempre que concorrin les seg\u00fcents circumst\u00e0ncies:&nbsp;<br \/>\na) Que, durant el per\u00edode de formaci\u00f3 necessari per a l&#8217;obtenci\u00f3 del t\u00edtol [&#8230;]<\/p>\n","protected":false},"author":12,"featured_media":0,"parent":8492,"menu_order":40,"comment_status":"closed","ping_status":"closed","template":"","meta":{"ngg_post_thumbnail":0,"_links_to":"","_links_to_target":""},"_links":{"self":[{"href":"https:\/\/estudios.umh.es\/ca\/wp-json\/wp\/v2\/pages\/3889"}],"collection":[{"href":"https:\/\/estudios.umh.es\/ca\/wp-json\/wp\/v2\/pages"}],"about":[{"href":"https:\/\/estudios.umh.es\/ca\/wp-json\/wp\/v2\/types\/page"}],"author":[{"embeddable":true,"href":"https:\/\/estudios.umh.es\/ca\/wp-json\/wp\/v2\/users\/12"}],"replies":[{"embeddable":true,"href":"https:\/\/estudios.umh.es\/ca\/wp-json\/wp\/v2\/comments?post=3889"}],"version-history":[{"count":0,"href":"https:\/\/estudios.umh.es\/ca\/wp-json\/wp\/v2\/pages\/3889\/revisions"}],"up":[{"embeddable":true,"href":"https:\/\/estudios.umh.es\/ca\/wp-json\/wp\/v2\/pages\/8492"}],"wp:attachment":[{"href":"https:\/\/estudios.umh.es\/ca\/wp-json\/wp\/v2\/media?parent=3889"}],"curies":[{"name":"wp","href":"https:\/\/api.w.org\/{rel}","templated":true}]}}