{"id":39,"date":"2014-02-27T11:34:15","date_gmt":"2014-02-27T11:34:15","guid":{"rendered":"http:\/\/estudios.zeus.umh.es\/?page_id=39"},"modified":"2024-02-13T09:07:23","modified_gmt":"2024-02-13T08:07:23","slug":"competencias-transversales-y-profesionales","status":"publish","type":"page","link":"https:\/\/estudios.umh.es\/ca\/competencias-transversales-y-profesionales\/","title":{"rendered":"COMPET\u00c8NCIES TRANSVERSALS I PROFESSIONALS"},"content":{"rendered":"<p><\/p>\n<h3>Definici\u00f3<\/h3>\n<p>Els cr\u00e8dits de car\u00e0cter optatiu establits en els plans d&#8217;estudis dels t\u00edtols de Grau de la UMH poden ser obtinguts de diferents maneres.&nbsp;<\/p>\n<h3>Com es poden obtindre els cr\u00e8dits optatius<\/h3>\n<ul>\n<li>Aprovant les assignatures optatives del pla d&#8217;estudis que est\u00e0 cursant l&#8217;estudiantat o d&#8217;altres plans d&#8217;estudis de la mateixa branca de coneixement.<\/li>\n<li>O b\u00e9 acreditant el seg\u00fcent:\n<ul>\n<li>Assignatures d&#8217;altres plans d&#8217;estudis que no hagen sigut objecte de reconeixement de cr\u00e8dits.\n<ul>\n<li>Documentaci\u00f3:\n<ul>\n<li>S&#8217;ha d&#8217;emplenar el seg\u00fcent <a href=\"https:\/\/estudios.umh.es\/files\/2020\/02\/Modelo-solicitud-reconocimiento-cr\u00e9ditos-transversales-estudios-oficiales-1.pdf\" target=\"_blank\" rel=\"noopener\">model de sol\u00b7licitud.PDF.152kB<img loading=\"lazy\" class=\"alignnone wp-image-31436 size-full\" src=\"https:\/\/estudios.umh.es\/files\/2021\/11\/abre-en-nueva-ventana.png\" alt=\"(abre en nueva ventana)\" width=\"15\" height=\"15\"><\/a>.<\/li>\n<li>Programes o guies docents de les assignatures segellats per la universitat d&#8217;origen o b\u00e9 que disposen de codi segur de verificaci\u00f3 (CSV).<\/li>\n<li>Certificat acad\u00e8mic personal segellat per la universitat d&#8217;origen o b\u00e9 que dispose de codi segur de verificaci\u00f3 (CSV) .<\/li>\n<li>Si els estudis aportats s\u00f3n de la UMH no s&#8217;ha d&#8217;aportar cap documentaci\u00f3 a la sol\u00b7licitud.<\/li>\n<\/ul>\n<\/li>\n<li>Termini: En qualsevol moment.<\/li>\n<li>Com presentar la sol\u00b7licitud:&nbsp; Mitjan\u00e7ant <a href=\"https:\/\/sede.umh.es\/procedimientos\/instancia-general\/\" target=\"_blank\" rel=\"noopener\">inst\u00e0ncia general de la sede electr\u00f2nica de la UMH<img loading=\"lazy\" class=\"alignnone wp-image-31436 size-full\" src=\"https:\/\/estudios.umh.es\/files\/2021\/11\/abre-en-nueva-ventana.png\" alt=\"(abre en nueva ventana)\" width=\"15\" height=\"15\"><\/a> dirigida al Servei de Gesti\u00f3 d&#8217;Estudis, adjuntant la documentaci\u00f3 sol\u00b7licitada.<\/li>\n<\/ul>\n<\/li>\n<\/ul>\n<\/li>\n<\/ul>\n<ul>\n<li style=\"list-style-type: none\">\n<ul>\n<li>Activitats o altres estudis:&nbsp;\n<ul>\n<li>Activitats universit\u00e0ries culturals, esportives, de representaci\u00f3 estudiantil, solid\u00e0ries i de cooperaci\u00f3.<\/li>\n<li>Programes de mobilitat.<\/li>\n<li><a href=\"https:\/\/estudios.umh.es\/files\/2019\/03\/Competencias.pdf\" target=\"_blank\" rel=\"noopener\">Coneixement d&#8217;idiomes estrangers i llengua valenciana.PDF.<img loading=\"lazy\" class=\"alignnone wp-image-31436 size-full\" src=\"https:\/\/estudios.umh.es\/files\/2021\/11\/abre-en-nueva-ventana.png\" alt=\"(abre en nueva ventana)\" width=\"15\" height=\"15\"><\/a><\/li>\n<li>Pr\u00e0ctiques en empreses o institucions i pr\u00e0ctiques internes en la UMH.<\/li>\n<li>Jornades i Congressos Cient\u00edfics, Fires, Exposicions Cientificot\u00e8cniques i Exposicions Art\u00edstiques; i Cursos de Perfeccionament i Especialitzaci\u00f3 Professional.<\/li>\n<li>Documentaci\u00f3: documents que acrediten acrediten les citades accions o estar en possessi\u00f3 del nivell d&#8217;idiomes.<\/li>\n<li>Termini: En qualsevol moment.<\/li>\n<li>Com presentar la sol\u00b7licitud:&nbsp; Mitjan\u00e7ant <a href=\"https:\/\/sede.umh.es\/procedimientos\/instancia-general\/\" target=\"_blank\" rel=\"noopener\">inst\u00e0ncia general de la sede electr\u00f2nica de la UMH<img loading=\"lazy\" class=\"alignnone wp-image-31436 size-full\" src=\"https:\/\/estudios.umh.es\/files\/2021\/11\/abre-en-nueva-ventana.png\" alt=\"(abre en nueva ventana)\" width=\"15\" height=\"15\"><\/a> dirigida al Servei de Gesti\u00f3 d&#8217;Estudis, adjuntant la documentaci\u00f3 sol\u00b7licitada.<\/li>\n<\/ul>\n<\/li>\n<\/ul>\n<\/li>\n<\/ul>\n<h3>Informaci\u00f3 important<\/h3>\n<ul>\n<li>Les activitats presentades han de realitzar-se durant els cursos acad\u00e8mics en els quals s&#8217;est\u00e0 cursant el t\u00edtol de Grau, amb l&#8217;excepci\u00f3 de l&#8217;acreditaci\u00f3 dels idiomes estrangers i llengua valenciana. Han de estar organitzades i acreditades per \u00f2rgans de&nbsp;la UMH.<\/li>\n<li>L&#8217;acreditaci\u00f3 del nivell d&#8217;idiomes estrangers i llengua valenciana ha de realitzar-se per institucions competents en la certificaci\u00f3 de l&#8217;adquisici\u00f3 per part de l&#8217;estudiantat dels nivells que estableix el Marc europeu com\u00fa de refer\u00e8ncia per a les Lleng\u00fces.<\/li>\n<\/ul>\n<h3>Circular explicativa<\/h3>\n<p>Pots consultar la <a href=\"https:\/\/estudios.umh.es\/files\/2020\/06\/01-Circular-Competencias-Transversales-y-Profesionales_WEB-2014-15_.pdf\">Circular explicativa.PDF.253kB<img loading=\"lazy\" class=\"alignnone wp-image-31436 size-full\" src=\"https:\/\/estudios.umh.es\/files\/2021\/11\/abre-en-nueva-ventana.png\" alt=\"(abre en nueva ventana)\" width=\"15\" height=\"15\"><\/a> sobre l&#8217;aplicaci\u00f3 de la Normativa&nbsp;de Reconeixement de Compet\u00e8ncies Transversals i Professionals..&nbsp;<\/p>","protected":false},"excerpt":{"rendered":"<p>Definici\u00f3<br \/>\nEls cr\u00e8dits de car\u00e0cter optatiu establits en els plans d&#8217;estudis dels t\u00edtols de Grau de la UMH poden ser obtinguts de diferents maneres.&nbsp;<br \/>\nCom es poden obtindre els cr\u00e8dits optatius<\/p>\n<p>Aprovant les assignatures optatives del pla d&#8217;estudis que est\u00e0 cursant l&#8217;estudiantat o d&#8217;altres plans d&#8217;estudis de la mateixa branca de coneixement.<br \/>\nO b\u00e9 acreditant el seg\u00fcent:<\/p>\n<p>Assignatures d&#8217;altres plans [&#8230;]<\/p>\n","protected":false},"author":9,"featured_media":0,"parent":0,"menu_order":5,"comment_status":"closed","ping_status":"open","template":"","meta":{"ngg_post_thumbnail":0,"_links_to":"","_links_to_target":""},"_links":{"self":[{"href":"https:\/\/estudios.umh.es\/ca\/wp-json\/wp\/v2\/pages\/39"}],"collection":[{"href":"https:\/\/estudios.umh.es\/ca\/wp-json\/wp\/v2\/pages"}],"about":[{"href":"https:\/\/estudios.umh.es\/ca\/wp-json\/wp\/v2\/types\/page"}],"author":[{"embeddable":true,"href":"https:\/\/estudios.umh.es\/ca\/wp-json\/wp\/v2\/users\/9"}],"replies":[{"embeddable":true,"href":"https:\/\/estudios.umh.es\/ca\/wp-json\/wp\/v2\/comments?post=39"}],"version-history":[{"count":0,"href":"https:\/\/estudios.umh.es\/ca\/wp-json\/wp\/v2\/pages\/39\/revisions"}],"wp:attachment":[{"href":"https:\/\/estudios.umh.es\/ca\/wp-json\/wp\/v2\/media?parent=39"}],"curies":[{"name":"wp","href":"https:\/\/api.w.org\/{rel}","templated":true}]}}