{"id":3948,"date":"2017-05-17T12:49:05","date_gmt":"2017-05-17T10:49:05","guid":{"rendered":"http:\/\/estudios.umh.es\/?page_id=3948"},"modified":"2019-03-05T18:29:38","modified_gmt":"2019-03-05T17:29:38","slug":"procedimiento-de-deposito-de-tesis-doctoral-programas-en-extincion-del-rd13932007","status":"publish","type":"page","link":"https:\/\/estudios.umh.es\/ca\/doctorado\/normativas-anteriores\/procedimiento-de-deposito-de-tesis-doctoral-programas-en-extincion-del-rd13932007\/","title":{"rendered":"<span lang=\"es\">(Espa\u00f1ol) Procedimiento de dep\u00f3sito de Tesis Doctoral (programas en extinci\u00f3n del RD1393\/2007)<\/span>"},"content":{"rendered":"<p class=\"qtranxs-available-languages-message qtranxs-available-languages-message-ca\">Ho sentim, aquesta entrada es troba disponible \u00fanicament en <a href=\"https:\/\/estudios.umh.es\/es\/wp-json\/wp\/v2\/pages\/3948\" class=\"qtranxs-available-language-link qtranxs-available-language-link-es\" title=\"Espa\u00f1ol\">Espanyol Europeu<\/a>.<\/p>","protected":false},"excerpt":{"rendered":"<p>Ho sentim, aquesta entrada es troba disponible \u00fanicament en Espanyol Europeu.<\/p>\n","protected":false},"author":3289,"featured_media":0,"parent":8504,"menu_order":25,"comment_status":"closed","ping_status":"closed","template":"","meta":{"ngg_post_thumbnail":0,"_links_to":"","_links_to_target":""},"_links":{"self":[{"href":"https:\/\/estudios.umh.es\/ca\/wp-json\/wp\/v2\/pages\/3948"}],"collection":[{"href":"https:\/\/estudios.umh.es\/ca\/wp-json\/wp\/v2\/pages"}],"about":[{"href":"https:\/\/estudios.umh.es\/ca\/wp-json\/wp\/v2\/types\/page"}],"author":[{"embeddable":true,"href":"https:\/\/estudios.umh.es\/ca\/wp-json\/wp\/v2\/users\/3289"}],"replies":[{"embeddable":true,"href":"https:\/\/estudios.umh.es\/ca\/wp-json\/wp\/v2\/comments?post=3948"}],"version-history":[{"count":0,"href":"https:\/\/estudios.umh.es\/ca\/wp-json\/wp\/v2\/pages\/3948\/revisions"}],"up":[{"embeddable":true,"href":"https:\/\/estudios.umh.es\/ca\/wp-json\/wp\/v2\/pages\/8504"}],"wp:attachment":[{"href":"https:\/\/estudios.umh.es\/ca\/wp-json\/wp\/v2\/media?parent=3948"}],"curies":[{"name":"wp","href":"https:\/\/api.w.org\/{rel}","templated":true}]}}