{"id":40,"date":"2014-02-27T11:35:16","date_gmt":"2014-02-27T11:35:16","guid":{"rendered":"http:\/\/estudios.zeus.umh.es\/?page_id=40"},"modified":"2020-07-14T09:28:15","modified_gmt":"2020-07-14T07:28:15","slug":"masteres","status":"publish","type":"page","link":"https:\/\/estudios.umh.es\/ca\/reconocimiento-creditos\/masteres\/","title":{"rendered":"M\u00e0sters"},"content":{"rendered":"<p>El reconeixement i transfer\u00e8ncia de cr\u00e8dits d&#8217;altres plans d&#8217;estudis \u00e9s el mecanisme que s&#8217;estableix en el marc de l&#8217;EEES per a fomentar la mobilitat dels estudiants en l&#8217;\u00e0mbit universitari.<\/p>\n<p>La legislaci\u00f3 estableix dos mecanismes:<\/p>\n<p><strong>Reconeiximent: <\/strong>\u00c9s l&#8217;acceptaci\u00f3 per una universitat dels cr\u00e8dits que, havent sigut obtinguts en uns ensenyaments oficials en la mateixa o una altra universitat, s\u00f3n computats en altres diferents a l&#8217;efecte de l&#8217;obtenci\u00f3 d&#8217;un t\u00edtol oficial.<\/p>\n<p><strong>Transfer\u00e8ncia:<\/strong> \u00c9s la inclusi\u00f3 en els documents acad\u00e8mics oficials acreditatius dels ensenyaments seguits per cada estudiant, de la totalitat dels cr\u00e8dits obtinguts en ensenyaments oficials cursats amb anterioritat, en la mateixa o una altra universitat, que no hagen condu\u00eft a l&#8217;obtenci\u00f3 del t\u00edtol oficial.<\/p>\n<p>En tot cas <strong>no<\/strong> podran ser objecte de reconeixement els cr\u00e8dits corresponents als treballs de finalitzaci\u00f3 de m\u00e0ster. Aix\u00ed mateix, no es reconeixeran cr\u00e8dits de la titulaci\u00f3 universit\u00e0ria oficial que done acc\u00e9s al M\u00e0ster.<\/p>\n<p>Per a regular la seua aplicaci\u00f3, la UMH compta amb una Normativa de Reconeixement i Transfer\u00e8ncia de Cr\u00e8dits que pots consultar <a href=\"https:\/\/estudios.umh.es\/files\/2013\/01\/04-Normativa-Reconocimiento-Cr%C3%A9ditos-con-modificaci%C3%B3n-CG-18-12-12.pdf\" target=\"_blank\" rel=\"noopener noreferrer\">ac\u00ed<\/a>.<\/p>\n<p>D&#8217;acord al Calendari Acad\u00e8mic, del 7 al 15 de gener de 2016, nom\u00e9s podran ampliar la seua matr\u00edcula, no reduir, els estudiants que hagen convalidat assignatures, reconegut cr\u00e8dits o estar en disposici\u00f3 de matricular-se del Treballe Fi de Grau o Treballe Fi de M\u00e0ster.<\/p>\n<p>Aquells estudiants beneficiaris de beca MEC o Conseller\u00eda, han de tenir en compte que els cr\u00e8dits reconeguts o adaptats, no es consideren cr\u00e8dits cursats a l&#8217;efecte de la beca. I per tant la seua matr\u00edcula no est\u00e0 coberta per la mateixa.<\/p>","protected":false},"excerpt":{"rendered":"<p>El reconeixement i transfer\u00e8ncia de cr\u00e8dits d&#8217;altres plans d&#8217;estudis \u00e9s el mecanisme que s&#8217;estableix en el marc de l&#8217;EEES per a fomentar la mobilitat dels estudiants en l&#8217;\u00e0mbit universitari.<br \/>\nLa legislaci\u00f3 estableix dos mecanismes:<br \/>\nReconeiximent: \u00c9s l&#8217;acceptaci\u00f3 per una universitat dels cr\u00e8dits que, havent sigut obtinguts en uns ensenyaments oficials en la mateixa o una altra universitat, [&#8230;]<\/p>\n","protected":false},"author":9,"featured_media":0,"parent":23,"menu_order":20,"comment_status":"closed","ping_status":"open","template":"","meta":{"ngg_post_thumbnail":0,"_links_to":"","_links_to_target":""},"_links":{"self":[{"href":"https:\/\/estudios.umh.es\/ca\/wp-json\/wp\/v2\/pages\/40"}],"collection":[{"href":"https:\/\/estudios.umh.es\/ca\/wp-json\/wp\/v2\/pages"}],"about":[{"href":"https:\/\/estudios.umh.es\/ca\/wp-json\/wp\/v2\/types\/page"}],"author":[{"embeddable":true,"href":"https:\/\/estudios.umh.es\/ca\/wp-json\/wp\/v2\/users\/9"}],"replies":[{"embeddable":true,"href":"https:\/\/estudios.umh.es\/ca\/wp-json\/wp\/v2\/comments?post=40"}],"version-history":[{"count":0,"href":"https:\/\/estudios.umh.es\/ca\/wp-json\/wp\/v2\/pages\/40\/revisions"}],"up":[{"embeddable":true,"href":"https:\/\/estudios.umh.es\/ca\/wp-json\/wp\/v2\/pages\/23"}],"wp:attachment":[{"href":"https:\/\/estudios.umh.es\/ca\/wp-json\/wp\/v2\/media?parent=40"}],"curies":[{"name":"wp","href":"https:\/\/api.w.org\/{rel}","templated":true}]}}