{"id":4006,"date":"2017-06-06T12:35:16","date_gmt":"2017-06-06T10:35:16","guid":{"rendered":"http:\/\/estudios.umh.es\/?page_id=4006"},"modified":"2026-02-16T13:59:03","modified_gmt":"2026-02-16T12:59:03","slug":"procedimiento-de-solicitud-de-expedicion-de-titulo-propio","status":"publish","type":"page","link":"https:\/\/estudios.umh.es\/ca\/procedimiento-de-solicitud-de-expedicion-de-titulo-propio\/","title":{"rendered":"PROCEDIMENT DE SOL\u00b7LICITUD D&#8217;EXPEDICI\u00d3 DE T\u00cdTOLS DE M\u00c0STER PROPI O ESPECIALISTA UNIVERSITARI"},"content":{"rendered":"<p>Per a sol\u00b7licitar l&#8217;expedici\u00f3 dels t\u00edtols d&#8217;ensenyaments de M\u00e0ster Propi o Especialista Universitari has de tindre en compte el curs acad\u00e8mic en el qual vas cursar l&#8217;estudi.<\/p>\n<ul>\n<li>Curs 2015\/2016 fins l&#8217;actualitat.\n<ul>\n<li>Rebr\u00e0s un correu electr\u00f2nic a la b\u00fastia que vas indicar en la teua matr\u00edcula amb la informaci\u00f3 necess\u00e0ria per a la seua sol\u00b7licitud.<\/li>\n<\/ul>\n<\/li>\n<li>Cursos acad\u00e8mics anteriors al 2007\/2008.\n<ul>\n<li>Has de dirigir aquesta <a href=\"https:\/\/estudios.umh.es\/files\/2025\/12\/Solicitud-Expedicion-Titulo-Propio_Val_Cast.pdf\" target=\"_blank\" rel=\"noopener\">sol\u00b7licitud.PDF.141kB<img loading=\"lazy\" class=\"alignnone wp-image-31436 size-full\" src=\"https:\/\/estudios.umh.es\/files\/2021\/11\/abre-en-nueva-ventana.png\" alt=\"(abre en nueva ventana)\" width=\"15\" height=\"15\">,<\/a> juntament amb la documentaci\u00f3 que s&#8217;indica en ella, al Servei de Gesti\u00f3 d&#8217;Estudis mitjan\u00e7ant <a href=\"https:\/\/sede.umh.es\/ca\/procedimientos\/instancia-general\/\" target=\"_blank\" rel=\"noopener\">inst\u00e0ncia general de la Seu electr\u00f2nica de la UMH<img loading=\"lazy\" class=\"alignnone wp-image-31436 size-full\" src=\"https:\/\/estudios.umh.es\/files\/2021\/11\/abre-en-nueva-ventana.png\" alt=\"(abre en nueva ventana)\" width=\"15\" height=\"15\"><\/a><\/li>\n<\/ul>\n<\/li>\n<li>Entre el curs acad\u00e8mic 2007\/2008 i el 2015\/2016.\n<ul>\n<li>Els t\u00edtols es van expedir sense necessitat de sol\u00b7licitud expressa per part de l&#8217;estudiantat.&nbsp;<\/li>\n<\/ul>\n<\/li>\n<\/ul>\n<p>Si desitges sol\u00b7licitar factura pel pagament de la taxa d&#8217;expedici\u00f3 haur\u00e0s de sol\u00b7licitar-lo en el moment del pagament o dins del mes seg\u00fcent. Passat este termini nom\u00e9s es podr\u00e0 emetre un certificat acreditatiu de pagament. La factura ser\u00e0 sol\u00b7licitada mitjan\u00e7ant les seg\u00fcents modalitats d&#8217;impresos: <a href=\"https:\/\/estudios.umh.es\/files\/2025\/06\/SOLICITA-Y-EXPONE-a-favor-de-ENTIDADv2.pdf\" target=\"_blank\" rel=\"noopener\">sol\u00b7licitud per empresa.pdf.1224kb (castell\u00e1)<\/a><img src=\"https:\/\/estudios.umh.es\/files\/2021\/11\/abre-en-nueva-ventana.png\" alt=\"(abre en nueva ventana)\"> o <a href=\"https:\/\/estudios.umh.es\/files\/2025\/06\/SOLICITA-Y-EXPONE-ESTUDIANTE-v2.pdf\" target=\"_blank\" rel=\"noopener\">sol\u00b7licitud per a persona f\u00edsica.pdf.561kb (castell\u00e1)<img src=\"https:\/\/estudios.umh.es\/files\/2021\/11\/abre-en-nueva-ventana.png\" alt=\"(abre en nueva ventana)\"><\/a> per correu electr\u00f2nic a <a href=\"mailto:formacion@umh.es\">formacion@umh.es<\/a> &nbsp;adjuntant la documentaci\u00f3 que s&#8217;indica en esta.<\/p>","protected":false},"excerpt":{"rendered":"<p>Per a sol\u00b7licitar l&#8217;expedici\u00f3 dels t\u00edtols d&#8217;ensenyaments de M\u00e0ster Propi o Especialista Universitari has de tindre en compte el curs acad\u00e8mic en el qual vas cursar l&#8217;estudi.<\/p>\n<p>Curs 2015\/2016 fins l&#8217;actualitat.<\/p>\n<p>Rebr\u00e0s un correu electr\u00f2nic a la b\u00fastia que vas indicar en la teua matr\u00edcula amb la informaci\u00f3 necess\u00e0ria per a la seua sol\u00b7licitud.<\/p>\n<p>Cursos acad\u00e8mics anteriors al [&#8230;]<\/p>\n","protected":false},"author":10,"featured_media":0,"parent":0,"menu_order":0,"comment_status":"closed","ping_status":"closed","template":"","meta":{"ngg_post_thumbnail":0,"_links_to":"","_links_to_target":""},"_links":{"self":[{"href":"https:\/\/estudios.umh.es\/ca\/wp-json\/wp\/v2\/pages\/4006"}],"collection":[{"href":"https:\/\/estudios.umh.es\/ca\/wp-json\/wp\/v2\/pages"}],"about":[{"href":"https:\/\/estudios.umh.es\/ca\/wp-json\/wp\/v2\/types\/page"}],"author":[{"embeddable":true,"href":"https:\/\/estudios.umh.es\/ca\/wp-json\/wp\/v2\/users\/10"}],"replies":[{"embeddable":true,"href":"https:\/\/estudios.umh.es\/ca\/wp-json\/wp\/v2\/comments?post=4006"}],"version-history":[{"count":0,"href":"https:\/\/estudios.umh.es\/ca\/wp-json\/wp\/v2\/pages\/4006\/revisions"}],"wp:attachment":[{"href":"https:\/\/estudios.umh.es\/ca\/wp-json\/wp\/v2\/media?parent=4006"}],"curies":[{"name":"wp","href":"https:\/\/api.w.org\/{rel}","templated":true}]}}