{"id":4010,"date":"2017-06-06T14:39:40","date_gmt":"2017-06-06T12:39:40","guid":{"rendered":"http:\/\/estudios.umh.es\/?page_id=4010"},"modified":"2026-02-16T14:26:17","modified_gmt":"2026-02-16T13:26:17","slug":"legalizacion-de-titulos-de-estudio-propios-de-la-umh","status":"publish","type":"page","link":"https:\/\/estudios.umh.es\/ca\/legalizacion-de-titulos-de-estudio-propios-de-la-umh\/","title":{"rendered":"LEGALITZACI\u00d3 DE T\u00cdTOLS PROPIS DE LA UMH"},"content":{"rendered":"<p><\/p>\n<p style=\"text-align: left\">Per a realitzar la legalitzaci\u00f3 d&#8217;un T\u00edtol Propi de la Universitat Miguel Hern\u00e1ndez d&#8217;Elx el procediment \u00e9s el seg\u00fcent:<\/p>\n<ul>\n<li style=\"text-align: left\">Reconeixement de les signatures de les Autoritats Acad\u00e8miques que expedeixen el document pel notari que conega les mateixes::\n<ul>\n<li style=\"text-align: left\">Ha de dirigir-se al notari d&#8217;Elx, Francisco J. Tornel, on es troben depositades les signatures.<\/li>\n<li style=\"text-align: left\">L&#8217;adre\u00e7a i tel\u00e8fon de la notaria s\u00f3n els seg\u00fcents: Av. de la Comunitat Valenciana, n\u00fam. 21. Elx. Tel\u00e8fon: 96 546 98 96<\/li>\n<\/ul>\n<\/li>\n<li style=\"text-align: left\">Reconeixement de la signatura del notari pel Vicedeg\u00e0 del la Delegaci\u00f3 d&#8217;Alacant del Col\u00b7legi Notarial de Val\u00e8ncia, que ser\u00e0 qui estampar\u00e0 la Postil\u00b7la de la Haia:\n<ul>\n<li style=\"text-align: left\">Ha de dirigir-se a la Delegaci\u00f3 d&#8217;Alacant del Col\u00b7legi Notarial de Val\u00e8ncia.<\/li>\n<li>L&#8217;adre\u00e7a i tel\u00e8fon s\u00f3n els seg\u00fcents: Col\u00b7legi Notarial de Val\u00e8ncia (Delegaci\u00f3 d&#8217;Alacant). C\/ Bail\u00e8n, 25. 03001 Alacant. Tel\u00e8fon: 965 927 08<\/li>\n<\/ul>\n<\/li>\n<\/ul>\n<p><\/p>","protected":false},"excerpt":{"rendered":"<p>Per a realitzar la legalitzaci\u00f3 d&#8217;un T\u00edtol Propi de la Universitat Miguel Hern\u00e1ndez d&#8217;Elx el procediment \u00e9s el seg\u00fcent:<\/p>\n<p>Reconeixement de les signatures de les Autoritats Acad\u00e8miques que expedeixen el document pel notari que conega les mateixes::<\/p>\n<p>Ha de dirigir-se al notari d&#8217;Elx, Francisco J. Tornel, on es troben depositades les signatures.<br \/>\nL&#8217;adre\u00e7a i tel\u00e8fon de la notaria [&#8230;]<\/p>\n","protected":false},"author":10,"featured_media":0,"parent":0,"menu_order":0,"comment_status":"closed","ping_status":"closed","template":"","meta":{"ngg_post_thumbnail":0,"_links_to":"","_links_to_target":""},"_links":{"self":[{"href":"https:\/\/estudios.umh.es\/ca\/wp-json\/wp\/v2\/pages\/4010"}],"collection":[{"href":"https:\/\/estudios.umh.es\/ca\/wp-json\/wp\/v2\/pages"}],"about":[{"href":"https:\/\/estudios.umh.es\/ca\/wp-json\/wp\/v2\/types\/page"}],"author":[{"embeddable":true,"href":"https:\/\/estudios.umh.es\/ca\/wp-json\/wp\/v2\/users\/10"}],"replies":[{"embeddable":true,"href":"https:\/\/estudios.umh.es\/ca\/wp-json\/wp\/v2\/comments?post=4010"}],"version-history":[{"count":0,"href":"https:\/\/estudios.umh.es\/ca\/wp-json\/wp\/v2\/pages\/4010\/revisions"}],"wp:attachment":[{"href":"https:\/\/estudios.umh.es\/ca\/wp-json\/wp\/v2\/media?parent=4010"}],"curies":[{"name":"wp","href":"https:\/\/api.w.org\/{rel}","templated":true}]}}