{"id":4016,"date":"2017-06-07T09:53:34","date_gmt":"2017-06-07T07:53:34","guid":{"rendered":"http:\/\/estudios.umh.es\/?page_id=4016"},"modified":"2026-02-16T14:25:57","modified_gmt":"2026-02-16T13:25:57","slug":"retirada-del-titulo-propio","status":"publish","type":"page","link":"https:\/\/estudios.umh.es\/ca\/retirada-del-titulo-propio\/","title":{"rendered":"RECOLLIDA DEL T\u00cdTOL PROPI"},"content":{"rendered":"<p><\/p>\n<h3>PROCEDIMENT DE RECOLLIDA DEL T\u00cdTOL PROPI<\/h3>\n<ul>\n<li style=\"text-align: justify\">El lliurament del t\u00edtol queda supeditada a la sol\u00b7licitud d&#8217;una cita pr\u00e8via emplenant el seg\u00fcent <a href=\"https:\/\/docs.google.com\/forms\/d\/e\/1FAIpQLSccr0QSksY33y1JJcJ30VLDtDBYM38hMe70kqq-NjZvblMjbw\/viewform\" target=\"_blank\" rel=\"noopener noreferrer\">formulari<img loading=\"lazy\" class=\"alignnone wp-image-31436 size-full\" src=\"https:\/\/estudios.umh.es\/files\/2021\/11\/abre-en-nueva-ventana.png\" alt=\"(abre en nueva ventana)\" width=\"15\" height=\"15\"><\/a>. Una vegada realitzada la sol\u00b7licitud se li comunicar\u00e0 mitjan\u00e7ant correu electr\u00f2nic el dia i hora de la cita.<\/li>\n<li style=\"text-align: justify\">La cita ser\u00e0 els dimarts o dijous de 9 h a 14 h.<\/li>\n<li>La recollida del t\u00edtol es realitzar\u00e0 en el Servei de Gesti\u00f3 d&#8217;Estudis. <a style=\"text-align: justify\" href=\"https:\/\/universite.umh.es\/localizaciones\/default.htm?&amp;selT=estancias&amp;selI=E16P0007\" target=\"_blank\" rel=\"noopener noreferrer\">Consulte la seua ubicaci\u00f3<img loading=\"lazy\" class=\"alignnone wp-image-31436 size-full\" src=\"https:\/\/estudios.umh.es\/files\/2021\/11\/abre-en-nueva-ventana.png\" alt=\"(abre en nueva ventana)\" width=\"15\" height=\"15\"><\/a><\/li>\n<\/ul>\n<h3>Qui pot recollir el meu t\u00edtol propi?<\/h3>\n<ul>\n<li style=\"text-align: justify\">El t\u00edtol podr\u00e0 ser recollit en el Servei de Gesti\u00f3 d&#8217;Estudis &nbsp;per:\n<ul>\n<li style=\"text-align: justify\">La persona interessada, que s&#8217;ha d&#8217;identificar mitjan\u00e7ant el seu DNI original o passaport.<\/li>\n<li style=\"text-align: justify\">Qualsevol persona en qui delegue, sempre que estiga autoritzada mitjan\u00e7ant el seg\u00fcent <a href=\"https:\/\/estudios.umh.es\/files\/2017\/06\/Modelo-de-autorizaci\u00f3n.pdf\" target=\"_blank\" rel=\"noopener\">model d&#8217;autoritzaci\u00f3.PDF.86,1kB<img loading=\"lazy\" class=\"alignnone wp-image-31436 size-full\" src=\"https:\/\/estudios.umh.es\/files\/2021\/11\/abre-en-nueva-ventana.png\" alt=\"(abre en nueva ventana)\" width=\"15\" height=\"15\"><\/a> degudament emplenat i signat; que haur\u00e0 de presentar per<a href=\"https:\/\/sede.umh.es\/ca\/procedimientos\/instancia-general\/\" target=\"_blank\" rel=\"noopener\"> Inst\u00e0ncia General de la Seu Electr\u00f2nica de la UMH<img src=\"https:\/\/estudios.umh.es\/files\/2021\/11\/abre-en-nueva-ventana.png\" alt=\"(abre en nueva ventana)\"><\/a> dirigida al Servei de Gesti\u00f3 d&#8217;Estudis, adjuntant fotoc\u00f2pia del DNI del sol\u00b7licitant i de la persona que retira el t\u00edtol.<\/li>\n<\/ul>\n<\/li>\n<\/ul>\n<h3>Si no residisc a la prov\u00edncia d&#8217;Alacant, com puc recollir el meu t\u00edtol?<\/h3>\n<ul>\n<li style=\"text-align: justify\">Si resideix fora de la prov\u00edncia d&#8217;Alacant, podem realitzar l&#8217;enviament del t\u00edtol per missatgeria. Per a aix\u00f2 ha de satisfer unes taxes en concepte de remissi\u00f3 del t\u00edtol en funci\u00f3 del dest\u00ed:\n<ul>\n<li style=\"text-align: justify\">Remissi\u00f3 de t\u00edtol propi amb destinaci\u00f3 a Espanya: 15 \u20ac<\/li>\n<li style=\"text-align: justify\">Remissi\u00f3 de t\u00edtol propi amb destinaci\u00f3 a Europa: 30 \u20ac<\/li>\n<li style=\"text-align: justify\">Remissi\u00f3 de t\u00edtol propi amb destinaci\u00f3 a la resta de pa\u00efsos: 50 \u20ac<\/li>\n<\/ul>\n<\/li>\n<li>Para poder abonar les taxes ha d&#8217;accedir a <a href=\"https:\/\/universite.umh.es\/recibos\" target=\"_blank\" rel=\"noopener\">l&#8217;aplicaci\u00f3 de rebuts<img loading=\"lazy\" class=\"alignnone wp-image-31436 size-full\" src=\"https:\/\/estudios.umh.es\/files\/2021\/11\/abre-en-nueva-ventana.png\" alt=\"(abre en nueva ventana)\" width=\"15\" height=\"15\"><\/a> i seleccionar:\n<ul>\n<li>Tipos<strong>: <\/strong>Tasas por Servicios de Gesti\u00f3n General.<\/li>\n<li>Subtipos: Remisi\u00f3n de T\u00edtulos Propios.\n<ul>\n<li>Una vegada realitzat l&#8217;abonament, ha de comunicar-lo mitjan\u00e7ant correu electr\u00f2nic a estudiospropios@umh.es, indicant totes les seues dades personals (DNI, nom i cognoms, tel\u00e8fon de contacte i nom del t\u00edtol propi) i l&#8217;adre\u00e7a postal completa on vol que li ho remetem.<\/li>\n<\/ul>\n<\/li>\n<\/ul>\n<\/li>\n<\/ul>\n<p><\/p>","protected":false},"excerpt":{"rendered":"<p>PROCEDIMENT DE RECOLLIDA DEL T\u00cdTOL PROPI<\/p>\n<p>El lliurament del t\u00edtol queda supeditada a la sol\u00b7licitud d&#8217;una cita pr\u00e8via emplenant el seg\u00fcent formulari. Una vegada realitzada la sol\u00b7licitud se li comunicar\u00e0 mitjan\u00e7ant correu electr\u00f2nic el dia i hora de la cita.<br \/>\nLa cita ser\u00e0 els dimarts o dijous de 9 h a 14 h.<br \/>\nLa recollida del t\u00edtol es [&#8230;]<\/p>\n","protected":false},"author":10,"featured_media":0,"parent":0,"menu_order":0,"comment_status":"closed","ping_status":"closed","template":"","meta":{"ngg_post_thumbnail":0,"_links_to":"","_links_to_target":""},"_links":{"self":[{"href":"https:\/\/estudios.umh.es\/ca\/wp-json\/wp\/v2\/pages\/4016"}],"collection":[{"href":"https:\/\/estudios.umh.es\/ca\/wp-json\/wp\/v2\/pages"}],"about":[{"href":"https:\/\/estudios.umh.es\/ca\/wp-json\/wp\/v2\/types\/page"}],"author":[{"embeddable":true,"href":"https:\/\/estudios.umh.es\/ca\/wp-json\/wp\/v2\/users\/10"}],"replies":[{"embeddable":true,"href":"https:\/\/estudios.umh.es\/ca\/wp-json\/wp\/v2\/comments?post=4016"}],"version-history":[{"count":0,"href":"https:\/\/estudios.umh.es\/ca\/wp-json\/wp\/v2\/pages\/4016\/revisions"}],"wp:attachment":[{"href":"https:\/\/estudios.umh.es\/ca\/wp-json\/wp\/v2\/media?parent=4016"}],"curies":[{"name":"wp","href":"https:\/\/api.w.org\/{rel}","templated":true}]}}