{"id":4019,"date":"2017-06-07T10:04:35","date_gmt":"2017-06-07T08:04:35","guid":{"rendered":"http:\/\/estudios.umh.es\/?page_id=4019"},"modified":"2024-01-22T14:48:54","modified_gmt":"2024-01-22T13:48:54","slug":"solicitud-de-duplicado","status":"publish","type":"page","link":"https:\/\/estudios.umh.es\/ca\/solicitud-de-duplicado\/","title":{"rendered":"SOL\u00b7LICITUD DE DUPLICAT DE T\u00cdTOL PROPI"},"content":{"rendered":"<p>El procediment de sol\u00b7licitud d&#8217;un duplicat de t\u00edtol propi \u00e9s el seg\u00fcent:<\/p>\n<ol>\n<li style=\"text-align: left\">Emplenar la seg\u00fcent <a href=\"https:\/\/estudios.umh.es\/files\/2017\/06\/Impreso-duplicado-Cast_Val.pdf\" target=\"_blank\" rel=\"noopener\">sol\u00b7licitud.PDF.18kB<img loading=\"lazy\" class=\"alignnone wp-image-31436 size-full\" src=\"https:\/\/estudios.umh.es\/files\/2021\/11\/abre-en-nueva-ventana.png\" alt=\"(abre en nueva ventana)\" width=\"15\" height=\"15\"><\/a><\/li>\n<li style=\"text-align: left\">Remetre al Servei de Gesti\u00f3 d&#8217;Estudis la sol\u00b7licitud mitjan\u00e7ant <a href=\"https:\/\/sede.umh.es\/ca\/procedimientos\/instancia-general\/\" target=\"_blank\" rel=\"noopener\">inst\u00e0ncia general de la seu electr\u00f2nica de la UMH<img loading=\"lazy\" class=\"alignnone wp-image-31436 size-full\" src=\"https:\/\/estudios.umh.es\/files\/2021\/11\/abre-en-nueva-ventana.png\" alt=\"(abre en nueva ventana)\" width=\"15\" height=\"15\"><\/a><\/li>\n<li style=\"text-align: left\">El Servei de Gesti\u00f3 d&#8217;Estudis li far\u00e0 arribar el rebut de taxes en concepte d&#8217;expedici\u00f3 de duplicat de t\u00edtol. Consulte el <a href=\"https:\/\/estudios.umh.es\/ca\/tasas\/\" target=\"_blank\" rel=\"noopener\">preu del duplicat del t\u00edtol propi<\/a>.&nbsp;<\/li>\n<li style=\"text-align: left\">Una vegada abonades les taxes, haur\u00e0 de remetre al Servei de Gesti\u00f3 d&#8217;Estudis el resguard del rebut d&#8217;abonament de les mateixes mitjan\u00e7ant un correu electr\u00f2nic dirigit a formacion@umh.es<\/li>\n<\/ol>\n<p><\/p>","protected":false},"excerpt":{"rendered":"<p>El procediment de sol\u00b7licitud d&#8217;un duplicat de t\u00edtol propi \u00e9s el seg\u00fcent:<\/p>\n<p>Emplenar la seg\u00fcent sol\u00b7licitud.PDF.18kB<br \/>\nRemetre al Servei de Gesti\u00f3 d&#8217;Estudis la sol\u00b7licitud mitjan\u00e7ant inst\u00e0ncia general de la seu electr\u00f2nica de la UMH<br \/>\nEl Servei de Gesti\u00f3 d&#8217;Estudis li far\u00e0 arribar el rebut de taxes en concepte d&#8217;expedici\u00f3 de duplicat de t\u00edtol. Consulte el preu del duplicat [&#8230;]<\/p>\n","protected":false},"author":10,"featured_media":0,"parent":0,"menu_order":0,"comment_status":"closed","ping_status":"closed","template":"","meta":{"ngg_post_thumbnail":0,"_links_to":"","_links_to_target":""},"_links":{"self":[{"href":"https:\/\/estudios.umh.es\/ca\/wp-json\/wp\/v2\/pages\/4019"}],"collection":[{"href":"https:\/\/estudios.umh.es\/ca\/wp-json\/wp\/v2\/pages"}],"about":[{"href":"https:\/\/estudios.umh.es\/ca\/wp-json\/wp\/v2\/types\/page"}],"author":[{"embeddable":true,"href":"https:\/\/estudios.umh.es\/ca\/wp-json\/wp\/v2\/users\/10"}],"replies":[{"embeddable":true,"href":"https:\/\/estudios.umh.es\/ca\/wp-json\/wp\/v2\/comments?post=4019"}],"version-history":[{"count":0,"href":"https:\/\/estudios.umh.es\/ca\/wp-json\/wp\/v2\/pages\/4019\/revisions"}],"wp:attachment":[{"href":"https:\/\/estudios.umh.es\/ca\/wp-json\/wp\/v2\/media?parent=4019"}],"curies":[{"name":"wp","href":"https:\/\/api.w.org\/{rel}","templated":true}]}}