{"id":4021,"date":"2017-06-07T11:04:35","date_gmt":"2017-06-07T09:04:35","guid":{"rendered":"http:\/\/estudios.umh.es\/?page_id=4021"},"modified":"2026-02-16T14:16:46","modified_gmt":"2026-02-16T13:16:46","slug":"tasas","status":"publish","type":"page","link":"https:\/\/estudios.umh.es\/ca\/tasas\/","title":{"rendered":"TAXES PER A L&#8217;EXPEDICI\u00d3 DE T\u00cdTOLS PROPIS"},"content":{"rendered":"<p><\/p>\n<p style=\"text-align: left\">Els preus per expedici\u00f3 de t\u00edtols d&#8217;ensenyaments propis de la UMH queden vinculats a les establides en el Decret del Consell de la Generalitat Valenciana, pel qual es fixen les taxes a satisfer per la prestaci\u00f3 de serveis acad\u00e8mics universitaris per a cada curs acad\u00e8mic. Aix\u00ed, els preus actualment vigent s\u00f3n els seg\u00fcents at\u00e9s el tipus de t\u00edtol propi:<\/p>\n<ul>\n<li>Diploma Superior: 151,10 \u20ac<\/li>\n<li>M\u00e0ster Propi: 212,07 \u20ac<\/li>\n<li>Especialista Universitari: 151,10 \u20ac<\/li>\n<li>Expert Universitari: 73,72 \u20ac<\/li>\n<li>Duplicat del t\u00edtol propi per extraviament, deterioraci\u00f3 o modificaci\u00f3: 27,34 \u20ac<\/li>\n<\/ul>\n<p>El rebut de les taxes li ser\u00e0 proporcionat pel Servei de Gesti\u00f3 d&#8217;Estudis una vegada <a href=\"https:\/\/estudios.umh.es\/ca\/procedimiento-de-solicitud-de-expedicion-de-titulo-propio\/\" rel=\"noopener\">sol\u00b7licite l&#8217;expedici\u00f3 del t\u00edtol propi<\/a>. Informar-li que el pagament del rebut de taxes es pot realitzar en les Entitats Banc\u00e0ries que consten en aquest rebut o mitjan\u00e7ant <a href=\"http:\/\/universite.umh.es\/pagovirtual\/\" target=\"_blank\" rel=\"noopener\">pagament virtual<img loading=\"lazy\" class=\"alignnone wp-image-31436 size-full\" src=\"https:\/\/estudios.umh.es\/files\/2021\/11\/abre-en-nueva-ventana.png\" alt=\"(abre en nueva ventana)\" width=\"15\" height=\"15\"><\/a>.&nbsp;<\/p>\n<h3>Exempcions i bonificacions<\/h3>\n<p>L&#8217;estudiantat es trobe en una alguna de les seg\u00fcents situacions i aportaci\u00f3 la documentaci\u00f3 acreditativa (carnet fam\u00edlia nombrosa, certificat discapacitat, carnet de fam\u00edlia monoparental, etc.) mitjan\u00e7ant correu electr\u00f2nic a estudiospropios@umh.es podr\u00e0 aplicar-se:<\/p>\n<ul>\n<li>Bonificaci\u00f3 del 50% del preu de la taxa&nbsp; d&#8217;expedici\u00f3:\n<ul>\n<li>Membres d&#8217;una fam\u00edlia nombrosa o monoparental de categoria general.<\/li>\n<\/ul>\n<\/li>\n<li>Exempci\u00f3 de taxes d&#8217;expedici\u00f3 del 100%:\n<ul>\n<li>Membres d&#8217;una fam\u00edlia nombrosa o monoparental de categoria especial.<\/li>\n<li>Persones amb discapacitat amb un grau de discapacitat igual o superior al 33 per cent, i els equiparats (els pensionistes de la Seguretat Social que tinguen reconeguda una pensi\u00f3 d&#8217;incapacitat permanent en el grau de total, absoluta o gran invalidesa, i els pensionistes de classes passives que tinguen reconeguda una pensi\u00f3 de jubilaci\u00f3 o de retir per incapacitat permanent per al servici o inutilitat).<\/li>\n<li>V\u00edctimes de bandes armades i elements terroristes, aix\u00ed com els seus c\u00f2njuges no separats legalment o descendents de primer grau, sempre que el nexe causal entre les activitats delictives i el resultat lesiu haguera sigut determinat en expedient administratiu instru\u00eft a este efecte pel procediment reglamentari corresponent, o per resoluci\u00f3 judicial ferma.<\/li>\n<li>V\u00edctimes d&#8217;actes de viol\u00e8ncia sobre la dona que acrediten esta condici\u00f3 mitjan\u00e7ant qualsevol dels mitjans de prova previstos en la normativa auton\u00f2mica contra la viol\u00e8ncia sobre la dona en l&#8217;\u00e0mbit de la Comunitat Valenciana, aix\u00ed com els seus descendents de primer grau al seu c\u00e0rrec menors de 25 anys.<\/li>\n<li>Estudiantat que haja estat subjecte al sistema de protecci\u00f3 de menors o al sistema judicial de reeducaci\u00f3, aix\u00ed com en situaci\u00f3 d&#8217;exclusi\u00f3 social i s&#8217;acredite per l&#8217;\u00f2rgan competent.<\/li>\n<li>Estudiantat beneficiari de la prestaci\u00f3 d&#8217;ingr\u00e9s m\u00ednim vital o renda valenciana d&#8217;inclusi\u00f3 per l&#8217;\u00f2rgan competent.<\/li>\n<\/ul>\n<\/li>\n<\/ul>\n<p><\/p>","protected":false},"excerpt":{"rendered":"<p>Els preus per expedici\u00f3 de t\u00edtols d&#8217;ensenyaments propis de la UMH queden vinculats a les establides en el Decret del Consell de la Generalitat Valenciana, pel qual es fixen les taxes a satisfer per la prestaci\u00f3 de serveis acad\u00e8mics universitaris per a cada curs acad\u00e8mic. Aix\u00ed, els preus actualment vigent s\u00f3n els seg\u00fcents at\u00e9s el [&#8230;]<\/p>\n","protected":false},"author":10,"featured_media":0,"parent":0,"menu_order":0,"comment_status":"closed","ping_status":"closed","template":"","meta":{"ngg_post_thumbnail":0,"_links_to":"","_links_to_target":""},"_links":{"self":[{"href":"https:\/\/estudios.umh.es\/ca\/wp-json\/wp\/v2\/pages\/4021"}],"collection":[{"href":"https:\/\/estudios.umh.es\/ca\/wp-json\/wp\/v2\/pages"}],"about":[{"href":"https:\/\/estudios.umh.es\/ca\/wp-json\/wp\/v2\/types\/page"}],"author":[{"embeddable":true,"href":"https:\/\/estudios.umh.es\/ca\/wp-json\/wp\/v2\/users\/10"}],"replies":[{"embeddable":true,"href":"https:\/\/estudios.umh.es\/ca\/wp-json\/wp\/v2\/comments?post=4021"}],"version-history":[{"count":0,"href":"https:\/\/estudios.umh.es\/ca\/wp-json\/wp\/v2\/pages\/4021\/revisions"}],"wp:attachment":[{"href":"https:\/\/estudios.umh.es\/ca\/wp-json\/wp\/v2\/media?parent=4021"}],"curies":[{"name":"wp","href":"https:\/\/api.w.org\/{rel}","templated":true}]}}