{"id":42,"date":"2014-02-27T11:41:04","date_gmt":"2014-02-27T11:41:04","guid":{"rendered":"http:\/\/estudios.zeus.umh.es\/?page_id=42"},"modified":"2024-06-28T09:17:24","modified_gmt":"2024-06-28T07:17:24","slug":"continuacion-en-los-titulos-de-grado-equivalentes-desde-titulos-en-extincion","status":"publish","type":"page","link":"https:\/\/estudios.umh.es\/ca\/reconocimiento-creditos\/continuacion-en-los-titulos-de-grado-equivalentes-desde-titulos-en-extincion\/","title":{"rendered":"CONTINUACI\u00d3 EN ELS T\u00cdTOLS DE GRAU EQUIVALENTS DES DE T\u00cdTOLS EXTINTS"},"content":{"rendered":"<p><\/p>\n<p style=\"text-align: justify\">A continuaci\u00f3 pots consultar el procediment per a la continuaci\u00f3 d&#8217;estudis des de la titulaci\u00f3 en extinci\u00f3 al Titule de Grau corresponent.<\/p>\n<p style=\"text-align: justify\"><span style=\"color: #000000\">&nbsp;<\/span><span style=\"color: #000000\">1\u00ba. Consulta: des del teu acc\u00e9s identificat podr\u00e0s accedir a un simulador que t&#8217;informar\u00e0 sobre quines assignatures et seran reconegudes d&#8217;acord a les assignatures que tingues aprovades en la teua titulaci\u00f3 actual.<\/span><\/p>\n<p style=\"text-align: justify\">Tamb\u00e9 pots consultar les <a href=\"https:\/\/estudios.umh.es\/reconocimiento-creditos\/continuacion-en-los-titulos-de-grado-equivalentes-desde-titulos-en-extincion\/tablas-de-reconocimiento-de-creditos-2\/\" target=\"_blank\" rel=\"noopener noreferrer\">taules d&#8217;equival\u00e8ncia<\/a> entre els estudis a extingir i els graus equivalents als mateixos.<\/p>\n<p style=\"text-align: justify\"><span style=\"color: #000000\">&nbsp;<\/span><span style=\"color: #000000\">2\u00ba. Matricular-te en el grau corresponent.<\/span><\/p>\n<p style=\"text-align: justify\"><span style=\"color: #000000\">On: Centre de Gesti\u00f3 de Campus corresponent.<\/span><\/p>\n<p style=\"text-align: justify\"><span style=\"color: #000000\">&nbsp;<\/span><span style=\"color: #000000\">3\u00ba. Sol\u00b7licitar el reconeixement dels cr\u00e8dits.<\/span><\/p>\n<p>On: A trav\u00e9s de l&#8217;acc\u00e9s identificat de l&#8217;estudiantat.<\/p>\n<p>Quan: En qualsevol moment.<\/p>\n<p style=\"text-align: justify\">L&#8217; estudiantat que desitge continuar els seus estudis en els t\u00edtols de Grau en Belles arts i Grau en Enginyeria Agroaliment\u00e0ria i Agroambiental hauran de dirigir-se al Centre de Gesti\u00f3 de Campus corresponent i sol\u00b7licitar el reconeixement d&#8217;assignatures mitjan\u00e7ant un escrit dirigit al Deg\u00e0 de la Facultat.<\/p>\n<p><\/p>","protected":false},"excerpt":{"rendered":"<p>A continuaci\u00f3 pots consultar el procediment per a la continuaci\u00f3 d&#8217;estudis des de la titulaci\u00f3 en extinci\u00f3 al Titule de Grau corresponent.<br \/>\n&nbsp;1\u00ba. Consulta: des del teu acc\u00e9s identificat podr\u00e0s accedir a un simulador que t&#8217;informar\u00e0 sobre quines assignatures et seran reconegudes d&#8217;acord a les assignatures que tingues aprovades en la teua titulaci\u00f3 actual.<br \/>\nTamb\u00e9 pots consultar [&#8230;]<\/p>\n","protected":false},"author":9,"featured_media":0,"parent":23,"menu_order":40,"comment_status":"closed","ping_status":"open","template":"","meta":{"ngg_post_thumbnail":0,"_links_to":"","_links_to_target":""},"_links":{"self":[{"href":"https:\/\/estudios.umh.es\/ca\/wp-json\/wp\/v2\/pages\/42"}],"collection":[{"href":"https:\/\/estudios.umh.es\/ca\/wp-json\/wp\/v2\/pages"}],"about":[{"href":"https:\/\/estudios.umh.es\/ca\/wp-json\/wp\/v2\/types\/page"}],"author":[{"embeddable":true,"href":"https:\/\/estudios.umh.es\/ca\/wp-json\/wp\/v2\/users\/9"}],"replies":[{"embeddable":true,"href":"https:\/\/estudios.umh.es\/ca\/wp-json\/wp\/v2\/comments?post=42"}],"version-history":[{"count":0,"href":"https:\/\/estudios.umh.es\/ca\/wp-json\/wp\/v2\/pages\/42\/revisions"}],"up":[{"embeddable":true,"href":"https:\/\/estudios.umh.es\/ca\/wp-json\/wp\/v2\/pages\/23"}],"wp:attachment":[{"href":"https:\/\/estudios.umh.es\/ca\/wp-json\/wp\/v2\/media?parent=42"}],"curies":[{"name":"wp","href":"https:\/\/api.w.org\/{rel}","templated":true}]}}