{"id":474,"date":"2014-05-07T12:51:12","date_gmt":"2014-05-07T12:51:12","guid":{"rendered":"http:\/\/estudios.zeus.umh.es\/?page_id=474"},"modified":"2026-02-16T13:07:02","modified_gmt":"2026-02-16T12:07:02","slug":"homologacion","status":"publish","type":"page","link":"https:\/\/estudios.umh.es\/ca\/expedicion-titulos\/homologacion\/","title":{"rendered":"HOMOLOGACI\u00d3 DE T\u00cdTOLS OFICIALS"},"content":{"rendered":"<p><\/p>\n<p style=\"text-align: left\" align=\"center\">Consulta m\u00e9s informaci\u00f3 sobre l&#8217;homologaci\u00f3 depenent del tipus d&#8217;ensenyan\u00e7a.<\/p>\n<ul>\n<li style=\"text-align: left\"><a href=\"https:\/\/estudios.umh.es\/ca\/expedicion-titulos\/homologacion\/grados\/\" rel=\"noopener\">GRAUS<\/a><\/li>\n<li style=\"text-align: left\"><a href=\"https:\/\/estudios.umh.es\/expedicion-titulos\/homologacion\/masteres\/\">M\u00c0STERS UNIVERSITARIS<\/a><\/li>\n<\/ul>\n<p><\/p>","protected":false},"excerpt":{"rendered":"<p>Consulta m\u00e9s informaci\u00f3 sobre l&#8217;homologaci\u00f3 depenent del tipus d&#8217;ensenyan\u00e7a.<\/p>\n<p>GRAUS<br \/>\nM\u00c0STERS UNIVERSITARIS<\/p>\n","protected":false},"author":9,"featured_media":0,"parent":24,"menu_order":29,"comment_status":"closed","ping_status":"open","template":"","meta":{"ngg_post_thumbnail":0,"_links_to":"","_links_to_target":""},"_links":{"self":[{"href":"https:\/\/estudios.umh.es\/ca\/wp-json\/wp\/v2\/pages\/474"}],"collection":[{"href":"https:\/\/estudios.umh.es\/ca\/wp-json\/wp\/v2\/pages"}],"about":[{"href":"https:\/\/estudios.umh.es\/ca\/wp-json\/wp\/v2\/types\/page"}],"author":[{"embeddable":true,"href":"https:\/\/estudios.umh.es\/ca\/wp-json\/wp\/v2\/users\/9"}],"replies":[{"embeddable":true,"href":"https:\/\/estudios.umh.es\/ca\/wp-json\/wp\/v2\/comments?post=474"}],"version-history":[{"count":0,"href":"https:\/\/estudios.umh.es\/ca\/wp-json\/wp\/v2\/pages\/474\/revisions"}],"up":[{"embeddable":true,"href":"https:\/\/estudios.umh.es\/ca\/wp-json\/wp\/v2\/pages\/24"}],"wp:attachment":[{"href":"https:\/\/estudios.umh.es\/ca\/wp-json\/wp\/v2\/media?parent=474"}],"curies":[{"name":"wp","href":"https:\/\/api.w.org\/{rel}","templated":true}]}}