{"id":475,"date":"2014-05-07T12:55:50","date_gmt":"2014-05-07T12:55:50","guid":{"rendered":"http:\/\/estudios.zeus.umh.es\/?page_id=475"},"modified":"2024-06-27T12:00:09","modified_gmt":"2024-06-27T10:00:09","slug":"suplemento-europeo-al-titulo-set","status":"publish","type":"page","link":"https:\/\/estudios.umh.es\/ca\/expedicion-titulos\/expedicion-titulos-oficiales\/suplemento-europeo-al-titulo-set\/","title":{"rendered":"Suplement Europeu al T\u00edtol"},"content":{"rendered":"<p><strong>Qu\u00e8 \u00e9s el Suplement Europeu al T\u00edtol (SET) ?<\/strong><\/p>\n<p style=\"text-align: justify\">\u00c9s el document que acompanya a cada un dels t\u00edtols universitaris de car\u00e0cter oficial i validesa en tot el territori nacional, amb la informaci\u00f3 unificada, personalitzada per a cada titulat universitari, sobre els estudis cursats, els resultats obtinguts, les capacitats professionals adquirides i el nivell de la seua titulaci\u00f3 en el sistema nacional d&#8217;educaci\u00f3 superior.<\/p>\n<p><strong>Qui pot sol\u00b7licitar el SET<\/strong><\/p>\n<p>Els titulats que hagen abonat els drets d&#8217;expedici\u00f3 dels t\u00edtols de: Llicenciat, Diplomat, Enginyer o Enginyer T\u00e8cnic.<\/p>\n<p><strong>Per a qu\u00e8 t\u00edtols oficials no est\u00e0 encara disponible el SET?<\/strong><\/p>\n<p>Per als t\u00edtols de Graduat, M\u00e0ster Universitari i Doctor de la Llei Org\u00e0nica 6\/2001 d&#8217;Universitats. Estar\u00e0 disponible quan el Ministeri d&#8217;Educaci\u00f3, Cultura i Esport, proporcione a les Universitats les especificacions t\u00e8cniques per a la seua expedici\u00f3.<\/p>\n<hr style=\"color: #df0101\" \/>\n<p><strong>Contingut del Suplement Europeu al T\u00edtol:<\/strong><\/p>\n<p>a) Dades de l&#8217;estudiant.<\/p>\n<p>b) Informaci\u00f3 de la titulaci\u00f3.<\/p>\n<p>c) Informaci\u00f3 sobre el nivell de la titulaci\u00f3.<\/p>\n<p>d) Informaci\u00f3 sobre el contingut i els resultats obtinguts.<\/p>\n<p>e) Informaci\u00f3 sobre la funci\u00f3 de la titulaci\u00f3.<\/p>\n<p>f) Informaci\u00f3 addicional.<\/p>\n<p>g) Certificaci\u00f3 del suplement.<\/p>\n<p>h) Informaci\u00f3 sobre el sistema nacional d&#8217;educaci\u00f3 superior.<\/p>\n<div align=\"center\">\n<table style=\"border: none\">\n<tbody style=\"border: none\">\n<tr style=\"border: none\">\n<td style=\"border: none;text-align: center\"><a href=\"https:\/\/estudios.umh.es\/homologacion-expedicion-titulos\/expedicion-titulos\/suplemento-europeo-al-titulo-set\/modelos\/\"><img loading=\"lazy\" class=\"aligncenter wp-image-719 size-full\" src=\"https:\/\/estudios.umh.es\/files\/2014\/05\/MODELOS.png\" alt=\"MODELOS\" width=\"190\" height=\"71\" \/><\/a><\/td>\n<td style=\"border: none;text-align: center\"><a href=\"https:\/\/estudios.umh.es\/homologacion-expedicion-titulos\/expedicion-titulos\/suplemento-europeo-al-titulo-set\/solicitud\/\"><img loading=\"lazy\" class=\"aligncenter size-full wp-image-720\" src=\"https:\/\/estudios.umh.es\/files\/2014\/05\/SOLICITUD_SET.png\" alt=\"SOLICITUD_SET\" width=\"190\" height=\"71\" \/><\/a><\/td>\n<\/tr>\n<\/tbody>\n<\/table>\n<\/div>\n<p>Aclariments o dubtes:<\/p>\n<p>T&#8217;atenem en <a href=\"mailto:titulos@umh.es\">t\u00edtols@umh.es<\/a><\/p>","protected":false},"excerpt":{"rendered":"<p>Qu\u00e8 \u00e9s el Suplement Europeu al T\u00edtol (SET) ?<br \/>\n\u00c9s el document que acompanya a cada un dels t\u00edtols universitaris de car\u00e0cter oficial i validesa en tot el territori nacional, amb la informaci\u00f3 unificada, personalitzada per a cada titulat universitari, sobre els estudis cursats, els resultats obtinguts, les capacitats professionals adquirides i el nivell de la [&#8230;]<\/p>\n","protected":false},"author":9,"featured_media":0,"parent":473,"menu_order":30,"comment_status":"closed","ping_status":"open","template":"","meta":{"ngg_post_thumbnail":0,"_links_to":"","_links_to_target":""},"_links":{"self":[{"href":"https:\/\/estudios.umh.es\/ca\/wp-json\/wp\/v2\/pages\/475"}],"collection":[{"href":"https:\/\/estudios.umh.es\/ca\/wp-json\/wp\/v2\/pages"}],"about":[{"href":"https:\/\/estudios.umh.es\/ca\/wp-json\/wp\/v2\/types\/page"}],"author":[{"embeddable":true,"href":"https:\/\/estudios.umh.es\/ca\/wp-json\/wp\/v2\/users\/9"}],"replies":[{"embeddable":true,"href":"https:\/\/estudios.umh.es\/ca\/wp-json\/wp\/v2\/comments?post=475"}],"version-history":[{"count":0,"href":"https:\/\/estudios.umh.es\/ca\/wp-json\/wp\/v2\/pages\/475\/revisions"}],"up":[{"embeddable":true,"href":"https:\/\/estudios.umh.es\/ca\/wp-json\/wp\/v2\/pages\/473"}],"wp:attachment":[{"href":"https:\/\/estudios.umh.es\/ca\/wp-json\/wp\/v2\/media?parent=475"}],"curies":[{"name":"wp","href":"https:\/\/api.w.org\/{rel}","templated":true}]}}