{"id":476,"date":"2014-05-07T13:03:50","date_gmt":"2014-05-07T13:03:50","guid":{"rendered":"http:\/\/estudios.zeus.umh.es\/?page_id=476"},"modified":"2026-03-10T14:35:35","modified_gmt":"2026-03-10T13:35:35","slug":"titulos-oficiales","status":"publish","type":"page","link":"https:\/\/estudios.umh.es\/ca\/expedicion-titulos\/expedicion-titulos-oficiales\/titulos-oficiales\/","title":{"rendered":"Sol.licitud expedici\u00f3 T\u00edtols Oficials UMH"},"content":{"rendered":"<p><\/p>\n<div class=\"col col-lg-8 order-first order-lg-2\">\n<div class=\"row\">\n<div class=\"col\">\n<h2 class=\"titulo-cuerpo\"><span dir=\"auto\" style=\"vertical-align: inherit\"><span dir=\"auto\" style=\"vertical-align: inherit\">SOL\u00b7LICITUD D&#8217;EXPEDICI\u00d3 DE T\u00cdTOLS OFICIALS<\/span><\/span><\/h2>\n<\/div>\n<div class=\"w-100\">&nbsp;<\/div>\n<div class=\"col\">\n<p><span class=\"date-cabecera\"><span dir=\"auto\" style=\"vertical-align: inherit\"><span dir=\"auto\" style=\"vertical-align: inherit\">10 mar\u00e7 2026<\/span><\/span><\/span><\/p>\n<\/div>\n<div class=\"w-100\">&nbsp;<\/div>\n<div class=\"col\">\n<div class=\"text-cuerpo\">\n<h3><span dir=\"auto\" style=\"vertical-align: inherit\"><span dir=\"auto\" style=\"vertical-align: inherit\">Sol\u00b7licitud expedici\u00f3 t\u00edtol oficial<\/span><\/span><\/h3>\n<p><span dir=\"auto\" style=\"vertical-align: inherit\"><span dir=\"auto\" style=\"vertical-align: inherit\">L&#8217;estudiant\/a sol\u00b7licitar\u00e0 l&#8217;expedici\u00f3 del t\u00edtol oficial de Grau, M\u00e0ster o Doctor cursat a la Universitat Miguel Hern\u00e1ndez d&#8217;Elx&nbsp; <\/span><\/span><strong><span dir=\"auto\" style=\"vertical-align: inherit\"><span dir=\"auto\" style=\"vertical-align: inherit\">\u00fanica i exclusivament<\/span><\/span><\/strong><span dir=\"auto\" style=\"vertical-align: inherit\"><span dir=\"auto\" style=\"vertical-align: inherit\"> &nbsp;a trav\u00e9s de la&nbsp; <\/span><\/span><a href=\"https:\/\/sede.umh.es\/procedimientos\/titulo-academico-expedicion-de-titulo-oficial\/\" target=\"_blank\" rel=\"noopener\"><span dir=\"auto\" style=\"vertical-align: inherit\"><span dir=\"auto\" style=\"vertical-align: inherit\">Seu Electr\u00f2nica de la UMH<\/span><\/span><img loading=\"lazy\" class=\"alignnone wp-image-31436 size-full\" src=\"https:\/\/estudios.umh.es\/files\/2021\/11\/abre-en-nueva-ventana.png\" alt=\"(obriu en nova finestra)\" width=\"15\" height=\"15\"><\/a><\/p>\n<p><span dir=\"auto\" style=\"vertical-align: inherit\"><span dir=\"auto\" style=\"vertical-align: inherit\">Les sol\u00b7licituds de t\u00edtols de&nbsp; <\/span><\/span><strong><span dir=\"auto\" style=\"vertical-align: inherit\"><span dir=\"auto\" style=\"vertical-align: inherit\">Grau i&nbsp;<\/span><\/span><\/strong><span dir=\"auto\" style=\"vertical-align: inherit\"><span dir=\"auto\" style=\"vertical-align: inherit\"> de <\/span><\/span><strong><span dir=\"auto\" style=\"vertical-align: inherit\"><span dir=\"auto\" style=\"vertical-align: inherit\">&nbsp;M\u00e0ster,&nbsp;<\/span><\/span><\/strong><span dir=\"auto\" style=\"vertical-align: inherit\"><span dir=\"auto\" style=\"vertical-align: inherit\"> es gestionaran al&nbsp; <\/span><\/span><strong><span dir=\"auto\" style=\"vertical-align: inherit\"><span dir=\"auto\" style=\"vertical-align: inherit\">Centre de Gesti\u00f3 de Campus corresponent&nbsp;<\/span><\/span><\/strong><span dir=\"auto\" style=\"vertical-align: inherit\"><span dir=\"auto\" style=\"vertical-align: inherit\"> i les dels t\u00edtols de&nbsp; <\/span><\/span><strong><span dir=\"auto\" style=\"vertical-align: inherit\"><span dir=\"auto\" style=\"vertical-align: inherit\">Doctor, a<\/span><\/span><\/strong><span dir=\"auto\" style=\"vertical-align: inherit\"><span dir=\"auto\" style=\"vertical-align: inherit\"> &nbsp;l&#8217;&nbsp; <\/span><\/span><strong><span dir=\"auto\" style=\"vertical-align: inherit\"><span dir=\"auto\" style=\"vertical-align: inherit\">Escola de Doctorat.<\/span><\/span><\/strong><\/p>\n<p><span dir=\"auto\" style=\"vertical-align: inherit\"><span dir=\"auto\" style=\"vertical-align: inherit\">En sol\u00b7licitar-ho, caldr\u00e0 aportar la documentaci\u00f3 seg\u00fcent:<\/span><\/span><\/p>\n<ul>\n<li><span dir=\"auto\" style=\"vertical-align: inherit\"><span dir=\"auto\" style=\"vertical-align: inherit\">Document d&#8217;identitat escanejat i complet (DNI, NIE o passaport, \u2026)<\/span><\/span><\/li>\n<li><span dir=\"auto\" style=\"vertical-align: inherit\"><span dir=\"auto\" style=\"vertical-align: inherit\">Justificant d&#8217;exempci\u00f3 o deducci\u00f3 de taxes per trobar-se en algun dels&nbsp; <\/span><\/span><a href=\"https:\/\/estudios.umh.es\/files\/2022\/06\/Exenciones-de-tasas-solicitud-expedicion-titulo-oficial.pdf\" target=\"_blank\" rel=\"noopener\"><span dir=\"auto\" style=\"vertical-align: inherit\"><span dir=\"auto\" style=\"vertical-align: inherit\">casos seg\u00fcents. PDF<\/span><\/span><img loading=\"lazy\" class=\"alignnone wp-image-31436 size-full\" src=\"https:\/\/estudios.umh.es\/files\/2021\/11\/abre-en-nueva-ventana.png\" alt=\"(obriu en nova finestra)\" width=\"15\" height=\"15\"><\/a><\/li>\n<\/ul>\n<p><span dir=\"auto\" style=\"vertical-align: inherit\"><span dir=\"auto\" style=\"vertical-align: inherit\">S&#8217;han de seguir les <\/span><\/span><a href=\"https:\/\/estudios.umh.es\/files\/2021\/05\/Documento-normas-grabaci%C3%B3n.pdf\" target=\"_blank\" rel=\"noopener\"><span dir=\"auto\" style=\"vertical-align: inherit\"><span dir=\"auto\" style=\"vertical-align: inherit\">&nbsp;instruccions<\/span><\/span><img loading=\"lazy\" class=\"alignnone wp-image-31436 size-full\" src=\"https:\/\/estudios.umh.es\/files\/2021\/11\/abre-en-nueva-ventana.png\" alt=\"(obriu en nova finestra)\" width=\"15\" height=\"15\"><\/a><span dir=\"auto\" style=\"vertical-align: inherit\"><span dir=\"auto\" style=\"vertical-align: inherit\"> . PDF &nbsp;per completar la sol\u00b7licitud correctament. \u00c9s recomanable verificar les dades abans d&#8217;enviar-les per evitar errors. Tota modificaci\u00f3 que impliqui variaci\u00f3 del que indica la sol\u00b7licitud, estar\u00e0 subjecta al pagament de les despeses que suposi la nova impressi\u00f3 del t\u00edtol (duplicat)<\/span><\/span><\/p>\n<p><span dir=\"auto\" style=\"vertical-align: inherit\"><span dir=\"auto\" style=\"vertical-align: inherit\">Un cop rebuda i revisada la sol\u00b7licitud, el&nbsp; <\/span><\/span><strong><span dir=\"auto\" style=\"vertical-align: inherit\"><span dir=\"auto\" style=\"vertical-align: inherit\">Centre de Gesti\u00f3 de Campus (Grau i M\u00e0ster)<\/span><\/span><\/strong><span dir=\"auto\" style=\"vertical-align: inherit\"><span dir=\"auto\" style=\"vertical-align: inherit\"> &nbsp;o l&#8217;&nbsp; <\/span><\/span><strong><span dir=\"auto\" style=\"vertical-align: inherit\"><span dir=\"auto\" style=\"vertical-align: inherit\">Escola de Doctorat (Doctor)&nbsp;<\/span><\/span><\/strong><span dir=\"auto\" style=\"vertical-align: inherit\"><span dir=\"auto\" style=\"vertical-align: inherit\"> emetr\u00e0 el rebut de la taxa d&#8217;expedici\u00f3 segons el preu p\u00fablic establert per a l&#8217;expedici\u00f3 del t\u00edtol oficial.<\/span><\/span><\/p>\n<p><span dir=\"auto\" style=\"vertical-align: inherit\"><span dir=\"auto\" style=\"vertical-align: inherit\">En cas de tenir dret a bonificaci\u00f3 o exempci\u00f3 de taxes, cal aportar a la sol\u00b7licitud la documentaci\u00f3 acreditativa en vigor.&nbsp;<\/span><\/span><\/p>\n<h3><span dir=\"auto\" style=\"vertical-align: inherit\"><span dir=\"auto\" style=\"vertical-align: inherit\">Certificat supletori<\/span><\/span><\/h3>\n<p><span dir=\"auto\" style=\"vertical-align: inherit\"><span dir=\"auto\" style=\"vertical-align: inherit\">Revisada la sol\u00b7licitud i abonada les taxa corresponent, el Centre de Gesti\u00f3 de Campus\/l&#8217;Escola de Doctorat traslladar\u00e0 l&#8217;expedient a la Secci\u00f3 de T\u00edtols Oficials de la UMH, que el gestionar\u00e0 amb el Ministeri per a l&#8217;expedici\u00f3 del t\u00edtol oficial.<\/span><\/span><\/p>\n<p><span dir=\"auto\" style=\"vertical-align: inherit\"><span dir=\"auto\" style=\"vertical-align: inherit\">La persona sol\u00b7licitant rebr\u00e0 en un correu electr\u00f2nic el codi CSV per descarregar al Certificat Supletori Electr\u00f2nic que substitueix el t\u00edtol definitiu amb validesa d&#8217;1 any.<\/span><\/span><\/p>\n<h3><span dir=\"auto\" style=\"vertical-align: inherit\"><span dir=\"auto\" style=\"vertical-align: inherit\">T\u00edtol Definitiu<\/span><\/span><\/h3>\n<p><span dir=\"auto\" style=\"vertical-align: inherit\"><span dir=\"auto\" style=\"vertical-align: inherit\">Rebut el t\u00edtol definitiu a la Secci\u00f3 de T\u00edtols Oficials de la UMH, s&#8217;enviar\u00e0, a l&#8217;email indicat a la sol\u00b7licitud, una comunicaci\u00f3 amb les indicacions necess\u00e0ries per procedir a la seva retirada.<\/span><\/span><\/p>\n<p><a href=\"https:\/\/estudios.umh.es\/files\/2019\/03\/Captura_titulo.png\"><img loading=\"lazy\" class=\"aligncenter wp-image-8687\" src=\"https:\/\/estudios.umh.es\/files\/2019\/03\/Captura_titulo-1024x723.png\" alt=\"Model del t\u00edtol expedit d'estudis oficials universitaris\" width=\"601\" height=\"424\" srcset=\"https:\/\/estudios.umh.es\/files\/2019\/03\/Captura_titulo-1024x723.png 1024w, https:\/\/estudios.umh.es\/files\/2019\/03\/Captura_titulo-300x212.png 300w, https:\/\/estudios.umh.es\/files\/2019\/03\/Captura_titulo-768x542.png 768w, https:\/\/estudios.umh.es\/files\/2019\/03\/Captura_titulo.png 1282w\" sizes=\"(max-width: 601px) 100vw, 601px\" \/><\/a><\/p>\n<\/div>\n<\/div>\n<div class=\"w-100\">&nbsp;<\/div>\n<div class=\"w-100\">&nbsp;<\/div>\n<div class=\"col\">\n<div class=\"editar-cuerpo\">\n<p class=\"editar-link\">&nbsp;<\/p>\n<\/div>\n<\/div>\n<\/div>\n<\/div>\n<div class=\"col-lg-4 d-md-block d-lg-block pl-20 no-print\" role=\"navigation\">\n<div class=\"row\">\n<div class=\"col\">\n<ul class=\"nav_pag_l_hijos\">\n<li>\n<div class=\"n_p_l_h_pa row\">&nbsp;<\/div>\n<\/li>\n<\/ul>\n<\/div>\n<\/div>\n<\/div>\n<p><\/p>","protected":false},"excerpt":{"rendered":"<p>SOL\u00b7LICITUD D&#8217;EXPEDICI\u00d3 DE T\u00cdTOLS OFICIALS<\/p>\n<p>&nbsp;<\/p>\n<p>10 mar\u00e7 2026<\/p>\n<p>&nbsp;<\/p>\n<p>Sol\u00b7licitud expedici\u00f3 t\u00edtol oficial<br \/>\nL&#8217;estudiant\/a sol\u00b7licitar\u00e0 l&#8217;expedici\u00f3 del t\u00edtol oficial de Grau, M\u00e0ster o Doctor cursat a la Universitat Miguel Hern\u00e1ndez d&#8217;Elx&nbsp; \u00fanica i exclusivament &nbsp;a trav\u00e9s de la&nbsp; Seu Electr\u00f2nica de la UMH<br \/>\nLes sol\u00b7licituds de t\u00edtols de&nbsp; Grau i&nbsp; de &nbsp;M\u00e0ster,&nbsp; es gestionaran al&nbsp; Centre de Gesti\u00f3 de Campus [&#8230;]<\/p>\n","protected":false},"author":9,"featured_media":0,"parent":473,"menu_order":10,"comment_status":"closed","ping_status":"open","template":"","meta":{"ngg_post_thumbnail":0,"_links_to":"","_links_to_target":""},"_links":{"self":[{"href":"https:\/\/estudios.umh.es\/ca\/wp-json\/wp\/v2\/pages\/476"}],"collection":[{"href":"https:\/\/estudios.umh.es\/ca\/wp-json\/wp\/v2\/pages"}],"about":[{"href":"https:\/\/estudios.umh.es\/ca\/wp-json\/wp\/v2\/types\/page"}],"author":[{"embeddable":true,"href":"https:\/\/estudios.umh.es\/ca\/wp-json\/wp\/v2\/users\/9"}],"replies":[{"embeddable":true,"href":"https:\/\/estudios.umh.es\/ca\/wp-json\/wp\/v2\/comments?post=476"}],"version-history":[{"count":0,"href":"https:\/\/estudios.umh.es\/ca\/wp-json\/wp\/v2\/pages\/476\/revisions"}],"up":[{"embeddable":true,"href":"https:\/\/estudios.umh.es\/ca\/wp-json\/wp\/v2\/pages\/473"}],"wp:attachment":[{"href":"https:\/\/estudios.umh.es\/ca\/wp-json\/wp\/v2\/media?parent=476"}],"curies":[{"name":"wp","href":"https:\/\/api.w.org\/{rel}","templated":true}]}}