{"id":479,"date":"2014-05-08T10:34:03","date_gmt":"2014-05-08T10:34:03","guid":{"rendered":"http:\/\/estudios.zeus.umh.es\/?page_id=479"},"modified":"2026-03-31T16:00:34","modified_gmt":"2026-03-31T14:00:34","slug":"cursos-preparatorios-mayores-25-anos","status":"publish","type":"page","link":"https:\/\/estudios.umh.es\/ca\/cursos-preparatorios-mayores-25-anos\/","title":{"rendered":"CURS PREPARATORI MAJORS 25 ANYS"},"content":{"rendered":"<p><\/p>\n<h3 style=\"text-align: left\">INFORMACI\u00d3 SOBRE EL CURS PREPARATORI PER A L&#8217;ACC\u00c8S A LA UNIVERSITAT DE MAJORS DE 25 ANYS.&nbsp;<\/h3>\n<ul style=\"text-align: left\">\n<li>Per\u00edode de matr\u00edcula: del 2 de setembre al 17 d&#8217;octubre de 2025.&nbsp;<\/li>\n<li>El curs ser\u00e0 totalment presencial. El material de les diferents assignatures estar\u00e0 accessible a trav\u00e9s de l&#8217;acc\u00e9s identificat de l&#8217;estudiantat.<\/li>\n<li>Inici del curs: 26 de setembre de 2025.<\/li>\n<li>Finalitzaci\u00f3 del curs: 14 de mar\u00e7 de 2026.<\/li>\n<li>Horaris i aules del curs: <a href=\"https:\/\/estudios.umh.es\/files\/2025\/12\/Horario-curso-PAM_-25-45-2025_2026_actualizado_2.pdf\" target=\"_blank\" rel=\"noopener\">Horari.pdf.795Kb (castell\u00e0)<\/a> <img src=\"https:\/\/estudios.umh.es\/files\/2021\/11\/abre-en-nueva-ventana.png\" alt=\"(abre en nueva ventana)\">&nbsp;<\/li>\n<li>Jornades Orienta: 17 i 18 d&#8217;abril de 2026.&nbsp; <a href=\"https:\/\/estudios.umh.es\/ca\/orienta-25-y-45\/\" target=\"_blank\" rel=\"noopener\">Horari<\/a>&nbsp;<\/li>\n<\/ul>\n<h3 style=\"text-align: left\">Qu\u00e8 s\u00f3n els cursos preparatoris per a l&#8217;acc\u00e9s a la universitat de majors de 25 anys?<\/h3>\n<p style=\"text-align: left\">\u00c9s una iniciativa del Vicerectorat d&#8217;Estudiants i Coordinaci\u00f3 de la Universitat Miguel Hern\u00e1ndez d&#8217;Elx que pret\u00e9n facilitar l&#8217;ingr\u00e9s en la universitat, mitjan\u00e7ant la preparaci\u00f3 de les assignatures que componen la prova PAU 25.<\/p>\n<p style=\"text-align: left\">El requisit per a poder presentar-se a les proves d&#8217;acc\u00e9s a la universitat de majors de 25 anys \u00e9s el seg\u00fcent: No reunir les condicions necess\u00e0ries per a l&#8217;acc\u00e9s a estudis de grau i tindre 25 anys o es complisquen l&#8217;any en qu\u00e8 es realitzen les proves.<\/p>\n<h3 style=\"text-align: left\">Com em matricule?<\/h3>\n<p style=\"text-align: left\">La matr\u00edcula comen\u00e7ar\u00e0 el 2 de setembre i finalitzar\u00e0 el 17 d&#8217;octubre de 2025.<\/p>\n<p style=\"text-align: left\">La matr\u00edcula s&#8217;ha de realitzar emplenant el <a href=\"http:\/\/universite.umh.es\/fpogestion\/aspx\/Preinscripcion\/Preinscripcion.aspx\" target=\"_blank\" rel=\"noopener noreferrer\">formulari<img loading=\"lazy\" class=\"alignnone wp-image-31436 size-full\" src=\"https:\/\/estudios.umh.es\/files\/2021\/11\/abre-en-nueva-ventana.png\" alt=\"(abre en nueva ventana)\" width=\"15\" height=\"15\"><\/a> al qual s&#8217;accedir\u00e0 seleccionant el sig\u00fcent:<\/p>\n<ul style=\"text-align: left\">\n<li style=\"text-align: justify\">Camp &#8220;Tipus d&#8217;Ensenyament&#8221;: Proves Acc\u00e9s Majors 25 Anys.<\/li>\n<li>Camp &#8220;Ensenyament&#8221;: Curs Proves Acc\u00e9s Majors 25 Anys.<\/li>\n<\/ul>\n<p style=\"text-align: left\">IMPORTANT: La seua matr\u00edcula ser\u00e0 efectiva en el moment que realitze el pagament. No \u00e9s necessari que porte el justificant d&#8217;haver realitzat el pagament, a la universitat. Consulte els horaris d&#8217;impartici\u00f3 del curs al comen\u00e7ament d&#8217;aquesta p\u00e0gina.<\/p>\n<h3 style=\"text-align: left\">Quant costa?<\/h3>\n<p style=\"text-align: left\">El preu del curs \u00e9s de 210 euros.<\/p>\n<p>Deduccions aplicables en este curs acad\u00e8mic:<\/p>\n<ul style=\"text-align: left\">\n<li style=\"text-align: justify\">A l&#8217;estudiantat del Curs PAU25 que havent superat la Prova d&#8217;Acc\u00e9s a la Universitat per a Majors de 25 anys, es matricule en una titulaci\u00f3 de la Universitat Miguel Hern\u00e1ndez, se li deduir\u00e0 210 euros de l&#8217;import de la matr\u00edcula del primer curs. Aquesta deducci\u00f3 s&#8217;aplicar\u00e0 a l&#8217;import pagat en el cas de matr\u00edcules redu\u00efdes.<\/li>\n<li style=\"text-align: justify\">L&#8217;estudiantat del Curs PAU25 que havent-se presentat a la Prova d&#8217;Acc\u00e9s a la Universitat per a Majors de 25 anys no la supere, tindr\u00e0 dret a una deducci\u00f3 de 105 euros en la matr\u00edcula del Curs PAU25 de l&#8217;any seg\u00fcent. Aquesta deducci\u00f3 s&#8217;aplicar\u00e0 a l&#8217;import pagat en el cas de matr\u00edcules redu\u00efdes.<\/li>\n<li style=\"text-align: justify\">L&#8217;estudiantat que acredite fam\u00edlia nombrosa, tindr\u00e0 una reducci\u00f3 en el preu del curs del 50% (fam\u00edlia nombrosa general) i del 100% (fam\u00edlia nombrosa especial).<\/li>\n<li style=\"text-align: justify\">L&#8217;estudiantat que acredite discapacitat igual o superior al 33% o equiparats (pensionistes de la Seguretat Social que tinguen reconeguda una incapacitat permanent en el grau de total, absoluta o gran invalidesa i els pensionistes de classes passives que tinguen reconeguda una pensi\u00f3 de jubilaci\u00f3 o de retir per incapacitat permanent per al servici o inutilitat), tindr\u00e0 exempci\u00f3 de taxes del 100%.<\/li>\n<li style=\"text-align: justify\">L&#8217;estudiantat que acredite ser membres de fam\u00edlies monoparentals, tindr\u00e0 una reducci\u00f3 en el preu del curs del 50% (fam\u00edlia monoparental general) i del 100% (fam\u00edlia monoparental especial).<\/li>\n<li style=\"text-align: justify\">L&#8217;estudiantat que acredite la condici\u00f3 de ser v\u00edctimes de terrorisme gaudir\u00e0 de l&#8217;exempci\u00f3 del 100% del pagament de les taxes.<\/li>\n<li style=\"text-align: justify\">Les estudiants que acrediten ser v\u00edctimes d&#8217;actes de viol\u00e8ncia sobre la dona gaudir\u00e0 de l&#8217;exempci\u00f3 del 100% del pagament de les taxes.<\/li>\n<li style=\"text-align: justify\">L&#8217;estudiantat que acredite haver estat subjecte al sistema de protecci\u00f3 de menors o al sistema judicial de reeducaci\u00f3, aix\u00ed com en situaci\u00f3 d&#8217;exclusi\u00f3 social i s&#8217;acredite per l&#8217;\u00f2rgan competent, gaudir\u00e0 d&#8217;una exempci\u00f3 del 100% de les taxes.<\/li>\n<li style=\"text-align: justify\">L\u2019estudiantat que acredite la condici\u00f3 d\u2019ingr\u00e9s m\u00ednim vital o renda valenciana d\u2019inclusi\u00f3 per l\u2019\u00f2rgan competent, gaudir\u00e0 d\u2019una exempci\u00f3 del 100% de les taxes.<\/li>\n<\/ul>\n<p style=\"text-align: left\">Nota: Haur\u00e0 d&#8217;aportar-se la documentaci\u00f3 (carnet fam\u00edlia nombrosa, certificat discapacitat, carnet de fam\u00edlia monoparental, etc.) enviant un correu electr\u00f2nic a formacion@umh.es. Has d&#8217;identificar-te amb el teu nom i DNI en el cos del correu i indicant en l&#8217;assumpte del correu &#8220;Matr\u00edcula redu\u00efda Curs Acc\u00e9s Majors 25 Anys&#8221;.<\/p>\n<h3 style=\"text-align: left\">A qui va dirigit?<\/h3>\n<p style=\"text-align: left\">A les persones que no tinguen cap altra forma d&#8217;acc\u00e9s a la universitat i vulguen obtindre una preparaci\u00f3 pr\u00e8via a les proves d&#8217;acc\u00e9s de majors de 25 anys.<\/p>\n<h3 style=\"text-align: left\">Quines assignatures s&#8217;imparteixen?<\/h3>\n<p style=\"text-align: left\">El curs s&#8217;estructura en les sis assignatures que componen la prova d&#8217;acc\u00e9s a majors de 25 anys<\/p>\n<ul style=\"text-align: left\">\n<li>Assignatures comunes: quatre assignatures obligat\u00f2ries per a tots: Llengua castellana \/ Llengua valenciana \/ Llengua estrangera:&nbsp; franc\u00e9s o angl\u00e9s \/ Comentari de text.<\/li>\n<\/ul>\n<ul style=\"text-align: left\">\n<li>Assignatures espec\u00edfiques: dues assignatures: una obligat\u00f2ria i una optativa de l&#8217;opci\u00f3 que es trie, o b\u00e9 dues assignatures optatives si l&#8217;opci\u00f3 no t\u00e9 obligat\u00f2ria.\n<ul style=\"text-align: left\">\n<li>A) Art i Humanitats. Assignatures optatives: Dibuix Art\u00edstic \/ T\u00e8c. Expressi\u00f3 Pl\u00e0stica \/ Filosofia \/ Hist\u00f2ria.<\/li>\n<li>B) Ci\u00e8ncies. Assignatura obligat\u00f2ria: Matem\u00e0tiques. Assignatures optatives: Qu\u00edmica \/ F\u00edsica.<\/li>\n<li>C) Ci\u00e8ncies de la Salut. Assignatura obligat\u00f2ria: Biologia. Assignatures optatives: F\u00edsica \/ Qu\u00edmica.<\/li>\n<li>D) Ci\u00e8ncies Socials i Jur\u00eddiques. Assignatures optatives: Hist\u00f2ria \/ Matem\u00e0tiques \/ Geografia.<\/li>\n<li>E) Enginyeria i Arquitectura: Assignatura obligat\u00f2ria: Matem\u00e0tiques. Assignatures optatives: Dibuix T\u00e8cnic \/ F\u00edsica&nbsp;&nbsp;<\/li>\n<\/ul>\n<\/li>\n<\/ul>\n<h3 style=\"text-align: left\">Graus de la UMH per branca de coneixement.<\/h3>\n<ul style=\"text-align: left\">\n<li style=\"text-align: left\">Arts i Humanitats: Belles Arts.<\/li>\n<li style=\"text-align: left\">Ci\u00e8ncies: Biotecnologia, Ci\u00e8ncies Ambientals, Ci\u00e8ncia de Dades i Intel\u00b7lig\u00e8ncia Artificial.<\/li>\n<li style=\"text-align: left\">Ci\u00e8ncies de la Salut: Ci\u00e8ncies de l&#8217;Activitat F\u00edsica i de l&#8217;Esport, Infermeria, Farm\u00e0cia, Fisioter\u00e0pia, Medicina, Podologia, Psicologia, Ter\u00e0pia Ocupacional.<\/li>\n<li style=\"text-align: left\">Ci\u00e8ncies Socials i Jur\u00eddiques: Administraci\u00f3 i Direcci\u00f3 d&#8217;Empreses, Ci\u00e8ncies Pol\u00edtiques i Gesti\u00f3 P\u00fablica, Comunicaci\u00f3 Audiovisual, Dret, Doble Grau en Ci\u00e8ncies Pol\u00edtiques i Gesti\u00f3 P\u00fablica i Administraci\u00f3 i Direcci\u00f3 d&#8217;Empreses, Doble Grau en Ci\u00e8ncies Pol\u00edtiques i Gesti\u00f3 P\u00fablica i Dret, Doble Grau en Comunicaci\u00f3 Audiovisual i Periodisme, Doble Grau en Dret i Administraci\u00f3 i Direcci\u00f3 d&#8217;Empreses, Estad\u00edstica Empresarial; Gesti\u00f3 Comercial i M\u00e0rqueting; Gesti\u00f3, Tecnologia i Moda; Periodisme, Relacions Laborals i Recursos Humans, Seguretat P\u00fablica i Privada.<\/li>\n<li style=\"text-align: left\">Enginyeria i Arquitectura: Ci\u00e8ncia i Tecnologia dels Aliments, Doble Grau en Enginyeria Agroaliment\u00e0ria i Agroambiental i Ci\u00e8ncia i Tecnologia dels Aliments, Enginyeria Agroaliment\u00e0ria i Agroambiental, Enginyeria de Tecnologies de la Telecomunicaci\u00f3, Enginyeria en Tecnologies Industrials, Enginyeria El\u00e8ctrica, Enginyeria Electr\u00f2nica i Autom\u00e0tica Industrial, Enginyeria Inform\u00e0tica en Tecnologies de la Informaci\u00f3, Enginyeria Mec\u00e0nica.<\/li>\n<\/ul>\n<h3 style=\"text-align: left\">Qui imparteix les classes?<\/h3>\n<p style=\"text-align: left\">Professors especialistes amb \u00e0mplia formaci\u00f3 i experi\u00e8ncia en els continguts de cadascuna de les mat\u00e8ries exigits en les proves d&#8217;acc\u00e9s a la universitat dels majors de 25 anys.<\/p>\n<h3 style=\"text-align: left\">Quan s&#8217;imparteixen les classes?<\/h3>\n<p style=\"text-align: left\">Les classes comen\u00e7aran el 26 de setembre de 2025 i finalitzaran el 14 de mar\u00e7 de 2026. S&#8217;impartiran 20 hores presencials de cadascuna de les mat\u00e8ries. Les classes s&#8217;impartiran els divendres a la vesprada i dissabtes al mat\u00ed al campus d&#8217;Elx.<\/p>\n<h3 style=\"text-align: left\">INFORMACI\u00d3 DE CONTACTE<\/h3>\n<p style=\"text-align: left\">Servei de Gesti\u00f3 d&#8217;Estudis (Campus d&#8217;Elx, Edifici de Rectorat i Consell Social,&nbsp; Avda. de la Universitat, s\/n, 03202 Elx, Alicant)<\/p>\n<p style=\"text-align: left\">Tel\u00e8fon: 96 665 8943<\/p>\n<p style=\"text-align: left\">Correu electr\u00f2nic: formacion@umh.es<\/p>\n<p><\/p>","protected":false},"excerpt":{"rendered":"<p>INFORMACI\u00d3 SOBRE EL CURS PREPARATORI PER A L&#8217;ACC\u00c8S A LA UNIVERSITAT DE MAJORS DE 25 ANYS.&nbsp;<\/p>\n<p>Per\u00edode de matr\u00edcula: del 2 de setembre al 17 d&#8217;octubre de 2025.&nbsp;<br \/>\nEl curs ser\u00e0 totalment presencial. El material de les diferents assignatures estar\u00e0 accessible a trav\u00e9s de l&#8217;acc\u00e9s identificat de l&#8217;estudiantat.<br \/>\nInici del curs: 26 de setembre de 2025.<br \/>\nFinalitzaci\u00f3 del curs: [&#8230;]<\/p>\n","protected":false},"author":1914,"featured_media":0,"parent":0,"menu_order":0,"comment_status":"closed","ping_status":"open","template":"","meta":{"ngg_post_thumbnail":0,"_links_to":"","_links_to_target":""},"_links":{"self":[{"href":"https:\/\/estudios.umh.es\/ca\/wp-json\/wp\/v2\/pages\/479"}],"collection":[{"href":"https:\/\/estudios.umh.es\/ca\/wp-json\/wp\/v2\/pages"}],"about":[{"href":"https:\/\/estudios.umh.es\/ca\/wp-json\/wp\/v2\/types\/page"}],"author":[{"embeddable":true,"href":"https:\/\/estudios.umh.es\/ca\/wp-json\/wp\/v2\/users\/1914"}],"replies":[{"embeddable":true,"href":"https:\/\/estudios.umh.es\/ca\/wp-json\/wp\/v2\/comments?post=479"}],"version-history":[{"count":0,"href":"https:\/\/estudios.umh.es\/ca\/wp-json\/wp\/v2\/pages\/479\/revisions"}],"wp:attachment":[{"href":"https:\/\/estudios.umh.es\/ca\/wp-json\/wp\/v2\/media?parent=479"}],"curies":[{"name":"wp","href":"https:\/\/api.w.org\/{rel}","templated":true}]}}