{"id":48,"date":"2014-03-07T11:05:49","date_gmt":"2014-03-07T11:05:49","guid":{"rendered":"http:\/\/estudios.zeus.umh.es\/?page_id=48"},"modified":"2026-03-24T12:12:35","modified_gmt":"2026-03-24T11:12:35","slug":"calendario-academico","status":"publish","type":"page","link":"https:\/\/estudios.umh.es\/ca\/calendario-academico\/","title":{"rendered":"CALENDARI ACAD\u00c8MIC"},"content":{"rendered":"<p><\/p>\n<p style=\"text-align: justify\">El Calendari Acad\u00e8mic informa dels distints terminis que regixen els procediments administratius de la UMH. Este document \u00e9s d&#8217;aplicaci\u00f3 als estudis de grau i m\u00e0ster universitari impartits en la UMH.<\/p>\n<h3>Curs Acad\u00e8mic 2025\/2026<\/h3>\n<ul>\n<li><a href=\"https:\/\/estudios.umh.es\/files\/2025\/06\/Calendario-Academico-2025_2026_3.pdf\" target=\"_blank\" rel=\"noopener\">Calendari Acad\u00e8mic oficial per al curs 2025\/2026.PDF.322Kb(versi\u00f3 en castell\u00e0)<img src=\"https:\/\/estudios.umh.es\/files\/2021\/11\/abre-en-nueva-ventana.png\" alt=\"(abre en nueva ventana)\"><\/a><\/li>\n<\/ul>\n<h4>Calendari Acad\u00e9mic de Facultats i Escoles Polit\u00e8cniques<\/h4>\n<ul>\n<li><a href=\"https:\/\/epse.umh.es\/estudios\/calendario_academico\/\" target=\"_blank\" rel=\"noopener\">Escola Polit\u00e8cnica Superior d&#8217;Elx<\/a><img src=\"https:\/\/estudios.umh.es\/files\/2021\/11\/abre-en-nueva-ventana.png\" alt=\"(abre en nueva ventana)\"><\/li>\n<li><a href=\"https:\/\/epso.umh.es\/calendario-academico-2024-2025\/\" target=\"_blank\" rel=\"noopener\">Escola Polit\u00e8cnica Superior d&#8217;Oriola<\/a><img src=\"https:\/\/estudios.umh.es\/files\/2021\/11\/abre-en-nueva-ventana.png\" alt=\"(abre en nueva ventana)\"><\/li>\n<li><a href=\"https:\/\/bbaa.umh.es\/grado\/horarios\/\" target=\"_blank\" rel=\"noopener\">Facultat de Belles Arts<\/a><img src=\"https:\/\/estudios.umh.es\/files\/2021\/11\/abre-en-nueva-ventana.png\" alt=\"(abre en nueva ventana)\"><\/li>\n<li><a href=\"https:\/\/ccexp.umh.es\/calendarios\/\" target=\"_blank\" rel=\"noopener\">Facultat de Ci\u00e8ncies Experimentals<\/a><img src=\"https:\/\/estudios.umh.es\/files\/2021\/11\/abre-en-nueva-ventana.png\" alt=\"(abre en nueva ventana)\"><\/li>\n<li><a href=\"https:\/\/fcsjelche.umh.es\/estudiantes\/\" target=\"_blank\" rel=\"noopener\">Facultat de Ci\u00e8ncies Socials i Jur\u00eddiques d&#8217;Elx<\/a><img src=\"https:\/\/estudios.umh.es\/files\/2021\/11\/abre-en-nueva-ventana.png\" alt=\"(abre en nueva ventana)\"><\/li>\n<li><a href=\"https:\/\/fcsjori.umh.es\/2024\/07\/12\/calendario-academico-para-el-curso-24-25-de-la-facultad-de-ciencias-sociales-y-juridicas-de-orihuela\/\" target=\"_blank\" rel=\"noopener\">Facultat de Ci\u00e8ncies Socials i Jur\u00eddiques d&#8217;Oriola<\/a><img src=\"https:\/\/estudios.umh.es\/files\/2021\/11\/abre-en-nueva-ventana.png\" alt=\"(abre en nueva ventana)\"><\/li>\n<li><a href=\"https:\/\/fcss.umh.es\/estructura\/\" target=\"_blank\" rel=\"noopener\">Facultat de Ci\u00e8ncies Sociosanit\u00e0ries<\/a><img src=\"https:\/\/estudios.umh.es\/files\/2021\/11\/abre-en-nueva-ventana.png\" alt=\"(abre en nueva ventana)\"><\/li>\n<li><a href=\"https:\/\/estudios.umh.es\/ca\/calendario-academico-facultad-de-farmacia\/\" target=\"_blank\" rel=\"noopener\">Facultat de Farm\u00e0cia<\/a><img src=\"https:\/\/estudios.umh.es\/files\/2021\/11\/abre-en-nueva-ventana.png\" alt=\"(abre en nueva ventana)\"><\/li>\n<li><a href=\"https:\/\/medicina.umh.es\/estudios\/\" target=\"_blank\" rel=\"noopener\">Facultat de Medicina<\/a><img src=\"https:\/\/estudios.umh.es\/files\/2021\/11\/abre-en-nueva-ventana.png\" alt=\"(abre en nueva ventana)\"><\/li>\n<\/ul>\n<p><\/p>","protected":false},"excerpt":{"rendered":"<p>El Calendari Acad\u00e8mic informa dels distints terminis que regixen els procediments administratius de la UMH. Este document \u00e9s d&#8217;aplicaci\u00f3 als estudis de grau i m\u00e0ster universitari impartits en la UMH.<br \/>\nCurs Acad\u00e8mic 2025\/2026<\/p>\n<p>Calendari Acad\u00e8mic oficial per al curs 2025\/2026.PDF.322Kb(versi\u00f3 en castell\u00e0)<\/p>\n<p>Calendari Acad\u00e9mic de Facultats i Escoles Polit\u00e8cniques<\/p>\n<p>Escola Polit\u00e8cnica Superior d&#8217;Elx<br \/>\nEscola Polit\u00e8cnica Superior d&#8217;Oriola<br \/>\nFacultat de Belles Arts<br \/>\nFacultat [&#8230;]<\/p>\n","protected":false},"author":9,"featured_media":0,"parent":0,"menu_order":15,"comment_status":"closed","ping_status":"open","template":"","meta":{"ngg_post_thumbnail":0,"_links_to":"","_links_to_target":""},"_links":{"self":[{"href":"https:\/\/estudios.umh.es\/ca\/wp-json\/wp\/v2\/pages\/48"}],"collection":[{"href":"https:\/\/estudios.umh.es\/ca\/wp-json\/wp\/v2\/pages"}],"about":[{"href":"https:\/\/estudios.umh.es\/ca\/wp-json\/wp\/v2\/types\/page"}],"author":[{"embeddable":true,"href":"https:\/\/estudios.umh.es\/ca\/wp-json\/wp\/v2\/users\/9"}],"replies":[{"embeddable":true,"href":"https:\/\/estudios.umh.es\/ca\/wp-json\/wp\/v2\/comments?post=48"}],"version-history":[{"count":0,"href":"https:\/\/estudios.umh.es\/ca\/wp-json\/wp\/v2\/pages\/48\/revisions"}],"wp:attachment":[{"href":"https:\/\/estudios.umh.es\/ca\/wp-json\/wp\/v2\/media?parent=48"}],"curies":[{"name":"wp","href":"https:\/\/api.w.org\/{rel}","templated":true}]}}