{"id":483,"date":"2014-05-08T10:49:16","date_gmt":"2014-05-08T10:49:16","guid":{"rendered":"http:\/\/estudios.zeus.umh.es\/?page_id=483"},"modified":"2026-03-12T12:01:40","modified_gmt":"2026-03-12T11:01:40","slug":"pau25","status":"publish","type":"page","link":"https:\/\/estudios.umh.es\/ca\/pau25\/","title":{"rendered":"PROVA D&#8217;ACC\u00c9S MAJORS 25 ANYS"},"content":{"rendered":"<p><\/p>\n<p style=\"text-align: center\"><strong><span style=\"color: #ff0000\">NOVETAT:<\/span> <a href=\"https:\/\/estudios.umh.es\/files\/2026\/03\/LISTADO-ADMITIDOS-PAM25-DNI_2026.pdf\">LLISTAT ADMESSOS PAM25.PDF.166KB<img loading=\"lazy\" class=\"alignnone wp-image-31436 size-full\" src=\"https:\/\/estudios.umh.es\/files\/2021\/11\/abre-en-nueva-ventana.png\" alt=\"(abre en nueva ventana)\" width=\"15\" height=\"15\"><\/a><\/strong><\/p>\n<h3 style=\"text-align: left\">Qui pot presentar-se a la prova d&#8217;acc\u00e9s per a majors de 25 anys?<\/h3>\n<p style=\"text-align: left\">Poden presentar-se a aquestes proves les persones que no posse\u00efsquen cap titulaci\u00f3 acad\u00e8mica que done acc\u00e9s a la universitat per altres vies i que tinguen 25 anys o els complisquen l&#8217;any en qu\u00e8 es realitzen les proves.<\/p>\n<h3 style=\"text-align: left\">Quan he de realitzar la matr\u00edcula a la prova d&#8217;acc\u00e9s?<\/h3>\n<p style=\"text-align: left\">La matr\u00edcula de la prova es realitzar\u00e0 del <strong>2 al 20&nbsp;de&nbsp;febrer de 2026<\/strong>.<\/p>\n<h3 style=\"text-align: left\">Com has d&#8217;efectuar la teua matr\u00edcula?<\/h3>\n<p style=\"text-align: left\">Emplenar\u00e0s el <a href=\"http:\/\/universite.umh.es\/pau\/solicitud25?lang=ca\" target=\"_blank\" rel=\"noopener\">formulari d&#8217;inscripci\u00f3<img loading=\"lazy\" class=\"alignnone wp-image-31436 size-full\" src=\"https:\/\/estudios.umh.es\/files\/2021\/11\/abre-en-nueva-ventana.png\" alt=\"(abre en nueva ventana)\" width=\"15\" height=\"15\"><\/a> i posteriorment imprimir\u00e0s el resguard de matr\u00edcula i, en el seu cas, el corresponent rebut de les taxes de la prova.<\/p>\n<p style=\"text-align: left\">El pagament del rebut es pot efectuar en les Entitats Banc\u00e0ries que consten en aquest rebut o mitjan\u00e7ant <a href=\"http:\/\/universite.umh.es\/pagovirtual\/\" target=\"_blank\" rel=\"noopener\">pagament virtual<img loading=\"lazy\" class=\"alignnone wp-image-31436 size-full\" src=\"https:\/\/estudios.umh.es\/files\/2021\/11\/abre-en-nueva-ventana.png\" alt=\"(abre en nueva ventana)\" width=\"15\" height=\"15\"><\/a>.<\/p>\n<p style=\"text-align: left\">Pots consultar el <a href=\"https:\/\/estudios.umh.es\/files\/2023\/01\/Manual_25_2023.pdf\" target=\"_blank\" rel=\"noopener noreferrer\">manual del formulari de matr\u00edcula.PDF.458kB<strong><img loading=\"lazy\" class=\"alignnone wp-image-31436 size-full\" src=\"https:\/\/estudios.umh.es\/files\/2021\/11\/abre-en-nueva-ventana.png\" alt=\"(abre en nueva ventana)\" width=\"15\" height=\"15\"><\/strong><\/a><\/p>\n<h3 style=\"text-align: left\">Quina documentaci\u00f3 he d&#8217;entregar en realitzar la matr\u00edcula?<\/h3>\n<ul style=\"text-align: left\">\n<li style=\"text-align: justify\">Sol\u00b7licitud de matr\u00edcula signada.<\/li>\n<li style=\"text-align: justify\">DNI, NIE o Passaport.<\/li>\n<li style=\"text-align: justify\">Justificant del pagament de les taxes, en el seu cas.<\/li>\n<li style=\"text-align: justify\">Documentaci\u00f3 acreditativa de l&#8217;exempci\u00f3 o bonificaci\u00f3 en la matr\u00edcula.<\/li>\n<\/ul>\n<h3 style=\"text-align: left\">On he d&#8217;entregar la documentaci\u00f3 per a finalitzar la meua matr\u00edcula?<\/h3>\n<ul style=\"text-align: left\">\n<li>La documentaci\u00f3 durant el per\u00edode de matr\u00edcula s&#8217;enviar\u00e0 a la seg\u00fcent adre\u00e7a de correu electr\u00f2nic: <a href=\"mailto:acceso@umh.es\">acceso@umh.es<\/a>&nbsp;<\/li>\n<li>L&#8217;assumpte del correu ser\u00e0: Matr\u00edcula PAU 25 anys\/Nom i Cognoms.<\/li>\n<li>La documentaci\u00f3 es remetr\u00e0 preferentment en format PDF.<\/li>\n<\/ul>\n<h3 style=\"text-align: left\">Qu\u00e8 he de fer si necessite adaptacions en les proves?<\/h3>\n<ul style=\"text-align: left\">\n<li>L&#8217;estudiantat amb necessitats espec\u00edfiques de suport podr\u00e0 sol\u00b7licitar adaptacions en les proves.<\/li>\n<li style=\"text-align: justify\">Aquest estudiantat \u00e9s el que consta en el resolc segon de la <a href=\"https:\/\/dogv.gva.es\/datos\/2025\/11\/12\/pdf\/2025_45963_va.pdf\">RESOLUCI\u00d3 de 10 de novembre de 2025, conjunta de la Direcci\u00f3 General d&#8217;Innovaci\u00f3 i Inclusi\u00f3 Educativa i de la Direcci\u00f3 General d&#8217;Universitats, per la qual es dicten instruccions per a l&#8217;adaptaci\u00f3 en les proves d&#8217;acc\u00e9s a les universitats p\u00fabliques valencianes per a les persones amb necessitats espec\u00edfiques de suport educatiu<\/a><img loading=\"lazy\" class=\"alignnone wp-image-31436 size-full\" src=\"https:\/\/estudios.umh.es\/files\/2021\/11\/abre-en-nueva-ventana.png\" alt=\"(abre en nueva ventana)\" width=\"15\" height=\"15\"><strong>&nbsp;<\/strong><\/li>\n<li><strong>Lloc de presentaci\u00f3 de sol\u00b7licituds:<\/strong>&nbsp;\n<ul style=\"text-align: left\">\n<li>En el registre electr\u00f2nic de la Seu electr\u00f2nica de la UMH, aix\u00ed com en els restants registres electr\u00f2nics de l&#8217;Administraci\u00f3 General de l&#8217;Estat, de les Administracions de les Comunitats Aut\u00f2nomes, de les Entitats locals i del sector p\u00fablic institucional. Si disposes de certificat electr\u00f2nic o d&#8217;un compte d&#8217;usuari UMH, pots presentar la teua sol\u00b7licitud a trav\u00e9s del registre electr\u00f2nic de la Seu Electr\u00f2nica de la Universitat Miguel Hern\u00e1ndez d&#8217;Elx, utilitzant el procediment <a href=\"https:\/\/sede.umh.es\/procedimientos\/instancia-general\/\" target=\"_blank\" rel=\"noopener\">Inst\u00e0ncia General<\/a><img loading=\"lazy\" class=\"alignnone wp-image-31436 size-full\" src=\"https:\/\/estudios.umh.es\/files\/2021\/11\/abre-en-nueva-ventana.png\" alt=\"(abre en nueva ventana)\" width=\"15\" height=\"15\">. Per a la presentaci\u00f3 has de seleccionar en el formulari Dirigit a: U05500048 SERVEI DE GESTI\u00d3 D&#8217;ESTUDIS. Pots acudir a les oficines d&#8217;assist\u00e8ncia en mat\u00e8ria de registre de la UMH per a obtindre un certificat digital.<\/li>\n<li>En les oficines d&#8217;assist\u00e8ncia en mat\u00e8ria de registres de la UMH o d&#8217;altres administracions p\u00fabliques. <a href=\"https:\/\/administracion.gob.es\/pagFront\/atencionCiudadana\/oficinas\/encuentraOficina.htm\" target=\"_blank\" rel=\"noopener\">Consulta el cercador d&#8217;oficines del Punt d&#8217;Acc\u00e9s General de l&#8217;Administraci\u00f3 General de l&#8217;Estat. <\/a>&nbsp;<img loading=\"lazy\" class=\"alignnone wp-image-31436 size-full\" src=\"https:\/\/estudios.umh.es\/files\/2021\/11\/abre-en-nueva-ventana.png\" alt=\"(abre en nueva ventana)\" width=\"15\" height=\"15\">La ubicaci\u00f3 i horaris de les oficines d&#8217;assist\u00e8ncia en mat\u00e8ria de registre de la UMH poden consultar-se en la <a href=\"https:\/\/sede.umh.es\/servicios-electronicos\/oficinas-de-asistencia-en-registro\/\" target=\"_blank\" rel=\"noopener\">p\u00e0gina web de la Seu electr\u00f2nica de la UMH <img loading=\"lazy\" class=\"alignnone wp-image-31436 size-full\" src=\"https:\/\/estudios.umh.es\/files\/2021\/11\/abre-en-nueva-ventana.png\" alt=\"(abre en nueva ventana)\" width=\"15\" height=\"15\"><\/a>&nbsp;<\/li>\n<li>En les oficines de Correus, en la forma que reglament\u00e0riament s&#8217;establisca. Les sol\u00b7licituds es presentaran en un sobre obert perqu\u00e8 l&#8217;oficina de correus estampe el seu segell de data en la sol\u00b7licitud. En el sobre haur\u00e0 de constar com a adre\u00e7a d&#8217;enviament la seg\u00fcent: Universitat Miguel Hern\u00e1ndez d&#8217;Elx. Oficina central de Registre. Edifici Rectorat i Consell Social. Avinguda de la Universitat, sense n\u00famero. 03202. Elx (Alacant).<\/li>\n<\/ul>\n<\/li>\n<li><strong>Termini de presentaci\u00f3: <\/strong>Del 17 de novembre al 5 de desembre de 2025.<\/li>\n<li style=\"text-align: justify\"><strong>Documentaci\u00f3 a presentar:<\/strong> <a href=\"https:\/\/universitats.gva.es\/documents\/389338055\/390473271\/Anexo+III.pdf\/78cf269e-a893-ba5f-555e-fa461db99afc?t=1762963101882\" target=\"_blank\" rel=\"noopener\">La sol\u00b7licitud d&#8217;adaptaci\u00f3 d&#8217;acc\u00e9s a la PAU (majors de 25, 40 i 45 a\u00f1os)<img loading=\"lazy\" class=\"alignnone wp-image-31436 size-full\" src=\"https:\/\/estudios.umh.es\/files\/2021\/11\/abre-en-nueva-ventana.png\" alt=\"(abre en nueva ventana)\" width=\"15\" height=\"15\"><\/a> i documentaci\u00f3 acreditativa, d&#8217;acord amb el resolc sis\u00e9 de la Resoluci\u00f3 conjunta de 10 de novembre de 2025.<\/li>\n<li><strong>Tipus d&#8217;adaptacions: <\/strong><a href=\"https:\/\/universitats.gva.es\/documents\/389338055\/390473271\/ANNEX+I+TIPUS+D%27ADAPTACIONS_val.pdf\/37c7b270-c4a9-4ed4-e6f4-5988d957dd5b?t=1762955451853\" target=\"_blank\" rel=\"noopener\">Tipus d&#8217;Adaptacions ACC\u00c9S PAU. Annex I<\/a><a href=\"https:\/\/estudios.umh.es\/files\/2023\/01\/Annex_III_Sol-licitud_adaptacio_majors_25_40_45_PAU_2022_2023.pdf\" target=\"_blank\" rel=\"noopener\"><img loading=\"lazy\" class=\"alignnone wp-image-31436 size-full\" src=\"https:\/\/estudios.umh.es\/files\/2021\/11\/abre-en-nueva-ventana.png\" alt=\"(abre en nueva ventana)\" width=\"15\" height=\"15\"><\/a><\/li>\n<\/ul>\n<h3 style=\"text-align: left\">Quin \u00e9s el preu de la prova?<\/h3>\n<ul style=\"text-align: left\">\n<li style=\"text-align: justify\">L&#8217;import \u00e9s de 70,38 euros (matr\u00edcula ordin\u00e0ria).<\/li>\n<li style=\"text-align: justify\">Consulta les <a href=\"https:\/\/estudios.umh.es\/files\/2025\/01\/Exenciones-de-tasas-de-matricula-2025-.pdf\" target=\"_blank\" rel=\"noopener noreferrer\">exempcions i bonificacions.PDF.169kB<img loading=\"lazy\" class=\"alignnone wp-image-31436 size-full\" src=\"https:\/\/estudios.umh.es\/files\/2021\/11\/abre-en-nueva-ventana.png\" alt=\"(abre en nueva ventana)\" width=\"15\" height=\"15\"><\/a><\/li>\n<li style=\"text-align: justify\">\u00danicament procedir\u00e0 la devoluci\u00f3 de la taxa corresponent a la prova quan aquesta se sol\u00b7licite en el termini de formalitzaci\u00f3 de matr\u00edcula.<\/li>\n<\/ul>\n<h3 style=\"text-align: left\">Quina \u00e9s l&#8217;estructura de la prova d&#8217;acc\u00e9s?<\/h3>\n<p style=\"text-align: left\">La prova d&#8217;acc\u00e9s a la universitat s&#8217;estructurar\u00e0 en dues fases, una general i una altra espec\u00edfica.<\/p>\n<p style=\"text-align: left\">Pots consultar <a href=\"https:\/\/estudios.umh.es\/files\/2022\/12\/Estructura-Prueba-M25.pdf\" target=\"_blank\" rel=\"noopener\">m\u00e9s informaci\u00f3.PDF143kB<img src=\"https:\/\/estudios.umh.es\/files\/2021\/11\/abre-en-nueva-ventana.png\" alt=\"(abre en nueva ventana)\"><\/a><\/p>\n<h3 style=\"text-align: left\">Com es qualifica la prova?<\/h3>\n<p style=\"text-align: left\">L&#8217;avaluaci\u00f3 de la prova s&#8217;efectuar\u00e0 pel Tribunal Qualificador que ser\u00e0 nomenat pel Vicerector d&#8217;Estudiants i Coordinaci\u00f3. El Tribunal qualificar\u00e0 els diferents exercicis d&#8217;acord amb els criteris de correcci\u00f3.<\/p>\n<p style=\"text-align: left\">Consulta els <a href=\"https:\/\/estudios.umh.es\/files\/2025\/11\/Calificacion-Prueba-M25-1.pdf\" target=\"_blank\" rel=\"noopener\">criteris espec\u00edfics de qualificaci\u00f3.PDF129kB<img loading=\"lazy\" class=\"alignnone wp-image-31436 size-full\" src=\"https:\/\/estudios.umh.es\/files\/2021\/11\/abre-en-nueva-ventana.png\" alt=\"(abre en nueva ventana)\" width=\"15\" height=\"15\"><\/a><\/p>\n<h3 style=\"text-align: left\">Quan i on es realitzaran les proves?<\/h3>\n<p style=\"text-align: left\">Les proves es realitzaran en el Campus d&#8217;Elx en l&#8217;Edifici Arenals els dies <strong>25 d&#8217;abril i 9 de maig de 2026<\/strong>. Consulta el <a href=\"https:\/\/estudios.umh.es\/files\/2022\/04\/plano-Umh-Arenals.pdf\" target=\"_blank\" rel=\"noopener noreferrer\">pl\u00e0nol.PDF442kb<img loading=\"lazy\" class=\"alignnone wp-image-31436 size-full\" src=\"https:\/\/estudios.umh.es\/files\/2021\/11\/abre-en-nueva-ventana.png\" alt=\"(abre en nueva ventana)\" width=\"15\" height=\"15\"><\/a><\/p>\n<p style=\"text-align: left\"><a href=\"https:\/\/universitats.gva.es\/documents\/389338055\/389340591\/Calendari+Acces+Majors+25.pdf\/9c2040f0-b66c-e9a5-ae80-c30a822714c2?t=1763120885898\">Consulta l&#8217;horari de les proves<\/a><a href=\"https:\/\/estudios.umh.es\/files\/2021\/11\/Horario-pruebas-M25.pdf\" target=\"_blank\" rel=\"noopener noreferrer\"><img loading=\"lazy\" class=\"alignnone wp-image-31436 size-full\" src=\"https:\/\/estudios.umh.es\/files\/2021\/11\/abre-en-nueva-ventana.png\" alt=\"(abre en nueva ventana)\" width=\"15\" height=\"15\"><\/a><\/p>\n<h3 style=\"text-align: left\">Quan es publicaran els resultats?<\/h3>\n<p style=\"text-align: left\">La <a href=\"http:\/\/universite.umh.es\/pau\/estudiante\" target=\"_blank\" rel=\"noopener\">publicaci\u00f3 del resultats<img loading=\"lazy\" class=\"alignnone wp-image-31436 size-full\" src=\"https:\/\/estudios.umh.es\/files\/2021\/11\/abre-en-nueva-ventana.png\" alt=\"(abre en nueva ventana)\" width=\"15\" height=\"15\"><\/a> de la prova escrita es realitzar\u00e1 el<strong> 15 de maig de 2026<\/strong>, a partir de les 14 hores.<\/p>\n<h3 style=\"text-align: left\">Com puc reclamar els resultats?<\/h3>\n<p>Les candidates i els candidats podran <a href=\"http:\/\/universite.umh.es\/pau\/estudiante\" target=\"_blank\" rel=\"noopener\">presentar reclamaci\u00f3<img loading=\"lazy\" class=\"alignnone wp-image-31436 size-full\" src=\"https:\/\/estudios.umh.es\/files\/2021\/11\/abre-en-nueva-ventana.png\" alt=\"(abre en nueva ventana)\" width=\"15\" height=\"15\"><\/a> contra el resultat de la prova davant el Vicerector d&#8217;Estudiants i Coordinaci\u00f3 de la Universitat Miguel Hern\u00e1ndez d&#8217;Elx, del <strong>18 al 22 <\/strong><strong>de maig de 2026<\/strong>.<\/p>\n<h3 style=\"text-align: left\">Quan es publicaran els resultats definitius?<\/h3>\n<p style=\"text-align: left\">Publicaci\u00f3 dels <a href=\"http:\/\/universite.umh.es\/pau\/estudiante\" target=\"_blank\" rel=\"noopener\">resultats definitius<img loading=\"lazy\" class=\"alignnone wp-image-31436 size-full\" src=\"https:\/\/estudios.umh.es\/files\/2021\/11\/abre-en-nueva-ventana.png\" alt=\"(abre en nueva ventana)\" width=\"15\" height=\"15\"><\/a>: <strong>29 de maig de 2026<\/strong>.&nbsp;<\/p>\n<p style=\"text-align: left\">Posteriorment rebr\u00e0s un correu electr\u00f2nic amb un enlla\u00e7 des del qual podr\u00e0s descarregar-te el certificat definitiu de notes de la prova. Aquest certificat l&#8217;haur\u00e0s d&#8217;utilitzar per a realitzar la preinscripci\u00f3 universit\u00e0ria a graus.<\/p>\n<h3 style=\"text-align: left\">Quina \u00e9s l&#8217;oferta de Titulacions de la UMH per al curs 2026\/2027?<\/h3>\n<ul style=\"text-align: left\">\n<li><a href=\"https:\/\/estudios.umh.es\/files\/2025\/11\/Titulaciones-UMH_2026.pdf\" target=\"_blank\" rel=\"noopener\"><u>Titulacions UMH.PDF173kB<\/u><\/a><a href=\"https:\/\/estudios.umh.es\/files\/2021\/11\/Titulaciones-UMH.pdf\"><img loading=\"lazy\" class=\"alignnone wp-image-31436 size-full\" src=\"https:\/\/estudios.umh.es\/files\/2021\/11\/abre-en-nueva-ventana.png\" alt=\"(abre en nueva ventana)\" width=\"15\" height=\"15\"><\/a><\/li>\n<li><a href=\"https:\/\/estudios.umh.es\/files\/2025\/11\/Titulaciones-Adscritas-UMH_2026.pdf\" target=\"_blank\" rel=\"noopener\"><u>Titulacions Centres Adscrits UMH.PDF116kB<\/u><\/a><a href=\"https:\/\/estudios.umh.es\/files\/2021\/11\/Titulaciones-Adscritas-UMH.pdf\"><img loading=\"lazy\" class=\"alignnone wp-image-31436 size-full\" src=\"https:\/\/estudios.umh.es\/files\/2021\/11\/abre-en-nueva-ventana.png\" alt=\"(abre en nueva ventana)\" width=\"15\" height=\"15\"><\/a><\/li>\n<\/ul>\n<h3>Altra informaci\u00f3<\/h3>\n<p style=\"text-align: left\"><a href=\"https:\/\/estudios.umh.es\/files\/2025\/11\/Info-PAU-25-2025.pdf\" target=\"_blank\" rel=\"noopener noreferrer\">INFORMACI\u00d3 D&#8217;INTER\u00c9S.PDF192kB<img loading=\"lazy\" class=\"alignnone wp-image-31436 size-full\" src=\"https:\/\/estudios.umh.es\/files\/2021\/11\/abre-en-nueva-ventana.png\" alt=\"(abre en nueva ventana)\" width=\"15\" height=\"15\"><\/a><\/p>\n<p style=\"text-align: left\"><a href=\"https:\/\/estudios.umh.es\/files\/2026\/01\/RR_00047_2026-Convocatoria-Pruebas-Acceso-Mayores-25-anos.-Curso-25_26.pdf\">CONVOCAT\u00d2RIA DE LES PROVES.PDF1.474kB<\/a><img loading=\"lazy\" class=\"alignnone wp-image-31436 size-full\" src=\"https:\/\/estudios.umh.es\/files\/2021\/11\/abre-en-nueva-ventana.png\" alt=\"(abre en nueva ventana)\" width=\"15\" height=\"15\"><\/p>\n<p><a href=\"https:\/\/universitats.gva.es\/documents\/389338055\/389340015\/Ex%C3%A1menes+Modelos+y+Criterios+2026.pdf\/d2e87a7a-406c-f476-1430-73d05ba02fe5?t=1770798831819\" target=\"_blank\" rel=\"noopener\">Ex\u00e0mens Models i Criteris de Correcci\u00f3 2026&nbsp;dels Proves per a Majors de 25 i 45<img loading=\"lazy\" class=\"alignnone wp-image-31436 size-full\" src=\"https:\/\/estudios.umh.es\/files\/2021\/11\/abre-en-nueva-ventana.png\" alt=\"(abre en nueva ventana)\" width=\"15\" height=\"15\"><\/a><\/p>\n<div class=\"autofit-float autofit-row portlet-header\">\n<div class=\"autofit-col autofit-col-expand\">\n<p class=\"portlet-title-text\"><a href=\"https:\/\/universitats.gva.es\/va\/informacio-general-cursos-anteriors-pam\" target=\"_blank\" rel=\"noopener\">Informaci\u00f3 Ex\u00e0mens Majors 25 i 45 de Cursos Anteriors<\/a><a href=\"https:\/\/universitats.gva.es\/documents\/389338055\/389340015\/Ex%C3%A1menes+Modelos+y+Criterios+2026.pdf\/d2e87a7a-406c-f476-1430-73d05ba02fe5?t=1770798831819\" target=\"_blank\" rel=\"noopener\"><img loading=\"lazy\" class=\"alignnone wp-image-31436 size-full\" src=\"https:\/\/estudios.umh.es\/files\/2021\/11\/abre-en-nueva-ventana.png\" alt=\"(abre en nueva ventana)\" width=\"15\" height=\"15\"><\/a><\/p>\n<\/div>\n<\/div>\n<p><a href=\"https:\/\/estudios.umh.es\/files\/2018\/12\/Preguntas-frecuentes-a\u00f1o-2018.pdf\" target=\"_blank\" rel=\"noopener\">PREGUNTES FREQ\u00dcENTS.PDF204kB<img loading=\"lazy\" class=\"alignnone wp-image-31436 size-full\" src=\"https:\/\/estudios.umh.es\/files\/2021\/11\/abre-en-nueva-ventana.png\" alt=\"(abre en nueva ventana)\" width=\"15\" height=\"15\"><\/a><\/p>\n<p style=\"text-align: left\"><a href=\"https:\/\/estudios.umh.es\/files\/2014\/05\/Temarios-Pruebas.pdf\" target=\"_blank\" rel=\"noopener\">TEMARI DE LA PROVA.PDF139kB<img loading=\"lazy\" class=\"alignnone wp-image-31436 size-full\" src=\"https:\/\/estudios.umh.es\/files\/2021\/11\/abre-en-nueva-ventana.png\" alt=\"(abre en nueva ventana)\" width=\"15\" height=\"15\"><\/a><\/p>\n<p><a href=\"https:\/\/universitats.gva.es\/va\/acces-majors-25-40-i-45-anys\">INFORMACI\u00d3 ADDICIONAL EN CONSELLERIA D&#8217;EDUCACI\u00d3, CULTURA Y UNIVERSIDADES<\/a><a href=\"https:\/\/estudios.umh.es\/files\/2014\/05\/Temarios-Pruebas.pdf\" target=\"_blank\" rel=\"noopener\"><img loading=\"lazy\" class=\"alignnone wp-image-31436 size-full\" src=\"https:\/\/estudios.umh.es\/files\/2021\/11\/abre-en-nueva-ventana.png\" alt=\"(abre en nueva ventana)\" width=\"15\" height=\"15\"><\/a><\/p>\n<h3 style=\"text-align: left\">INFORMACI\u00d3 DE CONTACTE<\/h3>\n<p style=\"text-align: left\">Servei de Gesti\u00f3 d&#8217;Estudis<\/p>\n<p style=\"text-align: left\">Direcci\u00f3: Campus d&#8217;Elx \u2013 Edifici Rectorat i Consell Social<\/p>\n<p style=\"text-align: left\">&nbsp;Avinguda de la Universitat, sense n\u00famero, 03202 Elx (Alacant)<\/p>\n<p style=\"text-align: left\">Tel\u00e9fons: 96 665 83 41 \/ 96 522 25 17\/ 96 665 86 51<\/p>\n<p style=\"text-align: left\">Correu electr\u00f2nic: acceso@umh.es<\/p>\n<p><\/p>","protected":false},"excerpt":{"rendered":"<p>NOVETAT: LLISTAT ADMESSOS PAM25.PDF.166KB<br \/>\nQui pot presentar-se a la prova d&#8217;acc\u00e9s per a majors de 25 anys?<br \/>\nPoden presentar-se a aquestes proves les persones que no posse\u00efsquen cap titulaci\u00f3 acad\u00e8mica que done acc\u00e9s a la universitat per altres vies i que tinguen 25 anys o els complisquen l&#8217;any en qu\u00e8 es realitzen les proves.<br \/>\nQuan he de realitzar [&#8230;]<\/p>\n","protected":false},"author":1914,"featured_media":0,"parent":0,"menu_order":0,"comment_status":"closed","ping_status":"open","template":"","meta":{"ngg_post_thumbnail":0,"_links_to":"","_links_to_target":""},"_links":{"self":[{"href":"https:\/\/estudios.umh.es\/ca\/wp-json\/wp\/v2\/pages\/483"}],"collection":[{"href":"https:\/\/estudios.umh.es\/ca\/wp-json\/wp\/v2\/pages"}],"about":[{"href":"https:\/\/estudios.umh.es\/ca\/wp-json\/wp\/v2\/types\/page"}],"author":[{"embeddable":true,"href":"https:\/\/estudios.umh.es\/ca\/wp-json\/wp\/v2\/users\/1914"}],"replies":[{"embeddable":true,"href":"https:\/\/estudios.umh.es\/ca\/wp-json\/wp\/v2\/comments?post=483"}],"version-history":[{"count":0,"href":"https:\/\/estudios.umh.es\/ca\/wp-json\/wp\/v2\/pages\/483\/revisions"}],"wp:attachment":[{"href":"https:\/\/estudios.umh.es\/ca\/wp-json\/wp\/v2\/media?parent=483"}],"curies":[{"name":"wp","href":"https:\/\/api.w.org\/{rel}","templated":true}]}}