{"id":49,"date":"2014-03-07T11:07:27","date_gmt":"2014-03-07T11:07:27","guid":{"rendered":"http:\/\/estudios.zeus.umh.es\/?page_id=49"},"modified":"2026-03-26T14:33:15","modified_gmt":"2026-03-26T13:33:15","slug":"acceso","status":"publish","type":"page","link":"https:\/\/estudios.umh.es\/ca\/presentacion\/normativas\/acceso\/","title":{"rendered":"ACC\u00c9S I ADMISSI\u00d3"},"content":{"rendered":"<p><span style=\"color: #000000\">Els estudis de la Universitat Miguel Hern\u00e1ndez d&#8217;Elx es regixen per la seg\u00fcent normativa.<\/span><\/p>\n<h3><span style=\"color: #000000\">Normativa estatal<\/span><\/h3>\n<ul>\n<li><a href=\"https:\/\/www.boe.es\/buscar\/act.php?id=BOE-A-2024-11858&amp;p=20240612&amp;tn=2\">Reial Decret 534\/2024, d&#8217;11 de juny, pel qual es regulen els requisits d&#8217;acc\u00e9s a les ensenyances universit\u00e0ries oficials de Grau, les caracter\u00edstiques b\u00e0siques de la prova d&#8217;acc\u00e9s i la normativa b\u00e0sica dels procediments d&#8217;admissi\u00f3 (versi\u00f3 en castell\u00e0)<\/a>.<img loading=\"lazy\" class=\"alignnone wp-image-31436 size-full\" src=\"https:\/\/estudios.umh.es\/files\/2021\/11\/abre-en-nueva-ventana.png\" alt=\"(abre en nueva ventana)\" width=\"15\" height=\"15\"><\/li>\n<li><a href=\"https:\/\/www.boe.es\/diario_boe\/txt.php?id=BOE-A-2025-12311\" target=\"_blank\" rel=\"noopener\">Reial Decret 482\/2025, de 17 de juny, pel qual es modifica el Reial decret 534\/2024, d&#8217;11 de juny, pel qual es regulen els requisits d&#8217;acc\u00e9s a les ensenyances universit\u00e0ries oficials de Grau, les caracter\u00edstiques b\u00e0siques de la prova d&#8217;acc\u00e9s i la normativa b\u00e0sica dels procediments d&#8217;admissi\u00f3 (versi\u00f3 en castell\u00e1).<\/a><img loading=\"lazy\" class=\"alignnone wp-image-31436 size-full\" src=\"https:\/\/estudios.umh.es\/files\/2021\/11\/abre-en-nueva-ventana.png\" alt=\"(abre en nueva ventana)\" width=\"15\" height=\"15\"><\/li>\n<li style=\"text-align: justify\"><a href=\"https:\/\/www.boe.es\/boe\/dias\/2024\/01\/26\/pdfs\/BOE-A-2024-1471.pdf\" target=\"_blank\" rel=\"noopener\">Orde PJC\/39\/2024, de 24 de gener, per la qual es determinen les caracter\u00edstiques, el disseny i el contingut de l&#8217;avaluaci\u00f3 de Batxillerat per a l&#8217;acc\u00e9s a la universitat, i les dates m\u00e0ximes de realitzaci\u00f3 i de resoluci\u00f3 dels procediments de revisi\u00f3 de les qualificacions obtingudes, en el curs 2023-2024 (versi\u00f3 en castell\u00e0).<img loading=\"lazy\" class=\"alignnone wp-image-31436 size-full\" src=\"https:\/\/estudios.umh.es\/files\/2021\/11\/abre-en-nueva-ventana.png\" alt=\"(abre en nueva ventana)\" width=\"15\" height=\"15\"><\/a><\/li>\n<\/ul>\n<h3><span style=\"color: #000000\">Normativa<\/span><span style=\"color: #000000\"> Comunitat<\/span><span style=\"color: #000000\"> Valenciana<\/span><strong><strong><br \/>\n<\/strong><\/strong><\/h3>\n<ul>\n<li style=\"text-align: justify\"><a href=\"https:\/\/dogv.gva.es\/datos\/2021\/03\/22\/pdf\/2021_2915.pdf\" target=\"_blank\" rel=\"noopener\">Decret 38\/2021, de 5 de mar\u00e7, del Consell, de regulaci\u00f3 de la Comissi\u00f3 gestora de les proves d\u2019acc\u00e9s i preinscripci\u00f3 en les universitats p\u00fabliques del sistema universitari valenci\u00e0<\/a><a href=\"https:\/\/www.boe.es\/boe\/dias\/2024\/01\/26\/pdfs\/BOE-A-2024-1471.pdf\" target=\"_blank\" rel=\"noopener\"><img loading=\"lazy\" class=\"alignnone wp-image-31436 size-full\" src=\"https:\/\/estudios.umh.es\/files\/2021\/11\/abre-en-nueva-ventana.png\" alt=\"(abre en nueva ventana)\" width=\"15\" height=\"15\"><\/a><\/li>\n<li><a href=\"https:\/\/dogv.gva.es\/datos\/2026\/03\/26\/pdf\/2026_8611_va.pdf\" target=\"_blank\" rel=\"noopener\">RESOLUCI\u00d3 de 13 de mar\u00e7 de 2026, de la Presid\u00e8ncia de la Comissi\u00f3 Gestora de les Proves d&#8217;Acc\u00e9s i Preinscripci\u00f3 en les Universitats P\u00fabliques del Sistema Universitari Valenci\u00e0, per la qual es dona publicitat als acords relatius a la prova d&#8217;acc\u00e9s a la universitat del curs 2025-2026, aix\u00ed com al procediment d&#8217;admissi\u00f3, per a l&#8217;alumnat en possessi\u00f3 de qualsevol dels t\u00edtols de Batxiller, t\u00e8cnic o t\u00e8cnica superiors de Formaci\u00f3 Professional, t\u00e8cnic o t\u00e8cnica superiors d&#8217;Arts Pl\u00e0stiques iDisseny, t\u00e8cnic o t\u00e8cnica esportius superiors, o equivalents a efectes acad\u00e8mics.<img loading=\"lazy\" class=\"alignnone wp-image-31436 size-full\" src=\"https:\/\/estudios.umh.es\/files\/2021\/11\/abre-en-nueva-ventana.png\" alt=\"(abre en nueva ventana)\" width=\"15\" height=\"15\"><\/a><\/li>\n<li style=\"text-align: justify\"><a href=\"https:\/\/dogv.gva.es\/datos\/2010\/04\/26\/pdf\/2010_4428.pdf\" target=\"_blank\" rel=\"noopener\">Orde 27\/2010, de 15 d&#8217;abril, de la Conselleria d&#8217;Educaci\u00f3, per la qual es regulen els procediments d&#8217;acc\u00e9s a la universitat dels majors de 25, 40 i 45 anys establits en el Reial Decret 1892\/2008, de 14 de novembre, pel qual es regulen les condicions per a l&#8217;acc\u00e9s als ensenyaments universitaris oficials de grau i els procediments d&#8217;admissi\u00f3 a les universitats p\u00fabliques espanyoles, en l&#8217;\u00e0mbit de la Comunitat Valenciana.<\/a><a href=\"https:\/\/www.boe.es\/boe\/dias\/2024\/01\/26\/pdfs\/BOE-A-2024-1471.pdf\" target=\"_blank\" rel=\"noopener\"><img loading=\"lazy\" class=\"alignnone wp-image-31436 size-full\" src=\"https:\/\/estudios.umh.es\/files\/2021\/11\/abre-en-nueva-ventana.png\" alt=\"(abre en nueva ventana)\" width=\"15\" height=\"15\"><\/a><\/li>\n<li style=\"text-align: justify\"><a href=\"https:\/\/dogv.gva.es\/datos\/2011\/06\/06\/pdf\/2011_6513.pdf\" target=\"_blank\" rel=\"noopener\">Orde 38\/2011, de 31 de maig, de la Conselleria d&#8217;Educaci\u00f3, per la qual es modifiquen els apartats 3 i 4 de l&#8217;article 5 i l&#8217;annex II de l&#8217;Orde 27\/2010, de 15 d&#8217;abril, de la Conselleria d&#8217;Educaci\u00f3, per la qual es regulen els procediments d&#8217;acc\u00e9s a la universitat dels majors de 25, 40 i 45 anys, que establix el Reial Decret 1892\/2008, de 14 de novembre, pel qual es regulen les condicions per a l&#8217;acc\u00e9s als ensenyaments universitaris oficials de grau i els procediments d&#8217;admissi\u00f3 a les universitats p\u00fabliques espanyoles, en l&#8217;\u00e0mbit de la Comunitat Valenciana.<\/a><a href=\"https:\/\/www.boe.es\/boe\/dias\/2024\/01\/26\/pdfs\/BOE-A-2024-1471.pdf\" target=\"_blank\" rel=\"noopener\"><img loading=\"lazy\" class=\"alignnone wp-image-31436 size-full\" src=\"https:\/\/estudios.umh.es\/files\/2021\/11\/abre-en-nueva-ventana.png\" alt=\"(abre en nueva ventana)\" width=\"15\" height=\"15\"><\/a><span style=\"color: #000000\"><br \/>\n<\/span><\/li>\n<li style=\"text-align: justify\"><a href=\"https:\/\/dogv.gva.es\/datos\/2013\/05\/31\/pdf\/2013_5662.pdf\" target=\"_blank\" rel=\"noopener\">Resoluci\u00f3 de 27 de maig de 2013, del president de la Comissi\u00f3 Gestora dels Processos d\u2019Acc\u00e9s i Preinscripci\u00f3 en les Universitats P\u00fabliques del Sistema Universitari Valenci\u00e0, per la qual es publica l\u2019acord de la comissi\u00f3 sobre regulaci\u00f3 dels procediments d\u2019admissi\u00f3 al primer curs dels ensenyaments universitaris oficials de grau en les universitats p\u00fabliques i els seus centres adscrits de la Comunitat Valenciana<\/a>.<a href=\"https:\/\/www.boe.es\/boe\/dias\/2024\/01\/26\/pdfs\/BOE-A-2024-1471.pdf\" target=\"_blank\" rel=\"noopener\"><img loading=\"lazy\" class=\"alignnone wp-image-31436 size-full\" src=\"https:\/\/estudios.umh.es\/files\/2021\/11\/abre-en-nueva-ventana.png\" alt=\"(abre en nueva ventana)\" width=\"15\" height=\"15\"><\/a><\/li>\n<li><a href=\"https:\/\/dogv.gva.es\/datos\/2025\/06\/06\/pdf\/2025_20643_va.pdf\" target=\"_blank\" rel=\"noopener\">Resoluci\u00f3 de 4 de juny de 2025, de la Presid\u00e8ncia de la Comissi\u00f3 Gestora de les Proves d\u2019Acc\u00e9s i Preinscripci\u00f3 en les Universitats P\u00fabliques del Sistema Universitari Valenci\u00e0, per la qual es dona publicitat als acords d\u2019esta comissi\u00f3 adoptats en la sessi\u00f3 de 13 de maig de 2025, relatius al procediment d\u2019admissi\u00f3 en el primer curs de les ensenyances universit\u00e0ries oficials de grau en les universitats p\u00fabliques de la Comunitat Valenciana i els seus centres adscrits, per al curs 2025-2026<\/a><a href=\"https:\/\/www.boe.es\/boe\/dias\/2024\/01\/26\/pdfs\/BOE-A-2024-1471.pdf\" target=\"_blank\" rel=\"noopener\"><img loading=\"lazy\" class=\"alignnone wp-image-31436 size-full\" src=\"https:\/\/estudios.umh.es\/files\/2021\/11\/abre-en-nueva-ventana.png\" alt=\"(abre en nueva ventana)\" width=\"15\" height=\"15\"><\/a><\/li>\n<\/ul>\n<h3><span style=\"color: #000000\">Normativa UMH<\/span><\/h3>\n<div align=\"center\">\n<ul>\n<li style=\"text-align: justify\"><a href=\"https:\/\/estudios.umh.es\/files\/2021\/02\/Normativa-admisi\u00f3n-estudios-parciales.pdf\" target=\"_blank\" rel=\"noopener noreferrer\">Acord d&#8217;aprovaci\u00f3 de la Normativa sobre l&#8217;Admissi\u00f3 d&#8217;Estudiants a Estudis de Grau de la Universitat Miguel Hern\u00e1ndez amb Estudis Universitaris Oficials Parcials Espanyols o Estrangers. PDF.197kB <img loading=\"lazy\" class=\"alignnone wp-image-31436 size-full\" src=\"https:\/\/estudios.umh.es\/files\/2021\/11\/abre-en-nueva-ventana.png\" alt=\"(abre en nueva ventana)\" width=\"15\" height=\"15\"><\/a><\/li>\n<li style=\"text-align: justify\"><a href=\"https:\/\/estudios.umh.es\/files\/2014\/03\/3468_NORMATIVA-40-AN\u0303OS.pdf\" target=\"_blank\" rel=\"noopener noreferrer\">Acord d&#8217;aprovaci\u00f3 de la Normativa Reguladora de les proves d&#8217;acc\u00e9s a les ensenyances universit\u00e0ries oficials de grau de la Universitat Miguel Hern\u00e1ndez d&#8217;Elx per a majors de 40 anys mitjan\u00e7ant l&#8217;acreditaci\u00f3 d&#8217;experi\u00e8ncia laboral o professional. PDF.110kB <img loading=\"lazy\" class=\"alignnone wp-image-31436 size-full\" src=\"https:\/\/estudios.umh.es\/files\/2021\/11\/abre-en-nueva-ventana.png\" alt=\"(abre en nueva ventana)\" width=\"15\" height=\"15\"> <\/a><\/li>\n<li style=\"text-align: justify\"><a href=\"https:\/\/estudios.umh.es\/files\/2014\/03\/NOT.-ACUERDO-DEROGACIO\u0301N-NORMATIVA-AUTORIZACIO\u0301N-SIMULTANEIDAD.pdf\" target=\"_blank\" rel=\"noopener noreferrer\">Acord de derogaci\u00f3 de la Normativa d&#8217;Autoritzaci\u00f3 de Simultane\u00eftat d&#8217;Estudis i Gesti\u00f3 de manera concurrent de l&#8217;Expedient Universitari d&#8217;Estudiants de la Universitat Miguel Hern\u00e1ndez. PDF.192kB <img loading=\"lazy\" class=\"alignnone wp-image-31436 size-full\" src=\"https:\/\/estudios.umh.es\/files\/2021\/11\/abre-en-nueva-ventana.png\" alt=\"(abre en nueva ventana)\" width=\"15\" height=\"15\"><\/a><\/li>\n<li style=\"text-align: left\"><a href=\"https:\/\/estudios.umh.es\/files\/2022\/03\/RCOGO-033-22-Not-acu.-normativa-preinscripcion-admision-y-matricula-masteres-1.pdf\" target=\"_blank\" rel=\"noopener\">Normativa de preinscripci\u00f3, admissi\u00f3 i matr\u00edcula dels m\u00e0sters universitaris en la Universitat Miguel Hern\u00e1ndez.PDF.161Kb.<img loading=\"lazy\" class=\"alignnone wp-image-31436 size-full\" src=\"https:\/\/estudios.umh.es\/files\/2021\/11\/abre-en-nueva-ventana.png\" alt=\"(abre en nueva ventana)\" width=\"15\" height=\"15\"><\/a><\/li>\n<\/ul>\n<\/div>\n<p><\/p>","protected":false},"excerpt":{"rendered":"<p>Els estudis de la Universitat Miguel Hern\u00e1ndez d&#8217;Elx es regixen per la seg\u00fcent normativa.<br \/>\nNormativa estatal<\/p>\n<p>Reial Decret 534\/2024, d&#8217;11 de juny, pel qual es regulen els requisits d&#8217;acc\u00e9s a les ensenyances universit\u00e0ries oficials de Grau, les caracter\u00edstiques b\u00e0siques de la prova d&#8217;acc\u00e9s i la normativa b\u00e0sica dels procediments d&#8217;admissi\u00f3 (versi\u00f3 en castell\u00e0).<br \/>\nReial Decret 482\/2025, de 17 [&#8230;]<\/p>\n","protected":false},"author":9,"featured_media":0,"parent":31,"menu_order":2,"comment_status":"closed","ping_status":"open","template":"","meta":{"ngg_post_thumbnail":0,"_links_to":"","_links_to_target":""},"_links":{"self":[{"href":"https:\/\/estudios.umh.es\/ca\/wp-json\/wp\/v2\/pages\/49"}],"collection":[{"href":"https:\/\/estudios.umh.es\/ca\/wp-json\/wp\/v2\/pages"}],"about":[{"href":"https:\/\/estudios.umh.es\/ca\/wp-json\/wp\/v2\/types\/page"}],"author":[{"embeddable":true,"href":"https:\/\/estudios.umh.es\/ca\/wp-json\/wp\/v2\/users\/9"}],"replies":[{"embeddable":true,"href":"https:\/\/estudios.umh.es\/ca\/wp-json\/wp\/v2\/comments?post=49"}],"version-history":[{"count":0,"href":"https:\/\/estudios.umh.es\/ca\/wp-json\/wp\/v2\/pages\/49\/revisions"}],"up":[{"embeddable":true,"href":"https:\/\/estudios.umh.es\/ca\/wp-json\/wp\/v2\/pages\/31"}],"wp:attachment":[{"href":"https:\/\/estudios.umh.es\/ca\/wp-json\/wp\/v2\/media?parent=49"}],"curies":[{"name":"wp","href":"https:\/\/api.w.org\/{rel}","templated":true}]}}