{"id":497,"date":"2014-05-09T08:43:38","date_gmt":"2014-05-09T08:43:38","guid":{"rendered":"http:\/\/estudios.zeus.umh.es\/?page_id=497"},"modified":"2026-03-17T16:13:56","modified_gmt":"2026-03-17T15:13:56","slug":"cursos-preparatorios-mayores-40-anos","status":"publish","type":"page","link":"https:\/\/estudios.umh.es\/ca\/cursos-preparatorios-mayores-40-anos\/","title":{"rendered":"CURS PREPARATORI MAJORS 40 ANYS"},"content":{"rendered":"<p><\/p>\n<h3 style=\"text-align: left\"><span dir=\"auto\" style=\"vertical-align: inherit\"><span dir=\"auto\" style=\"vertical-align: inherit\">Qu\u00e8 \u00e9s PAU40?<\/span><\/span><\/h3>\n<p style=\"text-align: left\"><span dir=\"auto\" style=\"vertical-align: inherit\"><span dir=\"auto\" style=\"vertical-align: inherit\">\u00c9s una iniciativa del Vicerectorat d&#8217;Estudiants i Coordinaci\u00f3 de la Universitat Miguel Hern\u00e1ndez d&#8217;Elx que pret\u00e9n facilitar a les persones majors de 40 anys l&#8217;ingr\u00e9s a la universitat preparant en els coneixements, procediments i actituds concordes a les exigencies de l&#8217;ensenyament universitari<\/span><\/span><\/p>\n<h3 style=\"text-align: left\"><span dir=\"auto\" style=\"vertical-align: inherit\"><span dir=\"auto\" style=\"vertical-align: inherit\">Com em matriculi?<\/span><\/span><\/h3>\n<p style=\"text-align: left\"><span dir=\"auto\" style=\"vertical-align: inherit\"><span dir=\"auto\" style=\"vertical-align: inherit\">El termini de <\/span><\/span><a href=\"http:\/\/universite.umh.es\/fpogestion\/aspx\/Preinscripcion\/Preinscripcion.aspx\" target=\"_blank\" rel=\"noopener\"><span dir=\"auto\" style=\"vertical-align: inherit\"><span dir=\"auto\" style=\"vertical-align: inherit\">matr\u00edcula<\/span><\/span><img loading=\"lazy\" class=\"alignnone wp-image-31436 size-full\" src=\"https:\/\/estudios.umh.es\/files\/2021\/11\/abre-en-nueva-ventana.png\" alt=\"(obriu en nova finestra)\" width=\"15\" height=\"15\"><\/a><span dir=\"auto\" style=\"vertical-align: inherit\"><span dir=\"auto\" style=\"vertical-align: inherit\"> \u00e9s del 9 al 24 de gener del 2026.<\/span><\/span><\/p>\n<p style=\"text-align: left\"><span dir=\"auto\" style=\"vertical-align: inherit\"><span dir=\"auto\" style=\"vertical-align: inherit\">IMPORTANT: La matr\u00edcula ser\u00e0 efectiva en el moment que realitze el pagament. No cal que porteu el justificant d&#8217;haver realitzat el pagament. Nom\u00e9s cal que envieu al correu formacion@umh.es amb la documentaci\u00f3 justificativa en cas de tenir alguna exempci\u00f3 de matr\u00edcula. Aquest correu ho ha d&#8217;enviar abans que s&#8217;acabi el termini de matr\u00edcula.<\/span><\/span><\/p>\n<h3 style=\"text-align: left\"><span dir=\"auto\" style=\"vertical-align: inherit\"><span dir=\"auto\" style=\"vertical-align: inherit\">A qui va dirigit?<\/span><\/span><\/h3>\n<p style=\"text-align: left\"><span dir=\"auto\" style=\"vertical-align: inherit\"><span dir=\"auto\" style=\"vertical-align: inherit\">A les persones majors de 40 anys que amb experi\u00e8ncia laboral i professional en relaci\u00f3 amb una ensenyan\u00e7a, no tinguen cap altra forma d&#8217;acc\u00e9s a la universitat i vulguen obtenir una preparaci\u00f3 pr\u00e8via a les proves d&#8217;acc\u00e9s necess\u00e0ries per ingressar a una determinada titulaci\u00f3 de la UMH.<\/span><\/span><\/p>\n<h3 style=\"text-align: left\"><span dir=\"auto\" style=\"vertical-align: inherit\"><span dir=\"auto\" style=\"vertical-align: inherit\">Quines assignatures s&#8217;imparteixen?<\/span><\/span><\/h3>\n<p style=\"text-align: left\"><span dir=\"auto\" style=\"vertical-align: inherit\"><span dir=\"auto\" style=\"vertical-align: inherit\">El curs s&#8217;estructura en la preparaci\u00f3 de la fase de valoraci\u00f3 dels m\u00e8rits (curr\u00edculum, formaci\u00f3, etc.) que composen les proves d&#8217;acc\u00e9s a majors de 40 anys amb experi\u00e8ncia laboral i professional, aix\u00ed com la preparaci\u00f3 per a la superaci\u00f3 d&#8217;una entrevista tal com es regula al Reial decret 1892\/2008 de 14 de novembre i normativa complementaria de la nostra Al curs s&#8217;imparteixen les seg\u00fcents assignatures:<\/span><\/span><\/p>\n<ul>\n<li style=\"text-align: left\"><span dir=\"auto\" style=\"vertical-align: inherit\"><span dir=\"auto\" style=\"vertical-align: inherit\">Com presentar el teu curr\u00edculum.<\/span><\/span><\/li>\n<li style=\"text-align: left\"><span dir=\"auto\" style=\"vertical-align: inherit\"><span dir=\"auto\" style=\"vertical-align: inherit\">Com superar una entrevista.<\/span><\/span><\/li>\n<li style=\"text-align: left\"><span dir=\"auto\" style=\"vertical-align: inherit\"><span dir=\"auto\" style=\"vertical-align: inherit\">Coneix la universitat: Coneix la UMH.<\/span><\/span><\/li>\n<\/ul>\n<h3><span dir=\"auto\" style=\"vertical-align: inherit\"><span dir=\"auto\" style=\"vertical-align: inherit\">Quins s\u00f3n els estudis de grau de la UMH?<\/span><\/span><\/h3>\n<p><span dir=\"auto\" style=\"vertical-align: inherit\"><span dir=\"auto\" style=\"vertical-align: inherit\">Pots consultar els <\/span><\/span><a href=\"https:\/\/umh.es\/contenido\/Estudios\/:Grado\/datos_val.html\" target=\"_blank\" rel=\"noopener\"><span dir=\"auto\" style=\"vertical-align: inherit\"><span dir=\"auto\" style=\"vertical-align: inherit\">estudis de grau<\/span><\/span><img src=\"https:\/\/estudios.umh.es\/files\/2021\/11\/abre-en-nueva-ventana.png\" alt=\"(obriu en nova finestra)\"><\/a><span dir=\"auto\" style=\"vertical-align: inherit\"><span dir=\"auto\" style=\"vertical-align: inherit\"> que s&#8217;imparteixen a la UMH.<\/span><\/span><\/p>\n<h3><span dir=\"auto\" style=\"vertical-align: inherit\"><span dir=\"auto\" style=\"vertical-align: inherit\">Qui imparteixen les classes?<\/span><\/span><\/h3>\n<p><span dir=\"auto\" style=\"vertical-align: inherit\"><span dir=\"auto\" style=\"vertical-align: inherit\">Les classes seran impartides per professors especialistes amb \u00e0mplia formaci\u00f3 i experi\u00e8ncia en els continguts de cada una de les mat\u00e8ries exigides a les proves d&#8217;acc\u00e9s a la universitat dels majors de 40 anys.<\/span><\/span><\/p>\n<h3><span dir=\"auto\" style=\"vertical-align: inherit\"><span dir=\"auto\" style=\"vertical-align: inherit\">Quan s&#8217;imparteixen les classes?<\/span><\/span><\/h3>\n<p><span dir=\"auto\" style=\"vertical-align: inherit\"><span dir=\"auto\" style=\"vertical-align: inherit\">Les 24 hores que componen el curs s&#8217;imparteixen els dissabtes a la mat\u00ed dels mesos de gener, febrer i mar\u00e7 de 2026, d&#8217;acord amb el calendari seg\u00fcent:<\/span><\/span><\/p>\n<ul>\n<li><span dir=\"auto\" style=\"vertical-align: inherit\"><span dir=\"auto\" style=\"vertical-align: inherit\">31 de gener.&nbsp;<\/span><\/span>\n<ul>\n<li><span dir=\"auto\" style=\"vertical-align: inherit\"><span dir=\"auto\" style=\"vertical-align: inherit\">Aula 1.2 \u2013 Edifici L&#8217;Altet. Campus d&#8217;Elx.&nbsp;<\/span><\/span><\/li>\n<li><span dir=\"auto\" style=\"vertical-align: inherit\"><span dir=\"auto\" style=\"vertical-align: inherit\">Horari i contingut de la classe:&nbsp;<\/span><\/span>\n<ul>\n<li><span dir=\"auto\" style=\"vertical-align: inherit\"><span dir=\"auto\" style=\"vertical-align: inherit\">De 9h a 13h. Coneix la UMH<\/span><\/span><\/li>\n<\/ul>\n<\/li>\n<\/ul>\n<\/li>\n<li><span dir=\"auto\" style=\"vertical-align: inherit\"><span dir=\"auto\" style=\"vertical-align: inherit\">7 de febrer.<\/span><\/span>\n<ul>\n<li><span dir=\"auto\" style=\"vertical-align: inherit\"><span dir=\"auto\" style=\"vertical-align: inherit\">Aula 1.2 \u2013 Edifici L&#8217;Altet. Campus d&#8217;Elx.&nbsp;<\/span><\/span><\/li>\n<li><span dir=\"auto\" style=\"vertical-align: inherit\"><span dir=\"auto\" style=\"vertical-align: inherit\">Horari i contingut de la classe:<\/span><\/span>\n<ul>\n<li><span dir=\"auto\" style=\"vertical-align: inherit\"><span dir=\"auto\" style=\"vertical-align: inherit\">De 9h a 11h. Entrevista.<\/span><\/span><\/li>\n<li><span dir=\"auto\" style=\"vertical-align: inherit\"><span dir=\"auto\" style=\"vertical-align: inherit\">D&#8217;11h a 13h. Curr\u00edculum.<\/span><\/span><\/li>\n<\/ul>\n<\/li>\n<\/ul>\n<\/li>\n<li><span dir=\"auto\" style=\"vertical-align: inherit\"><span dir=\"auto\" style=\"vertical-align: inherit\">14 de febrer.<\/span><\/span>\n<ul>\n<li><span dir=\"auto\" style=\"vertical-align: inherit\"><span dir=\"auto\" style=\"vertical-align: inherit\">Aula 1.2 \u2013 Edifici L&#8217;Altet. Campus d&#8217;Elx.&nbsp;<\/span><\/span><\/li>\n<li><span dir=\"auto\" style=\"vertical-align: inherit\"><span dir=\"auto\" style=\"vertical-align: inherit\">Horari i contingut de la classe:<\/span><\/span>\n<ul>\n<li><span dir=\"auto\" style=\"vertical-align: inherit\"><span dir=\"auto\" style=\"vertical-align: inherit\">De 9h a 11h. Entrevista.<\/span><\/span><\/li>\n<li><span dir=\"auto\" style=\"vertical-align: inherit\"><span dir=\"auto\" style=\"vertical-align: inherit\">D&#8217;11h a 13h. Curr\u00edculum.<\/span><\/span><\/li>\n<\/ul>\n<\/li>\n<\/ul>\n<\/li>\n<li><span dir=\"auto\" style=\"vertical-align: inherit\"><span dir=\"auto\" style=\"vertical-align: inherit\">21 de febrer.<\/span><\/span>\n<ul>\n<li><span dir=\"auto\" style=\"vertical-align: inherit\"><span dir=\"auto\" style=\"vertical-align: inherit\">Aula 1.2 \u2013 Edifici L&#8217;Altet. Campus d&#8217;Elx.&nbsp;<\/span><\/span><\/li>\n<li><span dir=\"auto\" style=\"vertical-align: inherit\"><span dir=\"auto\" style=\"vertical-align: inherit\">Horari i contingut de la classe:<\/span><\/span>\n<ul>\n<li><span dir=\"auto\" style=\"vertical-align: inherit\"><span dir=\"auto\" style=\"vertical-align: inherit\">De 9h a 13h. Curr\u00edculum.<\/span><\/span><\/li>\n<\/ul>\n<\/li>\n<\/ul>\n<\/li>\n<li><span dir=\"auto\" style=\"vertical-align: inherit\"><span dir=\"auto\" style=\"vertical-align: inherit\">28 de febrer.<\/span><\/span>\n<ul>\n<li><span dir=\"auto\" style=\"vertical-align: inherit\"><span dir=\"auto\" style=\"vertical-align: inherit\">Aula 1.2 &#8211; Edifici L&#8217;Altet. Campus d&#8217;Elx.&nbsp;<\/span><\/span><\/li>\n<li><span dir=\"auto\" style=\"vertical-align: inherit\"><span dir=\"auto\" style=\"vertical-align: inherit\">Horari i contingut de la classe:<\/span><\/span>\n<ul>\n<li><span dir=\"auto\" style=\"vertical-align: inherit\"><span dir=\"auto\" style=\"vertical-align: inherit\">De 9h a 11h. Entrevista.<\/span><\/span><\/li>\n<li>De 11h a 13h. Curr\u00edculum.<\/li>\n<\/ul>\n<\/li>\n<\/ul>\n<\/li>\n<li><span dir=\"auto\" style=\"vertical-align: inherit\"><span dir=\"auto\" style=\"vertical-align: inherit\">7 de mar\u00e7.<\/span><\/span>\n<ul>\n<li><span dir=\"auto\" style=\"vertical-align: inherit\"><span dir=\"auto\" style=\"vertical-align: inherit\">Aula 1.2 &#8211; Edifici L&#8217;Altet. Campus d&#8217;Elx.&nbsp;<\/span><\/span><\/li>\n<li><span dir=\"auto\" style=\"vertical-align: inherit\"><span dir=\"auto\" style=\"vertical-align: inherit\">Horari i contingut de la classe:<\/span><\/span>\n<ul>\n<li><span dir=\"auto\" style=\"vertical-align: inherit\"><span dir=\"auto\" style=\"vertical-align: inherit\">De 9h a 13h. Entrevista.<\/span><\/span><\/li>\n<\/ul>\n<\/li>\n<\/ul>\n<\/li>\n<\/ul>\n<h3><span dir=\"auto\" style=\"vertical-align: inherit\"><span dir=\"auto\" style=\"vertical-align: inherit\">Quant costa?<\/span><\/span><\/h3>\n<p><span dir=\"auto\" style=\"vertical-align: inherit\"><span dir=\"auto\" style=\"vertical-align: inherit\">El preu del curs \u00e9s de 52 euros.<\/span><\/span><\/p>\n<p>Deduccions aplicables en este curs acad\u00e8mic:<\/p>\n<ul>\n<li><span dir=\"auto\" style=\"vertical-align: inherit\"><span dir=\"auto\" style=\"vertical-align: inherit\">A l&#8217;estudiantat del Curs PAU40 que havent superat la prova d&#8217;acc\u00e9s a la Universitat per a Majors de 40 Anys, \u00e9s matricule en una titulaci\u00f3 de la Universitat Miguel Hern\u00e1ndez, se li deduir\u00e0 52 euros de l&#8217;import de la matr\u00edcula del primer curs. Aquesta deducci\u00f3 s&#8217;aplicar\u00e0 a l&#8217;import pagat en cas de matr\u00edcules redu\u00efdes.<\/span><\/span><\/li>\n<li><span dir=\"auto\" style=\"vertical-align: inherit\"><span dir=\"auto\" style=\"vertical-align: inherit\">L&#8217;estudiantat del curs PAU40 que havent-se presentat a la prova d&#8217;acc\u00e9s a la Universitat per a Majors de 40 anys no la superi, tindr\u00e0 dret a una deducci\u00f3 de 26 euros a la matr\u00edcula del curs PAU40 de l&#8217;any seg\u00fcent. Aquesta deducci\u00f3 s&#8217;aplicar\u00e0 a l&#8217;import pagat en cas de matr\u00edcules redu\u00efdes.<\/span><\/span><\/li>\n<li><span dir=\"auto\" style=\"vertical-align: inherit\"><span dir=\"auto\" style=\"vertical-align: inherit\">L&#8217;estudiantat que acrediti fam\u00edlia nombrosa, tindr\u00e0 una reducci\u00f3 en el preu del curs del 50% (fam\u00edlia nombrosa general) i del 100% (fam\u00edlia nombrosa especial).<\/span><\/span><\/li>\n<li><span dir=\"auto\" style=\"vertical-align: inherit\"><span dir=\"auto\" style=\"vertical-align: inherit\">L&#8217;estudiantat que acredite discapacitat igual o superior al 33% o equiparats (pensionistes de la Seguretat Social que tinguen reconeguda una incapacitat permanent en el grau de total, absoluta o gran invalidesa i els pensionistes de classes passives que tinguen reconeguda una pensi\u00f3 de jubilaci\u00f3 o de retir per incapacitat permanent per al servei o inutilitat).<\/span><\/span><\/li>\n<li><span dir=\"auto\" style=\"vertical-align: inherit\"><span dir=\"auto\" style=\"vertical-align: inherit\">L&#8217;estudiantat que acrediti ser membres de fam\u00edlies monoparentals, tindr\u00e0 una reducci\u00f3 del preu del curs del 50% (fam\u00edlia monoparental general) i del 100% (fam\u00edlia monoparental especial).<\/span><\/span><\/li>\n<li><span dir=\"auto\" style=\"vertical-align: inherit\"><span dir=\"auto\" style=\"vertical-align: inherit\">L&#8217;estudiantat que acrediti la condici\u00f3 de ser v\u00edctimes de terrorisme gaudir\u00e0 de l&#8217;exempci\u00f3 del 100% del pagament de les taxas.<\/span><\/span><\/li>\n<li><span dir=\"auto\" style=\"vertical-align: inherit\"><span dir=\"auto\" style=\"vertical-align: inherit\">Els estudiants que acreditin ser v\u00edctimas d&#8217;actes de viol\u00e8ncia sobre la dona gaudiran de l&#8217;exempci\u00f3 del 100% del pagament de les taxas.<\/span><\/span><\/li>\n<li style=\"text-align: justify\"><span dir=\"auto\" style=\"vertical-align: inherit\"><span dir=\"auto\" style=\"vertical-align: inherit\">L&#8217;estudiantat que acrediti haver estat subjecte al sistema de protecci\u00f3 de menors o al sistema judicial de reeducaci\u00f3, aix\u00ed com en situaci\u00f3 d&#8217;exclusi\u00f3 social i s&#8217;acrediti per l&#8217;\u00f2rgan competent, gaudir\u00e0 d&#8217;una exempci\u00f3 del 100% de les taxas.<\/span><\/span><\/li>\n<li style=\"text-align: justify\"><span dir=\"auto\" style=\"vertical-align: inherit\"><span dir=\"auto\" style=\"vertical-align: inherit\">L&#8217;estudiantat que acrediti la condici\u00f3 d&#8217;ingr\u00e9s m\u00ednim vital o renda valenciana d&#8217;inclusi\u00f3 per l&#8217;\u00f2rgan competent, gaudir\u00e0 d&#8217;una exempci\u00f3 del 100% de les taxas.<\/span><\/span><\/li>\n<\/ul>\n<p><span dir=\"auto\" style=\"vertical-align: inherit\"><span dir=\"auto\" style=\"vertical-align: inherit\">Nota: S&#8217;haur\u00e0 d&#8217;aportar la documentaci\u00f3 (certificat fam\u00edlia nombrosa, certificat discapacitat, carnet de fam\u00edlia monoparental, etc.) enviant un correu a formacion@umh.es abans que finalitzi el termini de matr\u00edcula.<\/span><\/span><\/p>","protected":false},"excerpt":{"rendered":"<p>Qu\u00e8 \u00e9s PAU40?<br \/>\n\u00c9s una iniciativa del Vicerectorat d&#8217;Estudiants i Coordinaci\u00f3 de la Universitat Miguel Hern\u00e1ndez d&#8217;Elx que pret\u00e9n facilitar a les persones majors de 40 anys l&#8217;ingr\u00e9s a la universitat preparant en els coneixements, procediments i actituds concordes a les exigencies de l&#8217;ensenyament universitari<br \/>\nCom em matriculi?<br \/>\nEl termini de matr\u00edcula \u00e9s del 9 al 24 de [&#8230;]<\/p>\n","protected":false},"author":1914,"featured_media":0,"parent":0,"menu_order":0,"comment_status":"closed","ping_status":"open","template":"","meta":{"ngg_post_thumbnail":0,"_links_to":"","_links_to_target":""},"_links":{"self":[{"href":"https:\/\/estudios.umh.es\/ca\/wp-json\/wp\/v2\/pages\/497"}],"collection":[{"href":"https:\/\/estudios.umh.es\/ca\/wp-json\/wp\/v2\/pages"}],"about":[{"href":"https:\/\/estudios.umh.es\/ca\/wp-json\/wp\/v2\/types\/page"}],"author":[{"embeddable":true,"href":"https:\/\/estudios.umh.es\/ca\/wp-json\/wp\/v2\/users\/1914"}],"replies":[{"embeddable":true,"href":"https:\/\/estudios.umh.es\/ca\/wp-json\/wp\/v2\/comments?post=497"}],"version-history":[{"count":0,"href":"https:\/\/estudios.umh.es\/ca\/wp-json\/wp\/v2\/pages\/497\/revisions"}],"wp:attachment":[{"href":"https:\/\/estudios.umh.es\/ca\/wp-json\/wp\/v2\/media?parent=497"}],"curies":[{"name":"wp","href":"https:\/\/api.w.org\/{rel}","templated":true}]}}