{"id":498,"date":"2014-05-09T09:42:32","date_gmt":"2014-05-09T09:42:32","guid":{"rendered":"http:\/\/estudios.zeus.umh.es\/?page_id=498"},"modified":"2026-01-15T09:17:14","modified_gmt":"2026-01-15T08:17:14","slug":"prueba-de-acceso-mayores-40","status":"publish","type":"page","link":"https:\/\/estudios.umh.es\/ca\/prueba-de-acceso-mayores-40\/","title":{"rendered":"PROVA D&#8217;ACC\u00c9S MAJORS DE 40 ANYS"},"content":{"rendered":"<p><\/p>\n<h3 style=\"text-align: left\">Qui pot presentar-se a la prova d&#8217;acc\u00e9s per a majors de 40 anys en la UMH?<\/h3>\n<p style=\"text-align: left\">Podran realitzar les proves d&#8217;acc\u00e9s a la Universitat Miguel Hern\u00e1ndez per a majors de 40 anys les persones que complisquen els seg\u00fcents requisits:<\/p>\n<ol style=\"text-align: left\">\n<li style=\"text-align: justify\">Tindre complits els 40 anys d&#8217;edat o complir-los durant l&#8217;any natural en qu\u00e8 se celebren les proves.<\/li>\n<li style=\"text-align: justify\">No reunir les condicions necess\u00e0ries per a l&#8217;acc\u00e9s a la Universitat (no posseir cap titulaci\u00f3 acad\u00e8mica que els habilite per a accedir a la universitat per altres vies).<\/li>\n<li style=\"text-align: justify\">Acreditar experi\u00e8ncia laboral i professional en relaci\u00f3 amb l&#8217;ensenyament universitari oficial de grau sol\u00b7licitada.<\/li>\n<\/ol>\n<h3 style=\"text-align: left\">Quan he de realitzar la matr\u00edcula a la prova d&#8217;acc\u00e9s?<\/h3>\n<p style=\"text-align: left\">El termini per a la seua formalitzaci\u00f3 ser\u00e0 del <strong>2 al 12 de mar\u00e7 de 2026<\/strong>, tots dos inclusivament.<\/p>\n<h3 style=\"text-align: left\">Com has d&#8217;efectuar la teua matr\u00edcula?<\/h3>\n<p style=\"text-align: left\">Emplenar\u00e0s el <a href=\"http:\/\/universite.umh.es\/pau\/solicitud40\" target=\"_blank\" rel=\"noopener\">formulari d&#8217;inscripci\u00f3<img loading=\"lazy\" class=\"alignnone wp-image-31436 size-full\" src=\"https:\/\/estudios.umh.es\/files\/2021\/11\/abre-en-nueva-ventana.png\" alt=\"(abre en nueva ventana)\" width=\"15\" height=\"15\"><\/a> i posteriorment imprimir\u00e0s el resguard de matr\u00edcula i, en el seu cas, el corresponent rebut de les taxes de la prova.<\/p>\n<p style=\"text-align: left\">El pagament del rebut es pot efectuar en les Entitats Banc\u00e0ries que consten en aquest rebut o mitjan\u00e7ant <a href=\"http:\/\/universite.umh.es\/pagovirtual\/\" target=\"_blank\" rel=\"noopener\">pagament virtual<img loading=\"lazy\" class=\"alignnone wp-image-31436 size-full\" src=\"https:\/\/estudios.umh.es\/files\/2021\/11\/abre-en-nueva-ventana.png\" alt=\"(abre en nueva ventana)\" width=\"15\" height=\"15\"><\/a>&nbsp;<\/p>\n<p style=\"text-align: left\">Consulta el <a href=\"https:\/\/estudios.umh.es\/files\/2023\/01\/manual-sobre-formulario_40_2023.pdf\" target=\"_blank\" rel=\"noopener noreferrer\">manual sobre el formulari de matr\u00edcula.PDF.345kB<img loading=\"lazy\" class=\"alignnone wp-image-31436 size-full\" src=\"https:\/\/estudios.umh.es\/files\/2021\/11\/abre-en-nueva-ventana.png\" alt=\"(abre en nueva ventana)\" width=\"15\" height=\"15\"><\/a><\/p>\n<h3 style=\"text-align: left\">Puc formalitzar matr\u00edcula per a m\u00e9s d&#8217;un grau?<\/h3>\n<p style=\"text-align: left\">Cada candidata o candidat nom\u00e9s podr\u00e0 sol\u00b7licitar la participaci\u00f3 en una \u00fanica prova conduent a l&#8217;acc\u00e9s a un ensenyament universitari oficial de Grau.<\/p>\n<p style=\"text-align: left\">L&#8217;acc\u00e9s es far\u00e0 a una \u00fanica titulaci\u00f3 i s&#8217;haur\u00e0 d&#8217;ajustar als criteris i \u00e0mbit d&#8217;experi\u00e8ncia laboral d&#8217;aqueixa mateixa titulaci\u00f3.<\/p>\n<h3 style=\"text-align: left\">Quina documentaci\u00f3 he d&#8217;entregar en realitzar la matr\u00edcula?<\/h3>\n<ul style=\"text-align: left\">\n<li>Sol\u00b7licitud de matr\u00edcula signada.<\/li>\n<li>DNI, NIE o Passaport.<\/li>\n<li>Justificant del pagament de les taxes, en el seu cas.<\/li>\n<li>Documentaci\u00f3 acreditativa de l&#8217;exempci\u00f3 o bonificaci\u00f3 en la matr\u00edcula.<\/li>\n<\/ul>\n<h3 style=\"text-align: left\">On he d&#8217;entregar la documentaci\u00f3 per a finalitzar la meua matr\u00edcula?<\/h3>\n<ul style=\"text-align: left\">\n<li>La documentaci\u00f3 durant el per\u00edode de matr\u00edcula s&#8217;enviar\u00e0 a la seg\u00fcent adre\u00e7a de correu electr\u00f2nic: <a href=\"mailto:acceso@umh.es\">acceso@umh.es<\/a>&nbsp;<\/li>\n<li>L&#8217;assumpte del correu ser\u00e0: Matr\u00edcula PAU 40 anys\/Nom i Cognoms.<\/li>\n<li>La documentaci\u00f3 es remetr\u00e0 preferentment en format PDF.<\/li>\n<\/ul>\n<h3 style=\"text-align: left\">&nbsp;Quin \u00e9s el preu de la prova?<\/h3>\n<ul style=\"text-align: left\">\n<li>L&#8217;import \u00e9s de 70,38 euros (matr\u00edcula ordin\u00e0ria).<\/li>\n<li>Consulta <a href=\"https:\/\/estudios.umh.es\/files\/2025\/01\/Exenciones-de-tasas-de-matricula-2025-.pdf\" target=\"_blank\" rel=\"noopener noreferrer\">les exempcions i bonificacions.PDF. 169kB<img loading=\"lazy\" class=\"alignnone wp-image-31436 size-full\" src=\"https:\/\/estudios.umh.es\/files\/2021\/11\/abre-en-nueva-ventana.png\" alt=\"(abre en nueva ventana)\" width=\"15\" height=\"15\"><\/a><\/li>\n<li>\u00danicament procedir\u00e0 la devoluci\u00f3 de la taxa corresponent a la prova quan aquesta se sol\u00b7licite en el termini de formalitzaci\u00f3 de matr\u00edcula.<\/li>\n<\/ul>\n<h3 style=\"text-align: left\">Com s&#8217;estructura la prova d&#8217;acc\u00e9s?<\/h3>\n<p style=\"text-align: left\">Les proves d&#8217;acc\u00e9s tindran per finalitat valorar, amb car\u00e0cter objectiu, l&#8217;experi\u00e8ncia laboral i professional i apreciar la maduresa i idone\u00eftat de les candidates i els candidats per a seguir amb \u00e8xit estudis universitaris i constar\u00e0 de les seg\u00fcents fases:<\/p>\n<p style=\"text-align: left\">A. FASE DE VALORACI\u00d3 (puntuaci\u00f3 m\u00e0xima 10).<\/p>\n<ol style=\"text-align: left\">\n<li>Experi\u00e8ncia laboral i professional (puntuaci\u00f3 m\u00e0xima 6).<\/li>\n<li>Formaci\u00f3 (puntuaci\u00f3 m\u00e0xima 2).<\/li>\n<li>Coneixement de valenci\u00e0 (puntuaci\u00f3 m\u00e0xima 1).<\/li>\n<li>Coneixement d&#8217;idiomes comunitaris (puntuaci\u00f3 m\u00e0xima 1).<\/li>\n<\/ol>\n<p style=\"text-align: left\">B. FASE D&#8217;ENTREVISTA.<\/p>\n<p style=\"text-align: left\">Una vegada superada la fase de valoraci\u00f3, amb un m\u00ednim de 5 punts, el Tribunal convocar\u00e0 a les candidates i candidats, a la realitzaci\u00f3 d&#8217;una entrevista, que ser\u00e0 qualificada com a \u201cAPTE\u201d o \u201cNO APTE\u201d.<\/p>\n<h3 style=\"text-align: left\">Quin \u00e9s el procediment per a la presentaci\u00f3 del curr\u00edculum?<\/h3>\n<p style=\"text-align: left\">El procediment a seguir \u00e9s el seg\u00fcent:<\/p>\n<ol style=\"text-align: left\">\n<li style=\"text-align: justify\">La Fase de Valoraci\u00f3 consistir\u00e0 en la PRESENTACI\u00d3 DEL CURR\u00cdCULUM i estar\u00e0 integrat per la <a href=\"http:\/\/mayores40.umh.es\/\" target=\"_blank\" rel=\"noopener\">sol\u00b7licitud de valoraci\u00f3 de m\u00e8rits<img loading=\"lazy\" class=\"alignnone wp-image-31436 size-full\" src=\"https:\/\/estudios.umh.es\/files\/2021\/11\/abre-en-nueva-ventana.png\" alt=\"(abre en nueva ventana)\" width=\"15\" height=\"15\"><\/a> i la documentaci\u00f3 corresponent, que s&#8217;indica m\u00e9s endavant en aquesta p\u00e0gina : <strong>Del 23 al 27 de mar\u00e7 de 2026.<\/strong><\/li>\n<li style=\"text-align: justify\">Tota la documentaci\u00f3 es remetr\u00e0 preferiblement en format PDF i es comprimir\u00e0 en un arxiu tipus WinRAR o Zip.<\/li>\n<li style=\"text-align: justify\">Pel fet que la grand\u00e0ria del fitxer podr\u00e0 ser elevada, l&#8217;enviament del fitxer es realitzar\u00e0 mitjan\u00e7ant un sistema que ens permeta accedir mitjan\u00e7ant un enlla\u00e7 enviat a acceso@umh.es. Es pot utilitzar qualsevol sistema similar a Google Drive o Dropbox.<\/li>\n<li style=\"text-align: justify\">Tamb\u00e9 podria utilitzar-se l&#8217;enviament de diferents correus a acceso@umh.es. En aquest cas cada candidata o candidat en l&#8217;assumpte del correu ens indicar\u00e0 el n\u00famero del correu que corresponga. Per exemple, si s&#8217;envien tres correus, el primer seria 1 de 3, el segon 2 de 3 i el tercer 3 de 3. \u00c9s important que utilitzeu aquesta nomenclatura per a identificar tots els enviaments.<\/li>\n<\/ol>\n<h3 style=\"text-align: left\">Com has d&#8217;introduir les dades en l&#8217;aplicaci\u00f3 de sol\u00b7licitud d&#8217;avaluaci\u00f3 de m\u00e8rits?<\/h3>\n<p style=\"text-align: left\">Seguir\u00e0s les sig\u00fcents <a href=\"https:\/\/estudios.umh.es\/files\/2024\/02\/Pasos-introducion-datos-aplicacion.pdf\" target=\"_blank\" rel=\"noopener\">instruccions.PDF.203kB<img loading=\"lazy\" class=\"alignnone wp-image-31436 size-full\" src=\"https:\/\/estudios.umh.es\/files\/2021\/11\/abre-en-nueva-ventana.png\" alt=\"(abre en nueva ventana)\" width=\"15\" height=\"15\"><\/a><\/p>\n<p style=\"text-align: left\">Pots consultar els <a href=\"https:\/\/estudios.umh.es\/ca\/informes-meritos-pau40\/\" rel=\"noopener noreferrer\"><u>Informes de Compet\u00e8ncies<\/u><\/a> dels diferents Graus.<\/p>\n<h3 style=\"text-align: left\">Quina documentaci\u00f3 haur\u00e0s de presentar com a curr\u00edculum?<\/h3>\n<ul style=\"text-align: left\">\n<li style=\"text-align: justify\">Sol\u00b7licitud d&#8217;avaluaci\u00f3 de m\u00e8rits que obtindr\u00e0s de l&#8217;aplicaci\u00f3..<\/li>\n<li style=\"text-align: justify\"><a href=\"https:\/\/estudios.umh.es\/files\/2022\/01\/DECLARACION-Responsable_curriculum-40-anos.pdf\" target=\"_blank\" rel=\"noopener\">Declaraci\u00f3 Responsable.PDF.276kB<img loading=\"lazy\" class=\"alignnone wp-image-31436 size-full\" src=\"https:\/\/estudios.umh.es\/files\/2021\/11\/abre-en-nueva-ventana.png\" alt=\"(abre en nueva ventana)\" width=\"15\" height=\"15\">&nbsp;<\/a><\/li>\n<li style=\"text-align: justify\">Documentaci\u00f3 acreditativa d&#8217;experi\u00e8ncia laboral i professional relacionada amb l&#8217;ensenyament universitari oficial de grau triada::<\/li>\n<\/ul>\n<ol style=\"text-align: left\">\n<li>Informe de la vida laboral.<\/li>\n<li>Certificat de l&#8217;empresa o organisme en el qual es reflectisca l&#8217;activitat realitzada per la candidata o candidat i el per\u00edode de temps d&#8217;exercici, en el qual es puga constatar que l&#8217;antiguitat laboral en el grup de cotitzaci\u00f3 guarda relaci\u00f3 amb les compet\u00e8ncies previstes en els estudis corresponents. En el cas que no es puga aportar per tancament patronal de l&#8217;empresa, es presentar\u00e0 el contracte de treball corresponent, que podr\u00e0 ser considerat sempre que es puga obtindre del mateix la informaci\u00f3 necess\u00e0ria sobre les compet\u00e8ncies adquirides.<\/li>\n<li>Si l&#8217;estudiant ha realitzat activitats en el R\u00e8gim General de Treballadors Aut\u00f2noms, s&#8217;acreditar\u00e0 l&#8217;ep\u00edgraf de l&#8217;Impost d&#8217;activitats Econ\u00f2miques (IAE). Aix\u00ed mateix, haur\u00e0 d&#8217;acreditar documentalment les activitats desenvolupades.<\/li>\n<\/ol>\n<ul style=\"text-align: left\">\n<li style=\"text-align: justify\">Documentaci\u00f3 acreditativa de la formaci\u00f3 relacionada amb l&#8217;ensenyament universitari oficial de grau triada.<\/li>\n<li style=\"text-align: justify\">Documentaci\u00f3 acreditativa del coneixement de valenci\u00e0.<\/li>\n<li style=\"text-align: justify\">Documentaci\u00f3 acreditativa del coneixement d&#8217;idiomes comunitaris.<\/li>\n<\/ul>\n<p style=\"text-align: left\">\u00danicament seran objecte de valoraci\u00f3 els m\u00e8rits que s&#8217;hagen realitzat amb data igual o anterior a l&#8217;\u00faltim dia de termini de la matr\u00edcula.<\/p>\n<h3 style=\"text-align: left\">Quan es realitza l&#8217;entrevista?<\/h3>\n<p style=\"text-align: left\">El Tribunal convocar\u00e0, per a la realitzaci\u00f3 de l&#8217;entrevista, a les candidates i els candidats que hagen obtingut una nota igual o superior a 5 en el curr\u00edculum, a trav\u00e9s d&#8217;aquesta p\u00e0gina web, indicant el dia, hora i lloc en el qual tindr\u00e0 lloc la prova.<\/p>\n<h3 style=\"text-align: left\">Com es realitza l&#8217;avaluaci\u00f3 de les proves?<\/h3>\n<p style=\"text-align: left\">L&#8217;avaluaci\u00f3 de la prova s&#8217;efectuar\u00e0 pel Tribunal Qualificador que ser\u00e0 nomenat pel Vicerector d&#8217;Estudiants i Coordinaci\u00f3, amb la composici\u00f3 i funcions establides en la Normativa reguladora de les proves d&#8217;acc\u00e9s als ensenyaments universitaris oficials de grau de la Universitat Miguel Hern\u00e1ndez d&#8217;Elx per a majors de 40 anys mitjan\u00e7ant l&#8217;acreditaci\u00f3 d&#8217;experi\u00e8ncia laboral o professional.<\/p>\n<p style=\"text-align: left\">Consulta <a href=\"https:\/\/estudios.umh.es\/files\/2019\/01\/Evaluacion-de-las-Pruebas.pdf\" target=\"_blank\" rel=\"noopener noreferrer\">m\u00e9s Informaci\u00f3.PDF.112kB<img loading=\"lazy\" class=\"alignnone wp-image-31436 size-full\" src=\"https:\/\/estudios.umh.es\/files\/2021\/11\/abre-en-nueva-ventana.png\" alt=\"(abre en nueva ventana)\" width=\"15\" height=\"15\"><\/a><\/p>\n<h3 style=\"text-align: left\">Com s&#8217;obt\u00e9 la qualificaci\u00f3 definitiva?<\/h3>\n<ol style=\"text-align: left\">\n<li>L&#8217;avaluaci\u00f3 de la prova s&#8217;efectuar\u00e0 pel Tribunal Qualificador que ser\u00e0 nomenat pel Vicerector d&#8217;Estudiants i Coordinaci\u00f3.<\/li>\n<li>La qualificaci\u00f3 final vindr\u00e0 determinada per la suma de les puntuacions obtingudes en la fase de valoraci\u00f3, qualificada de 0 a 10 i expressada amb tres xifres decimals, arredonida a la cent\u00e8sima m\u00e9s pr\u00f2xima i en cas d&#8217;equidist\u00e0ncia a la superior.<\/li>\n<li>S&#8217;entendr\u00e0 que la candidata o el candidat ha superat la fase de valoraci\u00f3 quan obtinga un m\u00ednim de cinc punts en la qualificaci\u00f3 final.<\/li>\n<li>Les candidates i els candidats que hagen superat la prova d&#8217;acc\u00e9s, hauran de realitzar l&#8217;entrevista en les dates disposades pel Tribunal. Aquesta prova es qualificar\u00e0 com a \u201cAPTE\u201d o \u201cNO APTE\u201d. Els candidats que obtinguen una qualificaci\u00f3 de \u201cNO APTE\u201d en l&#8217;entrevista es considerar\u00e0 que no han superat les Proves d&#8217;Acc\u00e9s a la Universitat per a Majors de 40 Anys.<\/li>\n<li>Les candidates i els candidats que hagen superat la fase de valoraci\u00f3 i obtinguen la qualificaci\u00f3 de \u201cAPTE\u201d en l&#8217;entrevista, es considerar\u00e0 que han superat la Prova d&#8217;Acc\u00e9s a la Universitat per a Majors de 40 Anys de la UMH.<\/li>\n<li>S&#8217;entendr\u00e0 que la candidata o candidat ha superat les proves, quan obtinga un m\u00ednim de cinc punts en la prova d&#8217;acc\u00e9s i haja obtingut la qualificaci\u00f3 de \u201cAPTE\u201d en l&#8217;entrevista.<\/li>\n<\/ol>\n<h3 style=\"text-align: left\">Quan es publicaran els resultats?<\/h3>\n<p style=\"text-align: left\">Els resultats es van publicar en el BOUMH (data per determinar).<\/p>\n<h3 style=\"text-align: left\">Com puc reclamar els resultats?<\/h3>\n<p style=\"text-align: left\">Les candidates i els candidats podran presentar reclamaci\u00f3 contra el resultat de la valoraci\u00f3 dels m\u00e8rits davant el Vicerector d&#8217;Estudiants i Coordinaci\u00f3 de la Universitat Miguel Hern\u00e1ndez d&#8217;Elx, en el termini de 5 dies h\u00e0bils computats a partir de l&#8217;endem\u00e0 de la publicaci\u00f3 de les qualificacions.<\/p>\n<h3 style=\"text-align: left\">Quan es publicaran els resultats definitius?<\/h3>\n<p style=\"text-align: left\">La publicaci\u00f3 dels resultats definitius podr\u00e0s consultar-los en aquesta p\u00e0gina.<\/p>\n<h3 style=\"text-align: left\">Quina \u00e9s l&#8217;oferta de Titulacions de la UMH per al curs 2026\/2027?<\/h3>\n<ul style=\"text-align: left\">\n<li><a href=\"https:\/\/estudios.umh.es\/files\/2026\/01\/Titulaciones-UMH_2025.pdf\" target=\"_blank\" rel=\"noopener noreferrer\">Titulacions UMH.PDF. 170kB<img loading=\"lazy\" class=\"alignnone wp-image-31436 size-full\" src=\"https:\/\/estudios.umh.es\/files\/2021\/11\/abre-en-nueva-ventana.png\" alt=\"(abre en nueva ventana)\" width=\"15\" height=\"15\"><\/a><\/li>\n<li><a href=\"https:\/\/estudios.umh.es\/files\/2026\/01\/Titulaciones-Adscritas-UMH_2025.pdf\" target=\"_blank\" rel=\"noopener noreferrer\">Titulacions Centres Adscrits UMH.PDF.115kB<img loading=\"lazy\" class=\"alignnone wp-image-31436 size-full\" src=\"https:\/\/estudios.umh.es\/files\/2021\/11\/abre-en-nueva-ventana.png\" alt=\"(abre en nueva ventana)\" width=\"15\" height=\"15\"><\/a><\/li>\n<\/ul>\n<p style=\"text-align: left\">Pots consultar la <a href=\"https:\/\/estudios.umh.es\/files\/2026\/01\/RR_00079_2026-Convocatoria-Pruebas-Acceso-Mayores-40-anos-25-26.pdf\">CONVOCAT\u00d2RIA PROVA.PDF.1452kB<\/a><strong><img loading=\"lazy\" class=\"alignnone wp-image-31436 size-full\" src=\"https:\/\/estudios.umh.es\/files\/2021\/11\/abre-en-nueva-ventana.png\" alt=\"(abre en nueva ventana)\" width=\"15\" height=\"15\"><\/strong><\/p>\n<h3 style=\"text-align: left\">INFORMACI\u00d3 DE CONTACTE<\/h3>\n<p style=\"text-align: left\">Servei de Gesti\u00f3 d&#8217;Estudis<\/p>\n<p style=\"text-align: left\">Direcci\u00f3: Campus d&#8217;Elx \u2013 Edifici Rectorat i Consell Social, Avda. de la Universitat, s\/n, 03202 Elx \u2013Alacant<\/p>\n<p style=\"text-align: left\">Tel\u00e9fons: 96 665 83 41 y 96 522 25 17<\/p>\n<p style=\"text-align: left\">Correu electr\u00f2nic: acceso@umh.es<\/p>\n<p><\/p>","protected":false},"excerpt":{"rendered":"<p>Qui pot presentar-se a la prova d&#8217;acc\u00e9s per a majors de 40 anys en la UMH?<br \/>\nPodran realitzar les proves d&#8217;acc\u00e9s a la Universitat Miguel Hern\u00e1ndez per a majors de 40 anys les persones que complisquen els seg\u00fcents requisits:<\/p>\n<p>Tindre complits els 40 anys d&#8217;edat o complir-los durant l&#8217;any natural en qu\u00e8 se celebren les proves.<br \/>\nNo reunir [&#8230;]<\/p>\n","protected":false},"author":1914,"featured_media":0,"parent":0,"menu_order":0,"comment_status":"closed","ping_status":"open","template":"","meta":{"ngg_post_thumbnail":0,"_links_to":"","_links_to_target":""},"_links":{"self":[{"href":"https:\/\/estudios.umh.es\/ca\/wp-json\/wp\/v2\/pages\/498"}],"collection":[{"href":"https:\/\/estudios.umh.es\/ca\/wp-json\/wp\/v2\/pages"}],"about":[{"href":"https:\/\/estudios.umh.es\/ca\/wp-json\/wp\/v2\/types\/page"}],"author":[{"embeddable":true,"href":"https:\/\/estudios.umh.es\/ca\/wp-json\/wp\/v2\/users\/1914"}],"replies":[{"embeddable":true,"href":"https:\/\/estudios.umh.es\/ca\/wp-json\/wp\/v2\/comments?post=498"}],"version-history":[{"count":0,"href":"https:\/\/estudios.umh.es\/ca\/wp-json\/wp\/v2\/pages\/498\/revisions"}],"wp:attachment":[{"href":"https:\/\/estudios.umh.es\/ca\/wp-json\/wp\/v2\/media?parent=498"}],"curies":[{"name":"wp","href":"https:\/\/api.w.org\/{rel}","templated":true}]}}