{"id":50,"date":"2014-03-07T11:09:00","date_gmt":"2014-03-07T11:09:00","guid":{"rendered":"http:\/\/estudios.zeus.umh.es\/?page_id=50"},"modified":"2026-03-24T15:59:31","modified_gmt":"2026-03-24T14:59:31","slug":"titulos-oficiales","status":"publish","type":"page","link":"https:\/\/estudios.umh.es\/ca\/presentacion\/normativas\/titulos-oficiales\/","title":{"rendered":"ESTUDIS OFICIALS"},"content":{"rendered":"<p><span style=\"color: #000000\">Els estudis de la Universitat Miguel Hern\u00e1ndez d&#8217;Elx es regixen per la seg\u00fcent normativa.<\/span><\/p>\n<h3><span style=\"color: #000000\">Normativa general universit\u00e0ria<\/span><\/h3>\n<ul>\n<li><a href=\"https:\/\/www.boe.es\/eli\/es\/lo\/2023\/03\/22\/2\/con\" target=\"_blank\" rel=\"noopener noreferrer\">Llei Org\u00e0nica 2\/2023, de 22 de mar\u00e7, del Sistema Universitari (castell\u00e0). <img loading=\"lazy\" class=\"alignnone wp-image-31436 size-full\" src=\"https:\/\/estudios.umh.es\/files\/2021\/11\/abre-en-nueva-ventana.png\" alt=\"(abre en nueva ventana)\" width=\"15\" height=\"15\"><\/a><\/li>\n<li><a href=\"https:\/\/estudios.umh.es\/files\/2014\/03\/Ley-2_2008.pdf\" target=\"_blank\" rel=\"noopener\">Llei 2\/2008, de 17 d&#8217;abril, de la Generalitat, del Sistema Valenci\u00e0 de T\u00edtos i Acreditacions d&#8217;Educaci\u00f3 Superior. PDF.224kB<\/a><img loading=\"lazy\" class=\"alignnone wp-image-31436 size-full\" src=\"https:\/\/estudios.umh.es\/files\/2021\/11\/abre-en-nueva-ventana.png\" alt=\"(abre en nueva ventana)\" width=\"15\" height=\"15\"><\/li>\n<li><a href=\"https:\/\/www.boe.es\/buscar\/act.php?id=BOE-A-2021-15781\" target=\"_blank\" rel=\"noopener\">Reial Decret 822\/2021, de 28 de setembre, pel qual s&#8217;estableix l&#8217;organitzaci\u00f3 dels ensenyaments universitaris i del procediment d&#8217;assegurament de la seua qualitat (castell\u00e0).<img loading=\"lazy\" class=\"alignnone wp-image-31436 size-full\" src=\"https:\/\/estudios.umh.es\/files\/2021\/11\/abre-en-nueva-ventana.png\" alt=\"(abre en nueva ventana)\" width=\"15\" height=\"15\"><\/a><\/li>\n<li><a href=\"https:\/\/www.boe.es\/buscar\/act.php?id=BOE-A-2008-15464\" target=\"_blank\" rel=\"noopener noreferrer\">Reial Decret 1509\/2008, de 12 de setembre, pel qual es regula el Registre d&#8217;Universitats, Centres i T\u00edtols (castell\u00e0)<\/a><a href=\"https:\/\/www.boe.es\/buscar\/act.php?id=BOE-A-2008-15464\" target=\"_blank\" rel=\"noopener noreferrer\">. <img loading=\"lazy\" class=\"alignnone wp-image-31436 size-full\" src=\"https:\/\/estudios.umh.es\/files\/2021\/11\/abre-en-nueva-ventana.png\" alt=\"(abre en nueva ventana)\" width=\"15\" height=\"15\"><\/a><\/li>\n<li><a href=\"https:\/\/www.boe.es\/buscar\/act.php?id=BOE-A-2003-17643\" target=\"_blank\" rel=\"noopener noreferrer\">Reial Decret 1125\/2003, de 5 de septembre, pel qual s&#8217;estableix el sistema europeu de cr\u00e8dits i el sistema de qualificacions en les titulacions universit\u00e0ries de car\u00e0cter oficial i validesa en tot el territori nacional (castell\u00e0). <img loading=\"lazy\" class=\"alignnone wp-image-31436 size-full\" src=\"https:\/\/estudios.umh.es\/files\/2021\/11\/abre-en-nueva-ventana.png\" alt=\"(abre en nueva ventana)\" width=\"15\" height=\"15\"><\/a><\/li>\n<li><a href=\"https:\/\/www.boe.es\/buscar\/doc.php?id=BOE-A-2022-17045\" target=\"_blank\" rel=\"noopener noreferrer\">Reia Decret 889\/2022, de 18 d&#8217;octubre, pel qual s&#8217;estableixen les condicions i els procediments d&#8217;homologaci\u00f3, de declaraci\u00f3 d&#8217;equival\u00e8ncia i de convalidaci\u00f3 d&#8217;ensenyances universit\u00e0ries de sistemes educatius estrangers i pel qual es regula el procediment per a establir la correspond\u00e8ncia al nivell del Marc Espanyol de Qualificacions per a l&#8217;Educaci\u00f3 Superior dels t\u00edtols universitaris oficials pertanyents a ordenacions acad\u00e8miques anteriors (castell\u00e0)<img loading=\"lazy\" class=\"alignnone wp-image-31436 size-full\" src=\"https:\/\/estudios.umh.es\/files\/2021\/11\/abre-en-nueva-ventana.png\" alt=\"(abre en nueva ventana)\" width=\"15\" height=\"15\"><\/a><\/li>\n<li><a href=\"https:\/\/dogv.gva.es\/datos\/2024\/08\/12\/pdf\/2024_8314_va.pdf\">Decret 101\/2024, de 2 d\u2019agost, del Consell, pel qual es regulen els preus p\u00fablics dels servicis acad\u00e8mics i complementaris universitaris per al curs 2024\/2025. [2024\/8314]. Pdf.489 Kb.<\/a> <img src=\"https:\/\/estudios.umh.es\/files\/2021\/11\/abre-en-nueva-ventana.png\" alt=\"(abre en nueva ventana)\"><\/li>\n<\/ul>\n<h3><span style=\"color: #000000\"> Normativa espec\u00edfica: Grau<\/span><\/h3>\n<ul>\n<li><a href=\"https:\/\/estudios.umh.es\/files\/2016\/07\/Normativa-TFG_consolidada.pdf\" target=\"_blank\" rel=\"noopener noreferrer\">Normativa Treball Fi de Grau.PDF.210kB (castell\u00e0)<img loading=\"lazy\" class=\"alignnone wp-image-31436 size-full\" src=\"https:\/\/estudios.umh.es\/files\/2021\/11\/abre-en-nueva-ventana.png\" alt=\"(abre en nueva ventana)\" width=\"15\" height=\"15\"><\/a><\/li>\n<li><a href=\"https:\/\/estudios.umh.es\/ca\/presentacion\/normativas\/titulos-oficiales\/normativa-especifica-de-los-trabajos-fin-de-grado\/\" target=\"_blank\" rel=\"noopener noreferrer\">Normativa espec\u00edfica del Treball Fi de Grau de Facultats i Escoles. <img loading=\"lazy\" class=\"alignnone wp-image-31436 size-full\" src=\"https:\/\/estudios.umh.es\/files\/2021\/11\/abre-en-nueva-ventana.png\" alt=\"(abre en nueva ventana)\" width=\"15\" height=\"15\"><\/a><\/li>\n<li><a href=\"https:\/\/estudios.umh.es\/files\/2021\/12\/Procedimiento-de-implantacion-titulos-de-grado.pdf\" target=\"_blank\" rel=\"noopener noreferrer\">Procediment per a la implantaci\u00f3 de T\u00edtols de Grau en la UMH.PDF.242kB (castell\u00e0)<img loading=\"lazy\" class=\"alignnone wp-image-31436 size-full\" src=\"https:\/\/estudios.umh.es\/files\/2021\/11\/abre-en-nueva-ventana.png\" alt=\"(abre en nueva ventana)\" width=\"15\" height=\"15\"><\/a><\/li>\n<\/ul>\n<h3><span style=\"color: #000000\"> Normativa espec\u00edfica: M\u00e0ster Universitari<\/span><\/h3>\n<ul style=\"text-align: justify\">\n<li><a href=\"https:\/\/estudios.umh.es\/files\/2014\/06\/Normativa-Trabajo-Fin-de-M\u00e1ster.pdf\" target=\"_blank\" rel=\"noopener noreferrer\">Normativa Treball Fi de M\u00e0ster. PDF.172kB (castell\u00e0)<img loading=\"lazy\" class=\"alignnone wp-image-31436 size-full\" src=\"https:\/\/estudios.umh.es\/files\/2021\/11\/abre-en-nueva-ventana.png\" alt=\"(abre en nueva ventana)\" width=\"15\" height=\"15\"><\/a><\/li>\n<li><a href=\"https:\/\/www.boe.es\/buscar\/act.php?id=BOE-A-2006-18870\" target=\"_blank\" rel=\"noopener noreferrer\">Llei 34\/2006, de 30 d&#8217;octubre sobre l&#8217;acc\u00e9s a les professions d&#8217;Advocat i Procurador dels Tribunals (castell\u00e0). <img loading=\"lazy\" class=\"alignnone wp-image-31436 size-full\" src=\"https:\/\/estudios.umh.es\/files\/2021\/11\/abre-en-nueva-ventana.png\" alt=\"(abre en nueva ventana)\" width=\"15\" height=\"15\"><\/a><\/li>\n<li><a href=\"https:\/\/www.boe.es\/buscar\/act.php?id=BOE-A-2011-10459\" target=\"_blank\" rel=\"noopener noreferrer\">Reial Decret 775\/2011, de 3 de juny pel qual s&#8217;aprova el Reglament de la Llei 34\/2006, de 30 d&#8217;octubre, sobre l&#8217;acc\u00e9s a les professions d&#8217;Advocat i Procurador dels Tribunals (castell\u00e0). <img loading=\"lazy\" class=\"alignnone wp-image-31436 size-full\" src=\"https:\/\/estudios.umh.es\/files\/2021\/11\/abre-en-nueva-ventana.png\" alt=\"(abre en nueva ventana)\" width=\"15\" height=\"15\"><\/a><\/li>\n<li><a href=\"https:\/\/www.boe.es\/buscar\/act.php?id=BOE-A-2007-22450\" target=\"_blank\" rel=\"noopener noreferrer\">Orde ECI\/3858\/2007, de 27 de dicembre, per la qual s&#8217;estableixen els requisits per a la verificaci\u00f3 dels t\u00edtols universitaris oficials que habiliten per a l&#8217;exercici de les professions de Professor d&#8217;Educaci\u00f3 Secund\u00e0ria Obligat\u00f2ria i Batxillerat, Formaci\u00f3 Professional i Ensenyaments d&#8217;Idiomes (castell\u00e0).<img loading=\"lazy\" class=\"alignnone wp-image-31436 size-full\" src=\"https:\/\/estudios.umh.es\/files\/2021\/11\/abre-en-nueva-ventana.png\" alt=\"(abre en nueva ventana)\" width=\"15\" height=\"15\"><\/a><\/li>\n<li><a href=\"https:\/\/estudios.umh.es\/files\/2014\/06\/R_15012901-2009_Ing1Ejercicio-profesional-Ingenier\u00eda.pdf\" target=\"_blank\" rel=\"noopener noreferrer\">Resoluci\u00f3 de 15 de gener de 2009, de la Secretaria d&#8217;Estat d&#8217;Universitats, per la qual es publica l&#8217;Acord de Consell de Ministres, pel qual s&#8217;estableixen les condicions a les quals hauran d&#8217;adequar-se els plans d&#8217;estudis conduents a l&#8217;obtenci\u00f3 de t\u00edtols que habiliten per a l&#8217;exercici de les diferents professions regulades d&#8217;Enginyer.PDF.194kB (castell\u00e0)<img loading=\"lazy\" class=\"alignnone wp-image-31436 size-full\" src=\"https:\/\/estudios.umh.es\/files\/2021\/11\/abre-en-nueva-ventana.png\" alt=\"(abre en nueva ventana)\" width=\"15\" height=\"15\"><\/a><\/li>\n<li><a href=\"https:\/\/www.boe.es\/diario_boe\/txt.php?id=BOE-A-2009-2740\" target=\"_blank\" rel=\"noopener noreferrer\">Orde CIN\/311\/2009, de 9 de febrer, per la qual s&#8217;estableixen els requisits per a la verificaci\u00f3 dels t\u00edtols universitaris oficials que habiliten per a l&#8217;exercici de la professi\u00f3 d&#8217;Enginyer Industrial (castell\u00e0). <img loading=\"lazy\" class=\"alignnone wp-image-31436 size-full\" src=\"https:\/\/estudios.umh.es\/files\/2021\/11\/abre-en-nueva-ventana.png\" alt=\"(abre en nueva ventana)\" width=\"15\" height=\"15\"><\/a><\/li>\n<li><a href=\"https:\/\/www.boe.es\/diario_boe\/txt.php?id=BOE-A-2009-2897\" target=\"_blank\" rel=\"noopener noreferrer\">Orde CIN\/355\/2009, de 9 de febrer, per la qual s&#8217;estableixen els requisits per a la verificaci\u00f3 dels t\u00edtols universitaris oficials que habiliten per a l&#8217;exercici de la professi\u00f3 d&#8217;Enginyer de Telecomunicaci\u00f3 (castell\u00e0). <img loading=\"lazy\" class=\"alignnone wp-image-31436 size-full\" src=\"https:\/\/estudios.umh.es\/files\/2021\/11\/abre-en-nueva-ventana.png\" alt=\"(abre en nueva ventana)\" width=\"15\" height=\"15\"><\/a><\/li>\n<li><a href=\"https:\/\/www.boe.es\/buscar\/act.php?id=BOE-A-2009-2805\" target=\"_blank\" rel=\"noopener noreferrer\">Orde CIN\/325\/2009, de 9 de febrer, per la qual s&#8217;estableixen els requisits per a la verificaci\u00f3 dels t\u00edtols universitaris oficials que habiliten per a l&#8217;exercici de la professi\u00f3 d&#8217;Enginyer Agr\u00f2nom (castell\u00e0). <img loading=\"lazy\" class=\"alignnone wp-image-31436 size-full\" src=\"https:\/\/estudios.umh.es\/files\/2021\/11\/abre-en-nueva-ventana.png\" alt=\"(abre en nueva ventana)\" width=\"15\" height=\"15\"><\/a><\/li>\n<li><a href=\"https:\/\/estudios.umh.es\/files\/2019\/01\/normativa-implantaci\u00f3n-M\u00e1ster-y-Doctorado-C.Gobierno-2008.pdf\" target=\"_blank\" rel=\"noopener noreferrer\">Normativa implantaci\u00f3 estudis de M\u00e0ster.PDF.418kB (castell\u00e1)<img loading=\"lazy\" class=\"alignnone wp-image-31436 size-full\" src=\"https:\/\/estudios.umh.es\/files\/2021\/11\/abre-en-nueva-ventana.png\" alt=\"(abre en nueva ventana)\" width=\"15\" height=\"15\"><\/a><\/li>\n<li><a href=\"https:\/\/estudios.umh.es\/files\/2024\/03\/Normativa-preinscripcion-admision-y-matricula-masteres.pdf\">Normativa de preinscripci\u00f3, admissi\u00f3 i matr\u00edcules de m\u00e0sters.<\/a><a href=\"https:\/\/estudios.umh.es\/files\/2019\/01\/normativa-implantaci\u00f3n-M\u00e1ster-y-Doctorado-C.Gobierno-2008.pdf\" target=\"_blank\" rel=\"noopener noreferrer\"><img loading=\"lazy\" class=\"alignnone wp-image-31436 size-full\" src=\"https:\/\/estudios.umh.es\/files\/2021\/11\/abre-en-nueva-ventana.png\" alt=\"(abre en nueva ventana)\" width=\"15\" height=\"15\"><\/a><\/li>\n<\/ul>\n<p><\/p>","protected":false},"excerpt":{"rendered":"<p>Els estudis de la Universitat Miguel Hern\u00e1ndez d&#8217;Elx es regixen per la seg\u00fcent normativa.<br \/>\nNormativa general universit\u00e0ria<\/p>\n<p>Llei Org\u00e0nica 2\/2023, de 22 de mar\u00e7, del Sistema Universitari (castell\u00e0).<br \/>\nLlei 2\/2008, de 17 d&#8217;abril, de la Generalitat, del Sistema Valenci\u00e0 de T\u00edtos i Acreditacions d&#8217;Educaci\u00f3 Superior. PDF.224kB<br \/>\nReial Decret 822\/2021, de 28 de setembre, pel qual s&#8217;estableix l&#8217;organitzaci\u00f3 dels [&#8230;]<\/p>\n","protected":false},"author":9,"featured_media":0,"parent":31,"menu_order":3,"comment_status":"closed","ping_status":"open","template":"","meta":{"ngg_post_thumbnail":0,"_links_to":"","_links_to_target":""},"_links":{"self":[{"href":"https:\/\/estudios.umh.es\/ca\/wp-json\/wp\/v2\/pages\/50"}],"collection":[{"href":"https:\/\/estudios.umh.es\/ca\/wp-json\/wp\/v2\/pages"}],"about":[{"href":"https:\/\/estudios.umh.es\/ca\/wp-json\/wp\/v2\/types\/page"}],"author":[{"embeddable":true,"href":"https:\/\/estudios.umh.es\/ca\/wp-json\/wp\/v2\/users\/9"}],"replies":[{"embeddable":true,"href":"https:\/\/estudios.umh.es\/ca\/wp-json\/wp\/v2\/comments?post=50"}],"version-history":[{"count":0,"href":"https:\/\/estudios.umh.es\/ca\/wp-json\/wp\/v2\/pages\/50\/revisions"}],"up":[{"embeddable":true,"href":"https:\/\/estudios.umh.es\/ca\/wp-json\/wp\/v2\/pages\/31"}],"wp:attachment":[{"href":"https:\/\/estudios.umh.es\/ca\/wp-json\/wp\/v2\/media?parent=50"}],"curies":[{"name":"wp","href":"https:\/\/api.w.org\/{rel}","templated":true}]}}