{"id":502,"date":"2025-02-07T13:58:58","date_gmt":"2025-02-07T12:58:58","guid":{"rendered":"http:\/\/estudios.zeus.umh.es\/?page_id=502"},"modified":"2026-03-12T12:02:32","modified_gmt":"2026-03-12T11:02:32","slug":"prueba-de-acceso-mayores-45","status":"publish","type":"page","link":"https:\/\/estudios.umh.es\/ca\/prueba-de-acceso-mayores-45\/","title":{"rendered":"PROVA D&#8217;ACC\u00c9S MAJORS DE 45 ANYS"},"content":{"rendered":"<p><\/p>\n<p style=\"text-align: center\"><strong><span style=\"color: #ff0000\">NOVETAT:<\/span> <\/strong><a href=\"https:\/\/estudios.umh.es\/files\/2026\/03\/LISTADO-ADMITIDOS-PAM45-DNI_2026.pdf\"><strong>LLISTAT ADMESSOS PAM45.PDF.132Kb<\/strong><img loading=\"lazy\" class=\"alignnone wp-image-31436 size-full\" src=\"https:\/\/estudios.umh.es\/files\/2021\/11\/abre-en-nueva-ventana.png\" alt=\"(abre en nueva ventana)\" width=\"15\" height=\"15\"><\/a><\/p>\n<p>&nbsp;<\/p>\n<h3 style=\"text-align: left\">Qui pot presentar-se a la prova d&#8217;acc\u00e9s per a majors de 45 anys?<\/h3>\n<p style=\"text-align: left\">Podran realitzar les proves d&#8217;acc\u00e9s a la Universitat Miguel Hern\u00e1ndez per a majors de 45 anys els qui complisquen els seg\u00fcents requisits<\/p>\n<ul style=\"text-align: left\">\n<li style=\"text-align: justify\">Tindre complits els 45 anys d&#8217;edat o complir-los durant l&#8217;any natural en qu\u00e8 se celebren les proves.<\/li>\n<li>No posseir cap titulaci\u00f3 acad\u00e8mica habilitant per a accedir a la universitat per altres vies.<\/li>\n<\/ul>\n<h3 style=\"text-align: left\">Quan he de realitzar la matr\u00edcula a la prova d&#8217;acc\u00e9s?<\/h3>\n<p style=\"text-align: left\">La matr\u00edcula de la prova es realitzar\u00e0 del <strong>2 al 20 de febrer de 2026.<\/strong><\/p>\n<h3 style=\"text-align: left\">Com formalitzar la matr\u00edcula?<\/h3>\n<p style=\"text-align: left\">Emplenar\u00e0s el <a href=\"https:\/\/universite.umh.es\/pau\/solicitud45?lang=ca\" target=\"_blank\" rel=\"noopener\">formulari d&#8217;inscripci\u00f3<img loading=\"lazy\" class=\"alignnone wp-image-31436 size-full\" src=\"https:\/\/estudios.umh.es\/files\/2021\/11\/abre-en-nueva-ventana.png\" alt=\"(abre en nueva ventana)\" width=\"15\" height=\"15\"><\/a> i posteriorment imprimir\u00e0s el resguard de matr\u00edcula i, en el seu cas, el corresponent rebut de les taxes de la prova.<\/p>\n<p style=\"text-align: left\">El pagament del rebut es pot efectuar en les Entitats Banc\u00e0ries que consten en aquest rebut o mitjan\u00e7ant <a href=\"http:\/\/universite.umh.es\/pagovirtual\/\" target=\"_blank\" rel=\"noopener\">pagament virtual<img loading=\"lazy\" class=\"alignnone wp-image-31436 size-full\" src=\"https:\/\/estudios.umh.es\/files\/2021\/11\/abre-en-nueva-ventana.png\" alt=\"(abre en nueva ventana)\" width=\"15\" height=\"15\"><\/a>&nbsp;<\/p>\n<p style=\"text-align: left\">Consulta el <a href=\"https:\/\/estudios.umh.es\/files\/2023\/01\/Manual-M45-_2023-.pdf\" target=\"_blank\" rel=\"noopener noreferrer\">manual del formulari de matr\u00edcula.PDF.348 kB<img loading=\"lazy\" class=\"alignnone wp-image-31436 size-full\" src=\"https:\/\/estudios.umh.es\/files\/2021\/11\/abre-en-nueva-ventana.png\" alt=\"(abre en nueva ventana)\" width=\"15\" height=\"15\"><\/a><\/p>\n<h3 style=\"text-align: left\">Puc formalitzar la matr\u00edcula per a m\u00e9s d&#8217;un grau?<\/h3>\n<p style=\"text-align: left\">No. En el moment d&#8217;efectuar la inscripci\u00f3 per a la realitzaci\u00f3 de la prova d&#8217;acc\u00e9s, les candidates i els candidats manifestaren la titulaci\u00f3 universit\u00e0ria elegida. Cap candidata i cap candidat podr\u00e0 presentar-se en m\u00e9s d&#8217;una universitat en un mateix curs.<\/p>\n<h3 style=\"text-align: left\">Quina documentaci\u00f3 he d&#8217;entregar al realitzar la matr\u00edcula?<\/h3>\n<ul style=\"text-align: left\">\n<li style=\"text-align: justify\">Sol\u00b7licitud de matr\u00edcula signada.<\/li>\n<li style=\"text-align: justify\">DNI, NIE o Passaport.<\/li>\n<li style=\"text-align: justify\">Justificant del pagament de les taxes, en el seu cas.<\/li>\n<li style=\"text-align: justify\">Documentaci\u00f3 acreditativa de l&#8217;exempci\u00f3 o bonificaci\u00f3 en la matr\u00edcula.<\/li>\n<\/ul>\n<h3 style=\"text-align: left\">On he d&#8217;entregar la documentaci\u00f3 per a finalitzar la meua matr\u00edcula?<\/h3>\n<ul style=\"text-align: left\">\n<li>La documentaci\u00f3 durant el per\u00edode de matr\u00edcula s&#8217;enviar\u00e0 a la seg\u00fcent adre\u00e7a de correu electr\u00f2nic: <a href=\"mailto:acceso@umh.es\">acceso@umh.es<\/a>&nbsp;<\/li>\n<li>L&#8217;assumpte del correu ser\u00e0: Matr\u00edcula PAU 45 anys\/Nom i Cognoms<\/li>\n<li>La documentaci\u00f3 es remetr\u00e0 preferentment en format PDF.<\/li>\n<\/ul>\n<h3 style=\"text-align: left\">Qu\u00e8 he de fer si necessite adaptacions en la proves?<\/h3>\n<ul style=\"text-align: left\">\n<li>L&#8217;estudiantat amb necessitats espec\u00edfiques de suport podr\u00e0 sol\u00b7licitar adaptacions en les proves.<\/li>\n<li style=\"text-align: justify\">Aquest estudiantat \u00e9s el que consta en el resolc segon de la <a href=\"https:\/\/dogv.gva.es\/datos\/2025\/11\/12\/pdf\/2025_45963_va.pdf\">RESOLUCI\u00d3 de 10 de novembre de 2025, conjunta de la Direcci\u00f3 General d&#8217;Innovaci\u00f3 i Inclusi\u00f3 Educativa i de la Direcci\u00f3 General d&#8217;Universitats, per la qual es dicten instruccions per a l&#8217;adaptaci\u00f3 en les proves d&#8217;acc\u00e9s a les universitats p\u00fabliques valencianes per a les persones amb necessitats espec\u00edfiques de suport educatiu<\/a><img loading=\"lazy\" class=\"alignnone wp-image-31436 size-full\" src=\"https:\/\/estudios.umh.es\/files\/2021\/11\/abre-en-nueva-ventana.png\" alt=\"(abre en nueva ventana)\" width=\"15\" height=\"15\"><strong>&nbsp;<\/strong><\/li>\n<li><strong>Lloc de presentaci\u00f3 de sol\u00b7licituds:<\/strong>&nbsp;\n<ul style=\"text-align: left\">\n<li>En el registre electr\u00f2nic de la Seu electr\u00f2nica de la UMH, aix\u00ed com en els restants registres electr\u00f2nics de l&#8217;Administraci\u00f3 General de l&#8217;Estat, de les Administracions de les Comunitats Aut\u00f2nomes, de les Entitats locals i del sector p\u00fablic institucional. Si disposes de certificat electr\u00f2nic o d&#8217;un compte d&#8217;usuari UMH, pots presentar la teua sol\u00b7licitud a trav\u00e9s del registre electr\u00f2nic de la Seu Electr\u00f2nica de la Universitat Miguel Hern\u00e1ndez d&#8217;Elx, utilitzant el procediment <a href=\"https:\/\/sede.umh.es\/procedimientos\/instancia-general\/\" target=\"_blank\" rel=\"noopener\">Inst\u00e0ncia General<\/a><img loading=\"lazy\" class=\"alignnone wp-image-31436 size-full\" src=\"https:\/\/estudios.umh.es\/files\/2021\/11\/abre-en-nueva-ventana.png\" alt=\"(abre en nueva ventana)\" width=\"15\" height=\"15\">. Per a la presentaci\u00f3 has de seleccionar en el formulari Dirigit a: U05500048 SERVEI DE GESTI\u00d3 D&#8217;ESTUDIS. Pots acudir a les oficines d&#8217;assist\u00e8ncia en mat\u00e8ria de registre de la UMH per a obtindre un certificat digital.<\/li>\n<li>En les oficines d&#8217;assist\u00e8ncia en mat\u00e8ria de registres de la UMH o d&#8217;altres administracions p\u00fabliques. <a href=\"https:\/\/administracion.gob.es\/pagFront\/atencionCiudadana\/oficinas\/encuentraOficina.htm\" target=\"_blank\" rel=\"noopener\">Consulta el cercador d&#8217;oficines del Punt d&#8217;Acc\u00e9s General de l&#8217;Administraci\u00f3 General de l&#8217;Estat. <\/a>&nbsp;<img loading=\"lazy\" class=\"alignnone wp-image-31436 size-full\" src=\"https:\/\/estudios.umh.es\/files\/2021\/11\/abre-en-nueva-ventana.png\" alt=\"(abre en nueva ventana)\" width=\"15\" height=\"15\">La ubicaci\u00f3 i horaris de les oficines d&#8217;assist\u00e8ncia en mat\u00e8ria de registre de la UMH poden consultar-se en la <a href=\"https:\/\/sede.umh.es\/servicios-electronicos\/oficinas-de-asistencia-en-registro\/\" target=\"_blank\" rel=\"noopener\">p\u00e0gina web de la Seu electr\u00f2nica de la UMH <img loading=\"lazy\" class=\"alignnone wp-image-31436 size-full\" src=\"https:\/\/estudios.umh.es\/files\/2021\/11\/abre-en-nueva-ventana.png\" alt=\"(abre en nueva ventana)\" width=\"15\" height=\"15\"><\/a>&nbsp;<\/li>\n<li>En les oficines de Correus, en la forma que reglament\u00e0riament s&#8217;establisca. Les sol\u00b7licituds es presentaran en un sobre obert perqu\u00e8 l&#8217;oficina de correus estampe el seu segell de data en la sol\u00b7licitud. En el sobre haur\u00e0 de constar com a adre\u00e7a d&#8217;enviament la seg\u00fcent: Universitat Miguel Hern\u00e1ndez d&#8217;Elx. Oficina central de Registre. Edifici Rectorat i Consell Social. Avinguda de la Universitat, sense n\u00famero. 03202. Elx (Alacant).<\/li>\n<\/ul>\n<\/li>\n<li><strong>Termini de presentaci\u00f3: <\/strong>Del 17 de novembre al 5 de desembre de 2025.<\/li>\n<li style=\"text-align: justify\"><strong>Documentaci\u00f3 a presentar:<\/strong> <a href=\"https:\/\/universitats.gva.es\/documents\/389338055\/390473271\/Anexo+III.pdf\/78cf269e-a893-ba5f-555e-fa461db99afc?t=1762963101882\" target=\"_blank\" rel=\"noopener\">La sol\u00b7licitud d&#8217;adaptaci\u00f3 d&#8217;acc\u00e9s a la PAU (majors de 25, 40 i 45 a\u00f1os)<img loading=\"lazy\" class=\"alignnone wp-image-31436 size-full\" src=\"https:\/\/estudios.umh.es\/files\/2021\/11\/abre-en-nueva-ventana.png\" alt=\"(abre en nueva ventana)\" width=\"15\" height=\"15\"><\/a> i documentaci\u00f3 acreditativa, d&#8217;acord amb el resolc sis\u00e9 de la Resoluci\u00f3 conjunta de 23 de desembre de 2022.<\/li>\n<li><strong>Tipus d&#8217;adaptacions: <\/strong><a href=\"https:\/\/universitats.gva.es\/documents\/389338055\/390473271\/ANNEX+I+TIPUS+D%27ADAPTACIONS_val.pdf\/37c7b270-c4a9-4ed4-e6f4-5988d957dd5b?t=1762955451853\" target=\"_blank\" rel=\"noopener\">Tipus d&#8217;Adaptacions ACC\u00c9S PAU. Annex <\/a><a href=\"https:\/\/estudios.umh.es\/files\/2023\/01\/Annex_III_Sol-licitud_adaptacio_majors_25_40_45_PAU_2022_2023.pdf\" target=\"_blank\" rel=\"noopener\"><img loading=\"lazy\" class=\"alignnone wp-image-31436 size-full\" src=\"https:\/\/estudios.umh.es\/files\/2021\/11\/abre-en-nueva-ventana.png\" alt=\"(abre en nueva ventana)\" width=\"15\" height=\"15\"><\/a><\/li>\n<\/ul>\n<h3 style=\"text-align: left\">Quin \u00e9s el preu de la prova?<\/h3>\n<ul style=\"text-align: left\">\n<li style=\"text-align: justify\">L&#8217;import \u00e9s de 78,20 euros (matr\u00edcula ordin\u00e0ria).<\/li>\n<li>Consulta les <a href=\"https:\/\/estudios.umh.es\/files\/2025\/01\/Exenciones-de-tasas-de-matricula-2025-.pdf\" target=\"_blank\" rel=\"noopener noreferrer\">exempcions i bonificacions.PDF.169kB<img loading=\"lazy\" class=\"alignnone wp-image-31436 size-full\" src=\"https:\/\/estudios.umh.es\/files\/2021\/11\/abre-en-nueva-ventana.png\" alt=\"(abre en nueva ventana)\" width=\"15\" height=\"15\"><\/a><\/li>\n<li style=\"text-align: justify\">\u00danicament procedir\u00e0 la devoluci\u00f3 de la taxa corresponent a la prova quan aquesta se sol\u00b7licite en el termini de formalitzaci\u00f3 de matr\u00edcula.<\/li>\n<\/ul>\n<h3 style=\"text-align: left\">Com s&#8217;estructura la prova d&#8217;acc\u00e9s per a Majors de 45 anys?<\/h3>\n<p style=\"text-align: left\">La prova d&#8217;acc\u00e9s a la universitat s&#8217;estructurar\u00e0 en dues fases, una general i una entrevista.<\/p>\n<p style=\"text-align: left\">Consulta <a href=\"https:\/\/estudios.umh.es\/files\/2022\/12\/Estructura-Pureba-M45.pdf\" target=\"_blank\" rel=\"noopener\">m\u00e9s informaci\u00f3.PDF.123kB<img loading=\"lazy\" class=\"alignnone wp-image-31436 size-full\" src=\"https:\/\/estudios.umh.es\/files\/2021\/11\/abre-en-nueva-ventana.png\" alt=\"(abre en nueva ventana)\" width=\"15\" height=\"15\"><\/a> sobre l&#8217;estructura de la prova.<\/p>\n<h3 style=\"text-align: left\">Com es califica la prova?<\/h3>\n<p style=\"text-align: left\">L&#8217;avaluaci\u00f3 de la prova s&#8217;efectuar\u00e0 pel Tribunal Qualificador que ser\u00e0 nomenat pel Vicerector d&#8217;Estudiants i Coordinaci\u00f3. El Tribunal qualificar\u00e0 els diferents exercicis d&#8217;acord amb els criteris de correcci\u00f3.<\/p>\n<p style=\"text-align: left\">Consulta <a href=\"https:\/\/estudios.umh.es\/files\/2025\/11\/Calificacion-Prueba-M45.pdf\" target=\"_blank\" rel=\"noopener\">m\u00e9s informaci\u00f3.PDF.131kB<img loading=\"lazy\" class=\"alignnone wp-image-31436 size-full\" src=\"https:\/\/estudios.umh.es\/files\/2021\/11\/abre-en-nueva-ventana.png\" alt=\"(abre en nueva ventana)\" width=\"15\" height=\"15\"><\/a> sobre la qualificaci\u00f3 de la prova.<\/p>\n<h3 style=\"text-align: left\">Quan i on es realitzaran les proves?<\/h3>\n<p style=\"text-align: left\">La prova general es realitzar\u00e0 al Campus d&#8217;Elx en l&#8217;Edifici Arenals el dia <strong>25 d&#8217;abril de 2026<\/strong>. Consulta el <a href=\"https:\/\/estudios.umh.es\/files\/2022\/04\/plano-Umh-Arenals.pdf\" target=\"_blank\" rel=\"noopener noreferrer\">pla.PDF.442kb<img loading=\"lazy\" class=\"alignnone wp-image-31436 size-full\" src=\"https:\/\/estudios.umh.es\/files\/2021\/11\/abre-en-nueva-ventana.png\" alt=\"(abre en nueva ventana)\" width=\"15\" height=\"15\"><\/a><\/p>\n<p style=\"text-align: left\">Entrevista: El Tribunal convocar\u00e0 a l&#8217;estudiantat i es publicar\u00e0 en aquesta p\u00e0gina web.<\/p>\n<p style=\"text-align: left\">Consulta <a href=\"https:\/\/universitats.gva.es\/documents\/389338055\/389340591\/Calendari+Acces+Majors+45+anys+2026.pdf\/754b9ab6-8a71-f353-f1a3-9f7bc60456d6?t=1763124994501\" target=\"_blank\" rel=\"noopener noreferrer\">l&#8217;horari<\/a><a href=\"https:\/\/estudios.umh.es\/files\/2021\/11\/Horario-pruebas-M45.pdf\" target=\"_blank\" rel=\"noopener noreferrer\"><img loading=\"lazy\" class=\"alignnone wp-image-31436 size-full\" src=\"https:\/\/estudios.umh.es\/files\/2021\/11\/abre-en-nueva-ventana.png\" alt=\"(abre en nueva ventana)\" width=\"15\" height=\"15\"><\/a> de la prova escrita.<\/p>\n<h3>Quan es publicaran els resultats?<\/h3>\n<p>La <a href=\"http:\/\/universite.umh.es\/pau\/estudiante\">publicaci\u00f3 dels resultas<\/a> de la prova escrita es realitzara <strong>el 30 d&#8217;abril de 2026<\/strong>, a partir de les 14 hores.<\/p>\n<h3>Com puc reclamar els resultats?<\/h3>\n<p>Les candidates i els candidats podran <a href=\"http:\/\/universite.umh.es\/pau\/estudiante\">presentar reclamaci\u00f3<\/a> contra el resultat de la prova escrita davant el Vicerector d&#8217;Estudiants i Coordinaci\u00f3 de la Universitat Miguel Hern\u00e1ndez d&#8217;Elx, del <strong>4 al 8 de maig de 2026.<\/strong><\/p>\n<h3>Quan es publicaran els resultats definitius?<\/h3>\n<p>La <a href=\"http:\/\/universite.umh.es\/pau\/estudiante\">publicaci\u00f3 dels resultats definitius<\/a> tindr\u00e0 lloc el <strong>15 de maig de 2026&nbsp;<\/strong><\/p>\n<p>Posteriorment rebr\u00e0s un correu electr\u00f2nic amb un enlla\u00e7 des del qual podr\u00e0s descarregar-te el certificat definitiu de notes de la prova. Aquest certificat l&#8217;haur\u00e0s d&#8217;utilitzar per a realitzar la preinscripci\u00f3 universit\u00e0ria a graus.<\/p>\n<h3 style=\"text-align: left\">Quina \u00e9s l&#8217;oferta de Titulacions de la UMH para el curs 2026\/2027?<\/h3>\n<ul style=\"text-align: left\">\n<li><a href=\"https:\/\/estudios.umh.es\/files\/2025\/11\/Titulaciones-UMH_2025.pdf\" target=\"_blank\" rel=\"noopener noreferrer\"><u>Titulacions UMH.PDF.170kB<\/u><\/a><a href=\"https:\/\/estudios.umh.es\/files\/2021\/11\/Titulaciones-45-UMH.pdf\"><img loading=\"lazy\" class=\"alignnone wp-image-31436 size-full\" src=\"https:\/\/estudios.umh.es\/files\/2021\/11\/abre-en-nueva-ventana.png\" alt=\"(abre en nueva ventana)\" width=\"15\" height=\"15\"><\/a><\/li>\n<li><a href=\"https:\/\/estudios.umh.es\/files\/2025\/11\/Titulaciones-Adscritas-UMH_2025.pdf\" target=\"_blank\" rel=\"noopener noreferrer\"><u>Titulacions Centres Adscrits UMH.PDF.115kB<\/u><\/a><a href=\"https:\/\/estudios.umh.es\/files\/2021\/11\/Titulaciones-Adscritas-45-UMH.pdf\"><img loading=\"lazy\" class=\"alignnone wp-image-31436 size-full\" src=\"https:\/\/estudios.umh.es\/files\/2021\/11\/abre-en-nueva-ventana.png\" alt=\"(abre en nueva ventana)\" width=\"15\" height=\"15\"><\/a><\/li>\n<\/ul>\n<h3>Altra informaci\u00f3<\/h3>\n<p style=\"text-align: left\"><a href=\"https:\/\/estudios.umh.es\/files\/2025\/11\/Info-PAU-45_2025.pdf\" target=\"_blank\" rel=\"noopener noreferrer\">INFORMACI\u00d3 D&#8217;INTER\u00c9S.PDF.235kB<img loading=\"lazy\" class=\"alignnone wp-image-31436 size-full\" src=\"https:\/\/estudios.umh.es\/files\/2021\/11\/abre-en-nueva-ventana.png\" alt=\"(abre en nueva ventana)\" width=\"15\" height=\"15\"><\/a><\/p>\n<p style=\"text-align: left\"><a href=\"https:\/\/estudios.umh.es\/files\/2026\/01\/RR_00051_2026-Convocatoria-Pruebas-Acceso-Mayores-45-anos.-Cusro-25-26.pdf\">CONVOCAT\u00d2RIA DE LES PROVES.PDF1.168Kb<\/a> <img loading=\"lazy\" class=\"alignnone wp-image-31436 size-full\" src=\"https:\/\/estudios.umh.es\/files\/2021\/11\/abre-en-nueva-ventana.png\" alt=\"(abre en nueva ventana)\" width=\"15\" height=\"15\"><\/p>\n<p><a href=\"https:\/\/universitats.gva.es\/documents\/389338055\/389340015\/Ex%C3%A1menes+Modelos+y+Criterios+2026.pdf\/d2e87a7a-406c-f476-1430-73d05ba02fe5?t=1770798831819\" target=\"_blank\" rel=\"noopener\">Ex\u00e0mens Models i Criteris de Correcci\u00f3 2026&nbsp;dels Proves per a Majors de 25 i 45<img loading=\"lazy\" class=\"alignnone wp-image-31436 size-full\" src=\"https:\/\/estudios.umh.es\/files\/2021\/11\/abre-en-nueva-ventana.png\" alt=\"(abre en nueva ventana)\" width=\"15\" height=\"15\"><\/a><\/p>\n<p class=\"portlet-title-text\"><a href=\"https:\/\/universitats.gva.es\/va\/informacio-general-cursos-anteriors-pam\" target=\"_blank\" rel=\"noopener\">Informaci\u00f3 Ex\u00e0mens Majors 25 i 45 de Cursos Anteriors<\/a><a href=\"https:\/\/universitats.gva.es\/documents\/389338055\/389340015\/Ex%C3%A1menes+Modelos+y+Criterios+2026.pdf\/d2e87a7a-406c-f476-1430-73d05ba02fe5?t=1770798831819\" target=\"_blank\" rel=\"noopener\"><img loading=\"lazy\" class=\"alignnone wp-image-31436 size-full\" src=\"https:\/\/estudios.umh.es\/files\/2021\/11\/abre-en-nueva-ventana.png\" alt=\"(abre en nueva ventana)\" width=\"15\" height=\"15\"><\/a><\/p>\n<p style=\"text-align: left\">PREGUNTES FREQ\u00dcENTS.<img loading=\"lazy\" class=\"alignnone wp-image-31436 size-full\" src=\"https:\/\/estudios.umh.es\/files\/2021\/11\/abre-en-nueva-ventana.png\" alt=\"(abre en nueva ventana)\" width=\"15\" height=\"15\"><\/p>\n<p style=\"text-align: left\"><a href=\"https:\/\/estudios.umh.es\/files\/2014\/05\/Temarios-Pruebas-1.pdf\" target=\"_blank\" rel=\"noopener\">TEMARIS DE LES PROVES.PDF.139kB<img loading=\"lazy\" class=\"alignnone wp-image-31436 size-full\" src=\"https:\/\/estudios.umh.es\/files\/2021\/11\/abre-en-nueva-ventana.png\" alt=\"(abre en nueva ventana)\" width=\"15\" height=\"15\"><\/a>&nbsp;<\/p>\n<p><a href=\"https:\/\/universitats.gva.es\/va\/acces-majors-25-40-i-45-anys\">INFORMACI\u00d3 ADDICIONAL EN CONSELLERIA D&#8217;EDUCACI\u00d3, CULTURA I UNIVERSITATS<\/a><a href=\"https:\/\/estudios.umh.es\/files\/2014\/05\/Temarios-Pruebas.pdf\" target=\"_blank\" rel=\"noopener\"><img loading=\"lazy\" class=\"alignnone wp-image-31436 size-full\" src=\"https:\/\/estudios.umh.es\/files\/2021\/11\/abre-en-nueva-ventana.png\" alt=\"(abre en nueva ventana)\" width=\"15\" height=\"15\"><\/a><\/p>\n<h3 style=\"text-align: left\">INFORMACI\u00d3 DE CONTACTE<\/h3>\n<p style=\"text-align: left\">Servei de Gesti\u00f3 d&#8217;Estudis<\/p>\n<p style=\"text-align: left\">Direcci\u00f3: Campus d&#8217;Elx \u2013 Edifici Rectorat i Consell Social<\/p>\n<p style=\"text-align: left\">&nbsp;Avinguda de la Universitat, sense n\u00famero, 03202 Elx (Alacant)<\/p>\n<p style=\"text-align: left\">Tel\u00e9fons: 96 665 83 41 \/ 96 522 25 17\/ 96 665 86 51<\/p>\n<p style=\"text-align: left\">Correu electr\u00f2nic: acceso@umh.es<\/p>\n<p><\/p>","protected":false},"excerpt":{"rendered":"<p>NOVETAT: LLISTAT ADMESSOS PAM45.PDF.132Kb<br \/>\n&nbsp;<br \/>\nQui pot presentar-se a la prova d&#8217;acc\u00e9s per a majors de 45 anys?<br \/>\nPodran realitzar les proves d&#8217;acc\u00e9s a la Universitat Miguel Hern\u00e1ndez per a majors de 45 anys els qui complisquen els seg\u00fcents requisits<\/p>\n<p>Tindre complits els 45 anys d&#8217;edat o complir-los durant l&#8217;any natural en qu\u00e8 se celebren les proves.<br \/>\nNo posseir cap [&#8230;]<\/p>\n","protected":false},"author":1914,"featured_media":0,"parent":0,"menu_order":0,"comment_status":"closed","ping_status":"open","template":"","meta":{"ngg_post_thumbnail":0,"_links_to":"","_links_to_target":""},"_links":{"self":[{"href":"https:\/\/estudios.umh.es\/ca\/wp-json\/wp\/v2\/pages\/502"}],"collection":[{"href":"https:\/\/estudios.umh.es\/ca\/wp-json\/wp\/v2\/pages"}],"about":[{"href":"https:\/\/estudios.umh.es\/ca\/wp-json\/wp\/v2\/types\/page"}],"author":[{"embeddable":true,"href":"https:\/\/estudios.umh.es\/ca\/wp-json\/wp\/v2\/users\/1914"}],"replies":[{"embeddable":true,"href":"https:\/\/estudios.umh.es\/ca\/wp-json\/wp\/v2\/comments?post=502"}],"version-history":[{"count":0,"href":"https:\/\/estudios.umh.es\/ca\/wp-json\/wp\/v2\/pages\/502\/revisions"}],"wp:attachment":[{"href":"https:\/\/estudios.umh.es\/ca\/wp-json\/wp\/v2\/media?parent=502"}],"curies":[{"name":"wp","href":"https:\/\/api.w.org\/{rel}","templated":true}]}}